{"id":14099,"date":"2025-02-04T17:12:16","date_gmt":"2025-02-04T17:12:16","guid":{"rendered":"https:\/\/steinex.gtechgroup.support\/?page_id=14099"},"modified":"2025-09-19T15:36:03","modified_gmt":"2025-09-19T15:36:03","slug":"macchine-per-finiture-speciali","status":"publish","type":"page","link":"https:\/\/steinex.gtechgroup.support\/de\/macchine-per-finiture-speciali\/","title":{"rendered":"Spezielle Veredelungsmaschinen"},"content":{"rendered":"<div data-elementor-type=\"wp-page\" data-elementor-id=\"14099\" class=\"elementor elementor-14099\" data-elementor-post-type=\"page\">\n\t\t\t\t<div class=\"elementor-element elementor-element-40a2dc0 e-flex e-con-boxed e-con e-parent\" data-id=\"40a2dc0\" data-element_type=\"container\" data-e-type=\"container\" data-settings=\"{&quot;background_background&quot;:&quot;classic&quot;}\">\n\t\t\t\t\t<div class=\"e-con-inner\">\n\t\t<div class=\"elementor-element elementor-element-dea4441 e-con-full e-flex e-con e-child\" data-id=\"dea4441\" data-element_type=\"container\" data-e-type=\"container\" data-settings=\"{&quot;background_background&quot;:&quot;classic&quot;}\">\n\t\t\t\t<div class=\"elementor-element elementor-element-273fb57 elementor-widget elementor-widget-heading\" data-id=\"273fb57\" data-element_type=\"widget\" data-e-type=\"widget\" data-widget_type=\"heading.default\">\n\t\t\t\t\t<h2 class=\"elementor-heading-title elementor-size-default\">Spezielle Veredelungsmaschinen<\/h2>\t\t\t\t<\/div>\n\t\t\t\t<div class=\"elementor-element elementor-element-c45b627 elementor-widget elementor-widget-hfe-breadcrumbs-widget\" data-id=\"c45b627\" data-element_type=\"widget\" data-e-type=\"widget\" data-widget_type=\"hfe-breadcrumbs-widget.default\">\n\t\t\t\t<div class=\"elementor-widget-container\">\n\t\t\t\t\t<nav aria-label=\"Brotkr\u00fcmel\"><ul class=\"hfe-breadcrumbs hfe-breadcrumbs-show-home\"><li class=\"hfe-breadcrumbs-item hfe-breadcrumbs-first\"><span class=\"hfe-breadcrumbs-home-icon\"><\/span><a href=\"https:\/\/steinex.gtechgroup.support\/de\"><span class=\"hfe-breadcrumbs-text\">Startseite<\/span><\/a><\/li><\/ul><\/nav>\t\t\t\t<\/div>\n\t\t\t\t<\/div>\n\t\t\t\t<\/div>\n\t\t\t\t\t<\/div>\n\t\t\t\t<\/div>\n\t\t<div class=\"elementor-element elementor-element-3f3577d e-flex e-con-boxed e-con e-parent\" data-id=\"3f3577d\" data-element_type=\"container\" data-e-type=\"container\">\n\t\t\t\t\t<div class=\"e-con-inner\">\n\t\t<div class=\"elementor-element elementor-element-24bddc1 e-con-full e-flex e-con e-child\" data-id=\"24bddc1\" data-element_type=\"container\" data-e-type=\"container\">\n\t\t\t\t<div class=\"elementor-element elementor-element-5269534 elementor-widget elementor-widget-heading\" data-id=\"5269534\" data-element_type=\"widget\" data-e-type=\"widget\" data-widget_type=\"heading.default\">\n\t\t\t\t\t<h2 class=\"elementor-heading-title elementor-size-default\">PR\u00c4GE- UND STANZMASCHINEN<\/h2>\t\t\t\t<\/div>\n\t\t\t\t<div class=\"elementor-element elementor-element-a6939d7 elementor-widget elementor-widget-text-editor\" data-id=\"a6939d7\" data-element_type=\"widget\" data-e-type=\"widget\" data-widget_type=\"text-editor.default\">\n\t\t\t\t\t\t\t\t\t<p><strong>Aus ges\u00e4gten Brammen<\/strong>&nbsp;f\u00e4llt eine erhebliche Menge an Verschnitt an, der in den meisten F\u00e4llen deponiert wird. Steinex produziert&nbsp;<strong>drei Modelle von Pr\u00e4gemaschinen<\/strong>&nbsp;die es erm\u00f6glichen&nbsp;<strong>diese Abschnitte\/Abf\u00e4lle verwenden<\/strong>&nbsp;mit den daraus resultierenden wirtschaftlichen und \u00f6kologischen Vorteilen. I&nbsp;<strong>Latten und Risse<\/strong>&nbsp;Die mit diesen Modellen erzielten Ergebnisse haben eine sehr \u00e4sthetische, raue Oberfl\u00e4che.<\/p>\n<p>La&nbsp;<strong>Mann<\/strong>&nbsp;unter&nbsp;<strong>vollst\u00e4ndig manuelle Bedienung<\/strong>&nbsp;ideal f\u00fcr Kunden, die keine besonderen Produktionsanforderungen haben, die&nbsp;<strong>Stechmaschine S-A<\/strong>&nbsp;stattdessen an&nbsp;<strong>Antrieb<\/strong>&nbsp;<strong>automatisch<\/strong>&nbsp;geeignet f\u00fcr anspruchsvollere Kunden. Mit beiden Modellen k\u00f6nnen Teile mit einer Breite von bis zu 180 mm gepr\u00e4gt oder ausgeh\u00f6hlt werden. Zur Vervollst\u00e4ndigung der Produktpalette hat Steinex die&nbsp;<strong>Autostichmaschine<\/strong>eine Pr\u00e4ge-\/Texturiermaschine f\u00fcr die Bearbeitung von Werkst\u00fccken mit einer Breite von 60 bis 300 mm und einer Dicke von bis zu 100 mm.  Die von Steinex bei diesem Modell angewandte Technologie garantiert eine<strong>hohe Produktqualit\u00e4t<\/strong>&nbsp;ebenso wie die der geschickten H\u00e4nde hervorragender Steinmetze.<\/p>\t\t\t\t\t\t\t\t<\/div>\n\t\t\t\t<div class=\"elementor-element elementor-element-b8a4af3 elementor-widget elementor-widget-text-editor\" data-id=\"b8a4af3\" data-element_type=\"widget\" data-e-type=\"widget\" data-widget_type=\"text-editor.default\">\n\t\t\t\t\t\t\t\t\t<table><tbody><tr><td><strong>Mann<\/strong><\/td><td>60-180 mm<\/td><td>rustizierte Quader und Latten<\/td><\/tr><tr><td><strong>Stechmaschine S-A<\/strong><br \/>halbautomatische Sch\u00e4lmaschine<\/td><td>60-180 mm<\/td><td>rustizierte Quader und Latten<\/td><\/tr><tr><td><strong>Autostichmaschine<\/strong><br \/>automatische Sch\u00e4lmaschine<\/td><td>60-300 mm<\/td><td>Platten, Quader, Latten, Rustikale oder Scape<\/td><\/tr><\/tbody><\/table>\t\t\t\t\t\t\t\t<\/div>\n\t\t\t\t<\/div>\n\t\t<div class=\"elementor-element elementor-element-6e4b05d e-con-full e-flex e-con e-child\" data-id=\"6e4b05d\" data-element_type=\"container\" data-e-type=\"container\">\n\t\t\t\t<div class=\"elementor-element elementor-element-271917d elementor-widget-mobile__width-initial elementor-widget elementor-widget-image\" data-id=\"271917d\" data-element_type=\"widget\" data-e-type=\"widget\" data-widget_type=\"image.default\">\n\t\t\t\t\t\t\t\t\t\t\t\t\t\t\t<img alt=\"\" fetchpriority=\"high\" decoding=\"async\" width=\"400\" height=\"284\" src=\"https:\/\/steinex.gtechgroup.support\/wp-content\/uploads\/2025\/02\/Bugnatrice-S-A-lato-400x284.jpg.webp\" class=\"attachment-full size-full wp-image-14107\" srcset=\"https:\/\/steinex.gtechgroup.support\/wp-content\/uploads\/2025\/02\/Bugnatrice-S-A-lato-400x284.jpg.webp 400w, https:\/\/steinex.gtechgroup.support\/wp-content\/uploads\/2025\/02\/Bugnatrice-S-A-lato-400x284.jpg-300x213.webp 300w, https:\/\/steinex.gtechgroup.support\/wp-content\/uploads\/2025\/02\/Bugnatrice-S-A-lato-400x284.jpg-18x12.webp 18w\" sizes=\"(max-width: 400px) 100vw, 400px\" \/>\t\t\t\t\t\t\t\t\t\t\t\t\t\t\t<\/div>\n\t\t\t\t<div class=\"elementor-element elementor-element-162e817 elementor-widget-mobile__width-initial elementor-widget elementor-widget-image\" data-id=\"162e817\" data-element_type=\"widget\" data-e-type=\"widget\" data-widget_type=\"image.default\">\n\t\t\t\t\t\t\t\t\t\t\t\t\t\t\t<img alt=\"\" decoding=\"async\" width=\"400\" height=\"284\" src=\"https:\/\/steinex.gtechgroup.support\/wp-content\/uploads\/2025\/02\/BUGNATRICE_steinex-400x284.jpg.webp\" class=\"attachment-full size-full wp-image-14108\" srcset=\"https:\/\/steinex.gtechgroup.support\/wp-content\/uploads\/2025\/02\/BUGNATRICE_steinex-400x284.jpg.webp 400w, https:\/\/steinex.gtechgroup.support\/wp-content\/uploads\/2025\/02\/BUGNATRICE_steinex-400x284.jpg-300x213.webp 300w, https:\/\/steinex.gtechgroup.support\/wp-content\/uploads\/2025\/02\/BUGNATRICE_steinex-400x284.jpg-18x12.webp 18w\" sizes=\"(max-width: 400px) 100vw, 400px\" \/>\t\t\t\t\t\t\t\t\t\t\t\t\t\t\t<\/div>\n\t\t\t\t<div class=\"elementor-element elementor-element-f28f431 elementor-widget elementor-widget-image\" data-id=\"f28f431\" data-element_type=\"widget\" data-e-type=\"widget\" data-widget_type=\"image.default\">\n\t\t\t\t\t\t\t\t\t\t\t\t\t\t\t<img alt=\"\" decoding=\"async\" width=\"400\" height=\"284\" src=\"https:\/\/steinex.gtechgroup.support\/wp-content\/uploads\/2025\/02\/rivestimento-spaccatello-400x284.jpg.webp\" class=\"attachment-full size-full wp-image-14109\" srcset=\"https:\/\/steinex.gtechgroup.support\/wp-content\/uploads\/2025\/02\/rivestimento-spaccatello-400x284.jpg.webp 400w, https:\/\/steinex.gtechgroup.support\/wp-content\/uploads\/2025\/02\/rivestimento-spaccatello-400x284.jpg-300x213.webp 300w, https:\/\/steinex.gtechgroup.support\/wp-content\/uploads\/2025\/02\/rivestimento-spaccatello-400x284.jpg-18x12.webp 18w\" sizes=\"(max-width: 400px) 100vw, 400px\" \/>\t\t\t\t\t\t\t\t\t\t\t\t\t\t\t<\/div>\n\t\t\t\t<\/div>\n\t\t\t\t\t<\/div>\n\t\t\t\t<\/div>\n\t\t<div class=\"elementor-element elementor-element-fb3e0b1 e-flex e-con-boxed e-con e-parent\" data-id=\"fb3e0b1\" data-element_type=\"container\" data-e-type=\"container\">\n\t\t\t\t\t<div class=\"e-con-inner\">\n\t\t<div class=\"elementor-element elementor-element-a669a63 e-con-full e-flex e-con e-child\" data-id=\"a669a63\" data-element_type=\"container\" data-e-type=\"container\">\n\t\t\t\t<div class=\"elementor-element elementor-element-58e7a80 elementor-widget elementor-widget-heading\" data-id=\"58e7a80\" data-element_type=\"widget\" data-e-type=\"widget\" data-widget_type=\"heading.default\">\n\t\t\t\t\t<h2 class=\"elementor-heading-title elementor-size-default\">IGLOO 200V - HALBAUTOMATISCHE MASCHINE<\/h2>\t\t\t\t<\/div>\n\t\t\t\t<div class=\"elementor-element elementor-element-d72e7a5 elementor-widget elementor-widget-text-editor\" data-id=\"d72e7a5\" data-element_type=\"widget\" data-e-type=\"widget\" data-widget_type=\"text-editor.default\">\n\t\t\t\t\t\t\t\t\t<div class=\"et_pb_column et_pb_column_2_3 et_pb_column_3  et_pb_css_mix_blend_mode_passthrough\"><div class=\"et_pb_module et_pb_text et_pb_text_4 et_pb_text_align_left et_pb_bg_layout_light et_had_animation\"><div class=\"et_pb_text_inner\"><p>Das Modell\u00a0<strong>Iglu 200V ist eine halbautomatische Maschine<\/strong>\u00a0die dank der Stromversorgung \u00fcber zwei verschiedene Rampen sowohl die\u00a0<strong>Herstellung von Latten<\/strong>\u00a0oder von<strong>\u00a0splaccatelli<\/strong>\u00a0als die von\u00a0<strong>W\u00fcrfel.<\/strong> Die Beschickung \u00fcber Rampe 1 erm\u00f6glicht das halbautomatische Spalten von sehr langen Werkst\u00fccken bis 200 mm Breite und bis 100 mm Dicke zur Herstellung von Latten und Sp\u00e4nen mit zwei gespaltenen L\u00e4ngsseiten sowie von W\u00fcrfeln. Die Beschickung \u00fcber Rampe 2 erm\u00f6glicht die Zweiteilung von 6-seitig ges\u00e4gten Werkst\u00fccken bis zu 100 mm L\u00e4nge und 40 mm H\u00f6he. Das Ergebnis sind Spaltst\u00fccke oder kleine, ma\u00dfhaltige d\u00fcnne Leisten mit 5 ges\u00e4gten Seiten und der sichtbaren Spaltseite, die verleimt werden k\u00f6nnen.<\/p><\/div><\/div><\/div>\t\t\t\t\t\t\t\t<\/div>\n\t\t\t\t<\/div>\n\t\t<div class=\"elementor-element elementor-element-7cc67c5 e-con-full e-flex e-con e-child\" data-id=\"7cc67c5\" data-element_type=\"container\" data-e-type=\"container\">\n\t\t\t\t<div class=\"elementor-element elementor-element-fd05f60 elementor-widget elementor-widget-image\" data-id=\"fd05f60\" data-element_type=\"widget\" data-e-type=\"widget\" data-widget_type=\"image.default\">\n\t\t\t\t\t\t\t\t\t\t\t\t\t\t\t<img alt=\"\" loading=\"lazy\" decoding=\"async\" width=\"400\" height=\"284\" src=\"https:\/\/steinex.gtechgroup.support\/wp-content\/uploads\/2025\/02\/Igloo-200V-400x284.jpg.webp\" class=\"attachment-full size-full wp-image-14110\" srcset=\"https:\/\/steinex.gtechgroup.support\/wp-content\/uploads\/2025\/02\/Igloo-200V-400x284.jpg.webp 400w, https:\/\/steinex.gtechgroup.support\/wp-content\/uploads\/2025\/02\/Igloo-200V-400x284.jpg-300x213.webp 300w, https:\/\/steinex.gtechgroup.support\/wp-content\/uploads\/2025\/02\/Igloo-200V-400x284.jpg-18x12.webp 18w\" sizes=\"(max-width: 400px) 100vw, 400px\" \/>\t\t\t\t\t\t\t\t\t\t\t\t\t\t\t<\/div>\n\t\t\t\t<\/div>\n\t\t\t\t\t<\/div>\n\t\t\t\t<\/div>\n\t\t<div class=\"elementor-element elementor-element-79fd352 e-flex e-con-boxed e-con e-parent\" data-id=\"79fd352\" data-element_type=\"container\" data-e-type=\"container\">\n\t\t\t\t\t<div class=\"e-con-inner\">\n\t\t<div class=\"elementor-element elementor-element-96abec6 e-con-full e-flex e-con e-child\" data-id=\"96abec6\" data-element_type=\"container\" data-e-type=\"container\">\n\t\t\t\t<div class=\"elementor-element elementor-element-18c20fe elementor-widget elementor-widget-heading\" data-id=\"18c20fe\" data-element_type=\"widget\" data-e-type=\"widget\" data-widget_type=\"heading.default\">\n\t\t\t\t\t<h2 class=\"elementor-heading-title elementor-size-default\">IGLOO 400 UND BROADWAY 1280 DECOSTER<\/h2>\t\t\t\t<\/div>\n\t\t\t\t<div class=\"elementor-element elementor-element-3cdb4d6 elementor-widget elementor-widget-text-editor\" data-id=\"3cdb4d6\" data-element_type=\"widget\" data-e-type=\"widget\" data-widget_type=\"text-editor.default\">\n\t\t\t\t\t\t\t\t\t<p>F\u00fcr die\u00a0<strong>Spezialausf\u00fchrung<\/strong>\u00a0von\u00a0<strong>Rippen bis zu 45\u00b0<\/strong>\u00a0Steinex produziert die\u00a0<strong>Modelle Igloo 400 und Broadway 1280 Decoster.<\/strong>\u00a0Traditionell sind Lose oder Piode\u00a0<strong>Steinplatten, die als Dachziegel verwendet werden<\/strong>\u00a0oder als\u00a0<strong>Verkleidungsplatten<\/strong>\u00a0und haben die Besonderheit, dass die Rippen im Winkel von 30 bis 45\u00b0 geteilt sind.  Diese Art der Ausf\u00fchrung ist sowohl eine \u00e4sthetische als auch vor allem eine technische Wahl f\u00fcr die\u00a0<strong>Regenwasserabfluss<\/strong>\u00a0bei der Dacheindeckung oder als Eckabschluss bei der\u00a0<strong>Wandverkleidungen.<\/strong><\/p><p><span style=\"background-color: var( --e-global-color-secondary ); font-family: var( --e-global-typography-text-font-family ), Sans-serif; font-weight: var( --e-global-typography-text-font-weight );\">Das Modell Igloo 400 erm\u00f6glicht das rechtwinklige Spalten von 30 bis 45\u00b0 bei Platten bis zu 400 mm Breite, w\u00e4hrend das Modell Broadway 1280 das rechtwinklige Spalten von Platten bis zu 1300 mm Breite erm\u00f6glicht. Die Dicke betr\u00e4gt in beiden F\u00e4llen ab 20 mm.<\/span><\/p>\t\t\t\t\t\t\t\t<\/div>\n\t\t\t\t<\/div>\n\t\t<div class=\"elementor-element elementor-element-f67113a e-con-full e-flex e-con e-child\" data-id=\"f67113a\" data-element_type=\"container\" data-e-type=\"container\">\n\t\t\t\t<div class=\"elementor-element elementor-element-7804996 elementor-widget-mobile__width-initial elementor-widget elementor-widget-image\" data-id=\"7804996\" data-element_type=\"widget\" data-e-type=\"widget\" data-widget_type=\"image.default\">\n\t\t\t\t\t\t\t\t\t\t\t\t\t\t\t<img alt=\"\" loading=\"lazy\" decoding=\"async\" width=\"400\" height=\"284\" src=\"https:\/\/steinex.gtechgroup.support\/wp-content\/uploads\/2025\/02\/BUGNATRICE-400x284.jpg.webp\" class=\"attachment-full size-full wp-image-14112\" srcset=\"https:\/\/steinex.gtechgroup.support\/wp-content\/uploads\/2025\/02\/BUGNATRICE-400x284.jpg.webp 400w, https:\/\/steinex.gtechgroup.support\/wp-content\/uploads\/2025\/02\/BUGNATRICE-400x284.jpg-300x213.webp 300w, https:\/\/steinex.gtechgroup.support\/wp-content\/uploads\/2025\/02\/BUGNATRICE-400x284.jpg-18x12.webp 18w\" sizes=\"(max-width: 400px) 100vw, 400px\" \/>\t\t\t\t\t\t\t\t\t\t\t\t\t\t\t<\/div>\n\t\t\t\t<div class=\"elementor-element elementor-element-7ff9bb6 elementor-widget-mobile__width-initial elementor-widget elementor-widget-image\" data-id=\"7ff9bb6\" data-element_type=\"widget\" data-e-type=\"widget\" data-widget_type=\"image.default\">\n\t\t\t\t\t\t\t\t\t\t\t\t\t\t\t<img alt=\"\" loading=\"lazy\" decoding=\"async\" width=\"400\" height=\"284\" src=\"https:\/\/steinex.gtechgroup.support\/wp-content\/uploads\/2025\/02\/coste-steinex-1-400x284.jpg.webp\" class=\"attachment-full size-full wp-image-14111\" srcset=\"https:\/\/steinex.gtechgroup.support\/wp-content\/uploads\/2025\/02\/coste-steinex-1-400x284.jpg.webp 400w, https:\/\/steinex.gtechgroup.support\/wp-content\/uploads\/2025\/02\/coste-steinex-1-400x284.jpg-300x213.webp 300w, https:\/\/steinex.gtechgroup.support\/wp-content\/uploads\/2025\/02\/coste-steinex-1-400x284.jpg-18x12.webp 18w\" sizes=\"(max-width: 400px) 100vw, 400px\" \/>\t\t\t\t\t\t\t\t\t\t\t\t\t\t\t<\/div>\n\t\t\t\t<\/div>\n\t\t\t\t\t<\/div>\n\t\t\t\t<\/div>\n\t\t\t\t<\/div>","protected":false},"excerpt":{"rendered":"<p>Home MACCHINE BUGNATRICI E SCAPEZZATRICI Dalla segagione delle lastre segate&nbsp;si ottiene un importante quantitativo di ritagli che nella maggior parte dei casi vengono collocati in discarica. Steinex produce&nbsp;tre modelli di macchine bugnatrici&nbsp;che consentono di&nbsp;utilizzare questi&nbsp; ritagli\/rifiuti&nbsp;con conseguente beneficio economico ed ambientale. I&nbsp;listelli e gli spaccatelli&nbsp;che si ottengono con questi modelli hanno una finitura grezza molto [&hellip;]<\/p>","protected":false},"author":1,"featured_media":0,"parent":0,"menu_order":0,"comment_status":"closed","ping_status":"closed","template":"","meta":{"_seopress_robots_primary_cat":"","_seopress_titles_title":"Macchine bugnatrici e scapezzatrici Steinex innovative","_seopress_titles_desc":"Scopri le macchine bugnatrici e scapezzatrici Steinex: soluzioni innovative per lavorare la pietra riducendo sprechi con benefici economici ed ecologici.","_seopress_robots_index":"","footnotes":""},"class_list":["post-14099","page","type-page","status-publish","hentry"],"_links":{"self":[{"href":"https:\/\/steinex.gtechgroup.support\/de\/wp-json\/wp\/v2\/pages\/14099","targetHints":{"allow":["GET"]}}],"collection":[{"href":"https:\/\/steinex.gtechgroup.support\/de\/wp-json\/wp\/v2\/pages"}],"about":[{"href":"https:\/\/steinex.gtechgroup.support\/de\/wp-json\/wp\/v2\/types\/page"}],"author":[{"embeddable":true,"href":"https:\/\/steinex.gtechgroup.support\/de\/wp-json\/wp\/v2\/users\/1"}],"replies":[{"embeddable":true,"href":"https:\/\/steinex.gtechgroup.support\/de\/wp-json\/wp\/v2\/comments?post=14099"}],"version-history":[{"count":13,"href":"https:\/\/steinex.gtechgroup.support\/de\/wp-json\/wp\/v2\/pages\/14099\/revisions"}],"predecessor-version":[{"id":15050,"href":"https:\/\/steinex.gtechgroup.support\/de\/wp-json\/wp\/v2\/pages\/14099\/revisions\/15050"}],"wp:attachment":[{"href":"https:\/\/steinex.gtechgroup.support\/de\/wp-json\/wp\/v2\/media?parent=14099"}],"curies":[{"name":"wp","href":"https:\/\/api.w.org\/{rel}","templated":true}]}}