{"id":14156,"date":"2025-02-07T10:58:23","date_gmt":"2025-02-07T10:58:23","guid":{"rendered":"https:\/\/steinex.gtechgroup.support\/?page_id=14156"},"modified":"2025-09-12T13:58:09","modified_gmt":"2025-09-12T13:58:09","slug":"impianti-per-la-sfaldatura-di-pietre-stratificate","status":"publish","type":"page","link":"https:\/\/steinex.gtechgroup.support\/de\/impianti-per-la-sfaldatura-di-pietre-stratificate\/","title":{"rendered":"Anlagen zum Abbl\u00e4ttern von geschichtetem Gestein"},"content":{"rendered":"<div data-elementor-type=\"wp-page\" data-elementor-id=\"14156\" class=\"elementor elementor-14156\" data-elementor-post-type=\"page\">\n\t\t\t\t<div class=\"elementor-element elementor-element-27de5e5 e-flex e-con-boxed e-con e-parent\" data-id=\"27de5e5\" data-element_type=\"container\" data-e-type=\"container\" data-settings=\"{&quot;background_background&quot;:&quot;classic&quot;}\">\n\t\t\t\t\t<div class=\"e-con-inner\">\n\t\t<div class=\"elementor-element elementor-element-ebfd6d9 e-con-full e-flex e-con e-child\" data-id=\"ebfd6d9\" data-element_type=\"container\" data-e-type=\"container\" data-settings=\"{&quot;background_background&quot;:&quot;classic&quot;}\">\n\t\t\t\t<div class=\"elementor-element elementor-element-e3db725 elementor-widget elementor-widget-heading\" data-id=\"e3db725\" data-element_type=\"widget\" data-e-type=\"widget\" data-widget_type=\"heading.default\">\n\t\t\t\t\t<h2 class=\"elementor-heading-title elementor-size-default\">Anlagen zum Abbl\u00e4ttern von geschichtetem Gestein<\/h2>\t\t\t\t<\/div>\n\t\t\t\t<div class=\"elementor-element elementor-element-3708127 elementor-widget elementor-widget-hfe-breadcrumbs-widget\" data-id=\"3708127\" data-element_type=\"widget\" data-e-type=\"widget\" data-widget_type=\"hfe-breadcrumbs-widget.default\">\n\t\t\t\t<div class=\"elementor-widget-container\">\n\t\t\t\t\t<nav aria-label=\"Brotkr\u00fcmel\"><ul class=\"hfe-breadcrumbs hfe-breadcrumbs-show-home\"><li class=\"hfe-breadcrumbs-item hfe-breadcrumbs-first\"><span class=\"hfe-breadcrumbs-home-icon\"><\/span><a href=\"https:\/\/steinex.gtechgroup.support\/de\"><span class=\"hfe-breadcrumbs-text\">Startseite<\/span><\/a><\/li><\/ul><\/nav>\t\t\t\t<\/div>\n\t\t\t\t<\/div>\n\t\t\t\t<\/div>\n\t\t\t\t\t<\/div>\n\t\t\t\t<\/div>\n\t\t<div class=\"elementor-element elementor-element-6c1c3a4 e-flex e-con-boxed e-con e-parent\" data-id=\"6c1c3a4\" data-element_type=\"container\" data-e-type=\"container\">\n\t\t\t\t\t<div class=\"e-con-inner\">\n\t\t<div class=\"elementor-element elementor-element-7bbbfad e-con-full e-flex e-con e-child\" data-id=\"7bbbfad\" data-element_type=\"container\" data-e-type=\"container\">\n\t\t\t\t<div class=\"elementor-element elementor-element-b37a758 elementor-widget elementor-widget-text-editor\" data-id=\"b37a758\" data-element_type=\"widget\" data-e-type=\"widget\" data-widget_type=\"text-editor.default\">\n\t\t\t\t\t\t\t\t\t<p>La<strong>\u00a0Abplatzen von geschichteten Steinen<\/strong>\u00a0ist eine T\u00e4tigkeit, die \u00fcberall auf der Welt von Hand ausgef\u00fchrt wird. Geschickte H\u00e4nde wissen mit Hilfe von Schl\u00e4geln und Keilen, wie man die richtige Ader im Stein findet, um die Schichten abzusch\u00e4len und gleichm\u00e4\u00dfige Platten herauszuschneiden. Eine T\u00e4tigkeit, die erhebliche k\u00f6rperliche Anstrengungen der Arbeiter erfordert, die mehrere Schichten von Hand abschlagen.\u00a0<strong>Tonnen von Stein<\/strong>\u00a0pro Tag. Dank seiner eigenen Forschungsabteilung hat Steinex nun die Ehre, das erste Unternehmen zu sein, das einen Weg gefunden hat, um\u00a0<strong>diesen Prozess zu mechanisieren.<\/strong>\u00a0Mit dem Igloo SFD-System k\u00f6nnen Sie\u00a0<strong>Abbl\u00e4ttern von Bl\u00f6cken bis zu einer H\u00f6he von 800 mm<\/strong>w\u00e4hrend mit der Menhir SFD-Anlage Bl\u00f6cke bis zu einer H\u00f6he von 1600 mm geflockt werden k\u00f6nnen.  Alle Operationen von\u00a0<strong>Handhabung und Zerspanung, F\u00f6rderer-, Manipulator- und Maschinenbewegungen<\/strong>\u00a0<strong>bequem gehandhabt werden<\/strong>\u00a0mit dem\u00a0<strong>Konsolen und Joysticks<\/strong>\u00a0<strong>ohne jede k\u00f6rperliche Anstrengung<\/strong>\u00a0durch den Betreiber.<\/p>\t\t\t\t\t\t\t\t<\/div>\n\t\t\t\t<\/div>\n\t\t<div class=\"elementor-element elementor-element-4b29d7e e-con-full e-flex e-con e-child\" data-id=\"4b29d7e\" data-element_type=\"container\" data-e-type=\"container\">\n\t\t\t\t<div class=\"elementor-element elementor-element-51743b5 elementor-widget elementor-widget-image\" data-id=\"51743b5\" data-element_type=\"widget\" data-e-type=\"widget\" data-widget_type=\"image.default\">\n\t\t\t\t\t\t\t\t\t\t\t\t\t\t\t<img alt=\"\" fetchpriority=\"high\" decoding=\"async\" width=\"400\" height=\"284\" src=\"https:\/\/steinex.gtechgroup.support\/wp-content\/uploads\/2025\/02\/blocchetto-sfaldato-con-Igloo-SFD-400x284.jpeg.webp\" class=\"attachment-full size-full wp-image-14160\" srcset=\"https:\/\/steinex.gtechgroup.support\/wp-content\/uploads\/2025\/02\/blocchetto-sfaldato-con-Igloo-SFD-400x284.jpeg.webp 400w, https:\/\/steinex.gtechgroup.support\/wp-content\/uploads\/2025\/02\/blocchetto-sfaldato-con-Igloo-SFD-400x284.jpeg-300x213.webp 300w, https:\/\/steinex.gtechgroup.support\/wp-content\/uploads\/2025\/02\/blocchetto-sfaldato-con-Igloo-SFD-400x284.jpeg-18x12.webp 18w\" sizes=\"(max-width: 400px) 100vw, 400px\" \/>\t\t\t\t\t\t\t\t\t\t\t\t\t\t\t<\/div>\n\t\t\t\t<\/div>\n\t\t\t\t\t<\/div>\n\t\t\t\t<\/div>\n\t\t\t\t<\/div>","protected":false},"excerpt":{"rendered":"<p>Impianti per la sfaldatura di pietre stratificate Home La\u00a0sfaldatura delle pietre stratificate\u00a0\u00e8 un\u2019attivit\u00e0 che in tutto il mondo viene eseguita manualmente. Mani sapienti con l\u2019ausilio di mazze e cunei sanno individuare la giusta vena delle pietre per esfoliare gli strati e ricavarne delle lastre regolari. Un\u2019attivit\u00e0 che richiede un notevole sforzo fisico da parte degli [&hellip;]<\/p>","protected":false},"author":1,"featured_media":0,"parent":0,"menu_order":0,"comment_status":"closed","ping_status":"closed","template":"","meta":{"_seopress_robots_primary_cat":"","_seopress_titles_title":"Impianti per sfaldatura pietre stratificate innovativi","_seopress_titles_desc":"Scopri gli impianti Steinex per la sfaldatura di pietre stratificate: innovazione, efficienza e precisione senza sforzo fisico.","_seopress_robots_index":"","footnotes":""},"class_list":["post-14156","page","type-page","status-publish","hentry"],"_links":{"self":[{"href":"https:\/\/steinex.gtechgroup.support\/de\/wp-json\/wp\/v2\/pages\/14156","targetHints":{"allow":["GET"]}}],"collection":[{"href":"https:\/\/steinex.gtechgroup.support\/de\/wp-json\/wp\/v2\/pages"}],"about":[{"href":"https:\/\/steinex.gtechgroup.support\/de\/wp-json\/wp\/v2\/types\/page"}],"author":[{"embeddable":true,"href":"https:\/\/steinex.gtechgroup.support\/de\/wp-json\/wp\/v2\/users\/1"}],"replies":[{"embeddable":true,"href":"https:\/\/steinex.gtechgroup.support\/de\/wp-json\/wp\/v2\/comments?post=14156"}],"version-history":[{"count":7,"href":"https:\/\/steinex.gtechgroup.support\/de\/wp-json\/wp\/v2\/pages\/14156\/revisions"}],"predecessor-version":[{"id":14706,"href":"https:\/\/steinex.gtechgroup.support\/de\/wp-json\/wp\/v2\/pages\/14156\/revisions\/14706"}],"wp:attachment":[{"href":"https:\/\/steinex.gtechgroup.support\/de\/wp-json\/wp\/v2\/media?parent=14156"}],"curies":[{"name":"wp","href":"https:\/\/api.w.org\/{rel}","templated":true}]}}