{"id":14196,"date":"2025-02-07T15:43:18","date_gmt":"2025-02-07T15:43:18","guid":{"rendered":"https:\/\/steinex.gtechgroup.support\/?page_id=14196"},"modified":"2025-02-07T15:45:05","modified_gmt":"2025-02-07T15:45:05","slug":"nuove-linee-automatiche-cnc","status":"publish","type":"page","link":"https:\/\/steinex.gtechgroup.support\/de\/nuove-linee-automatiche-cnc\/","title":{"rendered":"Neue automatische cnc-Linien"},"content":{"rendered":"<div data-elementor-type=\"wp-page\" data-elementor-id=\"14196\" class=\"elementor elementor-14196\" data-elementor-post-type=\"page\">\n\t\t\t\t<div class=\"elementor-element elementor-element-f701a59 e-flex e-con-boxed e-con e-parent\" data-id=\"f701a59\" data-element_type=\"container\" data-e-type=\"container\" data-settings=\"{&quot;background_background&quot;:&quot;classic&quot;}\">\n\t\t\t\t\t<div class=\"e-con-inner\">\n\t\t<div class=\"elementor-element elementor-element-5c2a935 e-con-full e-flex e-con e-child\" data-id=\"5c2a935\" data-element_type=\"container\" data-e-type=\"container\" data-settings=\"{&quot;background_background&quot;:&quot;classic&quot;}\">\n\t\t\t\t<div class=\"elementor-element elementor-element-6b8dc78 elementor-widget elementor-widget-heading\" data-id=\"6b8dc78\" data-element_type=\"widget\" data-e-type=\"widget\" data-widget_type=\"heading.default\">\n\t\t\t\t\t<h2 class=\"elementor-heading-title elementor-size-default\">Neue automatische cnc-Linien<\/h2>\t\t\t\t<\/div>\n\t\t\t\t<div class=\"elementor-element elementor-element-402bc6e elementor-widget elementor-widget-hfe-breadcrumbs-widget\" data-id=\"402bc6e\" data-element_type=\"widget\" data-e-type=\"widget\" data-widget_type=\"hfe-breadcrumbs-widget.default\">\n\t\t\t\t<div class=\"elementor-widget-container\">\n\t\t\t\t\t<nav aria-label=\"Brotkr\u00fcmel\"><ul class=\"hfe-breadcrumbs hfe-breadcrumbs-show-home\"><li class=\"hfe-breadcrumbs-item hfe-breadcrumbs-first\"><span class=\"hfe-breadcrumbs-home-icon\"><\/span><a href=\"https:\/\/steinex.gtechgroup.support\/de\"><span class=\"hfe-breadcrumbs-text\">Startseite<\/span><\/a><\/li><\/ul><\/nav>\t\t\t\t<\/div>\n\t\t\t\t<\/div>\n\t\t\t\t<\/div>\n\t\t\t\t\t<\/div>\n\t\t\t\t<\/div>\n\t\t<div class=\"elementor-element elementor-element-e977e3b e-flex e-con-boxed e-con e-parent\" data-id=\"e977e3b\" data-element_type=\"container\" data-e-type=\"container\">\n\t\t\t\t\t<div class=\"e-con-inner\">\n\t\t\t\t<div class=\"elementor-element elementor-element-2ab5157 elementor-widget elementor-widget-text-editor\" data-id=\"2ab5157\" data-element_type=\"widget\" data-e-type=\"widget\" data-widget_type=\"text-editor.default\">\n\t\t\t\t\t\t\t\t\t<p>Steinex Srl hat sich seit mehreren Jahren auf den Bau von\u00a0<strong>Automatische CNC-Linien<\/strong>\u00a0f\u00fcr die\u00a0<strong>gespaltene Bearbeitung von Materialien mit ges\u00e4gter und rauer Oberfl\u00e4che.<\/strong><\/p><p>Diese sind\u00a0<strong>modulare Leitungen<\/strong>so dass sie zu verschiedenen Zeiten erweitert und integriert werden k\u00f6nnen. Sie sind mit den folgenden Merkmalen gebaut<strong>\u00a0Industrie 4.0<\/strong>\u00a0und kann mit der Verwaltungssoftware des Unternehmens verkn\u00fcpft werden.<\/p><p>Unsere Anlagen bieten Effizienz und Sicherheit, entlasten den Menschen von anstrengender Arbeit und steigern so Produktivit\u00e4t und Qualit\u00e4t. Sie k\u00f6nnen auch ausgestattet werden mit\u00a0<strong>automatisches Ladesystem<\/strong>\u00a0der zu verarbeitenden Brammen und\u00a0<strong>Palettierroboter<\/strong>.<br \/>Jede Aktion, die von den CNC-Linien ausgef\u00fchrt wird, wird \u00fcber ein System entschieden und gesteuert.\u00a0<strong>integrierte Software<\/strong>mit denen die verschiedenen Vorg\u00e4nge gespeichert werden, um sich an die Bed\u00fcrfnisse jedes Kunden anzupassen.<\/p>\t\t\t\t\t\t\t\t<\/div>\n\t\t\t\t\t<\/div>\n\t\t\t\t<\/div>\n\t\t\t\t<\/div>","protected":false},"excerpt":{"rendered":"<p>Nuove linee automatiche cnc Home Da diversi anni, Steinex Srl si \u00e8 specializzata nella costruzione di\u00a0Linee Automatiche CNC\u00a0per la\u00a0lavorazione a spacco di materiali con superficie segata e grezza. Trattasi di\u00a0linee modulari, quindi possono essere ampliate ed integrate in tempi diversi. Sono costruite con le caratteristiche\u00a0\u201cIndustria 4.0\u201d\u00a0e possono essere collegate al software gestionale aziendale. Le nostre [&hellip;]<\/p>","protected":false},"author":1,"featured_media":0,"parent":0,"menu_order":0,"comment_status":"closed","ping_status":"closed","template":"","meta":{"_seopress_robots_primary_cat":"","_seopress_titles_title":"Linee Automatiche CNC: produttivit\u00e0 e innovazione","_seopress_titles_desc":"Scopri le linee automatiche CNC modulari Steinex: efficienza, sicurezza e integrazione Industria 4.0 per produttivit\u00e0 e qualit\u00e0 elevate.","_seopress_robots_index":"","footnotes":""},"class_list":["post-14196","page","type-page","status-publish","hentry"],"_links":{"self":[{"href":"https:\/\/steinex.gtechgroup.support\/de\/wp-json\/wp\/v2\/pages\/14196","targetHints":{"allow":["GET"]}}],"collection":[{"href":"https:\/\/steinex.gtechgroup.support\/de\/wp-json\/wp\/v2\/pages"}],"about":[{"href":"https:\/\/steinex.gtechgroup.support\/de\/wp-json\/wp\/v2\/types\/page"}],"author":[{"embeddable":true,"href":"https:\/\/steinex.gtechgroup.support\/de\/wp-json\/wp\/v2\/users\/1"}],"replies":[{"embeddable":true,"href":"https:\/\/steinex.gtechgroup.support\/de\/wp-json\/wp\/v2\/comments?post=14196"}],"version-history":[{"count":4,"href":"https:\/\/steinex.gtechgroup.support\/de\/wp-json\/wp\/v2\/pages\/14196\/revisions"}],"predecessor-version":[{"id":14202,"href":"https:\/\/steinex.gtechgroup.support\/de\/wp-json\/wp\/v2\/pages\/14196\/revisions\/14202"}],"wp:attachment":[{"href":"https:\/\/steinex.gtechgroup.support\/de\/wp-json\/wp\/v2\/media?parent=14196"}],"curies":[{"name":"wp","href":"https:\/\/api.w.org\/{rel}","templated":true}]}}