{"id":180,"date":"2025-01-13T16:10:43","date_gmt":"2025-01-13T16:10:43","guid":{"rendered":"https:\/\/steinex.gtechgroup.support\/?page_id=180"},"modified":"2025-09-19T15:24:09","modified_gmt":"2025-09-19T15:24:09","slug":"post-vendita","status":"publish","type":"page","link":"https:\/\/steinex.gtechgroup.support\/de\/post-vendita\/","title":{"rendered":"Postverkauf"},"content":{"rendered":"<div data-elementor-type=\"wp-page\" data-elementor-id=\"180\" class=\"elementor elementor-180\" data-elementor-post-type=\"page\">\n\t\t\t\t<div class=\"elementor-element elementor-element-bc1db3d e-flex e-con-boxed e-con e-parent\" data-id=\"bc1db3d\" data-element_type=\"container\" data-e-type=\"container\" data-settings=\"{&quot;background_background&quot;:&quot;classic&quot;}\">\n\t\t\t\t\t<div class=\"e-con-inner\">\n\t\t<div class=\"elementor-element elementor-element-65b9381 e-con-full e-flex e-con e-child\" data-id=\"65b9381\" data-element_type=\"container\" data-e-type=\"container\" data-settings=\"{&quot;background_background&quot;:&quot;classic&quot;}\">\n\t\t\t\t<div class=\"elementor-element elementor-element-ce72ae2 elementor-widget elementor-widget-heading\" data-id=\"ce72ae2\" data-element_type=\"widget\" data-e-type=\"widget\" data-widget_type=\"heading.default\">\n\t\t\t\t\t<h2 class=\"elementor-heading-title elementor-size-default\">Postverkauf<\/h2>\t\t\t\t<\/div>\n\t\t\t\t<div class=\"elementor-element elementor-element-6255179 elementor-widget elementor-widget-hfe-breadcrumbs-widget\" data-id=\"6255179\" data-element_type=\"widget\" data-e-type=\"widget\" data-widget_type=\"hfe-breadcrumbs-widget.default\">\n\t\t\t\t<div class=\"elementor-widget-container\">\n\t\t\t\t\t<nav aria-label=\"Brotkr\u00fcmel\"><ul class=\"hfe-breadcrumbs hfe-breadcrumbs-show-home\"><li class=\"hfe-breadcrumbs-item hfe-breadcrumbs-first\"><span class=\"hfe-breadcrumbs-home-icon\"><\/span><a href=\"https:\/\/steinex.gtechgroup.support\/de\"><span class=\"hfe-breadcrumbs-text\">Startseite<\/span><\/a><\/li><\/ul><\/nav>\t\t\t\t<\/div>\n\t\t\t\t<\/div>\n\t\t\t\t<\/div>\n\t\t\t\t\t<\/div>\n\t\t\t\t<\/div>\n\t\t<div class=\"elementor-element elementor-element-f1141b9 e-flex e-con-boxed e-con e-parent\" data-id=\"f1141b9\" data-element_type=\"container\" data-e-type=\"container\">\n\t\t\t\t\t<div class=\"e-con-inner\">\n\t\t\t\t<div class=\"elementor-element elementor-element-414149d elementor-widget elementor-widget-text-editor\" data-id=\"414149d\" data-element_type=\"widget\" data-e-type=\"widget\" data-widget_type=\"text-editor.default\">\n\t\t\t\t\t\t\t\t\t<p>Vom ersten Kontakt an und w\u00e4hrend der Entwicklung der Gesch\u00e4ftsbeziehung ist Steinex immer an der Seite des Kunden, h\u00f6rt sich seine Bed\u00fcrfnisse an und entwickelt ma\u00dfgeschneiderte L\u00f6sungen f\u00fcr seine spezifischen Anforderungen. Steinex ist bereit, alle Kundenbed\u00fcrfnisse in den verschiedenen Phasen der Gesch\u00e4ftsbeziehung zu erf\u00fcllen: von der Produktauswahl und -studie \u00fcber die Unterst\u00fctzung bei der Projektumsetzung und der Maschineninstallation bis hin zur Bedienerschulung, dem Know-how-Transfer und der technischen Unterst\u00fctzung nach dem Verkauf.<\/p>\n<p>In den verschiedenen Phasen der Kundenbeziehungen setzt Steinex stets Personal mit hoher Kompetenz in dem jeweiligen Bereich und maximaler Verf\u00fcgbarkeit ein, das einen st\u00e4ndigen Dialog mit dem Kunden vor und nach dem Verkauf f\u00fchrt, eine globale Pr\u00e4senz mit lokalem Service, um jeden Kunden in seiner eigenen Sprache zu erreichen.<\/p>\n<p>Steinex-Kunde zu sein bedeutet, sich f\u00fcr Qualit\u00e4t, Effizienz und Exzellenz nicht nur bei Maschinen und Systemen, sondern auch bei den begleitenden Dienstleistungen entschieden zu haben.<br>Wir bieten jedem unserer Kunden eine kompetente Beratung vor dem Kauf, einen effizienten Installations- und Inbetriebnahmeservice f\u00fcr die Maschinen und bei Bedarf eine ausf\u00fchrliche Bedienerschulung.<\/p>\n<p>Steinex unterst\u00fctzt seine Kunden auch mit seinem After-Sales-Service, bei dem ein Team von Installations- und Servicetechnikern beim Kunden vor Ort ist, um Probleme online oder aus der Ferne zu l\u00f6sen.<\/p>\n<p>Steinex stellt die meisten seiner Ersatzteile selbst her. Dies gew\u00e4hrleistet, dass unser Ersatzteillager immer gut best\u00fcckt ist, um die Nachfrage aus der ganzen Welt zeitnah zu erf\u00fcllen.<\/p>\t\t\t\t\t\t\t\t<\/div>\n\t\t\t\t\t<\/div>\n\t\t\t\t<\/div>\n\t\t<div class=\"elementor-element elementor-element-c98c63e e-con-full e-flex e-con e-child\" data-id=\"c98c63e\" data-element_type=\"container\" data-e-type=\"container\">\n\t\t\t\t<div class=\"elementor-element elementor-element-f3ebc82 elementor-widget__width-initial elementor-widget elementor-widget-image\" data-id=\"f3ebc82\" data-element_type=\"widget\" data-e-type=\"widget\" data-widget_type=\"image.default\">\n\t\t\t\t\t\t\t\t\t\t\t\t\t\t\t<img fetchpriority=\"high\" decoding=\"async\" width=\"1536\" height=\"2048\" src=\"https:\/\/steinex.gtechgroup.support\/wp-content\/uploads\/2025\/09\/RETE-DI-VENDITA-E-POST-VENDITA-SOTTO-TESTO-1.jpg\" class=\"attachment-full size-full wp-image-15025\" alt=\"Macchinario industriale verde fissato con cinghie arancioni\" srcset=\"https:\/\/steinex.gtechgroup.support\/wp-content\/uploads\/2025\/09\/RETE-DI-VENDITA-E-POST-VENDITA-SOTTO-TESTO-1.jpg 1536w, https:\/\/steinex.gtechgroup.support\/wp-content\/uploads\/2025\/09\/RETE-DI-VENDITA-E-POST-VENDITA-SOTTO-TESTO-1-225x300.jpg 225w, https:\/\/steinex.gtechgroup.support\/wp-content\/uploads\/2025\/09\/RETE-DI-VENDITA-E-POST-VENDITA-SOTTO-TESTO-1-768x1024.jpg 768w, https:\/\/steinex.gtechgroup.support\/wp-content\/uploads\/2025\/09\/RETE-DI-VENDITA-E-POST-VENDITA-SOTTO-TESTO-1-1152x1536.jpg 1152w, https:\/\/steinex.gtechgroup.support\/wp-content\/uploads\/2025\/09\/RETE-DI-VENDITA-E-POST-VENDITA-SOTTO-TESTO-1-9x12.jpg 9w, https:\/\/steinex.gtechgroup.support\/wp-content\/uploads\/2025\/09\/RETE-DI-VENDITA-E-POST-VENDITA-SOTTO-TESTO-1-600x800.jpg 600w\" sizes=\"(max-width: 1536px) 100vw, 1536px\" \/>\t\t\t\t\t\t\t\t\t\t\t\t\t\t\t<\/div>\n\t\t\t\t<div class=\"elementor-element elementor-element-6828e6a elementor-widget__width-initial elementor-widget elementor-widget-image\" data-id=\"6828e6a\" data-element_type=\"widget\" data-e-type=\"widget\" data-widget_type=\"image.default\">\n\t\t\t\t\t\t\t\t\t\t\t\t\t\t\t<img decoding=\"async\" width=\"1536\" height=\"2048\" src=\"https:\/\/steinex.gtechgroup.support\/wp-content\/uploads\/2025\/09\/RETE-DI-VENDITA-E-POST-VENDITA-SOTTO-TESTO-2-1.jpg\" class=\"attachment-full size-full wp-image-15022\" alt=\"Pacchi imballati con nastro arancione SteineX\" srcset=\"https:\/\/steinex.gtechgroup.support\/wp-content\/uploads\/2025\/09\/RETE-DI-VENDITA-E-POST-VENDITA-SOTTO-TESTO-2-1.jpg 1536w, https:\/\/steinex.gtechgroup.support\/wp-content\/uploads\/2025\/09\/RETE-DI-VENDITA-E-POST-VENDITA-SOTTO-TESTO-2-1-225x300.jpg 225w, https:\/\/steinex.gtechgroup.support\/wp-content\/uploads\/2025\/09\/RETE-DI-VENDITA-E-POST-VENDITA-SOTTO-TESTO-2-1-768x1024.jpg 768w, https:\/\/steinex.gtechgroup.support\/wp-content\/uploads\/2025\/09\/RETE-DI-VENDITA-E-POST-VENDITA-SOTTO-TESTO-2-1-1152x1536.jpg 1152w, https:\/\/steinex.gtechgroup.support\/wp-content\/uploads\/2025\/09\/RETE-DI-VENDITA-E-POST-VENDITA-SOTTO-TESTO-2-1-9x12.jpg 9w, https:\/\/steinex.gtechgroup.support\/wp-content\/uploads\/2025\/09\/RETE-DI-VENDITA-E-POST-VENDITA-SOTTO-TESTO-2-1-600x800.jpg 600w\" sizes=\"(max-width: 1536px) 100vw, 1536px\" \/>\t\t\t\t\t\t\t\t\t\t\t\t\t\t\t<\/div>\n\t\t\t\t<\/div>\n\t\t\t\t<\/div>","protected":false},"excerpt":{"rendered":"<p>Post vendita Home Fin dal primo contatto e durante lo sviluppo della relazione commerciale, Steinex \u00e8 sempre a fianco dei Clienti, ascoltando le loro esigenze e creando soluzioni su misura per rispondere ad esigenze specifiche. Steinex \u00e8 pronta a soddisfare ogni esigenza del Cliente nelle varie fasi del rapporto: dalla selezione e studio del prodotto, [&hellip;]<\/p>","protected":false},"author":1,"featured_media":0,"parent":0,"menu_order":0,"comment_status":"closed","ping_status":"closed","template":"","meta":{"_seopress_robots_primary_cat":"","_seopress_titles_title":"Servizio post-vendita Steinex: supporto completo clienti","_seopress_titles_desc":"Soluzioni su misura, installazione, training e servizio post-vendita Steinex: qualit\u00e0 ed efficienza sempre al fianco dei clienti.","_seopress_robots_index":"","footnotes":""},"class_list":["post-180","page","type-page","status-publish","hentry"],"_links":{"self":[{"href":"https:\/\/steinex.gtechgroup.support\/de\/wp-json\/wp\/v2\/pages\/180","targetHints":{"allow":["GET"]}}],"collection":[{"href":"https:\/\/steinex.gtechgroup.support\/de\/wp-json\/wp\/v2\/pages"}],"about":[{"href":"https:\/\/steinex.gtechgroup.support\/de\/wp-json\/wp\/v2\/types\/page"}],"author":[{"embeddable":true,"href":"https:\/\/steinex.gtechgroup.support\/de\/wp-json\/wp\/v2\/users\/1"}],"replies":[{"embeddable":true,"href":"https:\/\/steinex.gtechgroup.support\/de\/wp-json\/wp\/v2\/comments?post=180"}],"version-history":[{"count":9,"href":"https:\/\/steinex.gtechgroup.support\/de\/wp-json\/wp\/v2\/pages\/180\/revisions"}],"predecessor-version":[{"id":15037,"href":"https:\/\/steinex.gtechgroup.support\/de\/wp-json\/wp\/v2\/pages\/180\/revisions\/15037"}],"wp:attachment":[{"href":"https:\/\/steinex.gtechgroup.support\/de\/wp-json\/wp\/v2\/media?parent=180"}],"curies":[{"name":"wp","href":"https:\/\/api.w.org\/{rel}","templated":true}]}}