{"id":527,"date":"2025-01-23T10:45:33","date_gmt":"2025-01-23T10:45:33","guid":{"rendered":"https:\/\/steinex.gtechgroup.support\/?page_id=527"},"modified":"2025-09-12T12:51:59","modified_gmt":"2025-09-12T12:51:59","slug":"prodotti-da-macchina-menhir","status":"publish","type":"page","link":"https:\/\/steinex.gtechgroup.support\/de\/prodotti-da-macchina-menhir\/","title":{"rendered":"Menhir Maschinenprodukte"},"content":{"rendered":"<div data-elementor-type=\"wp-page\" data-elementor-id=\"527\" class=\"elementor elementor-527\" data-elementor-post-type=\"page\">\n\t\t\t\t<div class=\"elementor-element elementor-element-a870c3f e-flex e-con-boxed e-con e-parent\" data-id=\"a870c3f\" data-element_type=\"container\" data-e-type=\"container\" data-settings=\"{&quot;background_background&quot;:&quot;classic&quot;}\">\n\t\t\t\t\t<div class=\"e-con-inner\">\n\t\t<div class=\"elementor-element elementor-element-37099ca e-con-full e-flex e-con e-child\" data-id=\"37099ca\" data-element_type=\"container\" data-e-type=\"container\" data-settings=\"{&quot;background_background&quot;:&quot;classic&quot;}\">\n\t\t\t\t<div class=\"elementor-element elementor-element-e84bfee elementor-widget elementor-widget-heading\" data-id=\"e84bfee\" data-element_type=\"widget\" data-e-type=\"widget\" data-widget_type=\"heading.default\">\n\t\t\t\t\t<h2 class=\"elementor-heading-title elementor-size-default\">Menhir Maschinenprodukte\n<\/h2>\t\t\t\t<\/div>\n\t\t\t\t<div class=\"elementor-element elementor-element-9e05108 elementor-widget elementor-widget-hfe-breadcrumbs-widget\" data-id=\"9e05108\" data-element_type=\"widget\" data-e-type=\"widget\" data-widget_type=\"hfe-breadcrumbs-widget.default\">\n\t\t\t\t<div class=\"elementor-widget-container\">\n\t\t\t\t\t<nav aria-label=\"Brotkr\u00fcmel\"><ul class=\"hfe-breadcrumbs hfe-breadcrumbs-show-home\"><li class=\"hfe-breadcrumbs-item hfe-breadcrumbs-first\"><span class=\"hfe-breadcrumbs-home-icon\"><\/span><a href=\"https:\/\/steinex.gtechgroup.support\/de\"><span class=\"hfe-breadcrumbs-text\">Startseite<\/span><\/a><\/li><\/ul><\/nav>\t\t\t\t<\/div>\n\t\t\t\t<\/div>\n\t\t\t\t<\/div>\n\t\t\t\t\t<\/div>\n\t\t\t\t<\/div>\n\t\t<div class=\"elementor-element elementor-element-6446783 e-flex e-con-boxed e-con e-parent\" data-id=\"6446783\" data-element_type=\"container\" data-e-type=\"container\">\n\t\t\t\t\t<div class=\"e-con-inner\">\n\t\t<div class=\"elementor-element elementor-element-0555590 e-con-full e-flex e-con e-child\" data-id=\"0555590\" data-element_type=\"container\" data-e-type=\"container\">\n\t\t\t\t<div class=\"elementor-element elementor-element-a260618 elementor-widget elementor-widget-heading\" data-id=\"a260618\" data-element_type=\"widget\" data-e-type=\"widget\" data-widget_type=\"heading.default\">\n\t\t\t\t\t<h2 class=\"elementor-heading-title elementor-size-default\">Mit der Menhir-Spaltmaschine werden sie realisiert:<\/h2>\t\t\t\t<\/div>\n\t\t\t\t<div class=\"elementor-element elementor-element-f5cc26a elementor-widget elementor-widget-text-editor\" data-id=\"f5cc26a\" data-element_type=\"widget\" data-e-type=\"widget\" data-widget_type=\"text-editor.default\">\n\t\t\t\t\t\t\t\t\t<ul><li>KLIPPEN, TROCKENMAUERN, HALBFERTIGPRODUKTE, RAUE BORDSTEINE, WEHRE UND D\u00c4MME F\u00dcR FL\u00dcSSE, ESTRICHE<\/li><li>B\u00c4NDER, HALBFABRIKATE, SCHN\u00dcRE, BL\u00d6CKE<\/li><li>MAUERSTEINE, HALBFERTIGE PRODUKTE<\/li><\/ul>\t\t\t\t\t\t\t\t<\/div>\n\t\t\t\t<\/div>\n\t\t\t\t\t<\/div>\n\t\t\t\t<\/div>\n\t\t<div class=\"elementor-element elementor-element-3c09d49 e-flex e-con-boxed e-con e-parent\" data-id=\"3c09d49\" data-element_type=\"container\" data-e-type=\"container\">\n\t\t\t\t\t<div class=\"e-con-inner\">\n\t\t\t\t<div class=\"elementor-element elementor-element-8273c07 elementor-widget elementor-widget-gallery\" data-id=\"8273c07\" data-element_type=\"widget\" data-e-type=\"widget\" data-settings=\"{&quot;columns&quot;:3,&quot;gap&quot;:{&quot;unit&quot;:&quot;px&quot;,&quot;size&quot;:30,&quot;sizes&quot;:[]},&quot;aspect_ratio&quot;:&quot;4:3&quot;,&quot;gallery_layout&quot;:&quot;grid&quot;,&quot;columns_tablet&quot;:2,&quot;columns_mobile&quot;:1,&quot;gap_tablet&quot;:{&quot;unit&quot;:&quot;px&quot;,&quot;size&quot;:10,&quot;sizes&quot;:[]},&quot;gap_mobile&quot;:{&quot;unit&quot;:&quot;px&quot;,&quot;size&quot;:10,&quot;sizes&quot;:[]},&quot;link_to&quot;:&quot;file&quot;,&quot;overlay_background&quot;:&quot;yes&quot;,&quot;content_hover_animation&quot;:&quot;fade-in&quot;}\" data-widget_type=\"gallery.default\">\n\t\t\t\t\t\t\t<div class=\"elementor-gallery__container\">\n\t\t\t\t\t\t\t<a class=\"e-gallery-item elementor-gallery-item elementor-animated-content\" href=\"https:\/\/steinex.gtechgroup.support\/wp-content\/uploads\/2025\/01\/blocchi-spaccati-con-Menhir.webp\" data-elementor-open-lightbox=\"yes\" data-elementor-lightbox-slideshow=\"8273c07\" data-e-action-hash=\"#elementor-action%3Aaction%3Dlightbox%26settings%3DeyJpZCI6NTMwLCJ1cmwiOiJodHRwczpcL1wvc3RlaW5leC5ndGVjaGdyb3VwLnN1cHBvcnRcL3dwLWNvbnRlbnRcL3VwbG9hZHNcLzIwMjVcLzAxXC9ibG9jY2hpLXNwYWNjYXRpLWNvbi1NZW5oaXIud2VicCIsInNsaWRlc2hvdyI6IjgyNzNjMDcifQ%3D%3D\">\n\t\t\t\t\t<div class=\"e-gallery-image elementor-gallery-item__image\" data-thumbnail=\"https:\/\/steinex.gtechgroup.support\/wp-content\/uploads\/2025\/01\/blocchi-spaccati-con-Menhir.webp\" data-width=\"900\" data-height=\"675\" aria-label=\"\" role=\"img\" ><\/div>\n\t\t\t\t\t\t\t\t\t\t\t<div class=\"elementor-gallery-item__overlay\"><\/div>\n\t\t\t\t\t\t\t\t\t\t\t\t\t\t<\/a>\n\t\t\t\t\t\t\t<a class=\"e-gallery-item elementor-gallery-item elementor-animated-content\" href=\"https:\/\/steinex.gtechgroup.support\/wp-content\/uploads\/2025\/01\/masselli-granito-tranciati-1.webp\" data-elementor-open-lightbox=\"yes\" data-elementor-lightbox-slideshow=\"8273c07\" data-e-action-hash=\"#elementor-action%3Aaction%3Dlightbox%26settings%3DeyJpZCI6NTMxLCJ1cmwiOiJodHRwczpcL1wvc3RlaW5leC5ndGVjaGdyb3VwLnN1cHBvcnRcL3dwLWNvbnRlbnRcL3VwbG9hZHNcLzIwMjVcLzAxXC9tYXNzZWxsaS1ncmFuaXRvLXRyYW5jaWF0aS0xLndlYnAiLCJzbGlkZXNob3ciOiI4MjczYzA3In0%3D\">\n\t\t\t\t\t<div class=\"e-gallery-image elementor-gallery-item__image\" data-thumbnail=\"https:\/\/steinex.gtechgroup.support\/wp-content\/uploads\/2025\/01\/masselli-granito-tranciati-1.webp\" data-width=\"259\" data-height=\"194\" aria-label=\"\" role=\"img\" ><\/div>\n\t\t\t\t\t\t\t\t\t\t\t<div class=\"elementor-gallery-item__overlay\"><\/div>\n\t\t\t\t\t\t\t\t\t\t\t\t\t\t<\/a>\n\t\t\t\t\t\t\t<a class=\"e-gallery-item elementor-gallery-item elementor-animated-content\" href=\"https:\/\/steinex.gtechgroup.support\/wp-content\/uploads\/2025\/01\/muro-con-blocchi-spaccati-400x284-2.webp\" data-elementor-open-lightbox=\"yes\" data-elementor-lightbox-slideshow=\"8273c07\" data-e-action-hash=\"#elementor-action%3Aaction%3Dlightbox%26settings%3DeyJpZCI6NTMyLCJ1cmwiOiJodHRwczpcL1wvc3RlaW5leC5ndGVjaGdyb3VwLnN1cHBvcnRcL3dwLWNvbnRlbnRcL3VwbG9hZHNcLzIwMjVcLzAxXC9tdXJvLWNvbi1ibG9jY2hpLXNwYWNjYXRpLTQwMHgyODQtMi53ZWJwIiwic2xpZGVzaG93IjoiODI3M2MwNyJ9\">\n\t\t\t\t\t<div class=\"e-gallery-image elementor-gallery-item__image\" data-thumbnail=\"https:\/\/steinex.gtechgroup.support\/wp-content\/uploads\/2025\/01\/muro-con-blocchi-spaccati-400x284-2.webp\" data-width=\"400\" data-height=\"284\" aria-label=\"\" role=\"img\" ><\/div>\n\t\t\t\t\t\t\t\t\t\t\t<div class=\"elementor-gallery-item__overlay\"><\/div>\n\t\t\t\t\t\t\t\t\t\t\t\t\t\t<\/a>\n\t\t\t\t\t\t\t<a class=\"e-gallery-item elementor-gallery-item elementor-animated-content\" href=\"https:\/\/steinex.gtechgroup.support\/wp-content\/uploads\/2025\/01\/massello-granito-a-spacco-400x284-1.webp\" data-elementor-open-lightbox=\"yes\" data-elementor-lightbox-slideshow=\"8273c07\" data-e-action-hash=\"#elementor-action%3Aaction%3Dlightbox%26settings%3DeyJpZCI6NTMzLCJ1cmwiOiJodHRwczpcL1wvc3RlaW5leC5ndGVjaGdyb3VwLnN1cHBvcnRcL3dwLWNvbnRlbnRcL3VwbG9hZHNcLzIwMjVcLzAxXC9tYXNzZWxsby1ncmFuaXRvLWEtc3BhY2NvLTQwMHgyODQtMS53ZWJwIiwic2xpZGVzaG93IjoiODI3M2MwNyJ9\">\n\t\t\t\t\t<div class=\"e-gallery-image elementor-gallery-item__image\" data-thumbnail=\"https:\/\/steinex.gtechgroup.support\/wp-content\/uploads\/2025\/01\/massello-granito-a-spacco-400x284-1.webp\" data-width=\"400\" data-height=\"284\" aria-label=\"\" role=\"img\" ><\/div>\n\t\t\t\t\t\t\t\t\t\t\t<div class=\"elementor-gallery-item__overlay\"><\/div>\n\t\t\t\t\t\t\t\t\t\t\t\t\t\t<\/a>\n\t\t\t\t\t\t\t<a class=\"e-gallery-item elementor-gallery-item elementor-animated-content\" href=\"https:\/\/steinex.gtechgroup.support\/wp-content\/uploads\/2025\/01\/Menhir-blocco-spaccato-2-lati-400x284-1.webp\" data-elementor-open-lightbox=\"yes\" data-elementor-lightbox-slideshow=\"8273c07\" data-e-action-hash=\"#elementor-action%3Aaction%3Dlightbox%26settings%3DeyJpZCI6NTM0LCJ1cmwiOiJodHRwczpcL1wvc3RlaW5leC5ndGVjaGdyb3VwLnN1cHBvcnRcL3dwLWNvbnRlbnRcL3VwbG9hZHNcLzIwMjVcLzAxXC9NZW5oaXItYmxvY2NvLXNwYWNjYXRvLTItbGF0aS00MDB4Mjg0LTEud2VicCIsInNsaWRlc2hvdyI6IjgyNzNjMDcifQ%3D%3D\">\n\t\t\t\t\t<div class=\"e-gallery-image elementor-gallery-item__image\" data-thumbnail=\"https:\/\/steinex.gtechgroup.support\/wp-content\/uploads\/2025\/01\/Menhir-blocco-spaccato-2-lati-400x284-1.webp\" data-width=\"400\" data-height=\"284\" aria-label=\"\" role=\"img\" ><\/div>\n\t\t\t\t\t\t\t\t\t\t\t<div class=\"elementor-gallery-item__overlay\"><\/div>\n\t\t\t\t\t\t\t\t\t\t\t\t\t\t<\/a>\n\t\t\t\t\t\t\t<a class=\"e-gallery-item elementor-gallery-item elementor-animated-content\" href=\"https:\/\/steinex.gtechgroup.support\/wp-content\/uploads\/2025\/01\/muro-blocchi-spaccati-400x284-2.webp\" data-elementor-open-lightbox=\"yes\" data-elementor-lightbox-slideshow=\"8273c07\" data-e-action-hash=\"#elementor-action%3Aaction%3Dlightbox%26settings%3DeyJpZCI6NTM1LCJ1cmwiOiJodHRwczpcL1wvc3RlaW5leC5ndGVjaGdyb3VwLnN1cHBvcnRcL3dwLWNvbnRlbnRcL3VwbG9hZHNcLzIwMjVcLzAxXC9tdXJvLWJsb2NjaGktc3BhY2NhdGktNDAweDI4NC0yLndlYnAiLCJzbGlkZXNob3ciOiI4MjczYzA3In0%3D\">\n\t\t\t\t\t<div class=\"e-gallery-image elementor-gallery-item__image\" data-thumbnail=\"https:\/\/steinex.gtechgroup.support\/wp-content\/uploads\/2025\/01\/muro-blocchi-spaccati-400x284-2.webp\" data-width=\"400\" data-height=\"284\" aria-label=\"\" role=\"img\" ><\/div>\n\t\t\t\t\t\t\t\t\t\t\t<div class=\"elementor-gallery-item__overlay\"><\/div>\n\t\t\t\t\t\t\t\t\t\t\t\t\t\t<\/a>\n\t\t\t\t\t\t\t<a class=\"e-gallery-item elementor-gallery-item elementor-animated-content\" href=\"https:\/\/steinex.gtechgroup.support\/wp-content\/uploads\/2025\/01\/blocchi-spaccati-con-Menhir-400x284-1.webp\" data-elementor-open-lightbox=\"yes\" data-elementor-lightbox-slideshow=\"8273c07\" data-e-action-hash=\"#elementor-action%3Aaction%3Dlightbox%26settings%3DeyJpZCI6NTM2LCJ1cmwiOiJodHRwczpcL1wvc3RlaW5leC5ndGVjaGdyb3VwLnN1cHBvcnRcL3dwLWNvbnRlbnRcL3VwbG9hZHNcLzIwMjVcLzAxXC9ibG9jY2hpLXNwYWNjYXRpLWNvbi1NZW5oaXItNDAweDI4NC0xLndlYnAiLCJzbGlkZXNob3ciOiI4MjczYzA3In0%3D\">\n\t\t\t\t\t<div class=\"e-gallery-image elementor-gallery-item__image\" data-thumbnail=\"https:\/\/steinex.gtechgroup.support\/wp-content\/uploads\/2025\/01\/blocchi-spaccati-con-Menhir-400x284-1.webp\" data-width=\"400\" data-height=\"284\" aria-label=\"\" role=\"img\" ><\/div>\n\t\t\t\t\t\t\t\t\t\t\t<div class=\"elementor-gallery-item__overlay\"><\/div>\n\t\t\t\t\t\t\t\t\t\t\t\t\t\t<\/a>\n\t\t\t\t\t\t\t<a class=\"e-gallery-item elementor-gallery-item elementor-animated-content\" href=\"https:\/\/steinex.gtechgroup.support\/wp-content\/uploads\/2025\/01\/blocco-spaccato-Menhir-400x284-1.webp\" data-elementor-open-lightbox=\"yes\" data-elementor-lightbox-slideshow=\"8273c07\" data-e-action-hash=\"#elementor-action%3Aaction%3Dlightbox%26settings%3DeyJpZCI6NTM3LCJ1cmwiOiJodHRwczpcL1wvc3RlaW5leC5ndGVjaGdyb3VwLnN1cHBvcnRcL3dwLWNvbnRlbnRcL3VwbG9hZHNcLzIwMjVcLzAxXC9ibG9jY28tc3BhY2NhdG8tTWVuaGlyLTQwMHgyODQtMS53ZWJwIiwic2xpZGVzaG93IjoiODI3M2MwNyJ9\">\n\t\t\t\t\t<div class=\"e-gallery-image elementor-gallery-item__image\" data-thumbnail=\"https:\/\/steinex.gtechgroup.support\/wp-content\/uploads\/2025\/01\/blocco-spaccato-Menhir-400x284-1.webp\" data-width=\"400\" data-height=\"284\" aria-label=\"\" role=\"img\" ><\/div>\n\t\t\t\t\t\t\t\t\t\t\t<div class=\"elementor-gallery-item__overlay\"><\/div>\n\t\t\t\t\t\t\t\t\t\t\t\t\t\t<\/a>\n\t\t\t\t\t\t\t<a class=\"e-gallery-item elementor-gallery-item elementor-animated-content\" href=\"https:\/\/steinex.gtechgroup.support\/wp-content\/uploads\/2025\/01\/gradoni-arenaria-spaccati.webp\" data-elementor-open-lightbox=\"yes\" data-elementor-lightbox-slideshow=\"8273c07\" data-e-action-hash=\"#elementor-action%3Aaction%3Dlightbox%26settings%3DeyJpZCI6NTM4LCJ1cmwiOiJodHRwczpcL1wvc3RlaW5leC5ndGVjaGdyb3VwLnN1cHBvcnRcL3dwLWNvbnRlbnRcL3VwbG9hZHNcLzIwMjVcLzAxXC9ncmFkb25pLWFyZW5hcmlhLXNwYWNjYXRpLndlYnAiLCJzbGlkZXNob3ciOiI4MjczYzA3In0%3D\">\n\t\t\t\t\t<div class=\"e-gallery-image elementor-gallery-item__image\" data-thumbnail=\"https:\/\/steinex.gtechgroup.support\/wp-content\/uploads\/2025\/01\/gradoni-arenaria-spaccati.webp\" data-width=\"245\" data-height=\"184\" aria-label=\"\" role=\"img\" ><\/div>\n\t\t\t\t\t\t\t\t\t\t\t<div class=\"elementor-gallery-item__overlay\"><\/div>\n\t\t\t\t\t\t\t\t\t\t\t\t\t\t<\/a>\n\t\t\t\t\t\t\t<a class=\"e-gallery-item elementor-gallery-item elementor-animated-content\" href=\"https:\/\/steinex.gtechgroup.support\/wp-content\/uploads\/2025\/01\/masselli-spaccati-per-landscape-400x284-1.webp\" data-elementor-open-lightbox=\"yes\" data-elementor-lightbox-slideshow=\"8273c07\" data-e-action-hash=\"#elementor-action%3Aaction%3Dlightbox%26settings%3DeyJpZCI6NTM5LCJ1cmwiOiJodHRwczpcL1wvc3RlaW5leC5ndGVjaGdyb3VwLnN1cHBvcnRcL3dwLWNvbnRlbnRcL3VwbG9hZHNcLzIwMjVcLzAxXC9tYXNzZWxsaS1zcGFjY2F0aS1wZXItbGFuZHNjYXBlLTQwMHgyODQtMS53ZWJwIiwic2xpZGVzaG93IjoiODI3M2MwNyJ9\">\n\t\t\t\t\t<div class=\"e-gallery-image elementor-gallery-item__image\" data-thumbnail=\"https:\/\/steinex.gtechgroup.support\/wp-content\/uploads\/2025\/01\/masselli-spaccati-per-landscape-400x284-1.webp\" data-width=\"400\" data-height=\"284\" aria-label=\"\" role=\"img\" ><\/div>\n\t\t\t\t\t\t\t\t\t\t\t<div class=\"elementor-gallery-item__overlay\"><\/div>\n\t\t\t\t\t\t\t\t\t\t\t\t\t\t<\/a>\n\t\t\t\t\t<\/div>\n\t\t\t\t\t<\/div>\n\t\t\t\t\t<\/div>\n\t\t\t\t<\/div>\n\t\t\t\t<\/div>","protected":false},"excerpt":{"rendered":"<p>Prodotti da macchina Menhir Home Con la macchina da spacco Menhir si realizzano: SCOGLIERE, MURI A SECCO, SEMILAVORATI, CORDONI GREZZI, BRIGLIE E ARGINI PER FIUMI, MASSELLI FILAGNE, SEMILAVORATI, CORDONI, MASSELLI SASSI DA MURO, SEMILAVORATI<\/p>","protected":false},"author":1,"featured_media":0,"parent":0,"menu_order":0,"comment_status":"closed","ping_status":"closed","template":"","meta":{"_seopress_robots_primary_cat":"","_seopress_titles_title":"Menhir Home: macchina da spacco per muri e scogliere","_seopress_titles_desc":"Scopri la macchina da spacco Menhir: ideale per scogliere, muri a secco, cordoni grezzi, briglie fluviali e masselli per costruzioni solide.","_seopress_robots_index":"","footnotes":""},"class_list":["post-527","page","type-page","status-publish","hentry"],"_links":{"self":[{"href":"https:\/\/steinex.gtechgroup.support\/de\/wp-json\/wp\/v2\/pages\/527","targetHints":{"allow":["GET"]}}],"collection":[{"href":"https:\/\/steinex.gtechgroup.support\/de\/wp-json\/wp\/v2\/pages"}],"about":[{"href":"https:\/\/steinex.gtechgroup.support\/de\/wp-json\/wp\/v2\/types\/page"}],"author":[{"embeddable":true,"href":"https:\/\/steinex.gtechgroup.support\/de\/wp-json\/wp\/v2\/users\/1"}],"replies":[{"embeddable":true,"href":"https:\/\/steinex.gtechgroup.support\/de\/wp-json\/wp\/v2\/comments?post=527"}],"version-history":[{"count":22,"href":"https:\/\/steinex.gtechgroup.support\/de\/wp-json\/wp\/v2\/pages\/527\/revisions"}],"predecessor-version":[{"id":14674,"href":"https:\/\/steinex.gtechgroup.support\/de\/wp-json\/wp\/v2\/pages\/527\/revisions\/14674"}],"wp:attachment":[{"href":"https:\/\/steinex.gtechgroup.support\/de\/wp-json\/wp\/v2\/media?parent=527"}],"curies":[{"name":"wp","href":"https:\/\/api.w.org\/{rel}","templated":true}]}}