{"id":89,"date":"2025-01-10T14:55:57","date_gmt":"2025-01-10T14:55:57","guid":{"rendered":"https:\/\/steinex.gtechgroup.support\/?page_id=89"},"modified":"2025-09-11T15:22:20","modified_gmt":"2025-09-11T15:22:20","slug":"chi-siamo","status":"publish","type":"page","link":"https:\/\/steinex.gtechgroup.support\/de\/chi-siamo\/","title":{"rendered":"\u00dcber uns"},"content":{"rendered":"<div data-elementor-type=\"wp-page\" data-elementor-id=\"89\" class=\"elementor elementor-89\" data-elementor-post-type=\"page\">\n\t\t\t\t<div class=\"elementor-element elementor-element-f7798be e-flex e-con-boxed e-con e-parent\" data-id=\"f7798be\" data-element_type=\"container\" data-e-type=\"container\" data-settings=\"{&quot;background_background&quot;:&quot;classic&quot;}\">\n\t\t\t\t\t<div class=\"e-con-inner\">\n\t\t<div class=\"elementor-element elementor-element-5295de1 e-con-full e-flex e-con e-child\" data-id=\"5295de1\" data-element_type=\"container\" data-e-type=\"container\" data-settings=\"{&quot;background_background&quot;:&quot;classic&quot;}\">\n\t\t\t\t<div class=\"elementor-element elementor-element-73afb9f elementor-widget elementor-widget-heading\" data-id=\"73afb9f\" data-element_type=\"widget\" data-e-type=\"widget\" data-widget_type=\"heading.default\">\n\t\t\t\t\t<h2 class=\"elementor-heading-title elementor-size-default\">\u00dcber uns<\/h2>\t\t\t\t<\/div>\n\t\t\t\t<div class=\"elementor-element elementor-element-3757698 elementor-widget elementor-widget-hfe-breadcrumbs-widget\" data-id=\"3757698\" data-element_type=\"widget\" data-e-type=\"widget\" data-widget_type=\"hfe-breadcrumbs-widget.default\">\n\t\t\t\t<div class=\"elementor-widget-container\">\n\t\t\t\t\t<nav aria-label=\"Brotkr\u00fcmel\"><ul class=\"hfe-breadcrumbs hfe-breadcrumbs-show-home\"><li class=\"hfe-breadcrumbs-item hfe-breadcrumbs-first\"><span class=\"hfe-breadcrumbs-home-icon\"><\/span><a href=\"https:\/\/steinex.gtechgroup.support\/de\"><span class=\"hfe-breadcrumbs-text\">Startseite<\/span><\/a><\/li><\/ul><\/nav>\t\t\t\t<\/div>\n\t\t\t\t<\/div>\n\t\t\t\t<\/div>\n\t\t\t\t\t<\/div>\n\t\t\t\t<\/div>\n\t\t<div class=\"elementor-element elementor-element-bf12d63 e-flex e-con-boxed e-con e-parent\" data-id=\"bf12d63\" data-element_type=\"container\" data-e-type=\"container\">\n\t\t\t\t\t<div class=\"e-con-inner\">\n\t\t\t\t<div class=\"elementor-element elementor-element-4df3489 elementor-widget elementor-widget-text-editor\" data-id=\"4df3489\" data-element_type=\"widget\" data-e-type=\"widget\" data-widget_type=\"text-editor.default\">\n\t\t\t\t\t\t\t\t\t<p>Seit 1976 ist die Steinex Srl&nbsp;<b>internationaler Marktf\u00fchrer<\/b>&nbsp;unter&nbsp;<b>Planung, Bau und Verkauf von Maschinen zum Spalten von Naturstein und Zementprodukten.<\/b><\/p>\n<p>Wir lassen uns von konkreten Werten inspirieren, wie z.B. der kontinuierlichen Innovation von Produktionstechnologien zur Steigerung der Wettbewerbsf\u00e4higkeit des Anwenders, der Entwicklung von ma\u00dfgeschneiderten L\u00f6sungen f\u00fcr spezifische Bed\u00fcrfnisse, der Aufrechterhaltung eines st\u00e4ndigen Dialogs mit dem Kunden vor und nach dem Verkauf, einer globalen Pr\u00e4senz mit lokalem Service, um jeden Kunden in seiner eigenen Sprache zu erreichen.<\/p>\n<p>Die Einf\u00fchrung der kontrollierten Spalttechnik in die Produktionsprozesse stellt eine<b>&nbsp;ein wichtiger Faktor bei der Veredelung von dimensionalen Steinen und Artefakten <\/b>in Beton.<\/p>\t\t\t\t\t\t\t\t<\/div>\n\t\t\t\t\t<\/div>\n\t\t\t\t<\/div>\n\t\t<div class=\"elementor-element elementor-element-b315896 e-flex e-con-boxed e-con e-parent\" data-id=\"b315896\" data-element_type=\"container\" data-e-type=\"container\">\n\t\t\t\t\t<div class=\"e-con-inner\">\n\t\t\t\t<div class=\"elementor-element elementor-element-627604a ekit-equal-height-enable elementor-widget elementor-widget-elementskit-image-box\" data-id=\"627604a\" data-element_type=\"widget\" data-e-type=\"widget\" data-widget_type=\"elementskit-image-box.default\">\n\t\t\t\t\t<div class=\"ekit-wid-con\" >\n            <div class=\"elementskit-info-image-box ekit-image-box text-left simple-card\" >\n\n                \n                <div class=\"elementskit-box-header image-box-img-left\">\n\n                    <img alt=\"\" fetchpriority=\"high\" decoding=\"async\" width=\"900\" height=\"1200\" src=\"https:\/\/steinex.gtechgroup.support\/wp-content\/uploads\/2025\/01\/lavorazione-carpenteria-Menhir-1600.jpeg\" class=\"attachment-full size-full wp-image-94\" srcset=\"https:\/\/steinex.gtechgroup.support\/wp-content\/uploads\/2025\/01\/lavorazione-carpenteria-Menhir-1600.jpeg 900w, https:\/\/steinex.gtechgroup.support\/wp-content\/uploads\/2025\/01\/lavorazione-carpenteria-Menhir-1600-225x300.jpeg 225w, https:\/\/steinex.gtechgroup.support\/wp-content\/uploads\/2025\/01\/lavorazione-carpenteria-Menhir-1600-768x1024.jpeg 768w, https:\/\/steinex.gtechgroup.support\/wp-content\/uploads\/2025\/01\/lavorazione-carpenteria-Menhir-1600-600x800.jpeg 600w\" sizes=\"(max-width: 900px) 100vw, 900px\" \/>\n                <\/div>\n                \n                <div class=\"elementskit-box-body ekit-image-box-body\">\n                    <div class=\"elementskit-box-content ekit-image-box-body-inner\">\n                                                <h3 class=\"elementskit-info-box-title\">\n\n                        Robustheit\n                        \n                    <\/h3>\n                                                        <\/div>\n\n                            <\/div>\n            <\/div>\n    <\/div>\t\t\t\t<\/div>\n\t\t\t\t<div class=\"elementor-element elementor-element-bff15b8 ekit-equal-height-enable elementor-widget elementor-widget-elementskit-image-box\" data-id=\"bff15b8\" data-element_type=\"widget\" data-e-type=\"widget\" data-widget_type=\"elementskit-image-box.default\">\n\t\t\t\t\t<div class=\"ekit-wid-con\" >\n            <div class=\"elementskit-info-image-box ekit-image-box text-left simple-card\" >\n\n                \n                <div class=\"elementskit-box-header image-box-img-left\">\n\n                    <img alt=\"\" decoding=\"async\" width=\"900\" height=\"1200\" src=\"https:\/\/steinex.gtechgroup.support\/wp-content\/uploads\/2025\/01\/costruzione-1600x1000-440-ton.jpg\" class=\"attachment-full size-full wp-image-95\" srcset=\"https:\/\/steinex.gtechgroup.support\/wp-content\/uploads\/2025\/01\/costruzione-1600x1000-440-ton.jpg 900w, https:\/\/steinex.gtechgroup.support\/wp-content\/uploads\/2025\/01\/costruzione-1600x1000-440-ton-225x300.jpg 225w, https:\/\/steinex.gtechgroup.support\/wp-content\/uploads\/2025\/01\/costruzione-1600x1000-440-ton-768x1024.jpg 768w, https:\/\/steinex.gtechgroup.support\/wp-content\/uploads\/2025\/01\/costruzione-1600x1000-440-ton-600x800.jpg 600w\" sizes=\"(max-width: 900px) 100vw, 900px\" \/>\n                <\/div>\n                \n                <div class=\"elementskit-box-body ekit-image-box-body\">\n                    <div class=\"elementskit-box-content ekit-image-box-body-inner\">\n                                                <h3 class=\"elementskit-info-box-title\">\n\n                        Strom\n                        \n                    <\/h3>\n                                                        <\/div>\n\n                            <\/div>\n            <\/div>\n    <\/div>\t\t\t\t<\/div>\n\t\t\t\t<div class=\"elementor-element elementor-element-dfb4b3b ekit-equal-height-enable elementor-widget elementor-widget-elementskit-image-box\" data-id=\"dfb4b3b\" data-element_type=\"widget\" data-e-type=\"widget\" data-widget_type=\"elementskit-image-box.default\">\n\t\t\t\t\t<div class=\"ekit-wid-con\" >\n            <div class=\"elementskit-info-image-box ekit-image-box text-left simple-card\" >\n\n                \n                <div class=\"elementskit-box-header image-box-img-left\">\n\n                    <img alt=\"\" decoding=\"async\" width=\"900\" height=\"1200\" src=\"https:\/\/steinex.gtechgroup.support\/wp-content\/uploads\/2025\/01\/centro-lavoro-CNC.jpeg\" class=\"attachment-full size-full wp-image-96\" srcset=\"https:\/\/steinex.gtechgroup.support\/wp-content\/uploads\/2025\/01\/centro-lavoro-CNC.jpeg 900w, https:\/\/steinex.gtechgroup.support\/wp-content\/uploads\/2025\/01\/centro-lavoro-CNC-225x300.jpeg 225w, https:\/\/steinex.gtechgroup.support\/wp-content\/uploads\/2025\/01\/centro-lavoro-CNC-768x1024.jpeg 768w, https:\/\/steinex.gtechgroup.support\/wp-content\/uploads\/2025\/01\/centro-lavoro-CNC-600x800.jpeg 600w\" sizes=\"(max-width: 900px) 100vw, 900px\" \/>\n                <\/div>\n                \n                <div class=\"elementskit-box-body ekit-image-box-body\">\n                    <div class=\"elementskit-box-content ekit-image-box-body-inner\">\n                                                <h3 class=\"elementskit-info-box-title\">\n\n                        Genauigkeit\n                        \n                    <\/h3>\n                                                        <\/div>\n\n                            <\/div>\n            <\/div>\n    <\/div>\t\t\t\t<\/div>\n\t\t\t\t\t<\/div>\n\t\t\t\t<\/div>\n\t\t\t\t<\/div>","protected":false},"excerpt":{"rendered":"<p>Chi siamo Home Dal 1976 Steinex Srl \u00e8&nbsp;leader sul mercato internazionale&nbsp;nella&nbsp;progettazione, costruzione e vendita di macchine per la lavorazione&nbsp;a&nbsp;spacco delle pietre naturali e dei manufatti in cemento. Ci ispiriamo a precisi valori di riferimento come la&nbsp;continua innovazione delle tecnologie produttive per aumentare la competitivit\u00e0&nbsp;dell\u2019utilizzatore,&nbsp;la creazione di soluzioni su misura per rispondere ad esigenze specifiche,&nbsp;il mantenimento [&hellip;]<\/p>","protected":false},"author":1,"featured_media":0,"parent":0,"menu_order":0,"comment_status":"closed","ping_status":"closed","template":"","meta":{"_seopress_robots_primary_cat":"","_seopress_titles_title":"Steinex Srl: Leader dal 1976 nelle macchine spacco pietra","_seopress_titles_desc":"Steinex Srl progetta e produce macchine per lo spacco di pietra e cemento, garantendo innovazione, robustezza e soluzioni su misura dal 1976.","_seopress_robots_index":"","footnotes":""},"class_list":["post-89","page","type-page","status-publish","hentry"],"_links":{"self":[{"href":"https:\/\/steinex.gtechgroup.support\/de\/wp-json\/wp\/v2\/pages\/89","targetHints":{"allow":["GET"]}}],"collection":[{"href":"https:\/\/steinex.gtechgroup.support\/de\/wp-json\/wp\/v2\/pages"}],"about":[{"href":"https:\/\/steinex.gtechgroup.support\/de\/wp-json\/wp\/v2\/types\/page"}],"author":[{"embeddable":true,"href":"https:\/\/steinex.gtechgroup.support\/de\/wp-json\/wp\/v2\/users\/1"}],"replies":[{"embeddable":true,"href":"https:\/\/steinex.gtechgroup.support\/de\/wp-json\/wp\/v2\/comments?post=89"}],"version-history":[{"count":25,"href":"https:\/\/steinex.gtechgroup.support\/de\/wp-json\/wp\/v2\/pages\/89\/revisions"}],"predecessor-version":[{"id":14589,"href":"https:\/\/steinex.gtechgroup.support\/de\/wp-json\/wp\/v2\/pages\/89\/revisions\/14589"}],"wp:attachment":[{"href":"https:\/\/steinex.gtechgroup.support\/de\/wp-json\/wp\/v2\/media?parent=89"}],"curies":[{"name":"wp","href":"https:\/\/api.w.org\/{rel}","templated":true}]}}