{"id":125,"date":"2025-01-10T15:42:35","date_gmt":"2025-01-10T15:42:35","guid":{"rendered":"https:\/\/steinex.gtechgroup.support\/?page_id=125"},"modified":"2025-09-17T16:13:09","modified_gmt":"2025-09-17T16:13:09","slug":"progettazione-e-produzione","status":"publish","type":"page","link":"https:\/\/steinex.gtechgroup.support\/en\/progettazione-e-produzione\/","title":{"rendered":"Design and production"},"content":{"rendered":"<div data-elementor-type=\"wp-page\" data-elementor-id=\"125\" class=\"elementor elementor-125\" data-elementor-post-type=\"page\">\n\t\t\t\t<div class=\"elementor-element elementor-element-0f74778 e-flex e-con-boxed e-con e-parent\" data-id=\"0f74778\" data-element_type=\"container\" data-e-type=\"container\" data-settings=\"{&quot;background_background&quot;:&quot;classic&quot;}\">\n\t\t\t\t\t<div class=\"e-con-inner\">\n\t\t<div class=\"elementor-element elementor-element-fb35654 e-con-full e-flex e-con e-child\" data-id=\"fb35654\" data-element_type=\"container\" data-e-type=\"container\" data-settings=\"{&quot;background_background&quot;:&quot;classic&quot;}\">\n\t\t\t\t<div class=\"elementor-element elementor-element-c7478c6 elementor-widget elementor-widget-heading\" data-id=\"c7478c6\" data-element_type=\"widget\" data-e-type=\"widget\" data-widget_type=\"heading.default\">\n\t\t\t\t\t<h2 class=\"elementor-heading-title elementor-size-default\">Design and production<\/h2>\t\t\t\t<\/div>\n\t\t\t\t<div class=\"elementor-element elementor-element-57efced elementor-widget elementor-widget-hfe-breadcrumbs-widget\" data-id=\"57efced\" data-element_type=\"widget\" data-e-type=\"widget\" data-widget_type=\"hfe-breadcrumbs-widget.default\">\n\t\t\t\t<div class=\"elementor-widget-container\">\n\t\t\t\t\t<nav aria-label=\"Breadcrumb\"><ul class=\"hfe-breadcrumbs hfe-breadcrumbs-show-home\"><li class=\"hfe-breadcrumbs-item hfe-breadcrumbs-first\"><span class=\"hfe-breadcrumbs-home-icon\"><\/span><a href=\"https:\/\/steinex.gtechgroup.support\/en\"><span class=\"hfe-breadcrumbs-text\">Home<\/span><\/a><\/li><\/ul><\/nav>\t\t\t\t<\/div>\n\t\t\t\t<\/div>\n\t\t\t\t<\/div>\n\t\t\t\t\t<\/div>\n\t\t\t\t<\/div>\n\t\t<div class=\"elementor-element elementor-element-f25c6c6 e-flex e-con-boxed e-con e-parent\" data-id=\"f25c6c6\" data-element_type=\"container\" data-e-type=\"container\">\n\t\t\t\t\t<div class=\"e-con-inner\">\n\t\t\t\t<div class=\"elementor-element elementor-element-8c83e3d elementor-widget elementor-widget-heading\" data-id=\"8c83e3d\" data-element_type=\"widget\" data-e-type=\"widget\" data-widget_type=\"heading.default\">\n\t\t\t\t\t<h2 class=\"elementor-heading-title elementor-size-default\">QUALITY FIRST\n<\/h2>\t\t\t\t<\/div>\n\t\t\t\t<div class=\"elementor-element elementor-element-4df0906 elementor-widget elementor-widget-text-editor\" data-id=\"4df0906\" data-element_type=\"widget\" data-e-type=\"widget\" data-widget_type=\"text-editor.default\">\n\t\t\t\t\t\t\t\t\t<p>The success of Steinex Srl products in the market is mainly due to their&nbsp;<strong>recognized and appreciated quality and reliability<\/strong>&nbsp;by customers. The machines and systems are designed and built to cope with extremely hard work with extreme levels of component wear and tear so they maintain their functionality and efficiency over time.&nbsp;<\/p>\n<p>Col&nbsp;<strong>Precise purpose of maintaining a high level of quality over time<\/strong>, Steinex Srl develops the entire production process in-house.<\/p>\n<p>From the selection of raw materials to final assembly, every stage of the process, from carpentry to milling with modern CNC machinery is subjected to strict controls, ensuring high quality standards. Choosing Steinex Srl means being guaranteed to buy <strong>a 100% Made in Italy product<\/strong>.<\/p>\t\t\t\t\t\t\t\t<\/div>\n\t\t\t\t\t<\/div>\n\t\t\t\t<\/div>\n\t\t<div class=\"elementor-element elementor-element-2e05927 e-flex e-con-boxed e-con e-parent\" data-id=\"2e05927\" data-element_type=\"container\" data-e-type=\"container\">\n\t\t\t\t\t<div class=\"e-con-inner\">\n\t\t\t\t<div class=\"elementor-element elementor-element-630d5f0 ekit-equal-height-enable elementor-widget elementor-widget-elementskit-image-box\" data-id=\"630d5f0\" data-element_type=\"widget\" data-e-type=\"widget\" data-widget_type=\"elementskit-image-box.default\">\n\t\t\t\t\t<div class=\"ekit-wid-con\" >\n            <div class=\"elementskit-info-image-box ekit-image-box text-left simple-card\" >\n\n                \n                <div class=\"elementskit-box-header image-box-img-left\">\n\n                    <img alt=\"\" fetchpriority=\"high\" decoding=\"async\" width=\"900\" height=\"675\" src=\"https:\/\/steinex.gtechgroup.support\/wp-content\/uploads\/2025\/01\/ufficio-tecnico-1.jpeg\" class=\"attachment-full size-full wp-image-121\" srcset=\"https:\/\/steinex.gtechgroup.support\/wp-content\/uploads\/2025\/01\/ufficio-tecnico-1.jpeg 900w, https:\/\/steinex.gtechgroup.support\/wp-content\/uploads\/2025\/01\/ufficio-tecnico-1-300x225.jpeg 300w, https:\/\/steinex.gtechgroup.support\/wp-content\/uploads\/2025\/01\/ufficio-tecnico-1-768x576.jpeg 768w, https:\/\/steinex.gtechgroup.support\/wp-content\/uploads\/2025\/01\/ufficio-tecnico-1-600x450.jpeg 600w\" sizes=\"(max-width: 900px) 100vw, 900px\" \/>\n                <\/div>\n                \n                <div class=\"elementskit-box-body ekit-image-box-body\">\n                    <div class=\"elementskit-box-content ekit-image-box-body-inner\">\n                                                <h3 class=\"elementskit-info-box-title\">\n\n                        Design\n                        \n                    <\/h3>\n                                                        <\/div>\n\n                            <\/div>\n            <\/div>\n    <\/div>\t\t\t\t<\/div>\n\t\t\t\t<div class=\"elementor-element elementor-element-a3544bd ekit-equal-height-enable elementor-widget elementor-widget-elementskit-image-box\" data-id=\"a3544bd\" data-element_type=\"widget\" data-e-type=\"widget\" data-widget_type=\"elementskit-image-box.default\">\n\t\t\t\t\t<div class=\"ekit-wid-con\" >\n            <div class=\"elementskit-info-image-box ekit-image-box text-left simple-card\" >\n\n                \n                <div class=\"elementskit-box-header image-box-img-left\">\n\n                    <img alt=\"\" decoding=\"async\" width=\"900\" height=\"675\" src=\"https:\/\/steinex.gtechgroup.support\/wp-content\/uploads\/2025\/01\/CARPENTERIA.jpeg\" class=\"attachment-full size-full wp-image-120\" srcset=\"https:\/\/steinex.gtechgroup.support\/wp-content\/uploads\/2025\/01\/CARPENTERIA.jpeg 900w, https:\/\/steinex.gtechgroup.support\/wp-content\/uploads\/2025\/01\/CARPENTERIA-300x225.jpeg 300w, https:\/\/steinex.gtechgroup.support\/wp-content\/uploads\/2025\/01\/CARPENTERIA-768x576.jpeg 768w, https:\/\/steinex.gtechgroup.support\/wp-content\/uploads\/2025\/01\/CARPENTERIA-600x450.jpeg 600w\" sizes=\"(max-width: 900px) 100vw, 900px\" \/>\n                <\/div>\n                \n                <div class=\"elementskit-box-body ekit-image-box-body\">\n                    <div class=\"elementskit-box-content ekit-image-box-body-inner\">\n                                                <h3 class=\"elementskit-info-box-title\">\n\n                        Carpentry\n                        \n                    <\/h3>\n                                                        <\/div>\n\n                            <\/div>\n            <\/div>\n    <\/div>\t\t\t\t<\/div>\n\t\t\t\t<div class=\"elementor-element elementor-element-a8a372d ekit-equal-height-enable elementor-widget elementor-widget-elementskit-image-box\" data-id=\"a8a372d\" data-element_type=\"widget\" data-e-type=\"widget\" data-widget_type=\"elementskit-image-box.default\">\n\t\t\t\t\t<div class=\"ekit-wid-con\" >\n            <div class=\"elementskit-info-image-box ekit-image-box text-left simple-card\" >\n\n                \n                <div class=\"elementskit-box-header image-box-img-left\">\n\n                    <img alt=\"\" decoding=\"async\" width=\"900\" height=\"675\" src=\"https:\/\/steinex.gtechgroup.support\/wp-content\/uploads\/2025\/01\/centri-lavoro-cnc.jpeg\" class=\"attachment-full size-full wp-image-119\" srcset=\"https:\/\/steinex.gtechgroup.support\/wp-content\/uploads\/2025\/01\/centri-lavoro-cnc.jpeg 900w, https:\/\/steinex.gtechgroup.support\/wp-content\/uploads\/2025\/01\/centri-lavoro-cnc-300x225.jpeg 300w, https:\/\/steinex.gtechgroup.support\/wp-content\/uploads\/2025\/01\/centri-lavoro-cnc-768x576.jpeg 768w, https:\/\/steinex.gtechgroup.support\/wp-content\/uploads\/2025\/01\/centri-lavoro-cnc-600x450.jpeg 600w\" sizes=\"(max-width: 900px) 100vw, 900px\" \/>\n                <\/div>\n                \n                <div class=\"elementskit-box-body ekit-image-box-body\">\n                    <div class=\"elementskit-box-content ekit-image-box-body-inner\">\n                                                <h3 class=\"elementskit-info-box-title\">\n\n                        CNC machining centers\n                        \n                    <\/h3>\n                                                        <\/div>\n\n                            <\/div>\n            <\/div>\n    <\/div>\t\t\t\t<\/div>\n\t\t\t\t<div class=\"elementor-element elementor-element-cd95838 ekit-equal-height-enable elementor-widget elementor-widget-elementskit-image-box\" data-id=\"cd95838\" data-element_type=\"widget\" data-e-type=\"widget\" data-widget_type=\"elementskit-image-box.default\">\n\t\t\t\t\t<div class=\"ekit-wid-con\" >\n            <div class=\"elementskit-info-image-box ekit-image-box text-left simple-card\" >\n\n                \n                <div class=\"elementskit-box-header image-box-img-left\">\n\n                    <img alt=\"\" loading=\"lazy\" decoding=\"async\" width=\"900\" height=\"675\" src=\"https:\/\/steinex.gtechgroup.support\/wp-content\/uploads\/2025\/01\/montaggio-linea-automatica.jpg\" class=\"attachment-full size-full wp-image-118\" srcset=\"https:\/\/steinex.gtechgroup.support\/wp-content\/uploads\/2025\/01\/montaggio-linea-automatica.jpg 900w, https:\/\/steinex.gtechgroup.support\/wp-content\/uploads\/2025\/01\/montaggio-linea-automatica-300x225.jpg 300w, https:\/\/steinex.gtechgroup.support\/wp-content\/uploads\/2025\/01\/montaggio-linea-automatica-768x576.jpg 768w, https:\/\/steinex.gtechgroup.support\/wp-content\/uploads\/2025\/01\/montaggio-linea-automatica-600x450.jpg 600w\" sizes=\"(max-width: 900px) 100vw, 900px\" \/>\n                <\/div>\n                \n                <div class=\"elementskit-box-body ekit-image-box-body\">\n                    <div class=\"elementskit-box-content ekit-image-box-body-inner\">\n                                                <h3 class=\"elementskit-info-box-title\">\n\n                        Mounting\n                        \n                    <\/h3>\n                                                        <\/div>\n\n                            <\/div>\n            <\/div>\n    <\/div>\t\t\t\t<\/div>\n\t\t\t\t\t<\/div>\n\t\t\t\t<\/div>\n\t\t\t\t<\/div>","protected":false},"excerpt":{"rendered":"<p>Progettazione e produzione Home QUALIT\u00c0 PRIMA DI TUTTO Il successo dei prodotti Steinex Srl sul mercato \u00e8 dovuto soprattutto alla loro&nbsp;qualit\u00e0 ed affidabilit\u00e0 riconosciuta ed apprezzata&nbsp;dalla clientela. Le macchine e gli impianti sono progettati e costruiti per affrontare un lavoro durissimo con estremi livelli di usura dei componenti cos\u00ec da mantenere la loro funzionalit\u00e0 ed [&hellip;]<\/p>","protected":false},"author":1,"featured_media":0,"parent":0,"menu_order":0,"comment_status":"closed","ping_status":"closed","template":"","meta":{"_seopress_robots_primary_cat":"","_seopress_titles_title":"Steinex Srl: Qualit\u00e0 e Affidabilit\u00e0 Made in Italy","_seopress_titles_desc":"Scopri la qualit\u00e0 e affidabilit\u00e0 Steinex Srl: progettazione e produzione 100% Made in Italy con standard elevati e macchine CNC innovative.","_seopress_robots_index":"","footnotes":""},"class_list":["post-125","page","type-page","status-publish","hentry"],"_links":{"self":[{"href":"https:\/\/steinex.gtechgroup.support\/en\/wp-json\/wp\/v2\/pages\/125","targetHints":{"allow":["GET"]}}],"collection":[{"href":"https:\/\/steinex.gtechgroup.support\/en\/wp-json\/wp\/v2\/pages"}],"about":[{"href":"https:\/\/steinex.gtechgroup.support\/en\/wp-json\/wp\/v2\/types\/page"}],"author":[{"embeddable":true,"href":"https:\/\/steinex.gtechgroup.support\/en\/wp-json\/wp\/v2\/users\/1"}],"replies":[{"embeddable":true,"href":"https:\/\/steinex.gtechgroup.support\/en\/wp-json\/wp\/v2\/comments?post=125"}],"version-history":[{"count":18,"href":"https:\/\/steinex.gtechgroup.support\/en\/wp-json\/wp\/v2\/pages\/125\/revisions"}],"predecessor-version":[{"id":14865,"href":"https:\/\/steinex.gtechgroup.support\/en\/wp-json\/wp\/v2\/pages\/125\/revisions\/14865"}],"wp:attachment":[{"href":"https:\/\/steinex.gtechgroup.support\/en\/wp-json\/wp\/v2\/media?parent=125"}],"curies":[{"name":"wp","href":"https:\/\/api.w.org\/{rel}","templated":true}]}}