{"id":14099,"date":"2025-02-04T17:12:16","date_gmt":"2025-02-04T17:12:16","guid":{"rendered":"https:\/\/steinex.gtechgroup.support\/?page_id=14099"},"modified":"2025-09-19T15:36:03","modified_gmt":"2025-09-19T15:36:03","slug":"macchine-per-finiture-speciali","status":"publish","type":"page","link":"https:\/\/steinex.gtechgroup.support\/es\/macchine-per-finiture-speciali\/","title":{"rendered":"M\u00e1quinas especiales de acabado"},"content":{"rendered":"<div data-elementor-type=\"wp-page\" data-elementor-id=\"14099\" class=\"elementor elementor-14099\" data-elementor-post-type=\"page\">\n\t\t\t\t<div class=\"elementor-element elementor-element-40a2dc0 e-flex e-con-boxed e-con e-parent\" data-id=\"40a2dc0\" data-element_type=\"container\" data-e-type=\"container\" data-settings=\"{&quot;background_background&quot;:&quot;classic&quot;}\">\n\t\t\t\t\t<div class=\"e-con-inner\">\n\t\t<div class=\"elementor-element elementor-element-dea4441 e-con-full e-flex e-con e-child\" data-id=\"dea4441\" data-element_type=\"container\" data-e-type=\"container\" data-settings=\"{&quot;background_background&quot;:&quot;classic&quot;}\">\n\t\t\t\t<div class=\"elementor-element elementor-element-273fb57 elementor-widget elementor-widget-heading\" data-id=\"273fb57\" data-element_type=\"widget\" data-e-type=\"widget\" data-widget_type=\"heading.default\">\n\t\t\t\t\t<h2 class=\"elementor-heading-title elementor-size-default\">M\u00e1quinas especiales de acabado<\/h2>\t\t\t\t<\/div>\n\t\t\t\t<div class=\"elementor-element elementor-element-c45b627 elementor-widget elementor-widget-hfe-breadcrumbs-widget\" data-id=\"c45b627\" data-element_type=\"widget\" data-e-type=\"widget\" data-widget_type=\"hfe-breadcrumbs-widget.default\">\n\t\t\t\t<div class=\"elementor-widget-container\">\n\t\t\t\t\t<nav aria-label=\"Migas de pan\"><ul class=\"hfe-breadcrumbs hfe-breadcrumbs-show-home\"><li class=\"hfe-breadcrumbs-item hfe-breadcrumbs-first\"><span class=\"hfe-breadcrumbs-home-icon\"><\/span><a href=\"https:\/\/steinex.gtechgroup.support\/es\"><span class=\"hfe-breadcrumbs-text\">Inicio<\/span><\/a><\/li><\/ul><\/nav>\t\t\t\t<\/div>\n\t\t\t\t<\/div>\n\t\t\t\t<\/div>\n\t\t\t\t\t<\/div>\n\t\t\t\t<\/div>\n\t\t<div class=\"elementor-element elementor-element-3f3577d e-flex e-con-boxed e-con e-parent\" data-id=\"3f3577d\" data-element_type=\"container\" data-e-type=\"container\">\n\t\t\t\t\t<div class=\"e-con-inner\">\n\t\t<div class=\"elementor-element elementor-element-24bddc1 e-con-full e-flex e-con e-child\" data-id=\"24bddc1\" data-element_type=\"container\" data-e-type=\"container\">\n\t\t\t\t<div class=\"elementor-element elementor-element-5269534 elementor-widget elementor-widget-heading\" data-id=\"5269534\" data-element_type=\"widget\" data-e-type=\"widget\" data-widget_type=\"heading.default\">\n\t\t\t\t\t<h2 class=\"elementor-heading-title elementor-size-default\">M\u00c1QUINAS DE GOFRADO Y SCAPING<\/h2>\t\t\t\t<\/div>\n\t\t\t\t<div class=\"elementor-element elementor-element-a6939d7 elementor-widget elementor-widget-text-editor\" data-id=\"a6939d7\" data-element_type=\"widget\" data-e-type=\"widget\" data-widget_type=\"text-editor.default\">\n\t\t\t\t\t\t\t\t\t<p><strong>De losas aserradas<\/strong>&nbsp;se obtiene una cantidad importante de recortes, que en la mayor\u00eda de los casos se depositan en vertederos. Steinex produce&nbsp;<strong>tres modelos de gofradoras<\/strong>&nbsp;que permiten&nbsp;<strong>utilizar estos recortes\/residuos<\/strong>&nbsp;con los consiguientes beneficios econ\u00f3micos y medioambientales. I&nbsp;<strong>listones y astillas<\/strong>&nbsp;obtenidos con estos modelos tienen un acabado rugoso muy agradable est\u00e9ticamente.<\/p>\n<p>La&nbsp;<strong>Hombre<\/strong>&nbsp;en&nbsp;<strong>funcionamiento totalmente manual<\/strong>&nbsp;ideal para clientes sin requisitos especiales de producci\u00f3n, la&nbsp;<strong>M\u00e1quina apu\u00f1aladora S-A<\/strong>&nbsp;en lugar de&nbsp;<strong>conducir<\/strong>&nbsp;<strong>autom\u00e1tico<\/strong>&nbsp;adecuada para los clientes m\u00e1s exigentes. Ambos modelos permiten repujar o festonear piezas de hasta 180 mm de ancho. Para completar la gama, Steinex ha desarrollado la&nbsp;<strong>M\u00e1quina apu\u00f1aladora Aut<\/strong>es un modelo de gofradora\/texturizadora para el tratamiento de piezas de 60 a 300 mm de ancho y hasta 100 mm de espesor.  La tecnolog\u00eda adoptada por Steinex en este modelo garantiza un<strong>alta calidad del producto<\/strong>&nbsp;as\u00ed como la de las h\u00e1biles manos de excelentes canteros.<\/p>\t\t\t\t\t\t\t\t<\/div>\n\t\t\t\t<div class=\"elementor-element elementor-element-b8a4af3 elementor-widget elementor-widget-text-editor\" data-id=\"b8a4af3\" data-element_type=\"widget\" data-e-type=\"widget\" data-widget_type=\"text-editor.default\">\n\t\t\t\t\t\t\t\t\t<table><tbody><tr><td><strong>Hombre<\/strong><\/td><td>60-180 mm<\/td><td>sillares y listones r\u00fasticos<\/td><\/tr><tr><td><strong>M\u00e1quina apu\u00f1aladora S-A<\/strong><br \/>peladora semiautom\u00e1tica<\/td><td>60-180 mm<\/td><td>sillares y listones r\u00fasticos<\/td><\/tr><tr><td><strong>M\u00e1quina apu\u00f1aladora Aut<\/strong><br \/>m\u00e1quina peladora autom\u00e1tica<\/td><td>60-300 mm<\/td><td>losas, sillares, listones, r\u00fasticos o scape<\/td><\/tr><\/tbody><\/table>\t\t\t\t\t\t\t\t<\/div>\n\t\t\t\t<\/div>\n\t\t<div class=\"elementor-element elementor-element-6e4b05d e-con-full e-flex e-con e-child\" data-id=\"6e4b05d\" data-element_type=\"container\" data-e-type=\"container\">\n\t\t\t\t<div class=\"elementor-element elementor-element-271917d elementor-widget-mobile__width-initial elementor-widget elementor-widget-image\" data-id=\"271917d\" data-element_type=\"widget\" data-e-type=\"widget\" data-widget_type=\"image.default\">\n\t\t\t\t\t\t\t\t\t\t\t\t\t\t\t<img alt=\"\" fetchpriority=\"high\" decoding=\"async\" width=\"400\" height=\"284\" src=\"https:\/\/steinex.gtechgroup.support\/wp-content\/uploads\/2025\/02\/Bugnatrice-S-A-lato-400x284.jpg.webp\" class=\"attachment-full size-full wp-image-14107\" srcset=\"https:\/\/steinex.gtechgroup.support\/wp-content\/uploads\/2025\/02\/Bugnatrice-S-A-lato-400x284.jpg.webp 400w, https:\/\/steinex.gtechgroup.support\/wp-content\/uploads\/2025\/02\/Bugnatrice-S-A-lato-400x284.jpg-300x213.webp 300w, https:\/\/steinex.gtechgroup.support\/wp-content\/uploads\/2025\/02\/Bugnatrice-S-A-lato-400x284.jpg-18x12.webp 18w\" sizes=\"(max-width: 400px) 100vw, 400px\" \/>\t\t\t\t\t\t\t\t\t\t\t\t\t\t\t<\/div>\n\t\t\t\t<div class=\"elementor-element elementor-element-162e817 elementor-widget-mobile__width-initial elementor-widget elementor-widget-image\" data-id=\"162e817\" data-element_type=\"widget\" data-e-type=\"widget\" data-widget_type=\"image.default\">\n\t\t\t\t\t\t\t\t\t\t\t\t\t\t\t<img alt=\"\" decoding=\"async\" width=\"400\" height=\"284\" src=\"https:\/\/steinex.gtechgroup.support\/wp-content\/uploads\/2025\/02\/BUGNATRICE_steinex-400x284.jpg.webp\" class=\"attachment-full size-full wp-image-14108\" srcset=\"https:\/\/steinex.gtechgroup.support\/wp-content\/uploads\/2025\/02\/BUGNATRICE_steinex-400x284.jpg.webp 400w, https:\/\/steinex.gtechgroup.support\/wp-content\/uploads\/2025\/02\/BUGNATRICE_steinex-400x284.jpg-300x213.webp 300w, https:\/\/steinex.gtechgroup.support\/wp-content\/uploads\/2025\/02\/BUGNATRICE_steinex-400x284.jpg-18x12.webp 18w\" sizes=\"(max-width: 400px) 100vw, 400px\" \/>\t\t\t\t\t\t\t\t\t\t\t\t\t\t\t<\/div>\n\t\t\t\t<div class=\"elementor-element elementor-element-f28f431 elementor-widget elementor-widget-image\" data-id=\"f28f431\" data-element_type=\"widget\" data-e-type=\"widget\" data-widget_type=\"image.default\">\n\t\t\t\t\t\t\t\t\t\t\t\t\t\t\t<img alt=\"\" decoding=\"async\" width=\"400\" height=\"284\" src=\"https:\/\/steinex.gtechgroup.support\/wp-content\/uploads\/2025\/02\/rivestimento-spaccatello-400x284.jpg.webp\" class=\"attachment-full size-full wp-image-14109\" srcset=\"https:\/\/steinex.gtechgroup.support\/wp-content\/uploads\/2025\/02\/rivestimento-spaccatello-400x284.jpg.webp 400w, https:\/\/steinex.gtechgroup.support\/wp-content\/uploads\/2025\/02\/rivestimento-spaccatello-400x284.jpg-300x213.webp 300w, https:\/\/steinex.gtechgroup.support\/wp-content\/uploads\/2025\/02\/rivestimento-spaccatello-400x284.jpg-18x12.webp 18w\" sizes=\"(max-width: 400px) 100vw, 400px\" \/>\t\t\t\t\t\t\t\t\t\t\t\t\t\t\t<\/div>\n\t\t\t\t<\/div>\n\t\t\t\t\t<\/div>\n\t\t\t\t<\/div>\n\t\t<div class=\"elementor-element elementor-element-fb3e0b1 e-flex e-con-boxed e-con e-parent\" data-id=\"fb3e0b1\" data-element_type=\"container\" data-e-type=\"container\">\n\t\t\t\t\t<div class=\"e-con-inner\">\n\t\t<div class=\"elementor-element elementor-element-a669a63 e-con-full e-flex e-con e-child\" data-id=\"a669a63\" data-element_type=\"container\" data-e-type=\"container\">\n\t\t\t\t<div class=\"elementor-element elementor-element-58e7a80 elementor-widget elementor-widget-heading\" data-id=\"58e7a80\" data-element_type=\"widget\" data-e-type=\"widget\" data-widget_type=\"heading.default\">\n\t\t\t\t\t<h2 class=\"elementor-heading-title elementor-size-default\">IGLOO 200V - M\u00c1QUINA SEMIAUTOM\u00c1TICA<\/h2>\t\t\t\t<\/div>\n\t\t\t\t<div class=\"elementor-element elementor-element-d72e7a5 elementor-widget elementor-widget-text-editor\" data-id=\"d72e7a5\" data-element_type=\"widget\" data-e-type=\"widget\" data-widget_type=\"text-editor.default\">\n\t\t\t\t\t\t\t\t\t<div class=\"et_pb_column et_pb_column_2_3 et_pb_column_3  et_pb_css_mix_blend_mode_passthrough\"><div class=\"et_pb_module et_pb_text et_pb_text_4 et_pb_text_align_left et_pb_bg_layout_light et_had_animation\"><div class=\"et_pb_text_inner\"><p>El modelo\u00a0<strong>Igloo 200V es una m\u00e1quina semiautom\u00e1tica<\/strong>\u00a0que, gracias a la alimentaci\u00f3n a trav\u00e9s de dos rampas diferentes, permite tanto la\u00a0<strong>producci\u00f3n de listones<\/strong>\u00a0o de<strong>\u00a0splaccatelli<\/strong>\u00a0que la de\u00a0<strong>cubos.<\/strong> La alimentaci\u00f3n a trav\u00e9s de la rampa 1 permite el corte semiautom\u00e1tico de piezas muy largas de hasta 200 mm de ancho y 100 mm de grosor para la producci\u00f3n de listones y astillas con dos lados largos cortados, as\u00ed como cubos. La alimentaci\u00f3n a trav\u00e9s de la rampa 2 permite la divisi\u00f3n en dos de piezas aserradas por 6 lados de hasta 100 mm de longitud y 40 mm de altura. De este modo se obtienen astillas o listones finos de tama\u00f1o fijo con 5 lados aserrados y el lado visible partido, que se pueden encolar.<\/p><\/div><\/div><\/div>\t\t\t\t\t\t\t\t<\/div>\n\t\t\t\t<\/div>\n\t\t<div class=\"elementor-element elementor-element-7cc67c5 e-con-full e-flex e-con e-child\" data-id=\"7cc67c5\" data-element_type=\"container\" data-e-type=\"container\">\n\t\t\t\t<div class=\"elementor-element elementor-element-fd05f60 elementor-widget elementor-widget-image\" data-id=\"fd05f60\" data-element_type=\"widget\" data-e-type=\"widget\" data-widget_type=\"image.default\">\n\t\t\t\t\t\t\t\t\t\t\t\t\t\t\t<img alt=\"\" loading=\"lazy\" decoding=\"async\" width=\"400\" height=\"284\" src=\"https:\/\/steinex.gtechgroup.support\/wp-content\/uploads\/2025\/02\/Igloo-200V-400x284.jpg.webp\" class=\"attachment-full size-full wp-image-14110\" srcset=\"https:\/\/steinex.gtechgroup.support\/wp-content\/uploads\/2025\/02\/Igloo-200V-400x284.jpg.webp 400w, https:\/\/steinex.gtechgroup.support\/wp-content\/uploads\/2025\/02\/Igloo-200V-400x284.jpg-300x213.webp 300w, https:\/\/steinex.gtechgroup.support\/wp-content\/uploads\/2025\/02\/Igloo-200V-400x284.jpg-18x12.webp 18w\" sizes=\"(max-width: 400px) 100vw, 400px\" \/>\t\t\t\t\t\t\t\t\t\t\t\t\t\t\t<\/div>\n\t\t\t\t<\/div>\n\t\t\t\t\t<\/div>\n\t\t\t\t<\/div>\n\t\t<div class=\"elementor-element elementor-element-79fd352 e-flex e-con-boxed e-con e-parent\" data-id=\"79fd352\" data-element_type=\"container\" data-e-type=\"container\">\n\t\t\t\t\t<div class=\"e-con-inner\">\n\t\t<div class=\"elementor-element elementor-element-96abec6 e-con-full e-flex e-con e-child\" data-id=\"96abec6\" data-element_type=\"container\" data-e-type=\"container\">\n\t\t\t\t<div class=\"elementor-element elementor-element-18c20fe elementor-widget elementor-widget-heading\" data-id=\"18c20fe\" data-element_type=\"widget\" data-e-type=\"widget\" data-widget_type=\"heading.default\">\n\t\t\t\t\t<h2 class=\"elementor-heading-title elementor-size-default\">IGLOO 400 Y BROADWAY 1280 DECOSTER<\/h2>\t\t\t\t<\/div>\n\t\t\t\t<div class=\"elementor-element elementor-element-3cdb4d6 elementor-widget elementor-widget-text-editor\" data-id=\"3cdb4d6\" data-element_type=\"widget\" data-e-type=\"widget\" data-widget_type=\"text-editor.default\">\n\t\t\t\t\t\t\t\t\t<p>Para el\u00a0<strong>acabado especial<\/strong>\u00a0de\u00a0<strong>costillas hasta 45<\/strong>\u00a0Steinex produce el\u00a0<strong>modelos Igloo 400 y Broadway 1280 Decoster.<\/strong>\u00a0Tradicionalmente, Lose o Piode son\u00a0<strong>losas de piedra utilizadas como tejas<\/strong>\u00a0o como\u00a0<strong>losas de revestimiento<\/strong>\u00a0y tienen la particularidad de tener las costillas partidas a escuadra de 30 a 45\u00b0.  Este tipo de acabado se realiza tanto como elecci\u00f3n est\u00e9tica como, sobre todo, t\u00e9cnica para el\u00a0<strong>escorrent\u00eda pluvial<\/strong>\u00a0en el caso de cubiertas o como acabado de esquinas en el\u00a0<strong>revestimientos murales.<\/strong><\/p><p><span style=\"background-color: var( --e-global-color-secondary ); font-family: var( --e-global-typography-text-font-family ), Sans-serif; font-weight: var( --e-global-typography-text-font-weight );\">El modelo Igloo 400 permite la divisi\u00f3n fuera de escuadra de 30 a 45\u00b0 en losas de hasta 400 mm de ancho, mientras que el modelo Broadway 1280 permite la divisi\u00f3n fuera de escuadra en losas de hasta 1300 mm de ancho. El espesor en ambos casos ser\u00e1 a partir de 20 mm.<\/span><\/p>\t\t\t\t\t\t\t\t<\/div>\n\t\t\t\t<\/div>\n\t\t<div class=\"elementor-element elementor-element-f67113a e-con-full e-flex e-con e-child\" data-id=\"f67113a\" data-element_type=\"container\" data-e-type=\"container\">\n\t\t\t\t<div class=\"elementor-element elementor-element-7804996 elementor-widget-mobile__width-initial elementor-widget elementor-widget-image\" data-id=\"7804996\" data-element_type=\"widget\" data-e-type=\"widget\" data-widget_type=\"image.default\">\n\t\t\t\t\t\t\t\t\t\t\t\t\t\t\t<img alt=\"\" loading=\"lazy\" decoding=\"async\" width=\"400\" height=\"284\" src=\"https:\/\/steinex.gtechgroup.support\/wp-content\/uploads\/2025\/02\/BUGNATRICE-400x284.jpg.webp\" class=\"attachment-full size-full wp-image-14112\" srcset=\"https:\/\/steinex.gtechgroup.support\/wp-content\/uploads\/2025\/02\/BUGNATRICE-400x284.jpg.webp 400w, https:\/\/steinex.gtechgroup.support\/wp-content\/uploads\/2025\/02\/BUGNATRICE-400x284.jpg-300x213.webp 300w, https:\/\/steinex.gtechgroup.support\/wp-content\/uploads\/2025\/02\/BUGNATRICE-400x284.jpg-18x12.webp 18w\" sizes=\"(max-width: 400px) 100vw, 400px\" \/>\t\t\t\t\t\t\t\t\t\t\t\t\t\t\t<\/div>\n\t\t\t\t<div class=\"elementor-element elementor-element-7ff9bb6 elementor-widget-mobile__width-initial elementor-widget elementor-widget-image\" data-id=\"7ff9bb6\" data-element_type=\"widget\" data-e-type=\"widget\" data-widget_type=\"image.default\">\n\t\t\t\t\t\t\t\t\t\t\t\t\t\t\t<img alt=\"\" loading=\"lazy\" decoding=\"async\" width=\"400\" height=\"284\" src=\"https:\/\/steinex.gtechgroup.support\/wp-content\/uploads\/2025\/02\/coste-steinex-1-400x284.jpg.webp\" class=\"attachment-full size-full wp-image-14111\" srcset=\"https:\/\/steinex.gtechgroup.support\/wp-content\/uploads\/2025\/02\/coste-steinex-1-400x284.jpg.webp 400w, https:\/\/steinex.gtechgroup.support\/wp-content\/uploads\/2025\/02\/coste-steinex-1-400x284.jpg-300x213.webp 300w, https:\/\/steinex.gtechgroup.support\/wp-content\/uploads\/2025\/02\/coste-steinex-1-400x284.jpg-18x12.webp 18w\" sizes=\"(max-width: 400px) 100vw, 400px\" \/>\t\t\t\t\t\t\t\t\t\t\t\t\t\t\t<\/div>\n\t\t\t\t<\/div>\n\t\t\t\t\t<\/div>\n\t\t\t\t<\/div>\n\t\t\t\t<\/div>","protected":false},"excerpt":{"rendered":"<p>Home MACCHINE BUGNATRICI E SCAPEZZATRICI Dalla segagione delle lastre segate&nbsp;si ottiene un importante quantitativo di ritagli che nella maggior parte dei casi vengono collocati in discarica. Steinex produce&nbsp;tre modelli di macchine bugnatrici&nbsp;che consentono di&nbsp;utilizzare questi&nbsp; ritagli\/rifiuti&nbsp;con conseguente beneficio economico ed ambientale. I&nbsp;listelli e gli spaccatelli&nbsp;che si ottengono con questi modelli hanno una finitura grezza molto [&hellip;]<\/p>","protected":false},"author":1,"featured_media":0,"parent":0,"menu_order":0,"comment_status":"closed","ping_status":"closed","template":"","meta":{"_seopress_robots_primary_cat":"","_seopress_titles_title":"Macchine bugnatrici e scapezzatrici Steinex innovative","_seopress_titles_desc":"Scopri le macchine bugnatrici e scapezzatrici Steinex: soluzioni innovative per lavorare la pietra riducendo sprechi con benefici economici ed ecologici.","_seopress_robots_index":"","footnotes":""},"class_list":["post-14099","page","type-page","status-publish","hentry"],"_links":{"self":[{"href":"https:\/\/steinex.gtechgroup.support\/es\/wp-json\/wp\/v2\/pages\/14099","targetHints":{"allow":["GET"]}}],"collection":[{"href":"https:\/\/steinex.gtechgroup.support\/es\/wp-json\/wp\/v2\/pages"}],"about":[{"href":"https:\/\/steinex.gtechgroup.support\/es\/wp-json\/wp\/v2\/types\/page"}],"author":[{"embeddable":true,"href":"https:\/\/steinex.gtechgroup.support\/es\/wp-json\/wp\/v2\/users\/1"}],"replies":[{"embeddable":true,"href":"https:\/\/steinex.gtechgroup.support\/es\/wp-json\/wp\/v2\/comments?post=14099"}],"version-history":[{"count":13,"href":"https:\/\/steinex.gtechgroup.support\/es\/wp-json\/wp\/v2\/pages\/14099\/revisions"}],"predecessor-version":[{"id":15050,"href":"https:\/\/steinex.gtechgroup.support\/es\/wp-json\/wp\/v2\/pages\/14099\/revisions\/15050"}],"wp:attachment":[{"href":"https:\/\/steinex.gtechgroup.support\/es\/wp-json\/wp\/v2\/media?parent=14099"}],"curies":[{"name":"wp","href":"https:\/\/api.w.org\/{rel}","templated":true}]}}