{"id":14177,"date":"2025-02-07T14:05:15","date_gmt":"2025-02-07T14:05:15","guid":{"rendered":"https:\/\/steinex.gtechgroup.support\/?page_id=14177"},"modified":"2025-02-07T14:10:40","modified_gmt":"2025-02-07T14:10:40","slug":"linee-semiautomatiche","status":"publish","type":"page","link":"https:\/\/steinex.gtechgroup.support\/es\/linee-semiautomatiche\/","title":{"rendered":"L\u00edneas semiautom\u00e1ticas"},"content":{"rendered":"<div data-elementor-type=\"wp-page\" data-elementor-id=\"14177\" class=\"elementor elementor-14177\" data-elementor-post-type=\"page\">\n\t\t\t\t<div class=\"elementor-element elementor-element-4b6704b e-flex e-con-boxed e-con e-parent\" data-id=\"4b6704b\" data-element_type=\"container\" data-e-type=\"container\" data-settings=\"{&quot;background_background&quot;:&quot;classic&quot;}\">\n\t\t\t\t\t<div class=\"e-con-inner\">\n\t\t<div class=\"elementor-element elementor-element-8b5b30d e-con-full e-flex e-con e-child\" data-id=\"8b5b30d\" data-element_type=\"container\" data-e-type=\"container\" data-settings=\"{&quot;background_background&quot;:&quot;classic&quot;}\">\n\t\t\t\t<div class=\"elementor-element elementor-element-9092eca elementor-widget elementor-widget-heading\" data-id=\"9092eca\" data-element_type=\"widget\" data-e-type=\"widget\" data-widget_type=\"heading.default\">\n\t\t\t\t\t<h2 class=\"elementor-heading-title elementor-size-default\">L\u00edneas semiautom\u00e1ticas<\/h2>\t\t\t\t<\/div>\n\t\t\t\t<div class=\"elementor-element elementor-element-9cf1690 elementor-widget elementor-widget-hfe-breadcrumbs-widget\" data-id=\"9cf1690\" data-element_type=\"widget\" data-e-type=\"widget\" data-widget_type=\"hfe-breadcrumbs-widget.default\">\n\t\t\t\t<div class=\"elementor-widget-container\">\n\t\t\t\t\t<nav aria-label=\"Migas de pan\"><ul class=\"hfe-breadcrumbs hfe-breadcrumbs-show-home\"><li class=\"hfe-breadcrumbs-item hfe-breadcrumbs-first\"><span class=\"hfe-breadcrumbs-home-icon\"><\/span><a href=\"https:\/\/steinex.gtechgroup.support\/es\"><span class=\"hfe-breadcrumbs-text\">Inicio<\/span><\/a><\/li><\/ul><\/nav>\t\t\t\t<\/div>\n\t\t\t\t<\/div>\n\t\t\t\t<\/div>\n\t\t\t\t\t<\/div>\n\t\t\t\t<\/div>\n\t\t<div class=\"elementor-element elementor-element-5106c52 e-flex e-con-boxed e-con e-parent\" data-id=\"5106c52\" data-element_type=\"container\" data-e-type=\"container\">\n\t\t\t\t\t<div class=\"e-con-inner\">\n\t\t<div class=\"elementor-element elementor-element-39d4b66 e-con-full e-flex e-con e-child\" data-id=\"39d4b66\" data-element_type=\"container\" data-e-type=\"container\">\n\t\t\t\t<div class=\"elementor-element elementor-element-d02ce89 elementor-widget elementor-widget-heading\" data-id=\"d02ce89\" data-element_type=\"widget\" data-e-type=\"widget\" data-widget_type=\"heading.default\">\n\t\t\t\t\t<h2 class=\"elementor-heading-title elementor-size-default\">BROADWAY+SHERPA 200X200 - BROADWAY+SHERPA 600 2C - BROADWAY+SHERPA 1280<\/h2>\t\t\t\t<\/div>\n\t\t\t\t<div class=\"elementor-element elementor-element-f7fe633 elementor-widget elementor-widget-text-editor\" data-id=\"f7fe633\" data-element_type=\"widget\" data-e-type=\"widget\" data-widget_type=\"text-editor.default\">\n\t\t\t\t\t\t\t\t\t<p>Estos\u00a0<strong>l\u00edneas semiautom\u00e1ticas<\/strong>\u00a0fueron dise\u00f1ados para romper piedras\u00a0<strong>con dos superficies aserradas<\/strong>\u00a0o de todos modos\u00a0<strong>con dos planos regulares.<\/strong>\u00a0El modelo 200\u00d7200 es adecuado para la producci\u00f3n de\u00a0<strong>cubos, aglomerantes y soleras<\/strong>\u00a0con anchuras y espesores de hasta 200 mm. Para maximizar la calidad de corte, el modelo 600 2C est\u00e1 equipado con dos cilindros, inferior y superior.  Es adecuada para la producci\u00f3n de ladrillos y piedras de pared con anchuras de hasta 600 mm y espesores de hasta 320 mm. Ambas l\u00edneas semiautom\u00e1ticas est\u00e1n equipadas con un grupo hidr\u00e1ulico de alto rendimiento con bajos costes de mantenimiento y gran eficacia.<br \/>La\u00a0<strong>L\u00ednea semiautom\u00e1tica 1280<\/strong>\u00a0consiste en una potente m\u00e1quina\u00a0<strong>Broadway con 160 toneladas de presi\u00f3n<\/strong>\u00a0que permite la divisi\u00f3n de piezas con una superficie regular de\u00a0<strong>anchura hasta 1280 mm<\/strong>\u00a0(el espacio libre es de 1430 mm) y espesores de hasta 400 mm. Las cuchillas est\u00e1n equipadas con el sistema de adaptaci\u00f3n individual de herramientas tipo 2RB.<\/p>\t\t\t\t\t\t\t\t<\/div>\n\t\t\t\t<\/div>\n\t\t<div class=\"elementor-element elementor-element-9e5630a e-con-full e-flex e-con e-child\" data-id=\"9e5630a\" data-element_type=\"container\" data-e-type=\"container\">\n\t\t\t\t<div class=\"elementor-element elementor-element-1080dcf elementor-widget elementor-widget-image\" data-id=\"1080dcf\" data-element_type=\"widget\" data-e-type=\"widget\" data-widget_type=\"image.default\">\n\t\t\t\t\t\t\t\t\t\t\t\t\t\t\t<img alt=\"\" fetchpriority=\"high\" decoding=\"async\" width=\"400\" height=\"284\" src=\"https:\/\/steinex.gtechgroup.support\/wp-content\/uploads\/2025\/02\/BroadwaySherpa800_2CRFNG-1-400x284.jpg.webp\" class=\"attachment-full size-full wp-image-14181\" srcset=\"https:\/\/steinex.gtechgroup.support\/wp-content\/uploads\/2025\/02\/BroadwaySherpa800_2CRFNG-1-400x284.jpg.webp 400w, https:\/\/steinex.gtechgroup.support\/wp-content\/uploads\/2025\/02\/BroadwaySherpa800_2CRFNG-1-400x284.jpg-300x213.webp 300w, https:\/\/steinex.gtechgroup.support\/wp-content\/uploads\/2025\/02\/BroadwaySherpa800_2CRFNG-1-400x284.jpg-18x12.webp 18w\" sizes=\"(max-width: 400px) 100vw, 400px\" \/>\t\t\t\t\t\t\t\t\t\t\t\t\t\t\t<\/div>\n\t\t\t\t<\/div>\n\t\t\t\t\t<\/div>\n\t\t\t\t<\/div>\n\t\t\t\t<\/div>","protected":false},"excerpt":{"rendered":"<p>Linee semiautomatiche Home BROADWAY+SHERPA 200X200 \u2013 BROADWAY+SHERPA 600 2C \u2013 BROADWAY+SHERPA 1280 Queste\u00a0linee semi-automatiche\u00a0sono state progettate per spaccare pietre\u00a0con due superfici segate\u00a0o comunque\u00a0con due piani regolari.\u00a0Il modello 200\u00d7200 \u00e8 indicato per la produzione di\u00a0cubetti, binderi e masselli\u00a0con larghezza e spessore fino a 200mm. Il modello 600 2C per massimizzare la qualit\u00e0 dello spacco \u00e8 dotato [&hellip;]<\/p>","protected":false},"author":1,"featured_media":0,"parent":0,"menu_order":0,"comment_status":"closed","ping_status":"closed","template":"","meta":{"_seopress_robots_primary_cat":"","_seopress_titles_title":"Linee semi-automatiche per spacco pietra professionale","_seopress_titles_desc":"Scopri le linee semiautomatiche BROADWAY+SHERPA per spacco pietra con massima efficienza, qualit\u00e0 e prestazioni elevate.","_seopress_robots_index":"","footnotes":""},"class_list":["post-14177","page","type-page","status-publish","hentry"],"_links":{"self":[{"href":"https:\/\/steinex.gtechgroup.support\/es\/wp-json\/wp\/v2\/pages\/14177","targetHints":{"allow":["GET"]}}],"collection":[{"href":"https:\/\/steinex.gtechgroup.support\/es\/wp-json\/wp\/v2\/pages"}],"about":[{"href":"https:\/\/steinex.gtechgroup.support\/es\/wp-json\/wp\/v2\/types\/page"}],"author":[{"embeddable":true,"href":"https:\/\/steinex.gtechgroup.support\/es\/wp-json\/wp\/v2\/users\/1"}],"replies":[{"embeddable":true,"href":"https:\/\/steinex.gtechgroup.support\/es\/wp-json\/wp\/v2\/comments?post=14177"}],"version-history":[{"count":4,"href":"https:\/\/steinex.gtechgroup.support\/es\/wp-json\/wp\/v2\/pages\/14177\/revisions"}],"predecessor-version":[{"id":14184,"href":"https:\/\/steinex.gtechgroup.support\/es\/wp-json\/wp\/v2\/pages\/14177\/revisions\/14184"}],"wp:attachment":[{"href":"https:\/\/steinex.gtechgroup.support\/es\/wp-json\/wp\/v2\/media?parent=14177"}],"curies":[{"name":"wp","href":"https:\/\/api.w.org\/{rel}","templated":true}]}}