{"id":14203,"date":"2025-02-07T16:43:55","date_gmt":"2025-02-07T16:43:55","guid":{"rendered":"https:\/\/steinex.gtechgroup.support\/?page_id=14203"},"modified":"2025-09-20T08:09:37","modified_gmt":"2025-09-20T08:09:37","slug":"movimentazione-sherpa","status":"publish","type":"page","link":"https:\/\/steinex.gtechgroup.support\/es\/movimentazione-sherpa\/","title":{"rendered":"Manejo de sherpas"},"content":{"rendered":"<div data-elementor-type=\"wp-page\" data-elementor-id=\"14203\" class=\"elementor elementor-14203\" data-elementor-post-type=\"page\">\n\t\t\t\t<div class=\"elementor-element elementor-element-b8fde77 e-flex e-con-boxed e-con e-parent\" data-id=\"b8fde77\" data-element_type=\"container\" data-e-type=\"container\" data-settings=\"{&quot;background_background&quot;:&quot;classic&quot;}\">\n\t\t\t\t\t<div class=\"e-con-inner\">\n\t\t<div class=\"elementor-element elementor-element-074b4e7 e-con-full e-flex e-con e-child\" data-id=\"074b4e7\" data-element_type=\"container\" data-e-type=\"container\" data-settings=\"{&quot;background_background&quot;:&quot;classic&quot;}\">\n\t\t\t\t<div class=\"elementor-element elementor-element-997d644 elementor-widget elementor-widget-heading\" data-id=\"997d644\" data-element_type=\"widget\" data-e-type=\"widget\" data-widget_type=\"heading.default\">\n\t\t\t\t\t<h2 class=\"elementor-heading-title elementor-size-default\">Manejo de sherpas<\/h2>\t\t\t\t<\/div>\n\t\t\t\t<div class=\"elementor-element elementor-element-2c9abb6 elementor-widget elementor-widget-hfe-breadcrumbs-widget\" data-id=\"2c9abb6\" data-element_type=\"widget\" data-e-type=\"widget\" data-widget_type=\"hfe-breadcrumbs-widget.default\">\n\t\t\t\t<div class=\"elementor-widget-container\">\n\t\t\t\t\t<nav aria-label=\"Migas de pan\"><ul class=\"hfe-breadcrumbs hfe-breadcrumbs-show-home\"><li class=\"hfe-breadcrumbs-item hfe-breadcrumbs-first\"><span class=\"hfe-breadcrumbs-home-icon\"><\/span><a href=\"https:\/\/steinex.gtechgroup.support\/es\"><span class=\"hfe-breadcrumbs-text\">Inicio<\/span><\/a><\/li><\/ul><\/nav>\t\t\t\t<\/div>\n\t\t\t\t<\/div>\n\t\t\t\t<\/div>\n\t\t\t\t\t<\/div>\n\t\t\t\t<\/div>\n\t\t<div class=\"elementor-element elementor-element-c6f28ae e-flex e-con-boxed e-con e-parent\" data-id=\"c6f28ae\" data-element_type=\"container\" data-e-type=\"container\">\n\t\t\t\t\t<div class=\"e-con-inner\">\n\t\t\t\t<div class=\"elementor-element elementor-element-e928291 elementor-widget elementor-widget-text-editor\" data-id=\"e928291\" data-element_type=\"widget\" data-e-type=\"widget\" data-widget_type=\"text-editor.default\">\n\t\t\t\t\t\t\t\t\tSherpa es una familia de productos de manipulaci\u00f3n que pueden venderse individualmente o formar parte integrante de plantas compactas y l\u00edneas de producci\u00f3n.\n\n\t\t\t\t\t\t\t\t<\/div>\n\t\t\t\t\t<\/div>\n\t\t\t\t<\/div>\n\t\t<div class=\"elementor-element elementor-element-1a425de e-flex e-con-boxed e-con e-parent\" data-id=\"1a425de\" data-element_type=\"container\" data-e-type=\"container\">\n\t\t\t\t\t<div class=\"e-con-inner\">\n\t\t<div class=\"elementor-element elementor-element-0f3047a e-con-full e-flex e-con e-child\" data-id=\"0f3047a\" data-element_type=\"container\" data-e-type=\"container\">\n\t\t\t\t<div class=\"elementor-element elementor-element-9b942a2 elementor-widget elementor-widget-heading\" data-id=\"9b942a2\" data-element_type=\"widget\" data-e-type=\"widget\" data-widget_type=\"heading.default\">\n\t\t\t\t\t<h2 class=\"elementor-heading-title elementor-size-default\">Transportadores de persiana<\/h2>\t\t\t\t<\/div>\n\t\t\t\t<div class=\"elementor-element elementor-element-d9b3679 elementor-widget elementor-widget-text-editor\" data-id=\"d9b3679\" data-element_type=\"widget\" data-e-type=\"widget\" data-widget_type=\"text-editor.default\">\n\t\t\t\t\t\t\t\t\t<strong>SERIES SHERPA T Y TT:<\/strong> son cintas transportadoras para cargas pesadas con listones planos de acero y son adecuadas para cargar piezas muy pesadas. Pueden suministrarse con paredes laterales, por lo que son adecuadas para cargar piedras a granel con excavadoras o palas mec\u00e1nicas, o bien pueden suministrarse s\u00f3lo planas para cargar piezas grandes con horquillas. Las Sherpa T5 1000 pueden tener una capacidad de hasta 10 toneladas de piedras sueltas y est\u00e1n equipadas con control de avance\/retroceso.\t\t\t\t\t\t\t\t<\/div>\n\t\t\t\t<\/div>\n\t\t<div class=\"elementor-element elementor-element-9e94e09 e-con-full e-flex e-con e-child\" data-id=\"9e94e09\" data-element_type=\"container\" data-e-type=\"container\">\n\t\t\t\t<div class=\"elementor-element elementor-element-f3ee4b6 elementor-widget elementor-widget-image\" data-id=\"f3ee4b6\" data-element_type=\"widget\" data-e-type=\"widget\" data-widget_type=\"image.default\">\n\t\t\t\t\t\t\t\t\t\t\t\t\t\t\t<img fetchpriority=\"high\" decoding=\"async\" width=\"900\" height=\"675\" src=\"https:\/\/steinex.gtechgroup.support\/wp-content\/uploads\/2025\/09\/1_MOVIMENTAIZONE-T_sherpa-T.jpeg\" class=\"attachment-full size-full wp-image-15162\" alt=\"Macchinari industriali per taglio e lavorazione pietre naturali\" srcset=\"https:\/\/steinex.gtechgroup.support\/wp-content\/uploads\/2025\/09\/1_MOVIMENTAIZONE-T_sherpa-T.jpeg 900w, https:\/\/steinex.gtechgroup.support\/wp-content\/uploads\/2025\/09\/1_MOVIMENTAIZONE-T_sherpa-T-300x225.jpeg 300w, https:\/\/steinex.gtechgroup.support\/wp-content\/uploads\/2025\/09\/1_MOVIMENTAIZONE-T_sherpa-T-768x576.jpeg 768w, https:\/\/steinex.gtechgroup.support\/wp-content\/uploads\/2025\/09\/1_MOVIMENTAIZONE-T_sherpa-T-16x12.jpeg 16w, https:\/\/steinex.gtechgroup.support\/wp-content\/uploads\/2025\/09\/1_MOVIMENTAIZONE-T_sherpa-T-600x450.jpeg 600w\" sizes=\"(max-width: 900px) 100vw, 900px\" \/>\t\t\t\t\t\t\t\t\t\t\t\t\t\t\t<\/div>\n\t\t\t\t<\/div>\n\t\t\t\t\t<\/div>\n\t\t\t\t<\/div>\n\t\t<div class=\"elementor-element elementor-element-2de37d6 e-flex e-con-boxed e-con e-parent\" data-id=\"2de37d6\" data-element_type=\"container\" data-e-type=\"container\">\n\t\t\t\t\t<div class=\"e-con-inner\">\n\t\t<div class=\"elementor-element elementor-element-dee9541 e-con-full e-flex e-con e-child\" data-id=\"dee9541\" data-element_type=\"container\" data-e-type=\"container\">\n\t\t\t\t<div class=\"elementor-element elementor-element-446736d elementor-widget elementor-widget-text-editor\" data-id=\"446736d\" data-element_type=\"widget\" data-e-type=\"widget\" data-widget_type=\"text-editor.default\">\n\t\t\t\t\t\t\t\t\t<div class=\"et_pb_column et_pb_column_2_3 et_pb_column_4  et_pb_css_mix_blend_mode_passthrough\"><div class=\"et_pb_module et_pb_text et_pb_text_5 et_pb_text_align_left et_pb_bg_layout_light et_had_animation\"><div class=\"et_pb_text_inner\"><p><strong>SERIE SHERPA BTS BTD<\/strong>BTS 1000 : cintas transportadoras de acero de alta resistencia con sistema de inclinaci\u00f3n. Las bandas BTS 1000 est\u00e1n equipadas con persiana simple y sistema basculante con control de avance\/retroceso y subida\/bajada. Las bandas transportadoras BTD 500+500 est\u00e1n equipadas con lamas planas dobles con movimiento individual de avance\/retroceso y sistema basculante de subida\/bajada.<\/p><\/div><\/div><\/div>\t\t\t\t\t\t\t\t<\/div>\n\t\t\t\t<\/div>\n\t\t<div class=\"elementor-element elementor-element-313a050 e-con-full e-flex e-con e-child\" data-id=\"313a050\" data-element_type=\"container\" data-e-type=\"container\">\n\t\t\t\t<div class=\"elementor-element elementor-element-0c068af elementor-widget elementor-widget-image\" data-id=\"0c068af\" data-element_type=\"widget\" data-e-type=\"widget\" data-widget_type=\"image.default\">\n\t\t\t\t\t\t\t\t\t\t\t\t\t\t\t<img decoding=\"async\" width=\"900\" height=\"675\" src=\"https:\/\/steinex.gtechgroup.support\/wp-content\/uploads\/2025\/09\/2_MOVIMENTAZIONE-BTD_SherpaBTD_3x1.jpg\" class=\"attachment-full size-full wp-image-15163\" alt=\"Trasportatore industriale a nastro modulare\" srcset=\"https:\/\/steinex.gtechgroup.support\/wp-content\/uploads\/2025\/09\/2_MOVIMENTAZIONE-BTD_SherpaBTD_3x1.jpg 900w, https:\/\/steinex.gtechgroup.support\/wp-content\/uploads\/2025\/09\/2_MOVIMENTAZIONE-BTD_SherpaBTD_3x1-300x225.jpg 300w, https:\/\/steinex.gtechgroup.support\/wp-content\/uploads\/2025\/09\/2_MOVIMENTAZIONE-BTD_SherpaBTD_3x1-768x576.jpg 768w, https:\/\/steinex.gtechgroup.support\/wp-content\/uploads\/2025\/09\/2_MOVIMENTAZIONE-BTD_SherpaBTD_3x1-16x12.jpg 16w, https:\/\/steinex.gtechgroup.support\/wp-content\/uploads\/2025\/09\/2_MOVIMENTAZIONE-BTD_SherpaBTD_3x1-600x450.jpg 600w\" sizes=\"(max-width: 900px) 100vw, 900px\" \/>\t\t\t\t\t\t\t\t\t\t\t\t\t\t\t<\/div>\n\t\t\t\t<\/div>\n\t\t\t\t\t<\/div>\n\t\t\t\t<\/div>\n\t\t<div class=\"elementor-element elementor-element-3bd3e10 e-flex e-con-boxed e-con e-parent\" data-id=\"3bd3e10\" data-element_type=\"container\" data-e-type=\"container\">\n\t\t\t\t\t<div class=\"e-con-inner\">\n\t\t<div class=\"elementor-element elementor-element-8e11700 e-con-full e-flex e-con e-child\" data-id=\"8e11700\" data-element_type=\"container\" data-e-type=\"container\">\n\t\t\t\t<div class=\"elementor-element elementor-element-9ebb9b8 elementor-widget elementor-widget-heading\" data-id=\"9ebb9b8\" data-element_type=\"widget\" data-e-type=\"widget\" data-widget_type=\"heading.default\">\n\t\t\t\t\t<h2 class=\"elementor-heading-title elementor-size-default\">Transportadores sobre orugas<\/h2>\t\t\t\t<\/div>\n\t\t\t\t<div class=\"elementor-element elementor-element-1523f54 elementor-widget elementor-widget-text-editor\" data-id=\"1523f54\" data-element_type=\"widget\" data-e-type=\"widget\" data-widget_type=\"text-editor.default\">\n\t\t\t\t\t\t\t\t\t<div class=\"et_pb_column et_pb_column_2_3 et_pb_column_7  et_pb_css_mix_blend_mode_passthrough\"><div class=\"et_pb_module et_pb_text et_pb_text_7 et_pb_text_align_left et_pb_bg_layout_light et_had_animation\"><div class=\"et_pb_text_inner\"><p><strong>SERIE SHERPA BC:<\/strong> Cintas transportadoras para cargas pesadas con orugas y sistema de inclinaci\u00f3n adecuadas para cargar bloques pesados de hasta 10 toneladas. Las cintas BCS 1000 est\u00e1n equipadas con una sola suela de oruga con avance\/retroceso y sistema de inclinaci\u00f3n hacia arriba\/abajo. Las correas BCD 500+500 est\u00e1n equipadas con doble suela de oruga con avance\/retroceso y sistema de inclinaci\u00f3n hacia arriba\/abajo. Las correas BCD 500+500 est\u00e1n equipadas con zapatas dobles de oruga con movimiento de avance\/retroceso y sistema de basculaci\u00f3n hacia arriba\/abajo.<\/p><\/div><\/div><\/div>\t\t\t\t\t\t\t\t<\/div>\n\t\t\t\t<\/div>\n\t\t<div class=\"elementor-element elementor-element-d64d509 e-con-full e-flex e-con e-child\" data-id=\"d64d509\" data-element_type=\"container\" data-e-type=\"container\">\n\t\t\t\t<div class=\"elementor-element elementor-element-b8235ef elementor-widget elementor-widget-image\" data-id=\"b8235ef\" data-element_type=\"widget\" data-e-type=\"widget\" data-widget_type=\"image.default\">\n\t\t\t\t\t\t\t\t\t\t\t\t\t\t\t<img decoding=\"async\" width=\"640\" height=\"480\" src=\"https:\/\/steinex.gtechgroup.support\/wp-content\/uploads\/2025\/09\/3_Menhir-Sherpa-BCD-cingolato.jpg\" class=\"attachment-full size-full wp-image-15164\" alt=\"Pressa industriale con nastro trasportatore arancione\" srcset=\"https:\/\/steinex.gtechgroup.support\/wp-content\/uploads\/2025\/09\/3_Menhir-Sherpa-BCD-cingolato.jpg 640w, https:\/\/steinex.gtechgroup.support\/wp-content\/uploads\/2025\/09\/3_Menhir-Sherpa-BCD-cingolato-300x225.jpg 300w, https:\/\/steinex.gtechgroup.support\/wp-content\/uploads\/2025\/09\/3_Menhir-Sherpa-BCD-cingolato-16x12.jpg 16w, https:\/\/steinex.gtechgroup.support\/wp-content\/uploads\/2025\/09\/3_Menhir-Sherpa-BCD-cingolato-600x450.jpg 600w\" sizes=\"(max-width: 640px) 100vw, 640px\" \/>\t\t\t\t\t\t\t\t\t\t\t\t\t\t\t<\/div>\n\t\t\t\t<\/div>\n\t\t\t\t\t<\/div>\n\t\t\t\t<\/div>\n\t\t<div class=\"elementor-element elementor-element-6cfa5a3 e-flex e-con-boxed e-con e-parent\" data-id=\"6cfa5a3\" data-element_type=\"container\" data-e-type=\"container\">\n\t\t\t\t\t<div class=\"e-con-inner\">\n\t\t<div class=\"elementor-element elementor-element-7e93ccb e-con-full e-flex e-con e-child\" data-id=\"7e93ccb\" data-element_type=\"container\" data-e-type=\"container\">\n\t\t\t\t<div class=\"elementor-element elementor-element-aeb6fd2 elementor-widget elementor-widget-text-editor\" data-id=\"aeb6fd2\" data-element_type=\"widget\" data-e-type=\"widget\" data-widget_type=\"text-editor.default\">\n\t\t\t\t\t\t\t\t\t<div class=\"et_pb_column et_pb_column_2_3 et_pb_column_7 et_pb_css_mix_blend_mode_passthrough\"><div class=\"et_pb_module et_pb_text et_pb_text_7 et_pb_text_align_left et_pb_bg_layout_light et_had_animation\"><div class=\"et_pb_text_inner\"><div class=\"et_pb_column et_pb_column_2_3 et_pb_column_9 et_pb_css_mix_blend_mode_passthrough\"><div class=\"et_pb_module et_pb_text et_pb_text_8 et_pb_text_align_left et_pb_bg_layout_light et_had_animation\"><div class=\"et_pb_text_inner\"><p><strong>SERIE SHERPA FD<\/strong>: cintas transportadoras con avance autom\u00e1tico y empujadores de doble rostrillo. Adecuados para el movimiento de chapas aserradas de hasta 550 mm de espesor, cada rostrum puede avanzar de forma independiente y est\u00e1n equipados con motores sin escobillas que garantizan una total eficacia y precisi\u00f3n a lo largo del tiempo. Se utilizan en l\u00edneas autom\u00e1ticas o pueden emplearse para automatizar l\u00edneas tradicionales de clientes que desean mejorar el rendimiento de la producci\u00f3n.<\/p><\/div><\/div><\/div><\/div><\/div><\/div>\t\t\t\t\t\t\t\t<\/div>\n\t\t\t\t<\/div>\n\t\t<div class=\"elementor-element elementor-element-e9fc5a0 e-con-full e-flex e-con e-child\" data-id=\"e9fc5a0\" data-element_type=\"container\" data-e-type=\"container\">\n\t\t\t\t<div class=\"elementor-element elementor-element-cca19d1 elementor-widget elementor-widget-image\" data-id=\"cca19d1\" data-element_type=\"widget\" data-e-type=\"widget\" data-widget_type=\"image.default\">\n\t\t\t\t\t\t\t\t\t\t\t\t\t\t\t<img loading=\"lazy\" decoding=\"async\" width=\"900\" height=\"675\" src=\"https:\/\/steinex.gtechgroup.support\/wp-content\/uploads\/2025\/09\/4_MOVIMENTAZIONE-FD_Menhir-Sherpa-FD.jpeg\" class=\"attachment-full size-full wp-image-15165\" alt=\"Macchinario industriale per lavorazione materiali in fabbrica\" srcset=\"https:\/\/steinex.gtechgroup.support\/wp-content\/uploads\/2025\/09\/4_MOVIMENTAZIONE-FD_Menhir-Sherpa-FD.jpeg 900w, https:\/\/steinex.gtechgroup.support\/wp-content\/uploads\/2025\/09\/4_MOVIMENTAZIONE-FD_Menhir-Sherpa-FD-300x225.jpeg 300w, https:\/\/steinex.gtechgroup.support\/wp-content\/uploads\/2025\/09\/4_MOVIMENTAZIONE-FD_Menhir-Sherpa-FD-768x576.jpeg 768w, https:\/\/steinex.gtechgroup.support\/wp-content\/uploads\/2025\/09\/4_MOVIMENTAZIONE-FD_Menhir-Sherpa-FD-16x12.jpeg 16w, https:\/\/steinex.gtechgroup.support\/wp-content\/uploads\/2025\/09\/4_MOVIMENTAZIONE-FD_Menhir-Sherpa-FD-600x450.jpeg 600w\" sizes=\"(max-width: 900px) 100vw, 900px\" \/>\t\t\t\t\t\t\t\t\t\t\t\t\t\t\t<\/div>\n\t\t\t\t<\/div>\n\t\t\t\t\t<\/div>\n\t\t\t\t<\/div>\n\t\t<div class=\"elementor-element elementor-element-b6f510c e-flex e-con-boxed e-con e-parent\" data-id=\"b6f510c\" data-element_type=\"container\" data-e-type=\"container\">\n\t\t\t\t\t<div class=\"e-con-inner\">\n\t\t<div class=\"elementor-element elementor-element-091922e e-con-full e-flex e-con e-child\" data-id=\"091922e\" data-element_type=\"container\" data-e-type=\"container\">\n\t\t\t\t<div class=\"elementor-element elementor-element-ef9cb74 elementor-widget elementor-widget-heading\" data-id=\"ef9cb74\" data-element_type=\"widget\" data-e-type=\"widget\" data-widget_type=\"heading.default\">\n\t\t\t\t\t<h2 class=\"elementor-heading-title elementor-size-default\">Rodillos de alta resistencia<\/h2>\t\t\t\t<\/div>\n\t\t\t\t<div class=\"elementor-element elementor-element-0a1a5b6 elementor-widget elementor-widget-text-editor\" data-id=\"0a1a5b6\" data-element_type=\"widget\" data-e-type=\"widget\" data-widget_type=\"text-editor.default\">\n\t\t\t\t\t\t\t\t\t<div class=\"et_pb_column et_pb_column_2_3 et_pb_column_7 et_pb_css_mix_blend_mode_passthrough\"><div class=\"et_pb_module et_pb_text et_pb_text_7 et_pb_text_align_left et_pb_bg_layout_light et_had_animation\"><div class=\"et_pb_text_inner\"><div class=\"et_pb_column et_pb_column_2_3 et_pb_column_9 et_pb_css_mix_blend_mode_passthrough\"><div class=\"et_pb_module et_pb_text et_pb_text_8 et_pb_text_align_left et_pb_bg_layout_light et_had_animation\"><div class=\"et_pb_text_inner\"><div class=\"et_pb_column et_pb_column_2_3 et_pb_column_12 et_pb_css_mix_blend_mode_passthrough\"><div class=\"et_pb_module et_pb_text et_pb_text_10 et_pb_text_align_left et_pb_bg_layout_light et_had_animation\"><div class=\"et_pb_text_inner\"><div class=\"et_pb_column et_pb_column_2_3 et_pb_column_12 et_pb_css_mix_blend_mode_passthrough\"><div class=\"et_pb_module et_pb_text et_pb_text_10 et_pb_text_align_left et_pb_bg_layout_light et_had_animation\"><div class=\"et_pb_text_inner\"><p><strong>SHERPA SERIE R:\u00a0<\/strong>Cintas transportadoras de rodillos con alimentaci\u00f3n autom\u00e1tica o manual. Las cintas RF son adecuadas para cargar piezas pesadas y tienen movimiento de avance\/retroceso. Las cintas BRF, adem\u00e1s del movimiento hacia delante\/atr\u00e1s, tambi\u00e9n est\u00e1n equipadas con un sistema de inclinaci\u00f3n hacia arriba\/abajo. Las cintas RG son adecuadas para cargar bloques pesados con medios mec\u00e1nicos equipados con horquillas. Para facilitar la salida de las horquillas tras colocar el bloque, se instala en la cinta un sistema retr\u00e1ctil hidr\u00e1ulico que permite al operario del medio mec\u00e1nico colocar el bloque y salir libremente con las horquillas sin fricci\u00f3n.<\/p><\/div><\/div><\/div><\/div><\/div><\/div><\/div><\/div><\/div><\/div><\/div><\/div>\t\t\t\t\t\t\t\t<\/div>\n\t\t\t\t<\/div>\n\t\t<div class=\"elementor-element elementor-element-0a79941 e-con-full e-flex e-con e-child\" data-id=\"0a79941\" data-element_type=\"container\" data-e-type=\"container\">\n\t\t\t\t<div class=\"elementor-element elementor-element-f8b235f elementor-widget elementor-widget-image\" data-id=\"f8b235f\" data-element_type=\"widget\" data-e-type=\"widget\" data-widget_type=\"image.default\">\n\t\t\t\t\t\t\t\t\t\t\t\t\t\t\t<img loading=\"lazy\" decoding=\"async\" width=\"900\" height=\"675\" src=\"https:\/\/steinex.gtechgroup.support\/wp-content\/uploads\/2025\/09\/5_MOVIMENTAZIONE-sherpa-RF.jpg\" class=\"attachment-full size-full wp-image-15166\" alt=\"Rulliera industriale per movimentazione materiali\" srcset=\"https:\/\/steinex.gtechgroup.support\/wp-content\/uploads\/2025\/09\/5_MOVIMENTAZIONE-sherpa-RF.jpg 900w, https:\/\/steinex.gtechgroup.support\/wp-content\/uploads\/2025\/09\/5_MOVIMENTAZIONE-sherpa-RF-300x225.jpg 300w, https:\/\/steinex.gtechgroup.support\/wp-content\/uploads\/2025\/09\/5_MOVIMENTAZIONE-sherpa-RF-768x576.jpg 768w, https:\/\/steinex.gtechgroup.support\/wp-content\/uploads\/2025\/09\/5_MOVIMENTAZIONE-sherpa-RF-16x12.jpg 16w, https:\/\/steinex.gtechgroup.support\/wp-content\/uploads\/2025\/09\/5_MOVIMENTAZIONE-sherpa-RF-600x450.jpg 600w\" sizes=\"(max-width: 900px) 100vw, 900px\" \/>\t\t\t\t\t\t\t\t\t\t\t\t\t\t\t<\/div>\n\t\t\t\t<\/div>\n\t\t\t\t\t<\/div>\n\t\t\t\t<\/div>\n\t\t<div class=\"elementor-element elementor-element-cd88208 e-flex e-con-boxed e-con e-parent\" data-id=\"cd88208\" data-element_type=\"container\" data-e-type=\"container\">\n\t\t\t\t\t<div class=\"e-con-inner\">\n\t\t<div class=\"elementor-element elementor-element-f8895e9 e-con-full e-flex e-con e-child\" data-id=\"f8895e9\" data-element_type=\"container\" data-e-type=\"container\">\n\t\t\t\t<div class=\"elementor-element elementor-element-57fedcc elementor-widget elementor-widget-heading\" data-id=\"57fedcc\" data-element_type=\"widget\" data-e-type=\"widget\" data-widget_type=\"heading.default\">\n\t\t\t\t\t<h2 class=\"elementor-heading-title elementor-size-default\">Cintas transportadoras de caucho<\/h2>\t\t\t\t<\/div>\n\t\t\t\t<div class=\"elementor-element elementor-element-fc3400a elementor-widget elementor-widget-text-editor\" data-id=\"fc3400a\" data-element_type=\"widget\" data-e-type=\"widget\" data-widget_type=\"text-editor.default\">\n\t\t\t\t\t\t\t\t\t<div class=\"et_pb_column et_pb_column_2_3 et_pb_column_15  et_pb_css_mix_blend_mode_passthrough\"><div class=\"et_pb_module et_pb_text et_pb_text_12 et_pb_text_align_left et_pb_bg_layout_light et_had_animation\"><div class=\"et_pb_text_inner\"><p><strong>SERIE SHERPA NG:\u00a0<\/strong>Cintas con estructura met\u00e1lica y banda de goma de 500 \u00f3 700 mm especialmente indicadas para el transporte de material residual procedente del procesado a m\u00e1quina.<\/p><\/div><\/div><\/div>\t\t\t\t\t\t\t\t<\/div>\n\t\t\t\t<\/div>\n\t\t<div class=\"elementor-element elementor-element-c6b10ad e-con-full e-flex e-con e-child\" data-id=\"c6b10ad\" data-element_type=\"container\" data-e-type=\"container\">\n\t\t\t\t<div class=\"elementor-element elementor-element-e334e3b elementor-widget elementor-widget-image\" data-id=\"e334e3b\" data-element_type=\"widget\" data-e-type=\"widget\" data-widget_type=\"image.default\">\n\t\t\t\t\t\t\t\t\t\t\t\t\t\t\t<img loading=\"lazy\" decoding=\"async\" width=\"640\" height=\"480\" src=\"https:\/\/steinex.gtechgroup.support\/wp-content\/uploads\/2025\/09\/6_MOVIMENTAZIONE-_sherpa-NG.jpg\" class=\"attachment-full size-full wp-image-15167\" alt=\"Linea di macchine industriali per lavorazione materiali\" srcset=\"https:\/\/steinex.gtechgroup.support\/wp-content\/uploads\/2025\/09\/6_MOVIMENTAZIONE-_sherpa-NG.jpg 640w, https:\/\/steinex.gtechgroup.support\/wp-content\/uploads\/2025\/09\/6_MOVIMENTAZIONE-_sherpa-NG-300x225.jpg 300w, https:\/\/steinex.gtechgroup.support\/wp-content\/uploads\/2025\/09\/6_MOVIMENTAZIONE-_sherpa-NG-16x12.jpg 16w, https:\/\/steinex.gtechgroup.support\/wp-content\/uploads\/2025\/09\/6_MOVIMENTAZIONE-_sherpa-NG-600x450.jpg 600w\" sizes=\"(max-width: 640px) 100vw, 640px\" \/>\t\t\t\t\t\t\t\t\t\t\t\t\t\t\t<\/div>\n\t\t\t\t<\/div>\n\t\t\t\t\t<\/div>\n\t\t\t\t<\/div>\n\t\t<div class=\"elementor-element elementor-element-d7c096e e-flex e-con-boxed e-con e-parent\" data-id=\"d7c096e\" data-element_type=\"container\" data-e-type=\"container\">\n\t\t\t\t\t<div class=\"e-con-inner\">\n\t\t<div class=\"elementor-element elementor-element-ff8ae6b e-con-full e-flex e-con e-child\" data-id=\"ff8ae6b\" data-element_type=\"container\" data-e-type=\"container\">\n\t\t\t\t<div class=\"elementor-element elementor-element-40aebd7 elementor-widget elementor-widget-text-editor\" data-id=\"40aebd7\" data-element_type=\"widget\" data-e-type=\"widget\" data-widget_type=\"text-editor.default\">\n\t\t\t\t\t\t\t\t\t<div class=\"et_pb_column et_pb_column_2_3 et_pb_column_17  et_pb_css_mix_blend_mode_passthrough\"><div class=\"et_pb_module et_pb_text et_pb_text_13 et_pb_text_align_left et_pb_bg_layout_light et_had_animation\"><div class=\"et_pb_text_inner\"><p><strong>INSTALACIONES DE LA SERIE SHERPA SC-NG:\u00a0<\/strong>son plantas adecuadas para la clasificaci\u00f3n y clasificaci\u00f3n de piedras pavimentadas. Steinex, con el fin de reducir la fatiga de los trabajadores que desmenuzan y clasifican las piedras pavimentadas, ha desarrollado una serie de plantas compuestas por una tolva de carga pesada adecuada para cargar excavadoras y palas mec\u00e1nicas o volquetes y una cinta de caucho resistente al desgaste. Se construyen en tres versiones con capacidades de 16 m3, 30 m3 y 60 m3.<\/p><\/div><\/div><\/div>\t\t\t\t\t\t\t\t<\/div>\n\t\t\t\t<\/div>\n\t\t<div class=\"elementor-element elementor-element-cabd841 e-con-full e-flex e-con e-child\" data-id=\"cabd841\" data-element_type=\"container\" data-e-type=\"container\">\n\t\t\t\t<div class=\"elementor-element elementor-element-6c6407e elementor-widget elementor-widget-image\" data-id=\"6c6407e\" data-element_type=\"widget\" data-e-type=\"widget\" data-widget_type=\"image.default\">\n\t\t\t\t\t\t\t\t\t\t\t\t\t\t\t<img loading=\"lazy\" decoding=\"async\" width=\"900\" height=\"675\" src=\"https:\/\/steinex.gtechgroup.support\/wp-content\/uploads\/2025\/09\/7_-impianto-sc_ng_IMPIANTO-SELEZIONE-E-CERNITA-60-M3.jpg\" class=\"attachment-full size-full wp-image-15168\" alt=\"Impianto industriale per lavorazione e trasporto pietre\" srcset=\"https:\/\/steinex.gtechgroup.support\/wp-content\/uploads\/2025\/09\/7_-impianto-sc_ng_IMPIANTO-SELEZIONE-E-CERNITA-60-M3.jpg 900w, https:\/\/steinex.gtechgroup.support\/wp-content\/uploads\/2025\/09\/7_-impianto-sc_ng_IMPIANTO-SELEZIONE-E-CERNITA-60-M3-300x225.jpg 300w, https:\/\/steinex.gtechgroup.support\/wp-content\/uploads\/2025\/09\/7_-impianto-sc_ng_IMPIANTO-SELEZIONE-E-CERNITA-60-M3-768x576.jpg 768w, https:\/\/steinex.gtechgroup.support\/wp-content\/uploads\/2025\/09\/7_-impianto-sc_ng_IMPIANTO-SELEZIONE-E-CERNITA-60-M3-16x12.jpg 16w, https:\/\/steinex.gtechgroup.support\/wp-content\/uploads\/2025\/09\/7_-impianto-sc_ng_IMPIANTO-SELEZIONE-E-CERNITA-60-M3-600x450.jpg 600w\" sizes=\"(max-width: 900px) 100vw, 900px\" \/>\t\t\t\t\t\t\t\t\t\t\t\t\t\t\t<\/div>\n\t\t\t\t<\/div>\n\t\t\t\t\t<\/div>\n\t\t\t\t<\/div>\n\t\t\t\t<\/div>","protected":false},"excerpt":{"rendered":"<p>Movimentazione Sherpa Home Sherpa \u00e8 la famiglia di prodotti per la movimentazione che possono essere venduti singolarmente oppure essere parte integrante di impianti compatti e linee di produzione. Trasportatori a tapparelle SHERPA SERIE T E TT: sono nastri trasportatori pesanti a tapparelle piane in acciaio e sono adatti al carico di pezzi molto pesanti. Possono [&hellip;]<\/p>","protected":false},"author":1,"featured_media":0,"parent":0,"menu_order":0,"comment_status":"closed","ping_status":"closed","template":"","meta":{"_seopress_robots_primary_cat":"","_seopress_titles_title":"Nastri trasportatori Sherpa: efficienza per carichi pesanti","_seopress_titles_desc":"Scopri i trasportatori Sherpa per movimentazione pesante: soluzioni efficienti per linee di produzione e carico fino a 10 tonnellate.","_seopress_robots_index":"","footnotes":""},"class_list":["post-14203","page","type-page","status-publish","hentry"],"_links":{"self":[{"href":"https:\/\/steinex.gtechgroup.support\/es\/wp-json\/wp\/v2\/pages\/14203","targetHints":{"allow":["GET"]}}],"collection":[{"href":"https:\/\/steinex.gtechgroup.support\/es\/wp-json\/wp\/v2\/pages"}],"about":[{"href":"https:\/\/steinex.gtechgroup.support\/es\/wp-json\/wp\/v2\/types\/page"}],"author":[{"embeddable":true,"href":"https:\/\/steinex.gtechgroup.support\/es\/wp-json\/wp\/v2\/users\/1"}],"replies":[{"embeddable":true,"href":"https:\/\/steinex.gtechgroup.support\/es\/wp-json\/wp\/v2\/comments?post=14203"}],"version-history":[{"count":7,"href":"https:\/\/steinex.gtechgroup.support\/es\/wp-json\/wp\/v2\/pages\/14203\/revisions"}],"predecessor-version":[{"id":15171,"href":"https:\/\/steinex.gtechgroup.support\/es\/wp-json\/wp\/v2\/pages\/14203\/revisions\/15171"}],"wp:attachment":[{"href":"https:\/\/steinex.gtechgroup.support\/es\/wp-json\/wp\/v2\/media?parent=14203"}],"curies":[{"name":"wp","href":"https:\/\/api.w.org\/{rel}","templated":true}]}}