{"id":14735,"date":"2025-09-16T14:13:59","date_gmt":"2025-09-16T14:13:59","guid":{"rendered":"https:\/\/steinex.gtechgroup.support\/?page_id=14735"},"modified":"2025-09-20T08:06:53","modified_gmt":"2025-09-20T08:06:53","slug":"robot-caricamento-automatico","status":"publish","type":"page","link":"https:\/\/steinex.gtechgroup.support\/es\/robot-caricamento-automatico\/","title":{"rendered":"Robot \/ Carga autom\u00e1tica"},"content":{"rendered":"<div data-elementor-type=\"wp-page\" data-elementor-id=\"14735\" class=\"elementor elementor-14735\" data-elementor-post-type=\"page\">\n\t\t\t\t<div class=\"elementor-element elementor-element-d5e1e53 e-flex e-con-boxed e-con e-parent\" data-id=\"d5e1e53\" data-element_type=\"container\" data-e-type=\"container\" data-settings=\"{&quot;background_background&quot;:&quot;classic&quot;}\">\n\t\t\t\t\t<div class=\"e-con-inner\">\n\t\t<div class=\"elementor-element elementor-element-0fa07e7 e-con-full e-flex e-con e-child\" data-id=\"0fa07e7\" data-element_type=\"container\" data-e-type=\"container\" data-settings=\"{&quot;background_background&quot;:&quot;classic&quot;}\">\n\t\t\t\t<div class=\"elementor-element elementor-element-32325fd elementor-widget elementor-widget-heading\" data-id=\"32325fd\" data-element_type=\"widget\" data-e-type=\"widget\" data-widget_type=\"heading.default\">\n\t\t\t\t\t<h2 class=\"elementor-heading-title elementor-size-default\">Robot \/ Carga autom\u00e1tica<\/h2>\t\t\t\t<\/div>\n\t\t\t\t<div class=\"elementor-element elementor-element-fa0b158 elementor-widget elementor-widget-hfe-breadcrumbs-widget\" data-id=\"fa0b158\" data-element_type=\"widget\" data-e-type=\"widget\" data-widget_type=\"hfe-breadcrumbs-widget.default\">\n\t\t\t\t<div class=\"elementor-widget-container\">\n\t\t\t\t\t<nav aria-label=\"Migas de pan\"><ul class=\"hfe-breadcrumbs hfe-breadcrumbs-show-home\"><li class=\"hfe-breadcrumbs-item hfe-breadcrumbs-first\"><span class=\"hfe-breadcrumbs-home-icon\"><\/span><a href=\"https:\/\/steinex.gtechgroup.support\/es\"><span class=\"hfe-breadcrumbs-text\">Inicio<\/span><\/a><\/li><\/ul><\/nav>\t\t\t\t<\/div>\n\t\t\t\t<\/div>\n\t\t\t\t<\/div>\n\t\t\t\t\t<\/div>\n\t\t\t\t<\/div>\n\t\t<div class=\"elementor-element elementor-element-c0eeeb5 e-flex e-con-boxed e-con e-parent\" data-id=\"c0eeeb5\" data-element_type=\"container\" data-e-type=\"container\">\n\t\t\t\t\t<div class=\"e-con-inner\">\n\t\t<div class=\"elementor-element elementor-element-1767096 e-con-full e-flex e-con e-child\" data-id=\"1767096\" data-element_type=\"container\" data-e-type=\"container\">\n\t\t\t\t<div class=\"elementor-element elementor-element-9679ac8 elementor-widget elementor-widget-text-editor\" data-id=\"9679ac8\" data-element_type=\"widget\" data-e-type=\"widget\" data-widget_type=\"text-editor.default\">\n\t\t\t\t\t\t\t\t\t<div class=\"et_pb_column et_pb_column_2_3 et_pb_column_1 et_pb_css_mix_blend_mode_passthrough\"><div class=\"et_pb_module et_pb_text et_pb_text_2 et_pb_text_align_left et_pb_bg_layout_light et_had_animation\"><div class=\"et_pb_text_inner\"><p>STEINEX fabrica sistemas automatizados capaces de integrar robots de las empresas m\u00e1s importantes del mercado. La diferencia est\u00e1 en el software: STEINEX desarrolla el software<br \/>de gesti\u00f3n de robots, garantizando la m\u00e1xima flexibilidad, personalizaci\u00f3n y control del rendimiento.<\/p><\/div><p>\u00a0<\/p><\/div><\/div>\t\t\t\t\t\t\t\t<\/div>\n\t\t\t\t<div class=\"elementor-element elementor-element-a072cb4 elementor-widget elementor-widget-heading\" data-id=\"a072cb4\" data-element_type=\"widget\" data-e-type=\"widget\" data-widget_type=\"heading.default\">\n\t\t\t\t\t<h2 class=\"elementor-heading-title elementor-size-default\">Esta experiencia permite a STEINEX<\/h2>\t\t\t\t<\/div>\n\t\t<div class=\"elementor-element elementor-element-58cddd1 e-con-full e-flex e-con e-child\" data-id=\"58cddd1\" data-element_type=\"container\" data-e-type=\"container\">\n\t\t\t\t<div class=\"elementor-element elementor-element-7f1ddd2 elementor-widget elementor-widget-text-editor\" data-id=\"7f1ddd2\" data-element_type=\"widget\" data-e-type=\"widget\" data-widget_type=\"text-editor.default\">\n\t\t\t\t\t\t\t\t\t<p>integrar robots en sus propias l\u00edneas de divisi\u00f3n autom\u00e1tica;<\/p>\t\t\t\t\t\t\t\t<\/div>\n\t\t\t\t<div class=\"elementor-element elementor-element-326fb66 elementor-widget elementor-widget-text-editor\" data-id=\"326fb66\" data-element_type=\"widget\" data-e-type=\"widget\" data-widget_type=\"text-editor.default\">\n\t\t\t\t\t\t\t\t\t<p>proporcionan sistemas autom\u00e1ticos aut\u00f3nomos de carga y descarga, perfectamente adaptables a los distintos requisitos de producci\u00f3n.<\/p>\t\t\t\t\t\t\t\t<\/div>\n\t\t\t\t<\/div>\n\t\t\t\t<div class=\"elementor-element elementor-element-dcd7421 elementor-widget elementor-widget-text-editor\" data-id=\"dcd7421\" data-element_type=\"widget\" data-e-type=\"widget\" data-widget_type=\"text-editor.default\">\n\t\t\t\t\t\t\t\t\t<div class=\"et_pb_column et_pb_column_2_3 et_pb_column_1 et_pb_css_mix_blend_mode_passthrough\"><div class=\"et_pb_module et_pb_text et_pb_text_2 et_pb_text_align_left et_pb_bg_layout_light et_had_animation\"><p>Adem\u00e1s, STEINEX dise\u00f1a y fabrica sistemas autom\u00e1ticos de carga de planchas concebidos para optimizar los ciclos de trabajo y aumentar la eficacia.<\/p><p>Con software y conocimientos propios, STEINEX ofrece soluciones robotizadas robustas, fiables y a medida, dise\u00f1adas para llevar la automatizaci\u00f3n a un nuevo nivel.<br \/>superior.<\/p><\/div><\/div>\t\t\t\t\t\t\t\t<\/div>\n\t\t\t\t<\/div>\n\t\t<div class=\"elementor-element elementor-element-7b59cbf e-con-full e-flex e-con e-child\" data-id=\"7b59cbf\" data-element_type=\"container\" data-e-type=\"container\">\n\t\t\t\t<div class=\"elementor-element elementor-element-61d45c1 elementor-widget elementor-widget-video\" data-id=\"61d45c1\" data-element_type=\"widget\" data-e-type=\"widget\" data-settings=\"{&quot;video_type&quot;:&quot;hosted&quot;,&quot;controls&quot;:&quot;yes&quot;}\" data-widget_type=\"video.default\">\n\t\t\t\t\t\t\t<div class=\"e-hosted-video elementor-wrapper elementor-open-inline\">\n\t\t\t\t\t<video class=\"elementor-video\" src=\"https:\/\/steinex.gtechgroup.support\/wp-content\/uploads\/2025\/09\/VIDEO-2025-09-12-13-31-48.mp4\" controls=\"\" preload=\"metadata\" controlslist=\"nodownload\"><\/video>\n\t\t\t\t<\/div>\n\t\t\t\t\t\t<\/div>\n\t\t\t\t<div class=\"elementor-element elementor-element-3372b8e elementor-widget elementor-widget-image\" data-id=\"3372b8e\" data-element_type=\"widget\" data-e-type=\"widget\" data-widget_type=\"image.default\">\n\t\t\t\t\t\t\t\t\t\t\t\t\t\t\t<img fetchpriority=\"high\" decoding=\"async\" width=\"768\" height=\"1024\" src=\"https:\/\/steinex.gtechgroup.support\/wp-content\/uploads\/2025\/09\/Roboto-Caricamento-Automatico--768x1024.jpg\" class=\"attachment-large size-large wp-image-15119\" alt=\"Robot industriale movimenta pallet con blocchi di pietra\" srcset=\"https:\/\/steinex.gtechgroup.support\/wp-content\/uploads\/2025\/09\/Roboto-Caricamento-Automatico--768x1024.jpg 768w, https:\/\/steinex.gtechgroup.support\/wp-content\/uploads\/2025\/09\/Roboto-Caricamento-Automatico--225x300.jpg 225w, https:\/\/steinex.gtechgroup.support\/wp-content\/uploads\/2025\/09\/Roboto-Caricamento-Automatico--1152x1536.jpg 1152w, https:\/\/steinex.gtechgroup.support\/wp-content\/uploads\/2025\/09\/Roboto-Caricamento-Automatico--9x12.jpg 9w, https:\/\/steinex.gtechgroup.support\/wp-content\/uploads\/2025\/09\/Roboto-Caricamento-Automatico--600x800.jpg 600w, https:\/\/steinex.gtechgroup.support\/wp-content\/uploads\/2025\/09\/Roboto-Caricamento-Automatico-.jpg 1200w\" sizes=\"(max-width: 768px) 100vw, 768px\" \/>\t\t\t\t\t\t\t\t\t\t\t\t\t\t\t<\/div>\n\t\t\t\t<\/div>\n\t\t\t\t\t<\/div>\n\t\t\t\t<\/div>\n\t\t\t\t<\/div>","protected":false},"excerpt":{"rendered":"<p>Robot \/ Caricamento automatico Home STEINEX realizza sistemi automatici in grado di integrare robot delle pi\u00f9 importanti aziende presenti sul mercato. La differenza sta nel software: \u00e8 STEINEX a sviluppare il softwaredi gestione dei robot, garantendo massima flessibilit\u00e0, personalizzazione e controllo delle performance. \u00a0 Questa competenza consente a STEINEX di: integrare i robot all\u2019interno delle [&hellip;]<\/p>","protected":false},"author":1,"featured_media":0,"parent":0,"menu_order":0,"comment_status":"closed","ping_status":"closed","template":"","meta":{"_seopress_robots_primary_cat":"","_seopress_titles_title":"Robot e caricamento automatico: soluzioni STEINEX","_seopress_titles_desc":"Scopri i sistemi automatici STEINEX: robot integrati con software proprietario per flessibilit\u00e0, efficienza e performance superiori.","_seopress_robots_index":"","footnotes":""},"class_list":["post-14735","page","type-page","status-publish","hentry"],"_links":{"self":[{"href":"https:\/\/steinex.gtechgroup.support\/es\/wp-json\/wp\/v2\/pages\/14735","targetHints":{"allow":["GET"]}}],"collection":[{"href":"https:\/\/steinex.gtechgroup.support\/es\/wp-json\/wp\/v2\/pages"}],"about":[{"href":"https:\/\/steinex.gtechgroup.support\/es\/wp-json\/wp\/v2\/types\/page"}],"author":[{"embeddable":true,"href":"https:\/\/steinex.gtechgroup.support\/es\/wp-json\/wp\/v2\/users\/1"}],"replies":[{"embeddable":true,"href":"https:\/\/steinex.gtechgroup.support\/es\/wp-json\/wp\/v2\/comments?post=14735"}],"version-history":[{"count":22,"href":"https:\/\/steinex.gtechgroup.support\/es\/wp-json\/wp\/v2\/pages\/14735\/revisions"}],"predecessor-version":[{"id":15160,"href":"https:\/\/steinex.gtechgroup.support\/es\/wp-json\/wp\/v2\/pages\/14735\/revisions\/15160"}],"wp:attachment":[{"href":"https:\/\/steinex.gtechgroup.support\/es\/wp-json\/wp\/v2\/media?parent=14735"}],"curies":[{"name":"wp","href":"https:\/\/api.w.org\/{rel}","templated":true}]}}