{"id":220,"date":"2025-01-17T14:59:27","date_gmt":"2025-01-17T14:59:27","guid":{"rendered":"https:\/\/steinex.gtechgroup.support\/?page_id=220"},"modified":"2025-02-05T15:59:36","modified_gmt":"2025-02-05T15:59:36","slug":"spacco-segate-su-due-piani","status":"publish","type":"page","link":"https:\/\/steinex.gtechgroup.support\/es\/spacco-segate-su-due-piani\/","title":{"rendered":"Serrado dividido en dos plantas"},"content":{"rendered":"<div data-elementor-type=\"wp-page\" data-elementor-id=\"220\" class=\"elementor elementor-220\" data-elementor-post-type=\"page\">\n\t\t\t\t<div class=\"elementor-element elementor-element-8370ba7 e-flex e-con-boxed e-con e-parent\" data-id=\"8370ba7\" data-element_type=\"container\" data-e-type=\"container\" data-settings=\"{&quot;background_background&quot;:&quot;classic&quot;}\">\n\t\t\t\t\t<div class=\"e-con-inner\">\n\t\t<div class=\"elementor-element elementor-element-653ec0d e-con-full e-flex e-con e-child\" data-id=\"653ec0d\" data-element_type=\"container\" data-e-type=\"container\" data-settings=\"{&quot;background_background&quot;:&quot;classic&quot;}\">\n\t\t\t\t<div class=\"elementor-element elementor-element-9d5dbaf elementor-widget elementor-widget-heading\" data-id=\"9d5dbaf\" data-element_type=\"widget\" data-e-type=\"widget\" data-widget_type=\"heading.default\">\n\t\t\t\t\t<h2 class=\"elementor-heading-title elementor-size-default\">Monol\u00edtico aserrado de dos pisos<\/h2>\t\t\t\t<\/div>\n\t\t\t\t<div class=\"elementor-element elementor-element-1e7af3c elementor-widget elementor-widget-hfe-breadcrumbs-widget\" data-id=\"1e7af3c\" data-element_type=\"widget\" data-e-type=\"widget\" data-widget_type=\"hfe-breadcrumbs-widget.default\">\n\t\t\t\t<div class=\"elementor-widget-container\">\n\t\t\t\t\t<nav aria-label=\"Migas de pan\"><ul class=\"hfe-breadcrumbs hfe-breadcrumbs-show-home\"><li class=\"hfe-breadcrumbs-item hfe-breadcrumbs-first\"><span class=\"hfe-breadcrumbs-home-icon\"><\/span><a href=\"https:\/\/steinex.gtechgroup.support\/es\"><span class=\"hfe-breadcrumbs-text\">Inicio<\/span><\/a><\/li><\/ul><\/nav>\t\t\t\t<\/div>\n\t\t\t\t<\/div>\n\t\t\t\t<\/div>\n\t\t\t\t\t<\/div>\n\t\t\t\t<\/div>\n\t\t<div class=\"elementor-element elementor-element-99aa43c e-flex e-con-boxed e-con e-parent\" data-id=\"99aa43c\" data-element_type=\"container\" data-e-type=\"container\">\n\t\t\t\t\t<div class=\"e-con-inner\">\n\t\t\t\t<div class=\"elementor-element elementor-element-78a9630 elementor-widget elementor-widget-heading\" data-id=\"78a9630\" data-element_type=\"widget\" data-e-type=\"widget\" data-widget_type=\"heading.default\">\n\t\t\t\t\t<h2 class=\"elementor-heading-title elementor-size-default\">MAQUINARIA PARA PARTIR PIEDRA MONOL\u00cdTICA ASERRADA EN DOS PLANOS<\/h2>\t\t\t\t<\/div>\n\t\t\t\t<div class=\"elementor-element elementor-element-362d7ba elementor-widget elementor-widget-text-editor\" data-id=\"362d7ba\" data-element_type=\"widget\" data-e-type=\"widget\" data-widget_type=\"text-editor.default\">\n\t\t\t\t\t\t\t\t\t<p>Los bloques monol\u00edticos aserrados en dos planos se transforman en losas del espesor deseado, cuya superficie puede tratarse t\u00e9rmica o mec\u00e1nicamente para obtener el acabado superficial m\u00e1s adecuado. Steinex Srl produce una gama completa de\u00a0<strong>m\u00e1quinas<\/strong>\u00a0y\u00a0<strong>instalaciones semiautom\u00e1ticas<\/strong>\u00a0o\u00a0<strong>totalmente autom\u00e1tico<\/strong>\u00a0para partir piedras monol\u00edticas aserradas en dos planos para satisfacer los requisitos m\u00e1s exigentes.<\/p><p>En esta categor\u00eda se encuentran los\u00a0<strong>Modelos Broadway y Menhir<\/strong>\u00a0y afines\u00a0<strong>instalaciones para partir desbastes aserrados<\/strong>\u00a0con espesores de hasta 600 mm y anchuras de hasta 1600 mm y para hendiduras regulares de costillas de piedra natural de\u00a0<b>formaci\u00f3n<\/b><b>\u00a0condiciones geol\u00f3gicas dif\u00edciles.<\/b><\/p><p><strong>GT M\u00c1QUINA DE DIVIDIR PARA LA PRODUCCI\u00d3N DE CUBOS DIF\u00cdCILES DE DIVIDIR.<\/strong><\/p><p>En ocasiones, la piedra natural presenta una formaci\u00f3n geol\u00f3gica que dificulta enormemente el astillado regular. Por este motivo, Steinex Srl ha creado la l\u00ednea GT, con la que se pueden conseguir hendiduras regulares y de calidad con materiales que normalmente no lo permiten. La tecnolog\u00eda GT est\u00e1 instalada en 2 modelos Igloo, 1 modelo Broadway y 1 modelo Menhir. Por \u00faltimo, encontrar\u00e1 la instalaci\u00f3n autom\u00e1tica Broadway 800 GT para la producci\u00f3n de cubos con materiales dif\u00edciles de partir.<\/p>\t\t\t\t\t\t\t\t<\/div>\n\t\t\t\t\t<\/div>\n\t\t\t\t<\/div>\n\t\t<div class=\"elementor-element elementor-element-ec9f4af e-flex e-con-boxed e-con e-parent\" data-id=\"ec9f4af\" data-element_type=\"container\" data-e-type=\"container\">\n\t\t\t\t\t<div class=\"e-con-inner\">\n\t\t<div class=\"elementor-element elementor-element-3bb6eaf e-con-full e-flex e-con e-child\" data-id=\"3bb6eaf\" data-element_type=\"container\" data-e-type=\"container\">\n\t\t\t\t<div class=\"elementor-element elementor-element-2d15fca elementor-widget elementor-widget-heading\" data-id=\"2d15fca\" data-element_type=\"widget\" data-e-type=\"widget\" data-widget_type=\"heading.default\">\n\t\t\t\t\t<h2 class=\"elementor-heading-title elementor-size-default\"> RECORTES DE ASERRADO DE PIEDRA<\/h2>\t\t\t\t<\/div>\n\t\t\t\t<div class=\"elementor-element elementor-element-e6b2fc3 elementor-widget elementor-widget-image\" data-id=\"e6b2fc3\" data-element_type=\"widget\" data-e-type=\"widget\" data-widget_type=\"image.default\">\n\t\t\t\t\t\t\t\t\t\t\t\t\t\t\t<img alt=\"\" fetchpriority=\"high\" decoding=\"async\" width=\"400\" height=\"284\" src=\"https:\/\/steinex.gtechgroup.support\/wp-content\/uploads\/2025\/01\/1_ritagli-granito-segati-1-400x284.jpeg.webp\" class=\"attachment-full size-full wp-image-242\" srcset=\"https:\/\/steinex.gtechgroup.support\/wp-content\/uploads\/2025\/01\/1_ritagli-granito-segati-1-400x284.jpeg.webp 400w, https:\/\/steinex.gtechgroup.support\/wp-content\/uploads\/2025\/01\/1_ritagli-granito-segati-1-400x284.jpeg-300x213.webp 300w\" sizes=\"(max-width: 400px) 100vw, 400px\" \/>\t\t\t\t\t\t\t\t\t\t\t\t\t\t\t<\/div>\n\t\t\t\t<div class=\"elementor-element elementor-element-de8e9ed elementor-widget elementor-widget-heading\" data-id=\"de8e9ed\" data-element_type=\"widget\" data-e-type=\"widget\" data-widget_type=\"heading.default\">\n\t\t\t\t\t<h2 class=\"elementor-heading-title elementor-size-default\">IGLOO 320X320<\/h2>\t\t\t\t<\/div>\n\t\t\t\t<\/div>\n\t\t<div class=\"elementor-element elementor-element-05fcfcf e-con-full e-flex e-con e-child\" data-id=\"05fcfcf\" data-element_type=\"container\" data-e-type=\"container\">\n\t\t\t\t<div class=\"elementor-element elementor-element-5de35ab elementor-widget elementor-widget-heading\" data-id=\"5de35ab\" data-element_type=\"widget\" data-e-type=\"widget\" data-widget_type=\"heading.default\">\n\t\t\t\t\t<h2 class=\"elementor-heading-title elementor-size-default\">LOSAS ASERRADAS\/FLAMEADAS DE HASTA 1300 MM DE ANCHO, ESPESOR DE HASTA 300 MM (SISTEMAS Y M\u00c1QUINAS SEMIAUTOM\u00c1TICOS)\n\n<\/h2>\t\t\t\t<\/div>\n\t\t\t\t<div class=\"elementor-element elementor-element-36e1aed elementor-widget elementor-widget-image\" data-id=\"36e1aed\" data-element_type=\"widget\" data-e-type=\"widget\" data-widget_type=\"image.default\">\n\t\t\t\t\t\t\t\t\t\t\t\t\t\t\t<img alt=\"\" decoding=\"async\" width=\"400\" height=\"284\" src=\"https:\/\/steinex.gtechgroup.support\/wp-content\/uploads\/2025\/01\/LASTRE-SEGAlardoni-granito-4-lati-segati-spess-max-550-mm-largh-fino-a-3000-mm-400x284.jpeg.webp\" class=\"attachment-full size-full wp-image-249\" srcset=\"https:\/\/steinex.gtechgroup.support\/wp-content\/uploads\/2025\/01\/LASTRE-SEGAlardoni-granito-4-lati-segati-spess-max-550-mm-largh-fino-a-3000-mm-400x284.jpeg.webp 400w, https:\/\/steinex.gtechgroup.support\/wp-content\/uploads\/2025\/01\/LASTRE-SEGAlardoni-granito-4-lati-segati-spess-max-550-mm-largh-fino-a-3000-mm-400x284.jpeg-300x213.webp 300w\" sizes=\"(max-width: 400px) 100vw, 400px\" \/>\t\t\t\t\t\t\t\t\t\t\t\t\t\t\t<\/div>\n\t\t\t\t<div class=\"elementor-element elementor-element-c028b75 elementor-widget elementor-widget-heading\" data-id=\"c028b75\" data-element_type=\"widget\" data-e-type=\"widget\" data-widget_type=\"heading.default\">\n\t\t\t\t\t<h2 class=\"elementor-heading-title elementor-size-default\">BROADWAY SHERPA 600X320<br>BROADWAY SHERPA 600X320 NUEZ<br>BROADWAY SHERPA 1280X400<\/h2>\t\t\t\t<\/div>\n\t\t\t\t<\/div>\n\t\t<div class=\"elementor-element elementor-element-06c0aba e-con-full e-flex e-con e-child\" data-id=\"06c0aba\" data-element_type=\"container\" data-e-type=\"container\">\n\t\t\t\t<div class=\"elementor-element elementor-element-0bc4e23 elementor-widget elementor-widget-heading\" data-id=\"0bc4e23\" data-element_type=\"widget\" data-e-type=\"widget\" data-widget_type=\"heading.default\">\n\t\t\t\t\t<h2 class=\"elementor-heading-title elementor-size-default\">LOSAS ASERRADAS\/FLAMEADAS DE HASTA 1600 MM DE ANCHO, ESPESOR DE HASTA 600 MM (SISTEMAS Y M\u00c1QUINAS AUTOM\u00c1TICOS)\n\n<\/h2>\t\t\t\t<\/div>\n\t\t\t\t<div class=\"elementor-element elementor-element-4e91208 elementor-widget elementor-widget-image\" data-id=\"4e91208\" data-element_type=\"widget\" data-e-type=\"widget\" data-widget_type=\"image.default\">\n\t\t\t\t\t\t\t\t\t\t\t\t\t\t\t<img alt=\"\" decoding=\"async\" width=\"400\" height=\"284\" src=\"https:\/\/steinex.gtechgroup.support\/wp-content\/uploads\/2025\/01\/lastre-segate-400x284.jpeg.webp\" class=\"attachment-full size-full wp-image-250\" srcset=\"https:\/\/steinex.gtechgroup.support\/wp-content\/uploads\/2025\/01\/lastre-segate-400x284.jpeg.webp 400w, https:\/\/steinex.gtechgroup.support\/wp-content\/uploads\/2025\/01\/lastre-segate-400x284.jpeg-300x213.webp 300w\" sizes=\"(max-width: 400px) 100vw, 400px\" \/>\t\t\t\t\t\t\t\t\t\t\t\t\t\t\t<\/div>\n\t\t\t\t<div class=\"elementor-element elementor-element-9419b9a elementor-widget elementor-widget-heading\" data-id=\"9419b9a\" data-element_type=\"widget\" data-e-type=\"widget\" data-widget_type=\"heading.default\">\n\t\t\t\t\t<h2 class=\"elementor-heading-title elementor-size-default\">BROADWAY SHERPA 200X200<br>BROADWAY SHERPA 1300X320<br>BROADWAY SHERPA 1300X600<br>BROADWAY SHERPA 1600X320<\/h2>\t\t\t\t<\/div>\n\t\t\t\t<\/div>\n\t\t\t\t\t<\/div>\n\t\t\t\t<\/div>\n\t\t<div class=\"elementor-element elementor-element-9b0515a e-flex e-con-boxed e-con e-parent\" data-id=\"9b0515a\" data-element_type=\"container\" data-e-type=\"container\">\n\t\t\t\t\t<div class=\"e-con-inner\">\n\t\t<div class=\"elementor-element elementor-element-67e1613 e-con-full e-flex e-con e-child\" data-id=\"67e1613\" data-element_type=\"container\" data-e-type=\"container\">\n\t\t\t\t<div class=\"elementor-element elementor-element-6d367b2 elementor-widget elementor-widget-heading\" data-id=\"6d367b2\" data-element_type=\"widget\" data-e-type=\"widget\" data-widget_type=\"heading.default\">\n\t\t\t\t\t<h2 class=\"elementor-heading-title elementor-size-default\">LOSAS ASERRADAS\/FLAMEADAS DE HASTA 1300 MM DE ANCHO, ESPESOR DE HASTA 300 MM (M\u00c1QUINAS MANUALES)<\/h2>\t\t\t\t<\/div>\n\t\t\t\t<div class=\"elementor-element elementor-element-53a832b elementor-widget elementor-widget-image\" data-id=\"53a832b\" data-element_type=\"widget\" data-e-type=\"widget\" data-widget_type=\"image.default\">\n\t\t\t\t\t\t\t\t\t\t\t\t\t\t\t<img alt=\"\" loading=\"lazy\" decoding=\"async\" width=\"330\" height=\"248\" src=\"https:\/\/steinex.gtechgroup.support\/wp-content\/uploads\/2025\/01\/lastre-segate_fiammate_fino-a-1300.jpg.webp\" class=\"attachment-full size-full wp-image-251\" srcset=\"https:\/\/steinex.gtechgroup.support\/wp-content\/uploads\/2025\/01\/lastre-segate_fiammate_fino-a-1300.jpg.webp 330w, https:\/\/steinex.gtechgroup.support\/wp-content\/uploads\/2025\/01\/lastre-segate_fiammate_fino-a-1300.jpg-300x225.webp 300w\" sizes=\"(max-width: 330px) 100vw, 330px\" \/>\t\t\t\t\t\t\t\t\t\t\t\t\t\t\t<\/div>\n\t\t\t\t<div class=\"elementor-element elementor-element-23febe3 elementor-widget elementor-widget-heading\" data-id=\"23febe3\" data-element_type=\"widget\" data-e-type=\"widget\" data-widget_type=\"heading.default\">\n\t\t\t\t\t<h2 class=\"elementor-heading-title elementor-size-default\">BROADWAY 600X320<br>BROADWAY 800X280<br>BROADWAY 800X280<br>BROADWAY 1280X250<\/h2>\t\t\t\t<\/div>\n\t\t\t\t<\/div>\n\t\t<div class=\"elementor-element elementor-element-2024cca e-con-full e-flex e-con e-child\" data-id=\"2024cca\" data-element_type=\"container\" data-e-type=\"container\">\n\t\t\t\t<div class=\"elementor-element elementor-element-e97925d elementor-widget elementor-widget-heading\" data-id=\"e97925d\" data-element_type=\"widget\" data-e-type=\"widget\" data-widget_type=\"heading.default\">\n\t\t\t\t\t<h2 class=\"elementor-heading-title elementor-size-default\">LOSAS ASERRADAS\/FLAMEADAS PIEDRA DURA DE PARTIR (M\u00c1QUINAS Y PLANTA CON TALLADO DE DISCO)\n<\/h2>\t\t\t\t<\/div>\n\t\t\t\t<div class=\"elementor-element elementor-element-135effb elementor-widget elementor-widget-image\" data-id=\"135effb\" data-element_type=\"widget\" data-e-type=\"widget\" data-widget_type=\"image.default\">\n\t\t\t\t\t\t\t\t\t\t\t\t\t\t\t<img alt=\"\" loading=\"lazy\" decoding=\"async\" width=\"400\" height=\"284\" src=\"https:\/\/steinex.gtechgroup.support\/wp-content\/uploads\/2025\/01\/MATERIALE-DIFFICILE-SPACCO-2-400x284.jpeg.webp\" class=\"attachment-full size-full wp-image-252\" srcset=\"https:\/\/steinex.gtechgroup.support\/wp-content\/uploads\/2025\/01\/MATERIALE-DIFFICILE-SPACCO-2-400x284.jpeg.webp 400w, https:\/\/steinex.gtechgroup.support\/wp-content\/uploads\/2025\/01\/MATERIALE-DIFFICILE-SPACCO-2-400x284.jpeg-300x213.webp 300w\" sizes=\"(max-width: 400px) 100vw, 400px\" \/>\t\t\t\t\t\t\t\t\t\t\t\t\t\t\t<\/div>\n\t\t\t\t<div class=\"elementor-element elementor-element-0d7bc1e elementor-widget elementor-widget-heading\" data-id=\"0d7bc1e\" data-element_type=\"widget\" data-e-type=\"widget\" data-widget_type=\"heading.default\">\n\t\t\t\t\t<h2 class=\"elementor-heading-title elementor-size-default\">IGL\u00da 480X450 GT<br>IGL\u00da 600X550 GT<br>BROADWAY 800X250 GT<br>MENHIR 1300X600 GT<br>AUT BROADWAY 800<\/h2>\t\t\t\t<\/div>\n\t\t\t\t<\/div>\n\t\t<div class=\"elementor-element elementor-element-ac9d4f6 e-con-full e-flex e-con e-child\" data-id=\"ac9d4f6\" data-element_type=\"container\" data-e-type=\"container\">\n\t\t\t\t<\/div>\n\t\t\t\t\t<\/div>\n\t\t\t\t<\/div>\n\t\t\t\t<\/div>","protected":false},"excerpt":{"rendered":"<p>Monolitiche segate su due piani Home MACCHINARI PER LO SPACCO DI PIETRE MONOLITICHE SEGATE SU DUE PIANI I blocchi monolitici segati su due piani sono trasformati in lastre di spessore desiderato la cui superficie potr\u00e0 essere trattata termicamente o meccanicamente per ottenere la finitura superficiale pi\u00f9 idonea. Steinex Srl produce una gamma completa di\u00a0macchine\u00a0ed\u00a0impianti semiautomatici\u00a0o\u00a0completamente [&hellip;]<\/p>","protected":false},"author":1,"featured_media":0,"parent":0,"menu_order":0,"comment_status":"closed","ping_status":"closed","template":"","meta":{"_seopress_robots_primary_cat":"","_seopress_titles_title":"Macchine per lo spacco di pietre monolitiche segate","_seopress_titles_desc":"Scopri le macchine Steinex per lo spacco di pietre monolitiche segate su due piani: precisione, qualit\u00e0 e soluzioni per materiali di difficile lavorazione.","_seopress_robots_index":"","footnotes":""},"class_list":["post-220","page","type-page","status-publish","hentry"],"_links":{"self":[{"href":"https:\/\/steinex.gtechgroup.support\/es\/wp-json\/wp\/v2\/pages\/220","targetHints":{"allow":["GET"]}}],"collection":[{"href":"https:\/\/steinex.gtechgroup.support\/es\/wp-json\/wp\/v2\/pages"}],"about":[{"href":"https:\/\/steinex.gtechgroup.support\/es\/wp-json\/wp\/v2\/types\/page"}],"author":[{"embeddable":true,"href":"https:\/\/steinex.gtechgroup.support\/es\/wp-json\/wp\/v2\/users\/1"}],"replies":[{"embeddable":true,"href":"https:\/\/steinex.gtechgroup.support\/es\/wp-json\/wp\/v2\/comments?post=220"}],"version-history":[{"count":24,"href":"https:\/\/steinex.gtechgroup.support\/es\/wp-json\/wp\/v2\/pages\/220\/revisions"}],"predecessor-version":[{"id":14142,"href":"https:\/\/steinex.gtechgroup.support\/es\/wp-json\/wp\/v2\/pages\/220\/revisions\/14142"}],"wp:attachment":[{"href":"https:\/\/steinex.gtechgroup.support\/es\/wp-json\/wp\/v2\/media?parent=220"}],"curies":[{"name":"wp","href":"https:\/\/api.w.org\/{rel}","templated":true}]}}