{"id":287,"date":"2025-01-20T14:52:16","date_gmt":"2025-01-20T14:52:16","guid":{"rendered":"https:\/\/steinex.gtechgroup.support\/?page_id=287"},"modified":"2025-09-12T13:50:23","modified_gmt":"2025-09-12T13:50:23","slug":"stratificate","status":"publish","type":"page","link":"https:\/\/steinex.gtechgroup.support\/es\/stratificate\/","title":{"rendered":"En capas"},"content":{"rendered":"<div data-elementor-type=\"wp-page\" data-elementor-id=\"287\" class=\"elementor elementor-287\" data-elementor-post-type=\"page\">\n\t\t\t\t<div class=\"elementor-element elementor-element-4756bc9 e-flex e-con-boxed e-con e-parent\" data-id=\"4756bc9\" data-element_type=\"container\" data-e-type=\"container\" data-settings=\"{&quot;background_background&quot;:&quot;classic&quot;}\">\n\t\t\t\t\t<div class=\"e-con-inner\">\n\t\t<div class=\"elementor-element elementor-element-d84c7bf e-con-full e-flex e-con e-child\" data-id=\"d84c7bf\" data-element_type=\"container\" data-e-type=\"container\" data-settings=\"{&quot;background_background&quot;:&quot;classic&quot;}\">\n\t\t\t\t<div class=\"elementor-element elementor-element-c4957ab elementor-widget elementor-widget-heading\" data-id=\"c4957ab\" data-element_type=\"widget\" data-e-type=\"widget\" data-widget_type=\"heading.default\">\n\t\t\t\t\t<h2 class=\"elementor-heading-title elementor-size-default\">Fraccionamiento de piedras estratificadas<\/h2>\t\t\t\t<\/div>\n\t\t\t\t<div class=\"elementor-element elementor-element-94d2ef1 elementor-widget elementor-widget-hfe-breadcrumbs-widget\" data-id=\"94d2ef1\" data-element_type=\"widget\" data-e-type=\"widget\" data-widget_type=\"hfe-breadcrumbs-widget.default\">\n\t\t\t\t<div class=\"elementor-widget-container\">\n\t\t\t\t\t<nav aria-label=\"Migas de pan\"><ul class=\"hfe-breadcrumbs hfe-breadcrumbs-show-home\"><li class=\"hfe-breadcrumbs-item hfe-breadcrumbs-first\"><span class=\"hfe-breadcrumbs-home-icon\"><\/span><a href=\"https:\/\/steinex.gtechgroup.support\/es\"><span class=\"hfe-breadcrumbs-text\">Inicio<\/span><\/a><\/li><\/ul><\/nav>\t\t\t\t<\/div>\n\t\t\t\t<\/div>\n\t\t\t\t<\/div>\n\t\t\t\t\t<\/div>\n\t\t\t\t<\/div>\n\t\t<div class=\"elementor-element elementor-element-4751e42 e-flex e-con-boxed e-con e-parent\" data-id=\"4751e42\" data-element_type=\"container\" data-e-type=\"container\">\n\t\t\t\t\t<div class=\"e-con-inner\">\n\t\t\t\t<div class=\"elementor-element elementor-element-8f2594e elementor-widget elementor-widget-heading\" data-id=\"8f2594e\" data-element_type=\"widget\" data-e-type=\"widget\" data-widget_type=\"heading.default\">\n\t\t\t\t\t<h2 class=\"elementor-heading-title elementor-size-default\">MAQUINARIA PARA PARTIR, ESCAMAR Y CLASIFICAR PIEDRA ESTRATIFICADA\n<\/h2>\t\t\t\t<\/div>\n\t\t\t\t<div class=\"elementor-element elementor-element-b3fa64f elementor-widget elementor-widget-text-editor\" data-id=\"b3fa64f\" data-element_type=\"widget\" data-e-type=\"widget\" data-widget_type=\"text-editor.default\">\n\t\t\t\t\t\t\t\t\t<p>Las piedras estratificadas suelen<strong>&nbsp;extra\u00eddo en placas, capas o estratos de tama\u00f1o variable para&nbsp;<\/strong>dependiendo del tipo de material y puede tener&nbsp;<strong>espesores desde 10 mm hasta 300-400 mm<\/strong>.<\/p><p>Steinex srl fabrica una serie completa de m\u00e1quinas e instalaciones para el tratamiento de la piedra estratificada, empezando por el desconchado de las capas naturales, la clasificaci\u00f3n y selecci\u00f3n de las losas desconchadas y la divisi\u00f3n de las losas para su transformaci\u00f3n en productos acabados.<\/p>\t\t\t\t\t\t\t\t<\/div>\n\t\t\t\t\t<\/div>\n\t\t\t\t<\/div>\n\t\t<div class=\"elementor-element elementor-element-4122f22 e-flex e-con-boxed e-con e-parent\" data-id=\"4122f22\" data-element_type=\"container\" data-e-type=\"container\">\n\t\t\t\t\t<div class=\"e-con-inner\">\n\t\t<div class=\"elementor-element elementor-element-7b30975 e-con-full e-flex e-con e-child\" data-id=\"7b30975\" data-element_type=\"container\" data-e-type=\"container\">\n\t\t\t\t<div class=\"elementor-element elementor-element-6cbc78a elementor-widget elementor-widget-heading\" data-id=\"6cbc78a\" data-element_type=\"widget\" data-e-type=\"widget\" data-widget_type=\"heading.default\">\n\t\t\t\t\t<h2 class=\"elementor-heading-title elementor-size-default\">Bloques y losas en escamas de hasta 800 mm de altura\n\n<\/h2>\t\t\t\t<\/div>\n\t\t\t\t<div class=\"elementor-element elementor-element-6c87b4f elementor-widget elementor-widget-image\" data-id=\"6c87b4f\" data-element_type=\"widget\" data-e-type=\"widget\" data-widget_type=\"image.default\">\n\t\t\t\t\t\t\t\t\t\t\t\t\t\t\t<img alt=\"\" fetchpriority=\"high\" decoding=\"async\" width=\"900\" height=\"675\" src=\"https:\/\/steinex.gtechgroup.support\/wp-content\/uploads\/2025\/01\/lastre-sfaldate-da-blocco-1.jpg\" class=\"attachment-full size-full wp-image-304\" srcset=\"https:\/\/steinex.gtechgroup.support\/wp-content\/uploads\/2025\/01\/lastre-sfaldate-da-blocco-1.jpg 900w, https:\/\/steinex.gtechgroup.support\/wp-content\/uploads\/2025\/01\/lastre-sfaldate-da-blocco-1-300x225.jpg 300w, https:\/\/steinex.gtechgroup.support\/wp-content\/uploads\/2025\/01\/lastre-sfaldate-da-blocco-1-768x576.jpg 768w, https:\/\/steinex.gtechgroup.support\/wp-content\/uploads\/2025\/01\/lastre-sfaldate-da-blocco-1-600x450.jpg 600w\" sizes=\"(max-width: 900px) 100vw, 900px\" \/>\t\t\t\t\t\t\t\t\t\t\t\t\t\t\t<\/div>\n\t\t\t\t<div class=\"elementor-element elementor-element-dbe5fdb elementor-widget elementor-widget-heading\" data-id=\"dbe5fdb\" data-element_type=\"widget\" data-e-type=\"widget\" data-widget_type=\"heading.default\">\n\t\t\t\t\t<h2 class=\"elementor-heading-title elementor-size-default\">IGLOO SFD<\/h2>\t\t\t\t<\/div>\n\t\t\t\t<\/div>\n\t\t<div class=\"elementor-element elementor-element-58e83dd e-con-full e-flex e-con e-child\" data-id=\"58e83dd\" data-element_type=\"container\" data-e-type=\"container\">\n\t\t\t\t<div class=\"elementor-element elementor-element-d133a6a elementor-widget elementor-widget-heading\" data-id=\"d133a6a\" data-element_type=\"widget\" data-e-type=\"widget\" data-widget_type=\"heading.default\">\n\t\t\t\t\t<h2 class=\"elementor-heading-title elementor-size-default\">Bloques y losas en escamas de hasta 1600 mm de altura<\/h2>\t\t\t\t<\/div>\n\t\t\t\t<div class=\"elementor-element elementor-element-492c8b8 elementor-widget elementor-widget-image\" data-id=\"492c8b8\" data-element_type=\"widget\" data-e-type=\"widget\" data-widget_type=\"image.default\">\n\t\t\t\t\t\t\t\t\t\t\t\t\t\t\t<img alt=\"\" decoding=\"async\" width=\"480\" height=\"358\" src=\"https:\/\/steinex.gtechgroup.support\/wp-content\/uploads\/2025\/01\/2.-blocchi-gneiss-stratificato.jpeg\" class=\"attachment-full size-full wp-image-303\" srcset=\"https:\/\/steinex.gtechgroup.support\/wp-content\/uploads\/2025\/01\/2.-blocchi-gneiss-stratificato.jpeg 480w, https:\/\/steinex.gtechgroup.support\/wp-content\/uploads\/2025\/01\/2.-blocchi-gneiss-stratificato-300x224.jpeg 300w\" sizes=\"(max-width: 480px) 100vw, 480px\" \/>\t\t\t\t\t\t\t\t\t\t\t\t\t\t\t<\/div>\n\t\t\t\t<div class=\"elementor-element elementor-element-0e9b8d2 elementor-widget elementor-widget-heading\" data-id=\"0e9b8d2\" data-element_type=\"widget\" data-e-type=\"widget\" data-widget_type=\"heading.default\">\n\t\t\t\t\t<h2 class=\"elementor-heading-title elementor-size-default\">MENHIR SFD<\/h2>\t\t\t\t<\/div>\n\t\t\t\t<\/div>\n\t\t<div class=\"elementor-element elementor-element-ae49b1d e-con-full e-flex e-con e-child\" data-id=\"ae49b1d\" data-element_type=\"container\" data-e-type=\"container\">\n\t\t\t\t<div class=\"elementor-element elementor-element-30facd2 elementor-widget elementor-widget-heading\" data-id=\"30facd2\" data-element_type=\"widget\" data-e-type=\"widget\" data-widget_type=\"heading.default\">\n\t\t\t\t\t<h2 class=\"elementor-heading-title elementor-size-default\">Piedras en bruto, losas, piezas de hasta 400 mm de ancho y 450 mm de grosor<\/h2>\t\t\t\t<\/div>\n\t\t\t\t<div class=\"elementor-element elementor-element-c34536b elementor-widget elementor-widget-image\" data-id=\"c34536b\" data-element_type=\"widget\" data-e-type=\"widget\" data-widget_type=\"image.default\">\n\t\t\t\t\t\t\t\t\t\t\t\t\t\t\t<img alt=\"\" decoding=\"async\" width=\"898\" height=\"675\" src=\"https:\/\/steinex.gtechgroup.support\/wp-content\/uploads\/2025\/01\/porfido-stratificato-spessore-fino-300mm.jpg\" class=\"attachment-full size-full wp-image-302\" srcset=\"https:\/\/steinex.gtechgroup.support\/wp-content\/uploads\/2025\/01\/porfido-stratificato-spessore-fino-300mm.jpg 898w, https:\/\/steinex.gtechgroup.support\/wp-content\/uploads\/2025\/01\/porfido-stratificato-spessore-fino-300mm-300x226.jpg 300w, https:\/\/steinex.gtechgroup.support\/wp-content\/uploads\/2025\/01\/porfido-stratificato-spessore-fino-300mm-768x577.jpg 768w, https:\/\/steinex.gtechgroup.support\/wp-content\/uploads\/2025\/01\/porfido-stratificato-spessore-fino-300mm-600x451.jpg 600w\" sizes=\"(max-width: 898px) 100vw, 898px\" \/>\t\t\t\t\t\t\t\t\t\t\t\t\t\t\t<\/div>\n\t\t\t\t<div class=\"elementor-element elementor-element-000b59c elementor-widget elementor-widget-heading\" data-id=\"000b59c\" data-element_type=\"widget\" data-e-type=\"widget\" data-widget_type=\"heading.default\">\n\t\t\t\t\t<h2 class=\"elementor-heading-title elementor-size-default\">IGLOO 160X180<br>IGLOO 240X320<br>IGLOO 320X320<br>IGLOO 400X350<br>IGLOO 480X450<\/h2>\t\t\t\t<\/div>\n\t\t\t\t<\/div>\n\t\t<div class=\"elementor-element elementor-element-923acb2 e-con-full e-flex e-con e-child\" data-id=\"923acb2\" data-element_type=\"container\" data-e-type=\"container\">\n\t\t\t\t<div class=\"elementor-element elementor-element-f91f78d elementor-widget elementor-widget-heading\" data-id=\"f91f78d\" data-element_type=\"widget\" data-e-type=\"widget\" data-widget_type=\"heading.default\">\n\t\t\t\t\t<h2 class=\"elementor-heading-title elementor-size-default\">Piezas brutas, desbastes hasta 1280 mm de ancho, espesor hasta 400 mm<\/h2>\t\t\t\t<\/div>\n\t\t\t\t<div class=\"elementor-element elementor-element-01aa1cd elementor-widget elementor-widget-image\" data-id=\"01aa1cd\" data-element_type=\"widget\" data-e-type=\"widget\" data-widget_type=\"image.default\">\n\t\t\t\t\t\t\t\t\t\t\t\t\t\t\t<img alt=\"\" loading=\"lazy\" decoding=\"async\" width=\"894\" height=\"677\" src=\"https:\/\/steinex.gtechgroup.support\/wp-content\/uploads\/2025\/01\/lastre-gneiss_stratificata-1.jpg\" class=\"attachment-full size-full wp-image-301\" srcset=\"https:\/\/steinex.gtechgroup.support\/wp-content\/uploads\/2025\/01\/lastre-gneiss_stratificata-1.jpg 894w, https:\/\/steinex.gtechgroup.support\/wp-content\/uploads\/2025\/01\/lastre-gneiss_stratificata-1-300x227.jpg 300w, https:\/\/steinex.gtechgroup.support\/wp-content\/uploads\/2025\/01\/lastre-gneiss_stratificata-1-768x582.jpg 768w, https:\/\/steinex.gtechgroup.support\/wp-content\/uploads\/2025\/01\/lastre-gneiss_stratificata-1-600x454.jpg 600w\" sizes=\"(max-width: 894px) 100vw, 894px\" \/>\t\t\t\t\t\t\t\t\t\t\t\t\t\t\t<\/div>\n\t\t\t\t<div class=\"elementor-element elementor-element-edd2742 elementor-widget elementor-widget-heading\" data-id=\"edd2742\" data-element_type=\"widget\" data-e-type=\"widget\" data-widget_type=\"heading.default\">\n\t\t\t\t\t<h2 class=\"elementor-heading-title elementor-size-default\">BROADWAY 600X320<br>BROADWAY 800X280<br>BROADWAY 800X280 CM<br>BROADWAY 1280X250<br>BROADWAY 1280X400<\/h2>\t\t\t\t<\/div>\n\t\t\t\t<\/div>\n\t\t\t\t\t<\/div>\n\t\t\t\t<\/div>\n\t\t\t\t<\/div>","protected":false},"excerpt":{"rendered":"<p>Spacco di pietre stratificate Home MACCHINARI PER LO SPACCO, LA SFALDATURA E LA CERNITA DELLE PIETRE STRATIFICATE Le pietre stratificate normalmente vengono&nbsp;estratte in lastre, strati o falde di dimensione variabile a&nbsp;seconda del tipo di materiale e possono avere&nbsp;spessori che variano da 10mm fino a 300-400 mm. Steinex srl produce una serie completa di macchine e [&hellip;]<\/p>","protected":false},"author":1,"featured_media":0,"parent":0,"menu_order":0,"comment_status":"closed","ping_status":"closed","template":"","meta":{"_seopress_robots_primary_cat":"","_seopress_titles_title":"Macchinari per lo spacco di pietre stratificate","_seopress_titles_desc":"Scopri le macchine Steinex per lo spacco e la sfaldatura di pietre stratificate, ideali per trasformare lastre e blocchi in prodotti finiti.","_seopress_robots_index":"","footnotes":""},"class_list":["post-287","page","type-page","status-publish","hentry"],"_links":{"self":[{"href":"https:\/\/steinex.gtechgroup.support\/es\/wp-json\/wp\/v2\/pages\/287","targetHints":{"allow":["GET"]}}],"collection":[{"href":"https:\/\/steinex.gtechgroup.support\/es\/wp-json\/wp\/v2\/pages"}],"about":[{"href":"https:\/\/steinex.gtechgroup.support\/es\/wp-json\/wp\/v2\/types\/page"}],"author":[{"embeddable":true,"href":"https:\/\/steinex.gtechgroup.support\/es\/wp-json\/wp\/v2\/users\/1"}],"replies":[{"embeddable":true,"href":"https:\/\/steinex.gtechgroup.support\/es\/wp-json\/wp\/v2\/comments?post=287"}],"version-history":[{"count":18,"href":"https:\/\/steinex.gtechgroup.support\/es\/wp-json\/wp\/v2\/pages\/287\/revisions"}],"predecessor-version":[{"id":14702,"href":"https:\/\/steinex.gtechgroup.support\/es\/wp-json\/wp\/v2\/pages\/287\/revisions\/14702"}],"wp:attachment":[{"href":"https:\/\/steinex.gtechgroup.support\/es\/wp-json\/wp\/v2\/media?parent=287"}],"curies":[{"name":"wp","href":"https:\/\/api.w.org\/{rel}","templated":true}]}}