{"id":585,"date":"2025-01-23T11:46:23","date_gmt":"2025-01-23T11:46:23","guid":{"rendered":"https:\/\/steinex.gtechgroup.support\/?page_id=585"},"modified":"2025-09-19T15:58:39","modified_gmt":"2025-09-19T15:58:39","slug":"impianti-spacco-cemento","status":"publish","type":"page","link":"https:\/\/steinex.gtechgroup.support\/es\/impianti-spacco-cemento\/","title":{"rendered":"Plantas de fraccionamiento de cemento"},"content":{"rendered":"<div data-elementor-type=\"wp-page\" data-elementor-id=\"585\" class=\"elementor elementor-585\" data-elementor-post-type=\"page\">\n\t\t\t\t<div class=\"elementor-element elementor-element-8085611 e-flex e-con-boxed e-con e-parent\" data-id=\"8085611\" data-element_type=\"container\" data-e-type=\"container\" data-settings=\"{&quot;background_background&quot;:&quot;classic&quot;}\">\n\t\t\t\t\t<div class=\"e-con-inner\">\n\t\t<div class=\"elementor-element elementor-element-0bc6d7a e-con-full e-flex e-con e-child\" data-id=\"0bc6d7a\" data-element_type=\"container\" data-e-type=\"container\" data-settings=\"{&quot;background_background&quot;:&quot;classic&quot;}\">\n\t\t\t\t<div class=\"elementor-element elementor-element-ac27ca4 elementor-widget elementor-widget-heading\" data-id=\"ac27ca4\" data-element_type=\"widget\" data-e-type=\"widget\" data-widget_type=\"heading.default\">\n\t\t\t\t\t<h2 class=\"elementor-heading-title elementor-size-default\">Plantas de fraccionamiento de cemento\n<\/h2>\t\t\t\t<\/div>\n\t\t\t\t<div class=\"elementor-element elementor-element-790a6bb elementor-widget elementor-widget-hfe-breadcrumbs-widget\" data-id=\"790a6bb\" data-element_type=\"widget\" data-e-type=\"widget\" data-widget_type=\"hfe-breadcrumbs-widget.default\">\n\t\t\t\t<div class=\"elementor-widget-container\">\n\t\t\t\t\t<nav aria-label=\"Migas de pan\"><ul class=\"hfe-breadcrumbs hfe-breadcrumbs-show-home\"><li class=\"hfe-breadcrumbs-item hfe-breadcrumbs-first\"><span class=\"hfe-breadcrumbs-home-icon\"><\/span><a href=\"https:\/\/steinex.gtechgroup.support\/es\"><span class=\"hfe-breadcrumbs-text\">Inicio<\/span><\/a><\/li><\/ul><\/nav>\t\t\t\t<\/div>\n\t\t\t\t<\/div>\n\t\t\t\t<\/div>\n\t\t\t\t\t<\/div>\n\t\t\t\t<\/div>\n\t\t<div class=\"elementor-element elementor-element-33b66f0 e-flex e-con-boxed e-con e-parent\" data-id=\"33b66f0\" data-element_type=\"container\" data-e-type=\"container\">\n\t\t\t\t\t<div class=\"e-con-inner\">\n\t\t<div class=\"elementor-element elementor-element-c10c307 e-con-full e-flex e-con e-child\" data-id=\"c10c307\" data-element_type=\"container\" data-e-type=\"container\">\n\t\t\t\t<div class=\"elementor-element elementor-element-02c299e elementor-widget elementor-widget-heading\" data-id=\"02c299e\" data-element_type=\"widget\" data-e-type=\"widget\" data-widget_type=\"heading.default\">\n\t\t\t\t\t<h2 class=\"elementor-heading-title elementor-size-default\">PLANTAS DE FRACCIONAMIENTO DE CEMENTO<\/h2>\t\t\t\t<\/div>\n\t\t\t\t<div class=\"elementor-element elementor-element-9ed25eb elementor-widget elementor-widget-text-editor\" data-id=\"9ed25eb\" data-element_type=\"widget\" data-e-type=\"widget\" data-widget_type=\"text-editor.default\">\n\t\t\t\t\t\t\t\t\t<p>Steinex produce soluciones para el fraccionamiento de productos de hormig\u00f3n y cemento basadas en:<\/p><ul><li>Tipo de artefactos (bloques macizos, bloques huecos, losas de diversos grosores, etc.)<\/li><li>Tama\u00f1o y peso de las piezas a procesar;<\/li><li>Capacidad de producci\u00f3n;<\/li><li>Nivel de automatizaci\u00f3n del proceso de divisi\u00f3n;<\/li><li>Sistemas de paletizaci\u00f3n y despaletizaci\u00f3n;<\/li><\/ul><p>Estos criterios pueden variar en funci\u00f3n del presupuesto del cliente. Cada l\u00ednea de corte de hormig\u00f3n cumple las normas de seguridad m\u00e1s estrictas, al tiempo que garantiza la productividad, la facilidad de ejecuci\u00f3n y la comodidad.<\/p><p>Le\u00a0<strong>M\u00e1quinas Steinex para dividir productos de hormig\u00f3n<\/strong>\u00a0suelen cumplir los requisitos de los modelos Wind Star, se construyen con cuatro palas, dos verticales y dos horizontales, y est\u00e1n dise\u00f1adas para utilizarse dentro de\u00a0<strong>l\u00edneas semiautom\u00e1ticas y autom\u00e1ticas<\/strong>.<\/p>\t\t\t\t\t\t\t\t<\/div>\n\t\t\t\t<\/div>\n\t\t\t\t\t<\/div>\n\t\t\t\t<\/div>\n\t\t<div class=\"elementor-element elementor-element-dd45520 e-flex e-con-boxed e-con e-parent\" data-id=\"dd45520\" data-element_type=\"container\" data-e-type=\"container\">\n\t\t\t\t\t<div class=\"e-con-inner\">\n\t\t\t\t<div class=\"elementor-element elementor-element-2dcb09b elementor-widget elementor-widget-heading\" data-id=\"2dcb09b\" data-element_type=\"widget\" data-e-type=\"widget\" data-widget_type=\"heading.default\">\n\t\t\t\t\t<h2 class=\"elementor-heading-title elementor-size-default\">Instalaciones<\/h2>\t\t\t\t<\/div>\n\t\t\t\t\t<\/div>\n\t\t\t\t<\/div>\n\t\t<div class=\"elementor-element elementor-element-3c4f715 e-flex e-con-boxed e-con e-parent\" data-id=\"3c4f715\" data-element_type=\"container\" data-e-type=\"container\">\n\t\t\t\t\t<div class=\"e-con-inner\">\n\t\t<div class=\"elementor-element elementor-element-f9309fb e-con-full e-flex e-con e-child\" data-id=\"f9309fb\" data-element_type=\"container\" data-e-type=\"container\">\n\t\t\t\t<div class=\"elementor-element elementor-element-0318018 elementor-widget elementor-widget-heading\" data-id=\"0318018\" data-element_type=\"widget\" data-e-type=\"widget\" data-widget_type=\"heading.default\">\n\t\t\t\t\t<h2 class=\"elementor-heading-title elementor-size-default\">WINDSTAR CMT 600X320 35T\/2 ECO<\/h2>\t\t\t\t<\/div>\n\t\t\t\t<div class=\"elementor-element elementor-element-90479ce elementor-widget elementor-widget-heading\" data-id=\"90479ce\" data-element_type=\"widget\" data-e-type=\"widget\" data-widget_type=\"heading.default\">\n\t\t\t\t\t<h2 class=\"elementor-heading-title elementor-size-default\">CHILE 2019<br>Partici\u00f3n de bloques de hormig\u00f3n huecos y macizos<\/h2>\t\t\t\t<\/div>\n\t\t\t\t<div class=\"elementor-element elementor-element-e1373e3 elementor-widget elementor-widget-image\" data-id=\"e1373e3\" data-element_type=\"widget\" data-e-type=\"widget\" data-widget_type=\"image.default\">\n\t\t\t\t\t\t\t\t\t\t\t\t\t\t\t<img alt=\"\" fetchpriority=\"high\" decoding=\"async\" width=\"900\" height=\"675\" src=\"https:\/\/steinex.gtechgroup.support\/wp-content\/uploads\/2025\/01\/7_Impianto-Windstar-600-BETON-ECO.jpg\" class=\"attachment-full size-full wp-image-13924\" srcset=\"https:\/\/steinex.gtechgroup.support\/wp-content\/uploads\/2025\/01\/7_Impianto-Windstar-600-BETON-ECO.jpg 900w, https:\/\/steinex.gtechgroup.support\/wp-content\/uploads\/2025\/01\/7_Impianto-Windstar-600-BETON-ECO-300x225.jpg 300w, https:\/\/steinex.gtechgroup.support\/wp-content\/uploads\/2025\/01\/7_Impianto-Windstar-600-BETON-ECO-768x576.jpg 768w, https:\/\/steinex.gtechgroup.support\/wp-content\/uploads\/2025\/01\/7_Impianto-Windstar-600-BETON-ECO-16x12.jpg 16w, https:\/\/steinex.gtechgroup.support\/wp-content\/uploads\/2025\/01\/7_Impianto-Windstar-600-BETON-ECO-600x450.jpg 600w\" sizes=\"(max-width: 900px) 100vw, 900px\" \/>\t\t\t\t\t\t\t\t\t\t\t\t\t\t\t<\/div>\n\t\t\t\t<\/div>\n\t\t<div class=\"elementor-element elementor-element-fae5b51 e-con-full e-flex e-con e-child\" data-id=\"fae5b51\" data-element_type=\"container\" data-e-type=\"container\">\n\t\t\t\t<div class=\"elementor-element elementor-element-6844700 elementor-widget elementor-widget-heading\" data-id=\"6844700\" data-element_type=\"widget\" data-e-type=\"widget\" data-widget_type=\"heading.default\">\n\t\t\t\t\t<h2 class=\"elementor-heading-title elementor-size-default\">WINDSTAR CMT 600X280 35T\/2 AUT<\/h2>\t\t\t\t<\/div>\n\t\t\t\t<div class=\"elementor-element elementor-element-7630320 elementor-widget elementor-widget-heading\" data-id=\"7630320\" data-element_type=\"widget\" data-e-type=\"widget\" data-widget_type=\"heading.default\">\n\t\t\t\t\t<h2 class=\"elementor-heading-title elementor-size-default\">Divisi\u00f3n de bloques de hormig\u00f3n huecos y macizos, divisi\u00f3n de losas macizas de diversos grosores<\/h2>\t\t\t\t<\/div>\n\t\t\t\t<div class=\"elementor-element elementor-element-58df179 elementor-widget elementor-widget-image\" data-id=\"58df179\" data-element_type=\"widget\" data-e-type=\"widget\" data-widget_type=\"image.default\">\n\t\t\t\t\t\t\t\t\t\t\t\t\t\t\t<img alt=\"\" decoding=\"async\" width=\"400\" height=\"284\" src=\"https:\/\/steinex.gtechgroup.support\/wp-content\/uploads\/2025\/01\/2_impianto-CMT-600x280-c-400x284.jpg.webp\" class=\"attachment-full size-full wp-image-13927\" srcset=\"https:\/\/steinex.gtechgroup.support\/wp-content\/uploads\/2025\/01\/2_impianto-CMT-600x280-c-400x284.jpg.webp 400w, https:\/\/steinex.gtechgroup.support\/wp-content\/uploads\/2025\/01\/2_impianto-CMT-600x280-c-400x284.jpg-300x213.webp 300w, https:\/\/steinex.gtechgroup.support\/wp-content\/uploads\/2025\/01\/2_impianto-CMT-600x280-c-400x284.jpg-18x12.webp 18w\" sizes=\"(max-width: 400px) 100vw, 400px\" \/>\t\t\t\t\t\t\t\t\t\t\t\t\t\t\t<\/div>\n\t\t\t\t<\/div>\n\t\t<div class=\"elementor-element elementor-element-8f24a9e e-con-full e-flex e-con e-child\" data-id=\"8f24a9e\" data-element_type=\"container\" data-e-type=\"container\">\n\t\t\t\t<div class=\"elementor-element elementor-element-584d02b elementor-widget elementor-widget-heading\" data-id=\"584d02b\" data-element_type=\"widget\" data-e-type=\"widget\" data-widget_type=\"heading.default\">\n\t\t\t\t\t<h2 class=\"elementor-heading-title elementor-size-default\">WINDSTAR CMT 1280X450 100 T AUT<\/h2>\t\t\t\t<\/div>\n\t\t\t\t<div class=\"elementor-element elementor-element-e701f3d elementor-widget elementor-widget-heading\" data-id=\"e701f3d\" data-element_type=\"widget\" data-e-type=\"widget\" data-widget_type=\"heading.default\">\n\t\t\t\t\t<h2 class=\"elementor-heading-title elementor-size-default\">ALEMANIA 2012<br>Dividir losas macizas de distintos grosores<\/h2>\t\t\t\t<\/div>\n\t\t\t\t<div class=\"elementor-element elementor-element-ed90d67 elementor-widget elementor-widget-image\" data-id=\"ed90d67\" data-element_type=\"widget\" data-e-type=\"widget\" data-widget_type=\"image.default\">\n\t\t\t\t\t\t\t\t\t\t\t\t\t\t\t<img alt=\"\" decoding=\"async\" width=\"400\" height=\"284\" src=\"https:\/\/steinex.gtechgroup.support\/wp-content\/uploads\/2025\/01\/windstar_cmt-400x284.jpg.webp\" class=\"attachment-full size-full wp-image-13926\" srcset=\"https:\/\/steinex.gtechgroup.support\/wp-content\/uploads\/2025\/01\/windstar_cmt-400x284.jpg.webp 400w, https:\/\/steinex.gtechgroup.support\/wp-content\/uploads\/2025\/01\/windstar_cmt-400x284.jpg-300x213.webp 300w, https:\/\/steinex.gtechgroup.support\/wp-content\/uploads\/2025\/01\/windstar_cmt-400x284.jpg-18x12.webp 18w\" sizes=\"(max-width: 400px) 100vw, 400px\" \/>\t\t\t\t\t\t\t\t\t\t\t\t\t\t\t<\/div>\n\t\t\t\t<\/div>\n\t\t<div class=\"elementor-element elementor-element-131e65b e-con-full e-flex e-con e-child\" data-id=\"131e65b\" data-element_type=\"container\" data-e-type=\"container\">\n\t\t\t\t<div class=\"elementor-element elementor-element-5ba6164 elementor-widget elementor-widget-heading\" data-id=\"5ba6164\" data-element_type=\"widget\" data-e-type=\"widget\" data-widget_type=\"heading.default\">\n\t\t\t\t\t<h2 class=\"elementor-heading-title elementor-size-default\">ESQUEMA DE TRAZADO WINDSTAR CMT 1280X450 100 T AUT\n\n<\/h2>\t\t\t\t<\/div>\n\t\t\t\t<div class=\"elementor-element elementor-element-e99d9f4 elementor-widget elementor-widget-image\" data-id=\"e99d9f4\" data-element_type=\"widget\" data-e-type=\"widget\" data-widget_type=\"image.default\">\n\t\t\t\t\t\t\t\t\t\t\t\t\t\t\t<img alt=\"\" loading=\"lazy\" decoding=\"async\" width=\"400\" height=\"284\" src=\"https:\/\/steinex.gtechgroup.support\/wp-content\/uploads\/2025\/01\/kayout-impiant-400x284.jpg.webp\" class=\"attachment-full size-full wp-image-13925\" srcset=\"https:\/\/steinex.gtechgroup.support\/wp-content\/uploads\/2025\/01\/kayout-impiant-400x284.jpg.webp 400w, https:\/\/steinex.gtechgroup.support\/wp-content\/uploads\/2025\/01\/kayout-impiant-400x284.jpg-300x213.webp 300w, https:\/\/steinex.gtechgroup.support\/wp-content\/uploads\/2025\/01\/kayout-impiant-400x284.jpg-18x12.webp 18w\" sizes=\"(max-width: 400px) 100vw, 400px\" \/>\t\t\t\t\t\t\t\t\t\t\t\t\t\t\t<\/div>\n\t\t\t\t<\/div>\n\t\t\t\t\t<\/div>\n\t\t\t\t<\/div>\n\t\t<div class=\"elementor-element elementor-element-c463a5e e-flex e-con-boxed e-con e-parent\" data-id=\"c463a5e\" data-element_type=\"container\" data-e-type=\"container\">\n\t\t\t\t\t<div class=\"e-con-inner\">\n\t\t<div class=\"elementor-element elementor-element-b22aa2b e-con-full e-flex e-con e-child\" data-id=\"b22aa2b\" data-element_type=\"container\" data-e-type=\"container\">\n\t\t\t\t<div class=\"elementor-element elementor-element-d46fd74 elementor-widget elementor-widget-heading\" data-id=\"d46fd74\" data-element_type=\"widget\" data-e-type=\"widget\" data-widget_type=\"heading.default\">\n\t\t\t\t\t<h2 class=\"elementor-heading-title elementor-size-default\">ESQUEMA DE TRAZADO WINDSTAR CMT 600X280 50 T\/2 S-AUT<\/h2>\t\t\t\t<\/div>\n\t\t\t\t<div class=\"elementor-element elementor-element-9005aca elementor-widget elementor-widget-image\" data-id=\"9005aca\" data-element_type=\"widget\" data-e-type=\"widget\" data-widget_type=\"image.default\">\n\t\t\t\t\t\t\t\t\t\t\t\t\t\t\t<img alt=\"\" loading=\"lazy\" decoding=\"async\" width=\"400\" height=\"284\" src=\"https:\/\/steinex.gtechgroup.support\/wp-content\/uploads\/2025\/01\/5_Impianto-completo-400x284.jpg.webp\" class=\"attachment-full size-full wp-image-13932\" srcset=\"https:\/\/steinex.gtechgroup.support\/wp-content\/uploads\/2025\/01\/5_Impianto-completo-400x284.jpg.webp 400w, https:\/\/steinex.gtechgroup.support\/wp-content\/uploads\/2025\/01\/5_Impianto-completo-400x284.jpg-300x213.webp 300w, https:\/\/steinex.gtechgroup.support\/wp-content\/uploads\/2025\/01\/5_Impianto-completo-400x284.jpg-18x12.webp 18w\" sizes=\"(max-width: 400px) 100vw, 400px\" \/>\t\t\t\t\t\t\t\t\t\t\t\t\t\t\t<\/div>\n\t\t\t\t<\/div>\n\t\t<div class=\"elementor-element elementor-element-2186314 e-con-full e-flex e-con e-child\" data-id=\"2186314\" data-element_type=\"container\" data-e-type=\"container\">\n\t\t\t\t<div class=\"elementor-element elementor-element-76338f8 elementor-widget elementor-widget-heading\" data-id=\"76338f8\" data-element_type=\"widget\" data-e-type=\"widget\" data-widget_type=\"heading.default\">\n\t\t\t\t\t<h2 class=\"elementor-heading-title elementor-size-default\">WINDSTAR CMT 600X280 50T\/2 S-AUT<\/h2>\t\t\t\t<\/div>\n\t\t\t\t<div class=\"elementor-element elementor-element-88b52fb elementor-widget elementor-widget-heading\" data-id=\"88b52fb\" data-element_type=\"widget\" data-e-type=\"widget\" data-widget_type=\"heading.default\">\n\t\t\t\t\t<h2 class=\"elementor-heading-title elementor-size-default\">RUMAN\u00cdA 2020\nDivisi\u00f3n de bloques de hormig\u00f3n huecos y macizos<\/h2>\t\t\t\t<\/div>\n\t\t\t\t<div class=\"elementor-element elementor-element-a4961eb elementor-widget elementor-widget-image\" data-id=\"a4961eb\" data-element_type=\"widget\" data-e-type=\"widget\" data-widget_type=\"image.default\">\n\t\t\t\t\t\t\t\t\t\t\t\t\t\t\t<img alt=\"\" loading=\"lazy\" decoding=\"async\" width=\"400\" height=\"284\" src=\"https:\/\/steinex.gtechgroup.support\/wp-content\/uploads\/2025\/01\/8_WindStar-2020-400x284.jpg.webp\" class=\"attachment-full size-full wp-image-13929\" srcset=\"https:\/\/steinex.gtechgroup.support\/wp-content\/uploads\/2025\/01\/8_WindStar-2020-400x284.jpg.webp 400w, https:\/\/steinex.gtechgroup.support\/wp-content\/uploads\/2025\/01\/8_WindStar-2020-400x284.jpg-300x213.webp 300w, https:\/\/steinex.gtechgroup.support\/wp-content\/uploads\/2025\/01\/8_WindStar-2020-400x284.jpg-18x12.webp 18w\" sizes=\"(max-width: 400px) 100vw, 400px\" \/>\t\t\t\t\t\t\t\t\t\t\t\t\t\t\t<\/div>\n\t\t\t\t<\/div>\n\t\t<div class=\"elementor-element elementor-element-a5ef131 e-con-full e-flex e-con e-child\" data-id=\"a5ef131\" data-element_type=\"container\" data-e-type=\"container\">\n\t\t\t\t<div class=\"elementor-element elementor-element-0372160 elementor-widget elementor-widget-heading\" data-id=\"0372160\" data-element_type=\"widget\" data-e-type=\"widget\" data-widget_type=\"heading.default\">\n\t\t\t\t\t<h2 class=\"elementor-heading-title elementor-size-default\">WINDSTAR CMT 600X280 AUT + PALET<\/h2>\t\t\t\t<\/div>\n\t\t\t\t<div class=\"elementor-element elementor-element-1103309 elementor-widget elementor-widget-image\" data-id=\"1103309\" data-element_type=\"widget\" data-e-type=\"widget\" data-widget_type=\"image.default\">\n\t\t\t\t\t\t\t\t\t\t\t\t\t\t\t<img alt=\"\" loading=\"lazy\" decoding=\"async\" width=\"400\" height=\"284\" src=\"https:\/\/steinex.gtechgroup.support\/wp-content\/uploads\/2025\/01\/1_impianto-CMT-600x280-aut1-400x284.jpg.webp\" class=\"attachment-full size-full wp-image-13930\" srcset=\"https:\/\/steinex.gtechgroup.support\/wp-content\/uploads\/2025\/01\/1_impianto-CMT-600x280-aut1-400x284.jpg.webp 400w, https:\/\/steinex.gtechgroup.support\/wp-content\/uploads\/2025\/01\/1_impianto-CMT-600x280-aut1-400x284.jpg-300x213.webp 300w, https:\/\/steinex.gtechgroup.support\/wp-content\/uploads\/2025\/01\/1_impianto-CMT-600x280-aut1-400x284.jpg-18x12.webp 18w\" sizes=\"(max-width: 400px) 100vw, 400px\" \/>\t\t\t\t\t\t\t\t\t\t\t\t\t\t\t<\/div>\n\t\t\t\t<\/div>\n\t\t<div class=\"elementor-element elementor-element-85e96f9 e-con-full e-flex e-con e-child\" data-id=\"85e96f9\" data-element_type=\"container\" data-e-type=\"container\">\n\t\t\t\t<div class=\"elementor-element elementor-element-b42c5e4 elementor-widget elementor-widget-heading\" data-id=\"b42c5e4\" data-element_type=\"widget\" data-e-type=\"widget\" data-widget_type=\"heading.default\">\n\t\t\t\t\t<h2 class=\"elementor-heading-title elementor-size-default\">WINDSTAR PLANTA LAY OUT CMT 600X280 AUT + PALET<\/h2>\t\t\t\t<\/div>\n\t\t\t\t<div class=\"elementor-element elementor-element-10477a4 elementor-widget elementor-widget-image\" data-id=\"10477a4\" data-element_type=\"widget\" data-e-type=\"widget\" data-widget_type=\"image.default\">\n\t\t\t\t\t\t\t\t\t\t\t\t\t\t\t<img alt=\"\" loading=\"lazy\" decoding=\"async\" width=\"400\" height=\"284\" src=\"https:\/\/steinex.gtechgroup.support\/wp-content\/uploads\/2025\/01\/6_Impianto-con-pinza-400x284.jpg.webp\" class=\"attachment-full size-full wp-image-13931\" srcset=\"https:\/\/steinex.gtechgroup.support\/wp-content\/uploads\/2025\/01\/6_Impianto-con-pinza-400x284.jpg.webp 400w, https:\/\/steinex.gtechgroup.support\/wp-content\/uploads\/2025\/01\/6_Impianto-con-pinza-400x284.jpg-300x213.webp 300w, https:\/\/steinex.gtechgroup.support\/wp-content\/uploads\/2025\/01\/6_Impianto-con-pinza-400x284.jpg-18x12.webp 18w\" sizes=\"(max-width: 400px) 100vw, 400px\" \/>\t\t\t\t\t\t\t\t\t\t\t\t\t\t\t<\/div>\n\t\t\t\t<\/div>\n\t\t\t\t\t<\/div>\n\t\t\t\t<\/div>\n\t\t\t\t<\/div>","protected":false},"excerpt":{"rendered":"<p>Impianti spacco cemento Home IMPIANTI SPACCO CEMENTO Steinex produce soluzioni per lo spacco dei manufatti in cemento e calcestruzzo in base a: Tipologia dei manufatti (blocchi pieni, blocchi forati, lastre di vario spessore etc.) Dimensione e peso dei manufatti da lavorare; Capacit\u00e0 produttiva; Livello di automazione del processo di spacco; Sistemi di pallettizzazione e depallettizzazione; [&hellip;]<\/p>","protected":false},"author":1,"featured_media":0,"parent":0,"menu_order":0,"comment_status":"closed","ping_status":"closed","template":"","meta":{"_seopress_robots_primary_cat":"","_seopress_titles_title":"Impianti spacco cemento per blocchi e lastre Steinex","_seopress_titles_desc":"Scopri gli impianti Steinex per lo spacco cemento: efficienza, sicurezza e automazione per blocchi e lastre di ogni dimensione.","_seopress_robots_index":"","footnotes":""},"class_list":["post-585","page","type-page","status-publish","hentry"],"_links":{"self":[{"href":"https:\/\/steinex.gtechgroup.support\/es\/wp-json\/wp\/v2\/pages\/585","targetHints":{"allow":["GET"]}}],"collection":[{"href":"https:\/\/steinex.gtechgroup.support\/es\/wp-json\/wp\/v2\/pages"}],"about":[{"href":"https:\/\/steinex.gtechgroup.support\/es\/wp-json\/wp\/v2\/types\/page"}],"author":[{"embeddable":true,"href":"https:\/\/steinex.gtechgroup.support\/es\/wp-json\/wp\/v2\/users\/1"}],"replies":[{"embeddable":true,"href":"https:\/\/steinex.gtechgroup.support\/es\/wp-json\/wp\/v2\/comments?post=585"}],"version-history":[{"count":22,"href":"https:\/\/steinex.gtechgroup.support\/es\/wp-json\/wp\/v2\/pages\/585\/revisions"}],"predecessor-version":[{"id":15107,"href":"https:\/\/steinex.gtechgroup.support\/es\/wp-json\/wp\/v2\/pages\/585\/revisions\/15107"}],"wp:attachment":[{"href":"https:\/\/steinex.gtechgroup.support\/es\/wp-json\/wp\/v2\/media?parent=585"}],"curies":[{"name":"wp","href":"https:\/\/api.w.org\/{rel}","templated":true}]}}