{"id":13948,"date":"2025-01-29T16:17:35","date_gmt":"2025-01-29T16:17:35","guid":{"rendered":"https:\/\/steinex.gtechgroup.support\/?page_id=13948"},"modified":"2025-09-19T10:22:09","modified_gmt":"2025-09-19T10:22:09","slug":"prodotti-finiti-splittaggio-cemento","status":"publish","type":"page","link":"https:\/\/steinex.gtechgroup.support\/fr\/prodotti-finiti-splittaggio-cemento\/","title":{"rendered":"Split \/ Split Concrete Products"},"content":{"rendered":"<div data-elementor-type=\"wp-page\" data-elementor-id=\"13948\" class=\"elementor elementor-13948\" data-elementor-post-type=\"page\">\n\t\t\t\t<div class=\"elementor-element elementor-element-a33679b e-flex e-con-boxed e-con e-parent\" data-id=\"a33679b\" data-element_type=\"container\" data-e-type=\"container\" data-settings=\"{&quot;background_background&quot;:&quot;classic&quot;}\">\n\t\t\t\t\t<div class=\"e-con-inner\">\n\t\t<div class=\"elementor-element elementor-element-2e106f2 e-con-full e-flex e-con e-child\" data-id=\"2e106f2\" data-element_type=\"container\" data-e-type=\"container\" data-settings=\"{&quot;background_background&quot;:&quot;classic&quot;}\">\n\t\t\t\t<div class=\"elementor-element elementor-element-f22c44f elementor-widget elementor-widget-heading\" data-id=\"f22c44f\" data-element_type=\"widget\" data-e-type=\"widget\" data-widget_type=\"heading.default\">\n\t\t\t\t\t<h2 class=\"elementor-heading-title elementor-size-default\">Split \/ Split Concrete Products\n<\/h2>\t\t\t\t<\/div>\n\t\t\t\t<div class=\"elementor-element elementor-element-6ea10f6 elementor-widget elementor-widget-hfe-breadcrumbs-widget\" data-id=\"6ea10f6\" data-element_type=\"widget\" data-e-type=\"widget\" data-widget_type=\"hfe-breadcrumbs-widget.default\">\n\t\t\t\t<div class=\"elementor-widget-container\">\n\t\t\t\t\t<nav aria-label=\"Fil d&#039;Ariane\"><ul class=\"hfe-breadcrumbs hfe-breadcrumbs-show-home\"><li class=\"hfe-breadcrumbs-item hfe-breadcrumbs-first\"><span class=\"hfe-breadcrumbs-home-icon\"><\/span><a href=\"https:\/\/steinex.gtechgroup.support\/fr\"><span class=\"hfe-breadcrumbs-text\">Accueil<\/span><\/a><\/li><\/ul><\/nav>\t\t\t\t<\/div>\n\t\t\t\t<\/div>\n\t\t\t\t<\/div>\n\t\t\t\t\t<\/div>\n\t\t\t\t<\/div>\n\t\t<div class=\"elementor-element elementor-element-7c4c0bc e-flex e-con-boxed e-con e-parent\" data-id=\"7c4c0bc\" data-element_type=\"container\" data-e-type=\"container\">\n\t\t\t\t\t<div class=\"e-con-inner\">\n\t\t<div class=\"elementor-element elementor-element-fbd5103 e-con-full e-flex e-con e-child\" data-id=\"fbd5103\" data-element_type=\"container\" data-e-type=\"container\">\n\t\t\t\t<div class=\"elementor-element elementor-element-d81e91a elementor-widget elementor-widget-text-editor\" data-id=\"d81e91a\" data-element_type=\"widget\" data-e-type=\"widget\" data-widget_type=\"text-editor.default\">\n\t\t\t\t\t\t\t\t\t<p>Steinex produit de nombreuses solutions pour\u00a0<strong>fendage \/ \u00e9clatement d'objets en b\u00e9ton et en ciment<\/strong>\u00a0selon les besoins d'une client\u00e8le exigeante en termes de qualit\u00e9 et de pr\u00e9cision d'ex\u00e9cution.<\/p><p>Les photos pr\u00e9sent\u00e9es ici ne sont que quelques exemples des produits qui peuvent \u00eatre obtenus.<\/p>\t\t\t\t\t\t\t\t<\/div>\n\t\t\t\t<\/div>\n\t\t<div class=\"elementor-element elementor-element-bdd194e e-con-full e-flex e-con e-child\" data-id=\"bdd194e\" data-element_type=\"container\" data-e-type=\"container\">\n\t\t\t\t<div class=\"elementor-element elementor-element-acb2f71 elementor-widget elementor-widget-image\" data-id=\"acb2f71\" data-element_type=\"widget\" data-e-type=\"widget\" data-widget_type=\"image.default\">\n\t\t\t\t\t\t\t\t\t\t\t\t\t\t\t<img fetchpriority=\"high\" decoding=\"async\" width=\"2000\" height=\"1333\" src=\"https:\/\/steinex.gtechgroup.support\/wp-content\/uploads\/2025\/09\/Impianti-spacco-cemento-banner.jpg\" class=\"attachment-full size-full wp-image-14994\" alt=\"Macchinario industriale per lavorazione automatizzata del legno\" srcset=\"https:\/\/steinex.gtechgroup.support\/wp-content\/uploads\/2025\/09\/Impianti-spacco-cemento-banner.jpg 2000w, https:\/\/steinex.gtechgroup.support\/wp-content\/uploads\/2025\/09\/Impianti-spacco-cemento-banner-300x200.jpg 300w, https:\/\/steinex.gtechgroup.support\/wp-content\/uploads\/2025\/09\/Impianti-spacco-cemento-banner-1024x682.jpg 1024w, https:\/\/steinex.gtechgroup.support\/wp-content\/uploads\/2025\/09\/Impianti-spacco-cemento-banner-768x512.jpg 768w, https:\/\/steinex.gtechgroup.support\/wp-content\/uploads\/2025\/09\/Impianti-spacco-cemento-banner-1536x1024.jpg 1536w, https:\/\/steinex.gtechgroup.support\/wp-content\/uploads\/2025\/09\/Impianti-spacco-cemento-banner-18x12.jpg 18w, https:\/\/steinex.gtechgroup.support\/wp-content\/uploads\/2025\/09\/Impianti-spacco-cemento-banner-600x400.jpg 600w\" sizes=\"(max-width: 2000px) 100vw, 2000px\" \/>\t\t\t\t\t\t\t\t\t\t\t\t\t\t\t<\/div>\n\t\t\t\t<\/div>\n\t\t\t\t\t<\/div>\n\t\t\t\t<\/div>\n\t\t<div class=\"elementor-element elementor-element-2eb033b e-flex e-con-boxed e-con e-parent\" data-id=\"2eb033b\" data-element_type=\"container\" data-e-type=\"container\">\n\t\t\t\t\t<div class=\"e-con-inner\">\n\t\t\t\t<div class=\"elementor-element elementor-element-4d984ca uael-img-grid__column-3 uael-img-grid-tablet__column-3 uael-img-grid-mobile__column-2 uael-ins-normal elementor-widget elementor-widget-uael-image-gallery\" data-id=\"4d984ca\" data-element_type=\"widget\" data-e-type=\"widget\" data-settings=\"{&quot;gallery_columns&quot;:&quot;3&quot;,&quot;gallery_columns_tablet&quot;:&quot;3&quot;,&quot;gallery_columns_mobile&quot;:&quot;2&quot;,&quot;column_gap&quot;:{&quot;unit&quot;:&quot;px&quot;,&quot;size&quot;:20,&quot;sizes&quot;:[]},&quot;column_gap_tablet&quot;:{&quot;unit&quot;:&quot;px&quot;,&quot;size&quot;:&quot;&quot;,&quot;sizes&quot;:[]},&quot;column_gap_mobile&quot;:{&quot;unit&quot;:&quot;px&quot;,&quot;size&quot;:&quot;&quot;,&quot;sizes&quot;:[]},&quot;row_gap&quot;:{&quot;unit&quot;:&quot;px&quot;,&quot;size&quot;:20,&quot;sizes&quot;:[]},&quot;row_gap_tablet&quot;:{&quot;unit&quot;:&quot;px&quot;,&quot;size&quot;:&quot;&quot;,&quot;sizes&quot;:[]},&quot;row_gap_mobile&quot;:{&quot;unit&quot;:&quot;px&quot;,&quot;size&quot;:&quot;&quot;,&quot;sizes&quot;:[]},&quot;images_valign&quot;:&quot;flex-start&quot;}\" data-widget_type=\"uael-image-gallery.default\">\n\t\t\t\t<div class=\"elementor-widget-container\">\n\t\t\t\t\t<div class=\"uael-gallery-parent uael-caption- uael-gallery-unjustified\"><div class=\"uael-img-gallery-wrap uael-img-grid-wrap uael-img-grid-masonry-wrap uael-image-lightbox-wrap\" data-filter-default=\"All\" data-lightbox_actions=\"[&quot;close&quot;]\" data-lightbox-gallery-loop=\"\"><div class=\"uael-grid-item  uael-img-gallery-item-1\"><div class=\"uael-grid-item-content\"><a class=\"uael-grid-img uael-grid-gallery-img uael-ins-hover elementor-clickable\" data-fancybox=\"uael-gallery\" href=\"https:\/\/steinex.gtechgroup.support\/wp-content\/uploads\/2025\/01\/blocchi-splittati-rigati.png\" data-elementor-open-lightbox=\"no\"><div class=\"uael-grid-img-thumbnail uael-ins-target\"><img alt=\"\" decoding=\"async\" width=\"700\" height=\"510\" src=\"https:\/\/steinex.gtechgroup.support\/wp-content\/uploads\/2025\/01\/blocchi-splittati-rigati.png\" class=\"attachment-full size-full wp-image-13955\" srcset=\"https:\/\/steinex.gtechgroup.support\/wp-content\/uploads\/2025\/01\/blocchi-splittati-rigati.png 700w, https:\/\/steinex.gtechgroup.support\/wp-content\/uploads\/2025\/01\/blocchi-splittati-rigati-300x219.png 300w, https:\/\/steinex.gtechgroup.support\/wp-content\/uploads\/2025\/01\/blocchi-splittati-rigati-16x12.png 16w, https:\/\/steinex.gtechgroup.support\/wp-content\/uploads\/2025\/01\/blocchi-splittati-rigati-600x437.png 600w\" sizes=\"(max-width: 700px) 100vw, 700px\" \/><\/div><div class=\"uael-grid-img-overlay\"><\/div><\/a><\/div><\/div><div class=\"uael-grid-item  uael-img-gallery-item-2\"><div class=\"uael-grid-item-content\"><a class=\"uael-grid-img uael-grid-gallery-img uael-ins-hover elementor-clickable\" data-fancybox=\"uael-gallery\" href=\"https:\/\/steinex.gtechgroup.support\/wp-content\/uploads\/2025\/01\/blocchetti-pieni-splittati.png\" data-elementor-open-lightbox=\"no\"><div class=\"uael-grid-img-thumbnail uael-ins-target\"><img alt=\"\" decoding=\"async\" width=\"700\" height=\"510\" src=\"https:\/\/steinex.gtechgroup.support\/wp-content\/uploads\/2025\/01\/blocchetti-pieni-splittati.png\" class=\"attachment-full size-full wp-image-13956\" srcset=\"https:\/\/steinex.gtechgroup.support\/wp-content\/uploads\/2025\/01\/blocchetti-pieni-splittati.png 700w, https:\/\/steinex.gtechgroup.support\/wp-content\/uploads\/2025\/01\/blocchetti-pieni-splittati-300x219.png 300w, https:\/\/steinex.gtechgroup.support\/wp-content\/uploads\/2025\/01\/blocchetti-pieni-splittati-16x12.png 16w, https:\/\/steinex.gtechgroup.support\/wp-content\/uploads\/2025\/01\/blocchetti-pieni-splittati-600x437.png 600w\" sizes=\"(max-width: 700px) 100vw, 700px\" \/><\/div><div class=\"uael-grid-img-overlay\"><\/div><\/a><\/div><\/div><div class=\"uael-grid-item  uael-img-gallery-item-3\"><div class=\"uael-grid-item-content\"><a class=\"uael-grid-img uael-grid-gallery-img uael-ins-hover elementor-clickable\" data-fancybox=\"uael-gallery\" href=\"https:\/\/steinex.gtechgroup.support\/wp-content\/uploads\/2025\/01\/blocchi-forati-splittati.png\" data-elementor-open-lightbox=\"no\"><div class=\"uael-grid-img-thumbnail uael-ins-target\"><img alt=\"\" loading=\"lazy\" decoding=\"async\" width=\"700\" height=\"510\" src=\"https:\/\/steinex.gtechgroup.support\/wp-content\/uploads\/2025\/01\/blocchi-forati-splittati.png\" class=\"attachment-full size-full wp-image-13957\" srcset=\"https:\/\/steinex.gtechgroup.support\/wp-content\/uploads\/2025\/01\/blocchi-forati-splittati.png 700w, https:\/\/steinex.gtechgroup.support\/wp-content\/uploads\/2025\/01\/blocchi-forati-splittati-300x219.png 300w, https:\/\/steinex.gtechgroup.support\/wp-content\/uploads\/2025\/01\/blocchi-forati-splittati-16x12.png 16w, https:\/\/steinex.gtechgroup.support\/wp-content\/uploads\/2025\/01\/blocchi-forati-splittati-600x437.png 600w\" sizes=\"(max-width: 700px) 100vw, 700px\" \/><\/div><div class=\"uael-grid-img-overlay\"><\/div><\/a><\/div><\/div><div class=\"uael-grid-item  uael-img-gallery-item-4\"><div class=\"uael-grid-item-content\"><a class=\"uael-grid-img uael-grid-gallery-img uael-ins-hover elementor-clickable\" data-fancybox=\"uael-gallery\" href=\"https:\/\/steinex.gtechgroup.support\/wp-content\/uploads\/2025\/01\/blocchi-rigati-splittati.png\" data-elementor-open-lightbox=\"no\"><div class=\"uael-grid-img-thumbnail uael-ins-target\"><img alt=\"\" loading=\"lazy\" decoding=\"async\" width=\"700\" height=\"510\" src=\"https:\/\/steinex.gtechgroup.support\/wp-content\/uploads\/2025\/01\/blocchi-rigati-splittati.png\" class=\"attachment-full size-full wp-image-13958\" srcset=\"https:\/\/steinex.gtechgroup.support\/wp-content\/uploads\/2025\/01\/blocchi-rigati-splittati.png 700w, https:\/\/steinex.gtechgroup.support\/wp-content\/uploads\/2025\/01\/blocchi-rigati-splittati-300x219.png 300w, https:\/\/steinex.gtechgroup.support\/wp-content\/uploads\/2025\/01\/blocchi-rigati-splittati-16x12.png 16w, https:\/\/steinex.gtechgroup.support\/wp-content\/uploads\/2025\/01\/blocchi-rigati-splittati-600x437.png 600w\" sizes=\"(max-width: 700px) 100vw, 700px\" \/><\/div><div class=\"uael-grid-img-overlay\"><\/div><\/a><\/div><\/div><div class=\"uael-grid-item  uael-img-gallery-item-5\"><div class=\"uael-grid-item-content\"><a class=\"uael-grid-img uael-grid-gallery-img uael-ins-hover elementor-clickable\" data-fancybox=\"uael-gallery\" href=\"https:\/\/steinex.gtechgroup.support\/wp-content\/uploads\/2025\/01\/PRODOTTI-CEMENTO.png\" data-elementor-open-lightbox=\"no\"><div class=\"uael-grid-img-thumbnail uael-ins-target\"><img alt=\"\" loading=\"lazy\" decoding=\"async\" width=\"565\" height=\"424\" src=\"https:\/\/steinex.gtechgroup.support\/wp-content\/uploads\/2025\/01\/PRODOTTI-CEMENTO.png\" class=\"attachment-full size-full wp-image-13959\" srcset=\"https:\/\/steinex.gtechgroup.support\/wp-content\/uploads\/2025\/01\/PRODOTTI-CEMENTO.png 565w, https:\/\/steinex.gtechgroup.support\/wp-content\/uploads\/2025\/01\/PRODOTTI-CEMENTO-300x225.png 300w, https:\/\/steinex.gtechgroup.support\/wp-content\/uploads\/2025\/01\/PRODOTTI-CEMENTO-16x12.png 16w\" sizes=\"(max-width: 565px) 100vw, 565px\" \/><\/div><div class=\"uael-grid-img-overlay\"><\/div><\/a><\/div><\/div><div class=\"uael-grid-item  uael-img-gallery-item-6\"><div class=\"uael-grid-item-content\"><a class=\"uael-grid-img uael-grid-gallery-img uael-ins-hover elementor-clickable\" data-fancybox=\"uael-gallery\" href=\"https:\/\/steinex.gtechgroup.support\/wp-content\/uploads\/2025\/01\/PRODOTTI-CEMENTO-STEINEX.png\" data-elementor-open-lightbox=\"no\"><div class=\"uael-grid-img-thumbnail uael-ins-target\"><img alt=\"\" loading=\"lazy\" decoding=\"async\" width=\"552\" height=\"414\" src=\"https:\/\/steinex.gtechgroup.support\/wp-content\/uploads\/2025\/01\/PRODOTTI-CEMENTO-STEINEX.png\" class=\"attachment-full size-full wp-image-13960\" srcset=\"https:\/\/steinex.gtechgroup.support\/wp-content\/uploads\/2025\/01\/PRODOTTI-CEMENTO-STEINEX.png 552w, https:\/\/steinex.gtechgroup.support\/wp-content\/uploads\/2025\/01\/PRODOTTI-CEMENTO-STEINEX-300x225.png 300w, https:\/\/steinex.gtechgroup.support\/wp-content\/uploads\/2025\/01\/PRODOTTI-CEMENTO-STEINEX-16x12.png 16w\" sizes=\"(max-width: 552px) 100vw, 552px\" \/><\/div><div class=\"uael-grid-img-overlay\"><\/div><\/a><\/div><\/div><div class=\"uael-grid-item  uael-img-gallery-item-7\"><div class=\"uael-grid-item-content\"><a class=\"uael-grid-img uael-grid-gallery-img uael-ins-hover elementor-clickable\" data-fancybox=\"uael-gallery\" href=\"https:\/\/steinex.gtechgroup.support\/wp-content\/uploads\/2025\/01\/PRODOTTI-CEMENTO-STEINEX-SPACCATO.png\" data-elementor-open-lightbox=\"no\"><div class=\"uael-grid-img-thumbnail uael-ins-target\"><img alt=\"\" loading=\"lazy\" decoding=\"async\" width=\"620\" height=\"465\" src=\"https:\/\/steinex.gtechgroup.support\/wp-content\/uploads\/2025\/01\/PRODOTTI-CEMENTO-STEINEX-SPACCATO.png\" class=\"attachment-full size-full wp-image-13961\" srcset=\"https:\/\/steinex.gtechgroup.support\/wp-content\/uploads\/2025\/01\/PRODOTTI-CEMENTO-STEINEX-SPACCATO.png 620w, https:\/\/steinex.gtechgroup.support\/wp-content\/uploads\/2025\/01\/PRODOTTI-CEMENTO-STEINEX-SPACCATO-300x225.png 300w, https:\/\/steinex.gtechgroup.support\/wp-content\/uploads\/2025\/01\/PRODOTTI-CEMENTO-STEINEX-SPACCATO-16x12.png 16w, https:\/\/steinex.gtechgroup.support\/wp-content\/uploads\/2025\/01\/PRODOTTI-CEMENTO-STEINEX-SPACCATO-600x450.png 600w\" sizes=\"(max-width: 620px) 100vw, 620px\" \/><\/div><div class=\"uael-grid-img-overlay\"><\/div><\/a><\/div><\/div><div class=\"uael-grid-item  uael-img-gallery-item-8\"><div class=\"uael-grid-item-content\"><a class=\"uael-grid-img uael-grid-gallery-img uael-ins-hover elementor-clickable\" data-fancybox=\"uael-gallery\" href=\"https:\/\/steinex.gtechgroup.support\/wp-content\/uploads\/2025\/01\/SPACCATO-STEINEX.png\" data-elementor-open-lightbox=\"no\"><div class=\"uael-grid-img-thumbnail uael-ins-target\"><img alt=\"\" loading=\"lazy\" decoding=\"async\" width=\"696\" height=\"522\" src=\"https:\/\/steinex.gtechgroup.support\/wp-content\/uploads\/2025\/01\/SPACCATO-STEINEX.png\" class=\"attachment-full size-full wp-image-13962\" srcset=\"https:\/\/steinex.gtechgroup.support\/wp-content\/uploads\/2025\/01\/SPACCATO-STEINEX.png 696w, https:\/\/steinex.gtechgroup.support\/wp-content\/uploads\/2025\/01\/SPACCATO-STEINEX-300x225.png 300w, https:\/\/steinex.gtechgroup.support\/wp-content\/uploads\/2025\/01\/SPACCATO-STEINEX-16x12.png 16w, https:\/\/steinex.gtechgroup.support\/wp-content\/uploads\/2025\/01\/SPACCATO-STEINEX-600x450.png 600w\" sizes=\"(max-width: 696px) 100vw, 696px\" \/><\/div><div class=\"uael-grid-img-overlay\"><\/div><\/a><\/div><\/div><div class=\"uael-grid-item  uael-img-gallery-item-9\"><div class=\"uael-grid-item-content\"><a class=\"uael-grid-img uael-grid-gallery-img uael-ins-hover elementor-clickable\" data-fancybox=\"uael-gallery\" href=\"https:\/\/steinex.gtechgroup.support\/wp-content\/uploads\/2025\/01\/applicazioni-cemento.png\" data-elementor-open-lightbox=\"no\"><div class=\"uael-grid-img-thumbnail uael-ins-target\"><img alt=\"\" loading=\"lazy\" decoding=\"async\" width=\"1366\" height=\"768\" src=\"https:\/\/steinex.gtechgroup.support\/wp-content\/uploads\/2025\/01\/applicazioni-cemento.png\" class=\"attachment-full size-full wp-image-13966\" srcset=\"https:\/\/steinex.gtechgroup.support\/wp-content\/uploads\/2025\/01\/applicazioni-cemento.png 1366w, https:\/\/steinex.gtechgroup.support\/wp-content\/uploads\/2025\/01\/applicazioni-cemento-300x169.png 300w, https:\/\/steinex.gtechgroup.support\/wp-content\/uploads\/2025\/01\/applicazioni-cemento-1024x576.png 1024w, https:\/\/steinex.gtechgroup.support\/wp-content\/uploads\/2025\/01\/applicazioni-cemento-768x432.png 768w, https:\/\/steinex.gtechgroup.support\/wp-content\/uploads\/2025\/01\/applicazioni-cemento-18x10.png 18w, https:\/\/steinex.gtechgroup.support\/wp-content\/uploads\/2025\/01\/applicazioni-cemento-600x337.png 600w\" sizes=\"(max-width: 1366px) 100vw, 1366px\" \/><\/div><div class=\"uael-grid-img-overlay\"><\/div><\/a><\/div><\/div><div class=\"uael-grid-item  uael-img-gallery-item-10\"><div class=\"uael-grid-item-content\"><a class=\"uael-grid-img uael-grid-gallery-img uael-ins-hover elementor-clickable\" data-fancybox=\"uael-gallery\" href=\"https:\/\/steinex.gtechgroup.support\/wp-content\/uploads\/2025\/01\/PRODOTTI-CEMENTO-SLITTAGGIO.png\" data-elementor-open-lightbox=\"no\"><div class=\"uael-grid-img-thumbnail uael-ins-target\"><img alt=\"\" loading=\"lazy\" decoding=\"async\" width=\"484\" height=\"363\" src=\"https:\/\/steinex.gtechgroup.support\/wp-content\/uploads\/2025\/01\/PRODOTTI-CEMENTO-SLITTAGGIO.png\" class=\"attachment-full size-full wp-image-13964\" srcset=\"https:\/\/steinex.gtechgroup.support\/wp-content\/uploads\/2025\/01\/PRODOTTI-CEMENTO-SLITTAGGIO.png 484w, https:\/\/steinex.gtechgroup.support\/wp-content\/uploads\/2025\/01\/PRODOTTI-CEMENTO-SLITTAGGIO-300x225.png 300w, https:\/\/steinex.gtechgroup.support\/wp-content\/uploads\/2025\/01\/PRODOTTI-CEMENTO-SLITTAGGIO-16x12.png 16w\" sizes=\"(max-width: 484px) 100vw, 484px\" \/><\/div><div class=\"uael-grid-img-overlay\"><\/div><\/a><\/div><\/div><\/div><\/div>\t\t\t\t<\/div>\n\t\t\t\t<\/div>\n\t\t\t\t\t<\/div>\n\t\t\t\t<\/div>\n\t\t\t\t<\/div>","protected":false},"excerpt":{"rendered":"<p>Prodotti Cemento Spaccato \/ Splittato Home Steinex produce numerose soluzioni per lo\u00a0spacco \/ splittaggio dei manufatti in cemento e calcestruzzo\u00a0in base alle necessit\u00e0 di una clientela esigente in termini di qualit\u00e0 e precisione delle lavorazioni. Le foto qui riportate sono solo alcuni esempi dei prodotti ottenibili.<\/p>","protected":false},"author":1,"featured_media":0,"parent":0,"menu_order":0,"comment_status":"closed","ping_status":"closed","template":"","meta":{"_seopress_robots_primary_cat":"","_seopress_titles_title":"Cemento Spaccato di Qualit\u00e0 per Manufatti Precisi","_seopress_titles_desc":"Scopri soluzioni Steinex per lo spacco di cemento e calcestruzzo, con prodotti di qualit\u00e0 e precisione per risultati eccellenti.","_seopress_robots_index":"","footnotes":""},"class_list":["post-13948","page","type-page","status-publish","hentry"],"_links":{"self":[{"href":"https:\/\/steinex.gtechgroup.support\/fr\/wp-json\/wp\/v2\/pages\/13948","targetHints":{"allow":["GET"]}}],"collection":[{"href":"https:\/\/steinex.gtechgroup.support\/fr\/wp-json\/wp\/v2\/pages"}],"about":[{"href":"https:\/\/steinex.gtechgroup.support\/fr\/wp-json\/wp\/v2\/types\/page"}],"author":[{"embeddable":true,"href":"https:\/\/steinex.gtechgroup.support\/fr\/wp-json\/wp\/v2\/users\/1"}],"replies":[{"embeddable":true,"href":"https:\/\/steinex.gtechgroup.support\/fr\/wp-json\/wp\/v2\/comments?post=13948"}],"version-history":[{"count":19,"href":"https:\/\/steinex.gtechgroup.support\/fr\/wp-json\/wp\/v2\/pages\/13948\/revisions"}],"predecessor-version":[{"id":14997,"href":"https:\/\/steinex.gtechgroup.support\/fr\/wp-json\/wp\/v2\/pages\/13948\/revisions\/14997"}],"wp:attachment":[{"href":"https:\/\/steinex.gtechgroup.support\/fr\/wp-json\/wp\/v2\/media?parent=13948"}],"curies":[{"name":"wp","href":"https:\/\/api.w.org\/{rel}","templated":true}]}}