{"id":14099,"date":"2025-02-04T17:12:16","date_gmt":"2025-02-04T17:12:16","guid":{"rendered":"https:\/\/steinex.gtechgroup.support\/?page_id=14099"},"modified":"2025-09-19T15:36:03","modified_gmt":"2025-09-19T15:36:03","slug":"macchine-per-finiture-speciali","status":"publish","type":"page","link":"https:\/\/steinex.gtechgroup.support\/fr\/macchine-per-finiture-speciali\/","title":{"rendered":"Machines de finition sp\u00e9ciales"},"content":{"rendered":"<div data-elementor-type=\"wp-page\" data-elementor-id=\"14099\" class=\"elementor elementor-14099\" data-elementor-post-type=\"page\">\n\t\t\t\t<div class=\"elementor-element elementor-element-40a2dc0 e-flex e-con-boxed e-con e-parent\" data-id=\"40a2dc0\" data-element_type=\"container\" data-e-type=\"container\" data-settings=\"{&quot;background_background&quot;:&quot;classic&quot;}\">\n\t\t\t\t\t<div class=\"e-con-inner\">\n\t\t<div class=\"elementor-element elementor-element-dea4441 e-con-full e-flex e-con e-child\" data-id=\"dea4441\" data-element_type=\"container\" data-e-type=\"container\" data-settings=\"{&quot;background_background&quot;:&quot;classic&quot;}\">\n\t\t\t\t<div class=\"elementor-element elementor-element-273fb57 elementor-widget elementor-widget-heading\" data-id=\"273fb57\" data-element_type=\"widget\" data-e-type=\"widget\" data-widget_type=\"heading.default\">\n\t\t\t\t\t<h2 class=\"elementor-heading-title elementor-size-default\">Machines de finition sp\u00e9ciales<\/h2>\t\t\t\t<\/div>\n\t\t\t\t<div class=\"elementor-element elementor-element-c45b627 elementor-widget elementor-widget-hfe-breadcrumbs-widget\" data-id=\"c45b627\" data-element_type=\"widget\" data-e-type=\"widget\" data-widget_type=\"hfe-breadcrumbs-widget.default\">\n\t\t\t\t<div class=\"elementor-widget-container\">\n\t\t\t\t\t<nav aria-label=\"Fil d&#039;Ariane\"><ul class=\"hfe-breadcrumbs hfe-breadcrumbs-show-home\"><li class=\"hfe-breadcrumbs-item hfe-breadcrumbs-first\"><span class=\"hfe-breadcrumbs-home-icon\"><\/span><a href=\"https:\/\/steinex.gtechgroup.support\/fr\"><span class=\"hfe-breadcrumbs-text\">Accueil<\/span><\/a><\/li><\/ul><\/nav>\t\t\t\t<\/div>\n\t\t\t\t<\/div>\n\t\t\t\t<\/div>\n\t\t\t\t\t<\/div>\n\t\t\t\t<\/div>\n\t\t<div class=\"elementor-element elementor-element-3f3577d e-flex e-con-boxed e-con e-parent\" data-id=\"3f3577d\" data-element_type=\"container\" data-e-type=\"container\">\n\t\t\t\t\t<div class=\"e-con-inner\">\n\t\t<div class=\"elementor-element elementor-element-24bddc1 e-con-full e-flex e-con e-child\" data-id=\"24bddc1\" data-element_type=\"container\" data-e-type=\"container\">\n\t\t\t\t<div class=\"elementor-element elementor-element-5269534 elementor-widget elementor-widget-heading\" data-id=\"5269534\" data-element_type=\"widget\" data-e-type=\"widget\" data-widget_type=\"heading.default\">\n\t\t\t\t\t<h2 class=\"elementor-heading-title elementor-size-default\">MACHINES \u00c0 GAUFRER ET \u00c0 D\u00c9COUPER<\/h2>\t\t\t\t<\/div>\n\t\t\t\t<div class=\"elementor-element elementor-element-a6939d7 elementor-widget elementor-widget-text-editor\" data-id=\"a6939d7\" data-element_type=\"widget\" data-e-type=\"widget\" data-widget_type=\"text-editor.default\">\n\t\t\t\t\t\t\t\t\t<p><strong>A partir de dalles sci\u00e9es<\/strong>&nbsp;on obtient une quantit\u00e9 importante de chutes qui, dans la plupart des cas, sont mises en d\u00e9charge. Steinex produit&nbsp;<strong>trois mod\u00e8les de machines \u00e0 gaufrer<\/strong>&nbsp;qui permettent&nbsp;<strong>utiliser ces d\u00e9chets<\/strong>&nbsp;avec les avantages \u00e9conomiques et environnementaux qui en d\u00e9coulent. I&nbsp;<strong>lattes et fentes<\/strong>&nbsp;obtenus avec ces mod\u00e8les ont une finition rugueuse tr\u00e8s esth\u00e9tique.<\/p>\n<p>La&nbsp;<strong>L'homme<\/strong>&nbsp;\u00e0&nbsp;<strong>fonctionnement enti\u00e8rement manuel<\/strong>&nbsp;id\u00e9al pour les clients qui n'ont pas d'exigences particuli\u00e8res en mati\u00e8re de production, le&nbsp;<strong>Machine \u00e0 poignarder S-A<\/strong>&nbsp;au lieu de&nbsp;<strong>conduire<\/strong>&nbsp;<strong>automatique<\/strong>&nbsp;pour les clients plus exigeants. Les deux mod\u00e8les permettent de gaufrer ou de festonner des pi\u00e8ces d'une largeur maximale de 180 mm. Pour compl\u00e9ter la gamme, Steinex a d\u00e9velopp\u00e9 le mod\u00e8le&nbsp;<strong>Machine \u00e0 poignarder Aut<\/strong>est un mod\u00e8le de machine de gaufrage\/texturation pour l'usinage de pi\u00e8ces de 60 \u00e0 300 mm de large et jusqu'\u00e0 100 mm d'\u00e9paisseur.  La technologie adopt\u00e9e par Steinex pour ce mod\u00e8le garantit une qualit\u00e9 d'usinage optimale.<strong>haute qualit\u00e9 des produits<\/strong>&nbsp;ainsi que celle des mains habiles d'excellents tailleurs de pierre.<\/p>\t\t\t\t\t\t\t\t<\/div>\n\t\t\t\t<div class=\"elementor-element elementor-element-b8a4af3 elementor-widget elementor-widget-text-editor\" data-id=\"b8a4af3\" data-element_type=\"widget\" data-e-type=\"widget\" data-widget_type=\"text-editor.default\">\n\t\t\t\t\t\t\t\t\t<table><tbody><tr><td><strong>L'homme<\/strong><\/td><td>60-180 mm<\/td><td>pierres de taille et lattes rustiques<\/td><\/tr><tr><td><strong>Machine \u00e0 poignarder S-A<\/strong><br \/>machine \u00e0 peler semi-automatique<\/td><td>60-180 mm<\/td><td>pierres de taille et lattes rustiques<\/td><\/tr><tr><td><strong>Machine \u00e0 poignarder Aut<\/strong><br \/>machine de pelage automatique<\/td><td>60-300 mm<\/td><td>dalles, pierres de taille, lattes, rustique ou scape<\/td><\/tr><\/tbody><\/table>\t\t\t\t\t\t\t\t<\/div>\n\t\t\t\t<\/div>\n\t\t<div class=\"elementor-element elementor-element-6e4b05d e-con-full e-flex e-con e-child\" data-id=\"6e4b05d\" data-element_type=\"container\" data-e-type=\"container\">\n\t\t\t\t<div class=\"elementor-element elementor-element-271917d elementor-widget-mobile__width-initial elementor-widget elementor-widget-image\" data-id=\"271917d\" data-element_type=\"widget\" data-e-type=\"widget\" data-widget_type=\"image.default\">\n\t\t\t\t\t\t\t\t\t\t\t\t\t\t\t<img alt=\"\" fetchpriority=\"high\" decoding=\"async\" width=\"400\" height=\"284\" src=\"https:\/\/steinex.gtechgroup.support\/wp-content\/uploads\/2025\/02\/Bugnatrice-S-A-lato-400x284.jpg.webp\" class=\"attachment-full size-full wp-image-14107\" srcset=\"https:\/\/steinex.gtechgroup.support\/wp-content\/uploads\/2025\/02\/Bugnatrice-S-A-lato-400x284.jpg.webp 400w, https:\/\/steinex.gtechgroup.support\/wp-content\/uploads\/2025\/02\/Bugnatrice-S-A-lato-400x284.jpg-300x213.webp 300w, https:\/\/steinex.gtechgroup.support\/wp-content\/uploads\/2025\/02\/Bugnatrice-S-A-lato-400x284.jpg-18x12.webp 18w\" sizes=\"(max-width: 400px) 100vw, 400px\" \/>\t\t\t\t\t\t\t\t\t\t\t\t\t\t\t<\/div>\n\t\t\t\t<div class=\"elementor-element elementor-element-162e817 elementor-widget-mobile__width-initial elementor-widget elementor-widget-image\" data-id=\"162e817\" data-element_type=\"widget\" data-e-type=\"widget\" data-widget_type=\"image.default\">\n\t\t\t\t\t\t\t\t\t\t\t\t\t\t\t<img alt=\"\" decoding=\"async\" width=\"400\" height=\"284\" src=\"https:\/\/steinex.gtechgroup.support\/wp-content\/uploads\/2025\/02\/BUGNATRICE_steinex-400x284.jpg.webp\" class=\"attachment-full size-full wp-image-14108\" srcset=\"https:\/\/steinex.gtechgroup.support\/wp-content\/uploads\/2025\/02\/BUGNATRICE_steinex-400x284.jpg.webp 400w, https:\/\/steinex.gtechgroup.support\/wp-content\/uploads\/2025\/02\/BUGNATRICE_steinex-400x284.jpg-300x213.webp 300w, https:\/\/steinex.gtechgroup.support\/wp-content\/uploads\/2025\/02\/BUGNATRICE_steinex-400x284.jpg-18x12.webp 18w\" sizes=\"(max-width: 400px) 100vw, 400px\" \/>\t\t\t\t\t\t\t\t\t\t\t\t\t\t\t<\/div>\n\t\t\t\t<div class=\"elementor-element elementor-element-f28f431 elementor-widget elementor-widget-image\" data-id=\"f28f431\" data-element_type=\"widget\" data-e-type=\"widget\" data-widget_type=\"image.default\">\n\t\t\t\t\t\t\t\t\t\t\t\t\t\t\t<img alt=\"\" decoding=\"async\" width=\"400\" height=\"284\" src=\"https:\/\/steinex.gtechgroup.support\/wp-content\/uploads\/2025\/02\/rivestimento-spaccatello-400x284.jpg.webp\" class=\"attachment-full size-full wp-image-14109\" srcset=\"https:\/\/steinex.gtechgroup.support\/wp-content\/uploads\/2025\/02\/rivestimento-spaccatello-400x284.jpg.webp 400w, https:\/\/steinex.gtechgroup.support\/wp-content\/uploads\/2025\/02\/rivestimento-spaccatello-400x284.jpg-300x213.webp 300w, https:\/\/steinex.gtechgroup.support\/wp-content\/uploads\/2025\/02\/rivestimento-spaccatello-400x284.jpg-18x12.webp 18w\" sizes=\"(max-width: 400px) 100vw, 400px\" \/>\t\t\t\t\t\t\t\t\t\t\t\t\t\t\t<\/div>\n\t\t\t\t<\/div>\n\t\t\t\t\t<\/div>\n\t\t\t\t<\/div>\n\t\t<div class=\"elementor-element elementor-element-fb3e0b1 e-flex e-con-boxed e-con e-parent\" data-id=\"fb3e0b1\" data-element_type=\"container\" data-e-type=\"container\">\n\t\t\t\t\t<div class=\"e-con-inner\">\n\t\t<div class=\"elementor-element elementor-element-a669a63 e-con-full e-flex e-con e-child\" data-id=\"a669a63\" data-element_type=\"container\" data-e-type=\"container\">\n\t\t\t\t<div class=\"elementor-element elementor-element-58e7a80 elementor-widget elementor-widget-heading\" data-id=\"58e7a80\" data-element_type=\"widget\" data-e-type=\"widget\" data-widget_type=\"heading.default\">\n\t\t\t\t\t<h2 class=\"elementor-heading-title elementor-size-default\">IGLOO 200V - MACHINE SEMI-AUTOMATIQUE<\/h2>\t\t\t\t<\/div>\n\t\t\t\t<div class=\"elementor-element elementor-element-d72e7a5 elementor-widget elementor-widget-text-editor\" data-id=\"d72e7a5\" data-element_type=\"widget\" data-e-type=\"widget\" data-widget_type=\"text-editor.default\">\n\t\t\t\t\t\t\t\t\t<div class=\"et_pb_column et_pb_column_2_3 et_pb_column_3  et_pb_css_mix_blend_mode_passthrough\"><div class=\"et_pb_module et_pb_text et_pb_text_4 et_pb_text_align_left et_pb_bg_layout_light et_had_animation\"><div class=\"et_pb_text_inner\"><p>Le mod\u00e8le\u00a0<strong>L'Igloo 200V est une machine semi-automatique<\/strong>\u00a0qui, gr\u00e2ce \u00e0 l'alimentation par deux rampes diff\u00e9rentes, permet \u00e0 la fois l'utilisation de l'appareil et l'utilisation de l'\u00e9quipement.\u00a0<strong>la production de lattes<\/strong>\u00a0ou de<strong>\u00a0splaccatelli<\/strong>\u00a0que celle de\u00a0<strong>cubes.<\/strong> L'alimentation par la rampe 1 permet le fendage semi-automatique de tr\u00e8s longues pi\u00e8ces jusqu'\u00e0 200 mm de large et 100 mm d'\u00e9paisseur pour la production de lattes et de fentes avec deux longs c\u00f4t\u00e9s fendus ainsi que de cubes. L'alimentation par la rampe 2 permet de fendre en deux des pi\u00e8ces sci\u00e9es \u00e0 6 c\u00f4t\u00e9s d'une longueur maximale de 100 mm et d'une hauteur maximale de 40 mm. Il en r\u00e9sulte des fentes ou de petites bandes minces de taille fixe avec 5 c\u00f4t\u00e9s sci\u00e9s et le c\u00f4t\u00e9 visible fendu, qui peuvent \u00eatre coll\u00e9es.<\/p><\/div><\/div><\/div>\t\t\t\t\t\t\t\t<\/div>\n\t\t\t\t<\/div>\n\t\t<div class=\"elementor-element elementor-element-7cc67c5 e-con-full e-flex e-con e-child\" data-id=\"7cc67c5\" data-element_type=\"container\" data-e-type=\"container\">\n\t\t\t\t<div class=\"elementor-element elementor-element-fd05f60 elementor-widget elementor-widget-image\" data-id=\"fd05f60\" data-element_type=\"widget\" data-e-type=\"widget\" data-widget_type=\"image.default\">\n\t\t\t\t\t\t\t\t\t\t\t\t\t\t\t<img alt=\"\" loading=\"lazy\" decoding=\"async\" width=\"400\" height=\"284\" src=\"https:\/\/steinex.gtechgroup.support\/wp-content\/uploads\/2025\/02\/Igloo-200V-400x284.jpg.webp\" class=\"attachment-full size-full wp-image-14110\" srcset=\"https:\/\/steinex.gtechgroup.support\/wp-content\/uploads\/2025\/02\/Igloo-200V-400x284.jpg.webp 400w, https:\/\/steinex.gtechgroup.support\/wp-content\/uploads\/2025\/02\/Igloo-200V-400x284.jpg-300x213.webp 300w, https:\/\/steinex.gtechgroup.support\/wp-content\/uploads\/2025\/02\/Igloo-200V-400x284.jpg-18x12.webp 18w\" sizes=\"(max-width: 400px) 100vw, 400px\" \/>\t\t\t\t\t\t\t\t\t\t\t\t\t\t\t<\/div>\n\t\t\t\t<\/div>\n\t\t\t\t\t<\/div>\n\t\t\t\t<\/div>\n\t\t<div class=\"elementor-element elementor-element-79fd352 e-flex e-con-boxed e-con e-parent\" data-id=\"79fd352\" data-element_type=\"container\" data-e-type=\"container\">\n\t\t\t\t\t<div class=\"e-con-inner\">\n\t\t<div class=\"elementor-element elementor-element-96abec6 e-con-full e-flex e-con e-child\" data-id=\"96abec6\" data-element_type=\"container\" data-e-type=\"container\">\n\t\t\t\t<div class=\"elementor-element elementor-element-18c20fe elementor-widget elementor-widget-heading\" data-id=\"18c20fe\" data-element_type=\"widget\" data-e-type=\"widget\" data-widget_type=\"heading.default\">\n\t\t\t\t\t<h2 class=\"elementor-heading-title elementor-size-default\">IGLOO 400 ET BROADWAY 1280 DECOSTER<\/h2>\t\t\t\t<\/div>\n\t\t\t\t<div class=\"elementor-element elementor-element-3cdb4d6 elementor-widget elementor-widget-text-editor\" data-id=\"3cdb4d6\" data-element_type=\"widget\" data-e-type=\"widget\" data-widget_type=\"text-editor.default\">\n\t\t\t\t\t\t\t\t\t<p>Pour les\u00a0<strong>finition sp\u00e9ciale<\/strong>\u00a0de\u00a0<strong>c\u00f4tes jusqu'\u00e0 45<\/strong>\u00a0Steinex produit le\u00a0<strong>mod\u00e8les Igloo 400 et Broadway 1280 Decoster.<\/strong>\u00a0Traditionnellement, les Lose ou Piode sont\u00a0<strong>dalles de pierre utilis\u00e9es comme tuiles<\/strong>\u00a0ou comme\u00a0<strong>dalles de rev\u00eatement<\/strong>\u00a0et ont la particularit\u00e9 d'avoir les nervures fendues \u00e0 l'\u00e9querre de 30 \u00e0 45\u00b0.  Ce type de finition est r\u00e9alis\u00e9 \u00e0 la fois comme un choix esth\u00e9tique et, surtout, technique pour l'utilisation de l'acier.\u00a0<strong>l'\u00e9coulement des eaux de pluie<\/strong>\u00a0dans le cas d'une toiture ou comme finition d'angle dans le cas d'une toiture.\u00a0<strong>les rev\u00eatements muraux.<\/strong><\/p><p><span style=\"background-color: var( --e-global-color-secondary ); font-family: var( --e-global-typography-text-font-family ), Sans-serif; font-weight: var( --e-global-typography-text-font-weight );\">Le mod\u00e8le Igloo 400 permet un fractionnement hors \u00e9querre de 30 \u00e0 45\u00b0 sur des dalles jusqu'\u00e0 400 mm de large, tandis que le mod\u00e8le Broadway 1280 permet un fractionnement hors \u00e9querre sur des dalles jusqu'\u00e0 1300 mm de large. Dans les deux cas, l'\u00e9paisseur sera de 20 mm.<\/span><\/p>\t\t\t\t\t\t\t\t<\/div>\n\t\t\t\t<\/div>\n\t\t<div class=\"elementor-element elementor-element-f67113a e-con-full e-flex e-con e-child\" data-id=\"f67113a\" data-element_type=\"container\" data-e-type=\"container\">\n\t\t\t\t<div class=\"elementor-element elementor-element-7804996 elementor-widget-mobile__width-initial elementor-widget elementor-widget-image\" data-id=\"7804996\" data-element_type=\"widget\" data-e-type=\"widget\" data-widget_type=\"image.default\">\n\t\t\t\t\t\t\t\t\t\t\t\t\t\t\t<img alt=\"\" loading=\"lazy\" decoding=\"async\" width=\"400\" height=\"284\" src=\"https:\/\/steinex.gtechgroup.support\/wp-content\/uploads\/2025\/02\/BUGNATRICE-400x284.jpg.webp\" class=\"attachment-full size-full wp-image-14112\" srcset=\"https:\/\/steinex.gtechgroup.support\/wp-content\/uploads\/2025\/02\/BUGNATRICE-400x284.jpg.webp 400w, https:\/\/steinex.gtechgroup.support\/wp-content\/uploads\/2025\/02\/BUGNATRICE-400x284.jpg-300x213.webp 300w, https:\/\/steinex.gtechgroup.support\/wp-content\/uploads\/2025\/02\/BUGNATRICE-400x284.jpg-18x12.webp 18w\" sizes=\"(max-width: 400px) 100vw, 400px\" \/>\t\t\t\t\t\t\t\t\t\t\t\t\t\t\t<\/div>\n\t\t\t\t<div class=\"elementor-element elementor-element-7ff9bb6 elementor-widget-mobile__width-initial elementor-widget elementor-widget-image\" data-id=\"7ff9bb6\" data-element_type=\"widget\" data-e-type=\"widget\" data-widget_type=\"image.default\">\n\t\t\t\t\t\t\t\t\t\t\t\t\t\t\t<img alt=\"\" loading=\"lazy\" decoding=\"async\" width=\"400\" height=\"284\" src=\"https:\/\/steinex.gtechgroup.support\/wp-content\/uploads\/2025\/02\/coste-steinex-1-400x284.jpg.webp\" class=\"attachment-full size-full wp-image-14111\" srcset=\"https:\/\/steinex.gtechgroup.support\/wp-content\/uploads\/2025\/02\/coste-steinex-1-400x284.jpg.webp 400w, https:\/\/steinex.gtechgroup.support\/wp-content\/uploads\/2025\/02\/coste-steinex-1-400x284.jpg-300x213.webp 300w, https:\/\/steinex.gtechgroup.support\/wp-content\/uploads\/2025\/02\/coste-steinex-1-400x284.jpg-18x12.webp 18w\" sizes=\"(max-width: 400px) 100vw, 400px\" \/>\t\t\t\t\t\t\t\t\t\t\t\t\t\t\t<\/div>\n\t\t\t\t<\/div>\n\t\t\t\t\t<\/div>\n\t\t\t\t<\/div>\n\t\t\t\t<\/div>","protected":false},"excerpt":{"rendered":"<p>Home MACCHINE BUGNATRICI E SCAPEZZATRICI Dalla segagione delle lastre segate&nbsp;si ottiene un importante quantitativo di ritagli che nella maggior parte dei casi vengono collocati in discarica. Steinex produce&nbsp;tre modelli di macchine bugnatrici&nbsp;che consentono di&nbsp;utilizzare questi&nbsp; ritagli\/rifiuti&nbsp;con conseguente beneficio economico ed ambientale. I&nbsp;listelli e gli spaccatelli&nbsp;che si ottengono con questi modelli hanno una finitura grezza molto [&hellip;]<\/p>","protected":false},"author":1,"featured_media":0,"parent":0,"menu_order":0,"comment_status":"closed","ping_status":"closed","template":"","meta":{"_seopress_robots_primary_cat":"","_seopress_titles_title":"Macchine bugnatrici e scapezzatrici Steinex innovative","_seopress_titles_desc":"Scopri le macchine bugnatrici e scapezzatrici Steinex: soluzioni innovative per lavorare la pietra riducendo sprechi con benefici economici ed ecologici.","_seopress_robots_index":"","footnotes":""},"class_list":["post-14099","page","type-page","status-publish","hentry"],"_links":{"self":[{"href":"https:\/\/steinex.gtechgroup.support\/fr\/wp-json\/wp\/v2\/pages\/14099","targetHints":{"allow":["GET"]}}],"collection":[{"href":"https:\/\/steinex.gtechgroup.support\/fr\/wp-json\/wp\/v2\/pages"}],"about":[{"href":"https:\/\/steinex.gtechgroup.support\/fr\/wp-json\/wp\/v2\/types\/page"}],"author":[{"embeddable":true,"href":"https:\/\/steinex.gtechgroup.support\/fr\/wp-json\/wp\/v2\/users\/1"}],"replies":[{"embeddable":true,"href":"https:\/\/steinex.gtechgroup.support\/fr\/wp-json\/wp\/v2\/comments?post=14099"}],"version-history":[{"count":13,"href":"https:\/\/steinex.gtechgroup.support\/fr\/wp-json\/wp\/v2\/pages\/14099\/revisions"}],"predecessor-version":[{"id":15050,"href":"https:\/\/steinex.gtechgroup.support\/fr\/wp-json\/wp\/v2\/pages\/14099\/revisions\/15050"}],"wp:attachment":[{"href":"https:\/\/steinex.gtechgroup.support\/fr\/wp-json\/wp\/v2\/media?parent=14099"}],"curies":[{"name":"wp","href":"https:\/\/api.w.org\/{rel}","templated":true}]}}