{"id":14156,"date":"2025-02-07T10:58:23","date_gmt":"2025-02-07T10:58:23","guid":{"rendered":"https:\/\/steinex.gtechgroup.support\/?page_id=14156"},"modified":"2025-09-12T13:58:09","modified_gmt":"2025-09-12T13:58:09","slug":"impianti-per-la-sfaldatura-di-pietre-stratificate","status":"publish","type":"page","link":"https:\/\/steinex.gtechgroup.support\/fr\/impianti-per-la-sfaldatura-di-pietre-stratificate\/","title":{"rendered":"Plantes pour l'\u00e9caillage de la pierre stratifi\u00e9e"},"content":{"rendered":"<div data-elementor-type=\"wp-page\" data-elementor-id=\"14156\" class=\"elementor elementor-14156\" data-elementor-post-type=\"page\">\n\t\t\t\t<div class=\"elementor-element elementor-element-27de5e5 e-flex e-con-boxed e-con e-parent\" data-id=\"27de5e5\" data-element_type=\"container\" data-e-type=\"container\" data-settings=\"{&quot;background_background&quot;:&quot;classic&quot;}\">\n\t\t\t\t\t<div class=\"e-con-inner\">\n\t\t<div class=\"elementor-element elementor-element-ebfd6d9 e-con-full e-flex e-con e-child\" data-id=\"ebfd6d9\" data-element_type=\"container\" data-e-type=\"container\" data-settings=\"{&quot;background_background&quot;:&quot;classic&quot;}\">\n\t\t\t\t<div class=\"elementor-element elementor-element-e3db725 elementor-widget elementor-widget-heading\" data-id=\"e3db725\" data-element_type=\"widget\" data-e-type=\"widget\" data-widget_type=\"heading.default\">\n\t\t\t\t\t<h2 class=\"elementor-heading-title elementor-size-default\">Plantes pour l'\u00e9caillage de la pierre stratifi\u00e9e<\/h2>\t\t\t\t<\/div>\n\t\t\t\t<div class=\"elementor-element elementor-element-3708127 elementor-widget elementor-widget-hfe-breadcrumbs-widget\" data-id=\"3708127\" data-element_type=\"widget\" data-e-type=\"widget\" data-widget_type=\"hfe-breadcrumbs-widget.default\">\n\t\t\t\t<div class=\"elementor-widget-container\">\n\t\t\t\t\t<nav aria-label=\"Fil d&#039;Ariane\"><ul class=\"hfe-breadcrumbs hfe-breadcrumbs-show-home\"><li class=\"hfe-breadcrumbs-item hfe-breadcrumbs-first\"><span class=\"hfe-breadcrumbs-home-icon\"><\/span><a href=\"https:\/\/steinex.gtechgroup.support\/fr\"><span class=\"hfe-breadcrumbs-text\">Accueil<\/span><\/a><\/li><\/ul><\/nav>\t\t\t\t<\/div>\n\t\t\t\t<\/div>\n\t\t\t\t<\/div>\n\t\t\t\t\t<\/div>\n\t\t\t\t<\/div>\n\t\t<div class=\"elementor-element elementor-element-6c1c3a4 e-flex e-con-boxed e-con e-parent\" data-id=\"6c1c3a4\" data-element_type=\"container\" data-e-type=\"container\">\n\t\t\t\t\t<div class=\"e-con-inner\">\n\t\t<div class=\"elementor-element elementor-element-7bbbfad e-con-full e-flex e-con e-child\" data-id=\"7bbbfad\" data-element_type=\"container\" data-e-type=\"container\">\n\t\t\t\t<div class=\"elementor-element elementor-element-b37a758 elementor-widget elementor-widget-text-editor\" data-id=\"b37a758\" data-element_type=\"widget\" data-e-type=\"widget\" data-widget_type=\"text-editor.default\">\n\t\t\t\t\t\t\t\t\t<p>La<strong>\u00a0l'\u00e9caillage de pierres stratifi\u00e9es<\/strong>\u00a0est une activit\u00e9 manuelle pratiqu\u00e9e dans le monde entier. Des mains habiles savent, \u00e0 l'aide de maillets et de coins, localiser la bonne veine dans les pierres pour exfolier les couches et tailler des dalles r\u00e9guli\u00e8res. Une activit\u00e9 qui demande un effort physique consid\u00e9rable de la part des ouvriers qui \u00e9caillent manuellement plusieurs couches de pierre.\u00a0<strong>tonnes de pierre<\/strong>\u00a0par jour. Gr\u00e2ce \u00e0 son propre d\u00e9partement de recherche, Steinex a aujourd'hui l'honneur d'\u00eatre la premi\u00e8re entreprise \u00e0 avoir trouv\u00e9 un moyen de r\u00e9duire les \u00e9missions de gaz \u00e0 effet de serre.\u00a0<strong>m\u00e9caniser ce processus.<\/strong>\u00a0Avec le syst\u00e8me Igloo SFD, vous pouvez\u00a0<strong>blocs d'\u00e9cailles jusqu'\u00e0 une hauteur de 800 mm<\/strong>tandis qu'avec l'installation Menhir SFD, des blocs d'une hauteur allant jusqu'\u00e0 1600 mm peuvent \u00eatre floconn\u00e9s.  Toutes les op\u00e9rations de\u00a0<strong>manutention et floconnage, mouvements des convoyeurs, des manipulateurs et des machines<\/strong>\u00a0<strong>sont g\u00e9r\u00e9s confortablement<\/strong>\u00a0avec le\u00a0<strong>consoles et joysticks<\/strong>\u00a0<strong>sans effort physique<\/strong>\u00a0par l'op\u00e9rateur.<\/p>\t\t\t\t\t\t\t\t<\/div>\n\t\t\t\t<\/div>\n\t\t<div class=\"elementor-element elementor-element-4b29d7e e-con-full e-flex e-con e-child\" data-id=\"4b29d7e\" data-element_type=\"container\" data-e-type=\"container\">\n\t\t\t\t<div class=\"elementor-element elementor-element-51743b5 elementor-widget elementor-widget-image\" data-id=\"51743b5\" data-element_type=\"widget\" data-e-type=\"widget\" data-widget_type=\"image.default\">\n\t\t\t\t\t\t\t\t\t\t\t\t\t\t\t<img alt=\"\" fetchpriority=\"high\" decoding=\"async\" width=\"400\" height=\"284\" src=\"https:\/\/steinex.gtechgroup.support\/wp-content\/uploads\/2025\/02\/blocchetto-sfaldato-con-Igloo-SFD-400x284.jpeg.webp\" class=\"attachment-full size-full wp-image-14160\" srcset=\"https:\/\/steinex.gtechgroup.support\/wp-content\/uploads\/2025\/02\/blocchetto-sfaldato-con-Igloo-SFD-400x284.jpeg.webp 400w, https:\/\/steinex.gtechgroup.support\/wp-content\/uploads\/2025\/02\/blocchetto-sfaldato-con-Igloo-SFD-400x284.jpeg-300x213.webp 300w, https:\/\/steinex.gtechgroup.support\/wp-content\/uploads\/2025\/02\/blocchetto-sfaldato-con-Igloo-SFD-400x284.jpeg-18x12.webp 18w\" sizes=\"(max-width: 400px) 100vw, 400px\" \/>\t\t\t\t\t\t\t\t\t\t\t\t\t\t\t<\/div>\n\t\t\t\t<\/div>\n\t\t\t\t\t<\/div>\n\t\t\t\t<\/div>\n\t\t\t\t<\/div>","protected":false},"excerpt":{"rendered":"<p>Impianti per la sfaldatura di pietre stratificate Home La\u00a0sfaldatura delle pietre stratificate\u00a0\u00e8 un\u2019attivit\u00e0 che in tutto il mondo viene eseguita manualmente. Mani sapienti con l\u2019ausilio di mazze e cunei sanno individuare la giusta vena delle pietre per esfoliare gli strati e ricavarne delle lastre regolari. Un\u2019attivit\u00e0 che richiede un notevole sforzo fisico da parte degli [&hellip;]<\/p>","protected":false},"author":1,"featured_media":0,"parent":0,"menu_order":0,"comment_status":"closed","ping_status":"closed","template":"","meta":{"_seopress_robots_primary_cat":"","_seopress_titles_title":"Impianti per sfaldatura pietre stratificate innovativi","_seopress_titles_desc":"Scopri gli impianti Steinex per la sfaldatura di pietre stratificate: innovazione, efficienza e precisione senza sforzo fisico.","_seopress_robots_index":"","footnotes":""},"class_list":["post-14156","page","type-page","status-publish","hentry"],"_links":{"self":[{"href":"https:\/\/steinex.gtechgroup.support\/fr\/wp-json\/wp\/v2\/pages\/14156","targetHints":{"allow":["GET"]}}],"collection":[{"href":"https:\/\/steinex.gtechgroup.support\/fr\/wp-json\/wp\/v2\/pages"}],"about":[{"href":"https:\/\/steinex.gtechgroup.support\/fr\/wp-json\/wp\/v2\/types\/page"}],"author":[{"embeddable":true,"href":"https:\/\/steinex.gtechgroup.support\/fr\/wp-json\/wp\/v2\/users\/1"}],"replies":[{"embeddable":true,"href":"https:\/\/steinex.gtechgroup.support\/fr\/wp-json\/wp\/v2\/comments?post=14156"}],"version-history":[{"count":7,"href":"https:\/\/steinex.gtechgroup.support\/fr\/wp-json\/wp\/v2\/pages\/14156\/revisions"}],"predecessor-version":[{"id":14706,"href":"https:\/\/steinex.gtechgroup.support\/fr\/wp-json\/wp\/v2\/pages\/14156\/revisions\/14706"}],"wp:attachment":[{"href":"https:\/\/steinex.gtechgroup.support\/fr\/wp-json\/wp\/v2\/media?parent=14156"}],"curies":[{"name":"wp","href":"https:\/\/api.w.org\/{rel}","templated":true}]}}