{"id":14177,"date":"2025-02-07T14:05:15","date_gmt":"2025-02-07T14:05:15","guid":{"rendered":"https:\/\/steinex.gtechgroup.support\/?page_id=14177"},"modified":"2025-02-07T14:10:40","modified_gmt":"2025-02-07T14:10:40","slug":"linee-semiautomatiche","status":"publish","type":"page","link":"https:\/\/steinex.gtechgroup.support\/fr\/linee-semiautomatiche\/","title":{"rendered":"Lignes semi-automatiques"},"content":{"rendered":"<div data-elementor-type=\"wp-page\" data-elementor-id=\"14177\" class=\"elementor elementor-14177\" data-elementor-post-type=\"page\">\n\t\t\t\t<div class=\"elementor-element elementor-element-4b6704b e-flex e-con-boxed e-con e-parent\" data-id=\"4b6704b\" data-element_type=\"container\" data-e-type=\"container\" data-settings=\"{&quot;background_background&quot;:&quot;classic&quot;}\">\n\t\t\t\t\t<div class=\"e-con-inner\">\n\t\t<div class=\"elementor-element elementor-element-8b5b30d e-con-full e-flex e-con e-child\" data-id=\"8b5b30d\" data-element_type=\"container\" data-e-type=\"container\" data-settings=\"{&quot;background_background&quot;:&quot;classic&quot;}\">\n\t\t\t\t<div class=\"elementor-element elementor-element-9092eca elementor-widget elementor-widget-heading\" data-id=\"9092eca\" data-element_type=\"widget\" data-e-type=\"widget\" data-widget_type=\"heading.default\">\n\t\t\t\t\t<h2 class=\"elementor-heading-title elementor-size-default\">Lignes semi-automatiques<\/h2>\t\t\t\t<\/div>\n\t\t\t\t<div class=\"elementor-element elementor-element-9cf1690 elementor-widget elementor-widget-hfe-breadcrumbs-widget\" data-id=\"9cf1690\" data-element_type=\"widget\" data-e-type=\"widget\" data-widget_type=\"hfe-breadcrumbs-widget.default\">\n\t\t\t\t<div class=\"elementor-widget-container\">\n\t\t\t\t\t<nav aria-label=\"Fil d&#039;Ariane\"><ul class=\"hfe-breadcrumbs hfe-breadcrumbs-show-home\"><li class=\"hfe-breadcrumbs-item hfe-breadcrumbs-first\"><span class=\"hfe-breadcrumbs-home-icon\"><\/span><a href=\"https:\/\/steinex.gtechgroup.support\/fr\"><span class=\"hfe-breadcrumbs-text\">Accueil<\/span><\/a><\/li><\/ul><\/nav>\t\t\t\t<\/div>\n\t\t\t\t<\/div>\n\t\t\t\t<\/div>\n\t\t\t\t\t<\/div>\n\t\t\t\t<\/div>\n\t\t<div class=\"elementor-element elementor-element-5106c52 e-flex e-con-boxed e-con e-parent\" data-id=\"5106c52\" data-element_type=\"container\" data-e-type=\"container\">\n\t\t\t\t\t<div class=\"e-con-inner\">\n\t\t<div class=\"elementor-element elementor-element-39d4b66 e-con-full e-flex e-con e-child\" data-id=\"39d4b66\" data-element_type=\"container\" data-e-type=\"container\">\n\t\t\t\t<div class=\"elementor-element elementor-element-d02ce89 elementor-widget elementor-widget-heading\" data-id=\"d02ce89\" data-element_type=\"widget\" data-e-type=\"widget\" data-widget_type=\"heading.default\">\n\t\t\t\t\t<h2 class=\"elementor-heading-title elementor-size-default\">BROADWAY+SHERPA 200X200 - BROADWAY+SHERPA 600 2C - BROADWAY+SHERPA 1280<\/h2>\t\t\t\t<\/div>\n\t\t\t\t<div class=\"elementor-element elementor-element-f7fe633 elementor-widget elementor-widget-text-editor\" data-id=\"f7fe633\" data-element_type=\"widget\" data-e-type=\"widget\" data-widget_type=\"text-editor.default\">\n\t\t\t\t\t\t\t\t\t<p>Ces\u00a0<strong>lignes semi-automatiques<\/strong>\u00a0ont \u00e9t\u00e9 con\u00e7ues pour briser les pierres\u00a0<strong>avec deux surfaces sci\u00e9es<\/strong>\u00a0ou de toute fa\u00e7on\u00a0<strong>avec deux plans r\u00e9guliers.<\/strong>\u00a0Le mod\u00e8le 200\u00d7200 est adapt\u00e9 \u00e0 la production de\u00a0<strong>cubes, liants et chapes<\/strong>\u00a0avec des largeurs et des \u00e9paisseurs allant jusqu'\u00e0 200 mm. Pour maximiser la qualit\u00e9 du fendage, le mod\u00e8le 600 2C est \u00e9quip\u00e9 de deux cylindres, inf\u00e9rieur et sup\u00e9rieur.  Il convient \u00e0 la production de briques et de pierres murales d'une largeur allant jusqu'\u00e0 600 mm et d'une \u00e9paisseur allant jusqu'\u00e0 320 mm. Ces deux lignes semi-automatiques sont \u00e9quip\u00e9es d'une centrale hydraulique \u00e0 haut rendement, avec des co\u00fbts d'entretien r\u00e9duits et une grande efficacit\u00e9.<br \/>La\u00a0<strong>Ligne semi-automatique 1280<\/strong>\u00a0consiste en une machine puissante\u00a0<strong>Broadway avec 160 tonnes de pression<\/strong>\u00a0qui permet le fractionnement des pi\u00e8ces avec une surface r\u00e9guli\u00e8re de\u00a0<strong>largeur jusqu'\u00e0 1280 mm<\/strong>\u00a0(l'espace libre est de 1430 mm) et l'\u00e9paisseur jusqu'\u00e0 400 mm. Les lames sont \u00e9quip\u00e9es du syst\u00e8me d'adaptation individuelle de l'outil de type 2RB.<\/p>\t\t\t\t\t\t\t\t<\/div>\n\t\t\t\t<\/div>\n\t\t<div class=\"elementor-element elementor-element-9e5630a e-con-full e-flex e-con e-child\" data-id=\"9e5630a\" data-element_type=\"container\" data-e-type=\"container\">\n\t\t\t\t<div class=\"elementor-element elementor-element-1080dcf elementor-widget elementor-widget-image\" data-id=\"1080dcf\" data-element_type=\"widget\" data-e-type=\"widget\" data-widget_type=\"image.default\">\n\t\t\t\t\t\t\t\t\t\t\t\t\t\t\t<img alt=\"\" fetchpriority=\"high\" decoding=\"async\" width=\"400\" height=\"284\" src=\"https:\/\/steinex.gtechgroup.support\/wp-content\/uploads\/2025\/02\/BroadwaySherpa800_2CRFNG-1-400x284.jpg.webp\" class=\"attachment-full size-full wp-image-14181\" srcset=\"https:\/\/steinex.gtechgroup.support\/wp-content\/uploads\/2025\/02\/BroadwaySherpa800_2CRFNG-1-400x284.jpg.webp 400w, https:\/\/steinex.gtechgroup.support\/wp-content\/uploads\/2025\/02\/BroadwaySherpa800_2CRFNG-1-400x284.jpg-300x213.webp 300w, https:\/\/steinex.gtechgroup.support\/wp-content\/uploads\/2025\/02\/BroadwaySherpa800_2CRFNG-1-400x284.jpg-18x12.webp 18w\" sizes=\"(max-width: 400px) 100vw, 400px\" \/>\t\t\t\t\t\t\t\t\t\t\t\t\t\t\t<\/div>\n\t\t\t\t<\/div>\n\t\t\t\t\t<\/div>\n\t\t\t\t<\/div>\n\t\t\t\t<\/div>","protected":false},"excerpt":{"rendered":"<p>Linee semiautomatiche Home BROADWAY+SHERPA 200X200 \u2013 BROADWAY+SHERPA 600 2C \u2013 BROADWAY+SHERPA 1280 Queste\u00a0linee semi-automatiche\u00a0sono state progettate per spaccare pietre\u00a0con due superfici segate\u00a0o comunque\u00a0con due piani regolari.\u00a0Il modello 200\u00d7200 \u00e8 indicato per la produzione di\u00a0cubetti, binderi e masselli\u00a0con larghezza e spessore fino a 200mm. Il modello 600 2C per massimizzare la qualit\u00e0 dello spacco \u00e8 dotato [&hellip;]<\/p>","protected":false},"author":1,"featured_media":0,"parent":0,"menu_order":0,"comment_status":"closed","ping_status":"closed","template":"","meta":{"_seopress_robots_primary_cat":"","_seopress_titles_title":"Linee semi-automatiche per spacco pietra professionale","_seopress_titles_desc":"Scopri le linee semiautomatiche BROADWAY+SHERPA per spacco pietra con massima efficienza, qualit\u00e0 e prestazioni elevate.","_seopress_robots_index":"","footnotes":""},"class_list":["post-14177","page","type-page","status-publish","hentry"],"_links":{"self":[{"href":"https:\/\/steinex.gtechgroup.support\/fr\/wp-json\/wp\/v2\/pages\/14177","targetHints":{"allow":["GET"]}}],"collection":[{"href":"https:\/\/steinex.gtechgroup.support\/fr\/wp-json\/wp\/v2\/pages"}],"about":[{"href":"https:\/\/steinex.gtechgroup.support\/fr\/wp-json\/wp\/v2\/types\/page"}],"author":[{"embeddable":true,"href":"https:\/\/steinex.gtechgroup.support\/fr\/wp-json\/wp\/v2\/users\/1"}],"replies":[{"embeddable":true,"href":"https:\/\/steinex.gtechgroup.support\/fr\/wp-json\/wp\/v2\/comments?post=14177"}],"version-history":[{"count":4,"href":"https:\/\/steinex.gtechgroup.support\/fr\/wp-json\/wp\/v2\/pages\/14177\/revisions"}],"predecessor-version":[{"id":14184,"href":"https:\/\/steinex.gtechgroup.support\/fr\/wp-json\/wp\/v2\/pages\/14177\/revisions\/14184"}],"wp:attachment":[{"href":"https:\/\/steinex.gtechgroup.support\/fr\/wp-json\/wp\/v2\/media?parent=14177"}],"curies":[{"name":"wp","href":"https:\/\/api.w.org\/{rel}","templated":true}]}}