{"id":14188,"date":"2025-02-07T14:42:10","date_gmt":"2025-02-07T14:42:10","guid":{"rendered":"https:\/\/steinex.gtechgroup.support\/?page_id=14188"},"modified":"2025-09-17T09:27:22","modified_gmt":"2025-09-17T09:27:22","slug":"linee-automatiche","status":"publish","type":"page","link":"https:\/\/steinex.gtechgroup.support\/fr\/linee-automatiche\/","title":{"rendered":"Lignes automatiques"},"content":{"rendered":"<div data-elementor-type=\"wp-page\" data-elementor-id=\"14188\" class=\"elementor elementor-14188\" data-elementor-post-type=\"page\">\n\t\t\t\t<div class=\"elementor-element elementor-element-1c5b64c e-flex e-con-boxed e-con e-parent\" data-id=\"1c5b64c\" data-element_type=\"container\" data-e-type=\"container\" data-settings=\"{&quot;background_background&quot;:&quot;classic&quot;}\">\n\t\t\t\t\t<div class=\"e-con-inner\">\n\t\t<div class=\"elementor-element elementor-element-6138793 e-con-full e-flex e-con e-child\" data-id=\"6138793\" data-element_type=\"container\" data-e-type=\"container\" data-settings=\"{&quot;background_background&quot;:&quot;classic&quot;}\">\n\t\t\t\t<div class=\"elementor-element elementor-element-110570d elementor-widget elementor-widget-heading\" data-id=\"110570d\" data-element_type=\"widget\" data-e-type=\"widget\" data-widget_type=\"heading.default\">\n\t\t\t\t\t<h2 class=\"elementor-heading-title elementor-size-default\">Lignes automatiques<\/h2>\t\t\t\t<\/div>\n\t\t\t\t<div class=\"elementor-element elementor-element-752c6e0 elementor-widget elementor-widget-hfe-breadcrumbs-widget\" data-id=\"752c6e0\" data-element_type=\"widget\" data-e-type=\"widget\" data-widget_type=\"hfe-breadcrumbs-widget.default\">\n\t\t\t\t<div class=\"elementor-widget-container\">\n\t\t\t\t\t<nav aria-label=\"Fil d&#039;Ariane\"><ul class=\"hfe-breadcrumbs hfe-breadcrumbs-show-home\"><li class=\"hfe-breadcrumbs-item hfe-breadcrumbs-first\"><span class=\"hfe-breadcrumbs-home-icon\"><\/span><a href=\"https:\/\/steinex.gtechgroup.support\/fr\"><span class=\"hfe-breadcrumbs-text\">Accueil<\/span><\/a><\/li><\/ul><\/nav>\t\t\t\t<\/div>\n\t\t\t\t<\/div>\n\t\t\t\t<\/div>\n\t\t\t\t\t<\/div>\n\t\t\t\t<\/div>\n\t\t<div class=\"elementor-element elementor-element-ee4a07d e-flex e-con-boxed e-con e-parent\" data-id=\"ee4a07d\" data-element_type=\"container\" data-e-type=\"container\">\n\t\t\t\t\t<div class=\"e-con-inner\">\n\t\t<div class=\"elementor-element elementor-element-79e1188 e-con-full e-flex e-con e-child\" data-id=\"79e1188\" data-element_type=\"container\" data-e-type=\"container\">\n\t\t\t\t<div class=\"elementor-element elementor-element-37881ed elementor-widget elementor-widget-text-editor\" data-id=\"37881ed\" data-element_type=\"widget\" data-e-type=\"widget\" data-widget_type=\"text-editor.default\">\n\t\t\t\t\t\t\t\t\t<p>Steinex a toujours \u00e9t\u00e9 \u00e0 l'avant-garde de l'offre de produits de qualit\u00e9.\u00a0<strong>des solutions technologiques avanc\u00e9es<\/strong>\u00a0aux clients les plus exigeants depuis plus de 45 ans, r\u00e9alise des projets d'envergure.\u00a0<strong>installations automatiques<\/strong>\u00a0pour la production de cubes et d'artefacts \u00e0 surface sci\u00e9e obtenus par fendage de dalles du\u00a0<strong>le sciage de blocs monolithiques.<\/strong><\/p><p>Les dalles peuvent avoir une surface sci\u00e9e, flamm\u00e9e ou bouchard\u00e9e avec une largeur allant jusqu'\u00e0 1600 et une \u00e9paisseur allant jusqu'\u00e0 600 mm. Une gamme compl\u00e8te de\u00a0<strong>machines et installations semi-automatiques ou enti\u00e8rement automatiques<\/strong>\u00a0pour r\u00e9pondre aux besoins d'une client\u00e8le tr\u00e8s exigeante.  Chaque mod\u00e8le Menhir est \u00e9quip\u00e9 de\u00a0<strong>groupe hydraulique silencieux \u00e0 haut rendement<\/strong>\u00a0et le client peut choisir diff\u00e9rentes options de\u00a0<strong>configuration de la pompe<\/strong>\u00a0tels que ceux de\u00a0<strong>rampe ascendante<\/strong>\u00a0ou ceux de\u00a0<strong>D\u00e9bit variable<\/strong>\u00a0qui permettent de r\u00e9gler la vitesse \u00e0 laquelle la lame commence \u00e0 exercer une pression sur la pierre \u00e0 fendre.<\/p><p><strong>Enfin, les groupes hydrauliques peuvent \u00eatre \u00e9quip\u00e9s de syst\u00e8mes de chauffage ou de refroidissement \u00e0 l'huile.<\/strong><\/p>\t\t\t\t\t\t\t\t<\/div>\n\t\t\t\t<\/div>\n\t\t<div class=\"elementor-element elementor-element-a7882d6 e-con-full e-flex e-con e-child\" data-id=\"a7882d6\" data-element_type=\"container\" data-e-type=\"container\">\n\t\t\t\t<div class=\"elementor-element elementor-element-46b809a elementor-widget elementor-widget-image\" data-id=\"46b809a\" data-element_type=\"widget\" data-e-type=\"widget\" data-widget_type=\"image.default\">\n\t\t\t\t\t\t\t\t\t\t\t\t\t\t\t<img fetchpriority=\"high\" decoding=\"async\" width=\"900\" height=\"675\" src=\"https:\/\/steinex.gtechgroup.support\/wp-content\/uploads\/2025\/09\/3m-1300x600-2C-c.jpg\" class=\"attachment-full size-full wp-image-14781\" alt=\"Schema impianto industriale con nastri trasportatori\" srcset=\"https:\/\/steinex.gtechgroup.support\/wp-content\/uploads\/2025\/09\/3m-1300x600-2C-c.jpg 900w, https:\/\/steinex.gtechgroup.support\/wp-content\/uploads\/2025\/09\/3m-1300x600-2C-c-300x225.jpg 300w, https:\/\/steinex.gtechgroup.support\/wp-content\/uploads\/2025\/09\/3m-1300x600-2C-c-768x576.jpg 768w, https:\/\/steinex.gtechgroup.support\/wp-content\/uploads\/2025\/09\/3m-1300x600-2C-c-16x12.jpg 16w, https:\/\/steinex.gtechgroup.support\/wp-content\/uploads\/2025\/09\/3m-1300x600-2C-c-600x450.jpg 600w\" sizes=\"(max-width: 900px) 100vw, 900px\" \/>\t\t\t\t\t\t\t\t\t\t\t\t\t\t\t<\/div>\n\t\t\t\t<\/div>\n\t\t\t\t\t<\/div>\n\t\t\t\t<\/div>\n\t\t<div class=\"elementor-element elementor-element-c2bf33d e-flex e-con-boxed e-con e-parent\" data-id=\"c2bf33d\" data-element_type=\"container\" data-e-type=\"container\">\n\t\t\t\t\t<div class=\"e-con-inner\">\n\t\t<div class=\"elementor-element elementor-element-34040e9 e-con-full e-flex e-con e-child\" data-id=\"34040e9\" data-element_type=\"container\" data-e-type=\"container\">\n\t\t\t\t<div class=\"elementor-element elementor-element-e36a3c7 elementor-widget elementor-widget-heading\" data-id=\"e36a3c7\" data-element_type=\"widget\" data-e-type=\"widget\" data-widget_type=\"heading.default\">\n\t\t\t\t\t<h2 class=\"elementor-heading-title elementor-size-default\">BROADWAY+SHERPA 200X200 - BROADWAY+SHERPA 600 2C - BROADWAY+SHERPA 1280<\/h2>\t\t\t\t<\/div>\n\t\t\t\t<div class=\"elementor-element elementor-element-15ffddc elementor-widget elementor-widget-text-editor\" data-id=\"15ffddc\" data-element_type=\"widget\" data-e-type=\"widget\" data-widget_type=\"text-editor.default\">\n\t\t\t\t\t\t\t\t\t<p>Steinex a toujours \u00e9t\u00e9 \u00e0 l'avant-garde de l'offre de produits de qualit\u00e9.\u00a0<strong>des solutions technologiques avanc\u00e9es<\/strong>\u00a0aux clients les plus exigeants depuis plus de 45 ans, r\u00e9alise des projets d'envergure.\u00a0<strong>installations automatiques<\/strong>\u00a0pour la production de cubes et d'artefacts \u00e0 surface sci\u00e9e obtenus par fendage de dalles du\u00a0<strong>le sciage de blocs monolithiques.<\/strong><\/p><p>Les dalles peuvent avoir une surface sci\u00e9e, flamm\u00e9e ou bouchard\u00e9e avec une largeur allant jusqu'\u00e0 1600 et une \u00e9paisseur allant jusqu'\u00e0 600 mm. Une gamme compl\u00e8te de\u00a0<strong>machines et installations semi-automatiques ou enti\u00e8rement automatiques<\/strong>\u00a0pour r\u00e9pondre aux besoins d'une client\u00e8le tr\u00e8s exigeante.  Chaque mod\u00e8le Menhir est \u00e9quip\u00e9 de\u00a0<strong>groupe hydraulique silencieux \u00e0 haut rendement<\/strong>\u00a0et le client peut choisir diff\u00e9rentes options de\u00a0<strong>configuration de la pompe<\/strong>\u00a0tels que ceux de\u00a0<strong>rampe ascendante<\/strong>\u00a0ou ceux de\u00a0<strong>D\u00e9bit variable<\/strong>\u00a0qui permettent de r\u00e9gler la vitesse \u00e0 laquelle la lame commence \u00e0 exercer une pression sur la pierre \u00e0 fendre.<\/p><p><strong>Enfin, les groupes hydrauliques peuvent \u00eatre \u00e9quip\u00e9s de syst\u00e8mes de chauffage ou de refroidissement \u00e0 l'huile.<\/strong><\/p>\t\t\t\t\t\t\t\t<\/div>\n\t\t\t\t<\/div>\n\t\t<div class=\"elementor-element elementor-element-d1bcc1e e-con-full e-flex e-con e-child\" data-id=\"d1bcc1e\" data-element_type=\"container\" data-e-type=\"container\">\n\t\t\t\t<div class=\"elementor-element elementor-element-704df36 elementor-widget elementor-widget-image\" data-id=\"704df36\" data-element_type=\"widget\" data-e-type=\"widget\" data-widget_type=\"image.default\">\n\t\t\t\t\t\t\t\t\t\t\t\t\t\t\t<img decoding=\"async\" width=\"600\" height=\"327\" src=\"https:\/\/steinex.gtechgroup.support\/wp-content\/uploads\/2025\/09\/Impianto-automatico-SIS-lato.jpg\" class=\"attachment-full size-full wp-image-14785\" alt=\"Macchinario industriale per taglio e movimentazione automatica\" srcset=\"https:\/\/steinex.gtechgroup.support\/wp-content\/uploads\/2025\/09\/Impianto-automatico-SIS-lato.jpg 600w, https:\/\/steinex.gtechgroup.support\/wp-content\/uploads\/2025\/09\/Impianto-automatico-SIS-lato-300x164.jpg 300w, https:\/\/steinex.gtechgroup.support\/wp-content\/uploads\/2025\/09\/Impianto-automatico-SIS-lato-18x10.jpg 18w\" sizes=\"(max-width: 600px) 100vw, 600px\" \/>\t\t\t\t\t\t\t\t\t\t\t\t\t\t\t<\/div>\n\t\t\t\t<\/div>\n\t\t\t\t\t<\/div>\n\t\t\t\t<\/div>\n\t\t<div class=\"elementor-element elementor-element-138df8e e-flex e-con-boxed e-con e-parent\" data-id=\"138df8e\" data-element_type=\"container\" data-e-type=\"container\">\n\t\t\t\t\t<div class=\"e-con-inner\">\n\t\t<div class=\"elementor-element elementor-element-f9f1c17 e-con-full e-flex e-con e-child\" data-id=\"f9f1c17\" data-element_type=\"container\" data-e-type=\"container\">\n\t\t\t\t<div class=\"elementor-element elementor-element-d3e6647 elementor-widget elementor-widget-heading\" data-id=\"d3e6647\" data-element_type=\"widget\" data-e-type=\"widget\" data-widget_type=\"heading.default\">\n\t\t\t\t\t<h2 class=\"elementor-heading-title elementor-size-default\">MENHIR+SHERPA LIGNES AUTOMATIQUES POUR LE FENDAGE DE MAT\u00c9RIEL AVEC DEUX SURFACES SCI\u00c9ES<\/h2>\t\t\t\t<\/div>\n\t\t\t\t<div class=\"elementor-element elementor-element-c40053d elementor-widget elementor-widget-text-editor\" data-id=\"c40053d\" data-element_type=\"widget\" data-e-type=\"widget\" data-widget_type=\"text-editor.default\">\n\t\t\t\t\t\t\t\t\t<div class=\"et_pb_module et_pb_text et_pb_text_3 et_pb_text_align_left et_pb_bg_layout_light et_had_animation\" data-animation-style=\"fade\" data-animation-repeat=\"\" data-animation-duration=\"1000ms\" data-animation-delay=\"0ms\" data-animation-intensity=\"50%\" data-animation-starting-opacity=\"0%\" data-animation-speed-curve=\"ease-in-out\"><div class=\"et_pb_text_inner\"><p><span class=\"fontstyle2\">Depuis plus de 15 ans, Steinex a toujours \u00e9t\u00e9 \u00e0 l'avant-garde pour offrir des solutions technologiques avanc\u00e9es aux clients les plus exigeants.\u00a0<strong>installations automatiques pour la production de cubes et de produits manufactur\u00e9s<\/strong>\u00a0avec\u00a0<strong>surface sci\u00e9e<\/strong>\u00a0obtenu en divisant les dalles de la\u00a0<strong>le sciage de blocs monolithiques.<\/strong>\u00a0Les dalles peuvent avoir une surface sci\u00e9e, flamm\u00e9e ou bouchard\u00e9e d'une largeur allant jusqu'\u00e0 1 600 mm et d'une \u00e9paisseur allant jusqu'\u00e0 600 mm.<\/span><\/p><\/div><\/div><div class=\"et_pb_module et_pb_accordion et_pb_accordion_0\"><div class=\"et_pb_toggle et_pb_module et_pb_accordion_item et_pb_accordion_item_1 et_pb_toggle_open\">\u00a0<\/div><\/div>\t\t\t\t\t\t\t\t<\/div>\n\t\t\t\t<\/div>\n\t\t<div class=\"elementor-element elementor-element-3c4ee65 e-con-full e-flex e-con e-child\" data-id=\"3c4ee65\" data-element_type=\"container\" data-e-type=\"container\">\n\t\t\t\t<div class=\"elementor-element elementor-element-c042447 elementor-widget elementor-widget-image\" data-id=\"c042447\" data-element_type=\"widget\" data-e-type=\"widget\" data-widget_type=\"image.default\">\n\t\t\t\t\t\t\t\t\t\t\t\t\t\t\t<img decoding=\"async\" width=\"900\" height=\"675\" src=\"https:\/\/steinex.gtechgroup.support\/wp-content\/uploads\/2025\/09\/menhir-1300x600-240T-aut.jpg\" class=\"attachment-full size-full wp-image-14784\" alt=\"Macchina industriale per taglio blocchi di pietra\" srcset=\"https:\/\/steinex.gtechgroup.support\/wp-content\/uploads\/2025\/09\/menhir-1300x600-240T-aut.jpg 900w, https:\/\/steinex.gtechgroup.support\/wp-content\/uploads\/2025\/09\/menhir-1300x600-240T-aut-300x225.jpg 300w, https:\/\/steinex.gtechgroup.support\/wp-content\/uploads\/2025\/09\/menhir-1300x600-240T-aut-768x576.jpg 768w, https:\/\/steinex.gtechgroup.support\/wp-content\/uploads\/2025\/09\/menhir-1300x600-240T-aut-16x12.jpg 16w, https:\/\/steinex.gtechgroup.support\/wp-content\/uploads\/2025\/09\/menhir-1300x600-240T-aut-600x450.jpg 600w\" sizes=\"(max-width: 900px) 100vw, 900px\" \/>\t\t\t\t\t\t\t\t\t\t\t\t\t\t\t<\/div>\n\t\t\t\t<\/div>\n\t\t\t\t\t<\/div>\n\t\t\t\t<\/div>\n\t\t<div class=\"elementor-element elementor-element-732f50d e-flex e-con-boxed e-con e-parent\" data-id=\"732f50d\" data-element_type=\"container\" data-e-type=\"container\">\n\t\t\t\t\t<div class=\"e-con-inner\">\n\t\t<div class=\"elementor-element elementor-element-32d010d e-con-full e-flex e-con e-child\" data-id=\"32d010d\" data-element_type=\"container\" data-e-type=\"container\">\n\t\t\t\t<div class=\"elementor-element elementor-element-0bedbc9 elementor-widget elementor-widget-heading\" data-id=\"0bedbc9\" data-element_type=\"widget\" data-e-type=\"widget\" data-widget_type=\"heading.default\">\n\t\t\t\t\t<h2 class=\"elementor-heading-title elementor-size-default\">MENHIR+SHERPA 1300X600 2C<\/h2>\t\t\t\t<\/div>\n\t\t\t\t<div class=\"elementor-element elementor-element-1f16c44 elementor-widget elementor-widget-text-editor\" data-id=\"1f16c44\" data-element_type=\"widget\" data-e-type=\"widget\" data-widget_type=\"text-editor.default\">\n\t\t\t\t\t\t\t\t\t<div class=\"et_pb_module et_pb_text et_pb_text_3 et_pb_text_align_left et_pb_bg_layout_light et_had_animation\" data-animation-style=\"fade\" data-animation-repeat=\"\" data-animation-duration=\"1000ms\" data-animation-delay=\"0ms\" data-animation-intensity=\"50%\" data-animation-starting-opacity=\"0%\" data-animation-speed-curve=\"ease-in-out\"><div class=\"et_pb_text_inner\"><div class=\"et_pb_module et_pb_text et_pb_text_4 et_pb_text_align_left et_pb_bg_layout_light et_had_animation\" data-animation-style=\"fade\" data-animation-repeat=\"\" data-animation-duration=\"1000ms\" data-animation-delay=\"0ms\" data-animation-intensity=\"50%\" data-animation-starting-opacity=\"0%\" data-animation-speed-curve=\"ease-in-out\"><div class=\"et_pb_text_inner\"><p><span class=\"fontstyle0\">Les\u00a0<strong>structure mobile Menhir 1300\u00d7600 2C<\/strong>\u00a0est \u00e9quip\u00e9 de\u00a0<strong>2 cylindres lat\u00e9raux<\/strong> qui entra\u00eenent les deux lames avec une force de fendage de 240 tonnes, et les lames sont dot\u00e9es du syst\u00e8me d'adaptation 3RB pour adapter individuellement chaque outil \u00e0 la surface \u00e0 fendre.\u00a0<\/span><\/p><\/div><\/div><\/div><\/div><div class=\"et_pb_module et_pb_accordion et_pb_accordion_0\"><div class=\"et_pb_toggle et_pb_module et_pb_accordion_item et_pb_accordion_item_1 et_pb_toggle_open\">\u00a0<\/div><\/div>\t\t\t\t\t\t\t\t<\/div>\n\t\t\t\t<\/div>\n\t\t<div class=\"elementor-element elementor-element-39a3aa5 e-con-full e-flex e-con e-child\" data-id=\"39a3aa5\" data-element_type=\"container\" data-e-type=\"container\">\n\t\t\t\t<div class=\"elementor-element elementor-element-52f734e elementor-widget elementor-widget-image\" data-id=\"52f734e\" data-element_type=\"widget\" data-e-type=\"widget\" data-widget_type=\"image.default\">\n\t\t\t\t\t\t\t\t\t\t\t\t\t\t\t<img loading=\"lazy\" decoding=\"async\" width=\"899\" height=\"675\" src=\"https:\/\/steinex.gtechgroup.support\/wp-content\/uploads\/2025\/09\/linea-Menhir-1300x600240-T.jpg\" class=\"attachment-full size-full wp-image-14783\" alt=\"Macchinario industriale per lavorazione e movimentazione materiali\" srcset=\"https:\/\/steinex.gtechgroup.support\/wp-content\/uploads\/2025\/09\/linea-Menhir-1300x600240-T.jpg 899w, https:\/\/steinex.gtechgroup.support\/wp-content\/uploads\/2025\/09\/linea-Menhir-1300x600240-T-300x225.jpg 300w, https:\/\/steinex.gtechgroup.support\/wp-content\/uploads\/2025\/09\/linea-Menhir-1300x600240-T-768x577.jpg 768w, https:\/\/steinex.gtechgroup.support\/wp-content\/uploads\/2025\/09\/linea-Menhir-1300x600240-T-16x12.jpg 16w, https:\/\/steinex.gtechgroup.support\/wp-content\/uploads\/2025\/09\/linea-Menhir-1300x600240-T-600x451.jpg 600w\" sizes=\"(max-width: 899px) 100vw, 899px\" \/>\t\t\t\t\t\t\t\t\t\t\t\t\t\t\t<\/div>\n\t\t\t\t<\/div>\n\t\t\t\t\t<\/div>\n\t\t\t\t<\/div>\n\t\t<div class=\"elementor-element elementor-element-25e497c e-flex e-con-boxed e-con e-parent\" data-id=\"25e497c\" data-element_type=\"container\" data-e-type=\"container\">\n\t\t\t\t\t<div class=\"e-con-inner\">\n\t\t<div class=\"elementor-element elementor-element-c9fe7af e-con-full e-flex e-con e-child\" data-id=\"c9fe7af\" data-element_type=\"container\" data-e-type=\"container\">\n\t\t\t\t<div class=\"elementor-element elementor-element-380f63a elementor-widget elementor-widget-heading\" data-id=\"380f63a\" data-element_type=\"widget\" data-e-type=\"widget\" data-widget_type=\"heading.default\">\n\t\t\t\t\t<h2 class=\"elementor-heading-title elementor-size-default\">CUB AUT SYSTEM 3M-FS 1300 - CUB AUT SYSTEM 2M-FM 1300 - CUB AUT SYSTEM 2M-FM 1600 - CUB AUT SYSTEM 3M-FM 1300 - CUB AUT SYSTEM 3M-FM 1600<\/h2>\t\t\t\t<\/div>\n\t\t\t\t<div class=\"elementor-element elementor-element-80c034e elementor-widget elementor-widget-text-editor\" data-id=\"80c034e\" data-element_type=\"widget\" data-e-type=\"widget\" data-widget_type=\"text-editor.default\">\n\t\t\t\t\t\t\t\t\t<div class=\"et_pb_module et_pb_text et_pb_text_3 et_pb_text_align_left et_pb_bg_layout_light et_had_animation\" data-animation-style=\"fade\" data-animation-repeat=\"\" data-animation-duration=\"1000ms\" data-animation-delay=\"0ms\" data-animation-intensity=\"50%\" data-animation-starting-opacity=\"0%\" data-animation-speed-curve=\"ease-in-out\"><div class=\"et_pb_text_inner\"><div class=\"et_pb_module et_pb_text et_pb_text_4 et_pb_text_align_left et_pb_bg_layout_light et_had_animation\" data-animation-style=\"fade\" data-animation-repeat=\"\" data-animation-duration=\"1000ms\" data-animation-delay=\"0ms\" data-animation-intensity=\"50%\" data-animation-starting-opacity=\"0%\" data-animation-speed-curve=\"ease-in-out\"><div class=\"et_pb_text_inner\"><div class=\"et_pb_module et_pb_text et_pb_text_5 et_pb_text_align_left et_pb_bg_layout_light et_had_animation\" data-animation-style=\"fade\" data-animation-repeat=\"\" data-animation-duration=\"1000ms\" data-animation-delay=\"0ms\" data-animation-intensity=\"50%\" data-animation-starting-opacity=\"0%\" data-animation-speed-curve=\"ease-in-out\"><div class=\"et_pb_text_inner\"><p><span class=\"fontstyle0\">Steinex offre \u00e0 ses clients\u00a0<strong>4 types de syst\u00e8mes automatiques de pointe<\/strong>\u00a0pour la production de\u00a0<\/span><span class=\"fontstyle0\">cubes, dalles et briques, qui peuvent \u00eatre personnalis\u00e9s en fonction des besoins du client. La s\u00e9rie 2M-FM se d\u00e9cline en deux versions, avec le mod\u00e8le\u00a0<strong>Menhir 1300\u00d7320<\/strong>\u00a0de\u00a0<strong>220 tonnes<\/strong>\u00a0e\u00a0<strong>1600\u00d7320\u00a0<\/strong>de<strong>\u00a0320 tonnes<\/strong>\u00a0<strong>de la r\u00e9sistance \u00e0 la fissuration<\/strong> avec laquelle des produits peuvent \u00eatre fabriqu\u00e9s \u00e0 partir de plaques de la m\u00eame \u00e9paisseur que le produit fini.\u00a0<\/span><\/p><\/div><\/div><\/div><\/div><\/div><\/div><div class=\"et_pb_module et_pb_accordion et_pb_accordion_0\"><div class=\"et_pb_toggle et_pb_module et_pb_accordion_item et_pb_accordion_item_1 et_pb_toggle_open\">\u00a0<\/div><\/div>\t\t\t\t\t\t\t\t<\/div>\n\t\t\t\t<\/div>\n\t\t<div class=\"elementor-element elementor-element-3c75e30 e-con-full e-flex e-con e-child\" data-id=\"3c75e30\" data-element_type=\"container\" data-e-type=\"container\">\n\t\t\t\t<div class=\"elementor-element elementor-element-2ba7a72 elementor-widget elementor-widget-image\" data-id=\"2ba7a72\" data-element_type=\"widget\" data-e-type=\"widget\" data-widget_type=\"image.default\">\n\t\t\t\t\t\t\t\t\t\t\t\t\t\t\t<img loading=\"lazy\" decoding=\"async\" width=\"900\" height=\"675\" src=\"https:\/\/steinex.gtechgroup.support\/wp-content\/uploads\/2025\/09\/Impianto-CUB-AUT-3M-FS-1.jpg\" class=\"attachment-full size-full wp-image-14782\" alt=\"Macchinari industriali per lavorazione pietra in fabbrica\" srcset=\"https:\/\/steinex.gtechgroup.support\/wp-content\/uploads\/2025\/09\/Impianto-CUB-AUT-3M-FS-1.jpg 900w, https:\/\/steinex.gtechgroup.support\/wp-content\/uploads\/2025\/09\/Impianto-CUB-AUT-3M-FS-1-300x225.jpg 300w, https:\/\/steinex.gtechgroup.support\/wp-content\/uploads\/2025\/09\/Impianto-CUB-AUT-3M-FS-1-768x576.jpg 768w, https:\/\/steinex.gtechgroup.support\/wp-content\/uploads\/2025\/09\/Impianto-CUB-AUT-3M-FS-1-16x12.jpg 16w, https:\/\/steinex.gtechgroup.support\/wp-content\/uploads\/2025\/09\/Impianto-CUB-AUT-3M-FS-1-600x450.jpg 600w\" sizes=\"(max-width: 900px) 100vw, 900px\" \/>\t\t\t\t\t\t\t\t\t\t\t\t\t\t\t<\/div>\n\t\t\t\t<\/div>\n\t\t\t\t\t<\/div>\n\t\t\t\t<\/div>\n\t\t\t\t<\/div>","protected":false},"excerpt":{"rendered":"<p>Linee automatiche Home Steinex da sempre all\u2019avanguardia nell\u2019offrire\u00a0soluzioni tecnologiche avanzate\u00a0alla clientela pi\u00f9 esigente da oltre 45 anni realizza\u00a0impianti automatici\u00a0per la produzione di cubetti e manufatti con superficie segata ottenuti dallo spacco delle lastre ricavate dalla\u00a0segagione di blocchi monolitici. Le lastre possono avere superfice segata oppure fiammata o bocciardata di larghezza fino a 1600 e spessore [&hellip;]<\/p>","protected":false},"author":1,"featured_media":0,"parent":0,"menu_order":0,"comment_status":"closed","ping_status":"closed","template":"","meta":{"_seopress_robots_primary_cat":"","_seopress_titles_title":"Impianti automatici Steinex: innovazione nello spacco pietra","_seopress_titles_desc":"Scopri le linee automatiche Steinex: impianti avanzati per la produzione di cubetti e manufatti in pietra con precisione e qualit\u00e0 garantita.","_seopress_robots_index":"","footnotes":""},"class_list":["post-14188","page","type-page","status-publish","hentry"],"_links":{"self":[{"href":"https:\/\/steinex.gtechgroup.support\/fr\/wp-json\/wp\/v2\/pages\/14188","targetHints":{"allow":["GET"]}}],"collection":[{"href":"https:\/\/steinex.gtechgroup.support\/fr\/wp-json\/wp\/v2\/pages"}],"about":[{"href":"https:\/\/steinex.gtechgroup.support\/fr\/wp-json\/wp\/v2\/types\/page"}],"author":[{"embeddable":true,"href":"https:\/\/steinex.gtechgroup.support\/fr\/wp-json\/wp\/v2\/users\/1"}],"replies":[{"embeddable":true,"href":"https:\/\/steinex.gtechgroup.support\/fr\/wp-json\/wp\/v2\/comments?post=14188"}],"version-history":[{"count":13,"href":"https:\/\/steinex.gtechgroup.support\/fr\/wp-json\/wp\/v2\/pages\/14188\/revisions"}],"predecessor-version":[{"id":14795,"href":"https:\/\/steinex.gtechgroup.support\/fr\/wp-json\/wp\/v2\/pages\/14188\/revisions\/14795"}],"wp:attachment":[{"href":"https:\/\/steinex.gtechgroup.support\/fr\/wp-json\/wp\/v2\/media?parent=14188"}],"curies":[{"name":"wp","href":"https:\/\/api.w.org\/{rel}","templated":true}]}}