{"id":14196,"date":"2025-02-07T15:43:18","date_gmt":"2025-02-07T15:43:18","guid":{"rendered":"https:\/\/steinex.gtechgroup.support\/?page_id=14196"},"modified":"2025-02-07T15:45:05","modified_gmt":"2025-02-07T15:45:05","slug":"nuove-linee-automatiche-cnc","status":"publish","type":"page","link":"https:\/\/steinex.gtechgroup.support\/fr\/nuove-linee-automatiche-cnc\/","title":{"rendered":"Nouvelles lignes automatiques \u00e0 commande num\u00e9rique"},"content":{"rendered":"<div data-elementor-type=\"wp-page\" data-elementor-id=\"14196\" class=\"elementor elementor-14196\" data-elementor-post-type=\"page\">\n\t\t\t\t<div class=\"elementor-element elementor-element-f701a59 e-flex e-con-boxed e-con e-parent\" data-id=\"f701a59\" data-element_type=\"container\" data-e-type=\"container\" data-settings=\"{&quot;background_background&quot;:&quot;classic&quot;}\">\n\t\t\t\t\t<div class=\"e-con-inner\">\n\t\t<div class=\"elementor-element elementor-element-5c2a935 e-con-full e-flex e-con e-child\" data-id=\"5c2a935\" data-element_type=\"container\" data-e-type=\"container\" data-settings=\"{&quot;background_background&quot;:&quot;classic&quot;}\">\n\t\t\t\t<div class=\"elementor-element elementor-element-6b8dc78 elementor-widget elementor-widget-heading\" data-id=\"6b8dc78\" data-element_type=\"widget\" data-e-type=\"widget\" data-widget_type=\"heading.default\">\n\t\t\t\t\t<h2 class=\"elementor-heading-title elementor-size-default\">Nouvelles lignes automatiques \u00e0 commande num\u00e9rique<\/h2>\t\t\t\t<\/div>\n\t\t\t\t<div class=\"elementor-element elementor-element-402bc6e elementor-widget elementor-widget-hfe-breadcrumbs-widget\" data-id=\"402bc6e\" data-element_type=\"widget\" data-e-type=\"widget\" data-widget_type=\"hfe-breadcrumbs-widget.default\">\n\t\t\t\t<div class=\"elementor-widget-container\">\n\t\t\t\t\t<nav aria-label=\"Fil d&#039;Ariane\"><ul class=\"hfe-breadcrumbs hfe-breadcrumbs-show-home\"><li class=\"hfe-breadcrumbs-item hfe-breadcrumbs-first\"><span class=\"hfe-breadcrumbs-home-icon\"><\/span><a href=\"https:\/\/steinex.gtechgroup.support\/fr\"><span class=\"hfe-breadcrumbs-text\">Accueil<\/span><\/a><\/li><\/ul><\/nav>\t\t\t\t<\/div>\n\t\t\t\t<\/div>\n\t\t\t\t<\/div>\n\t\t\t\t\t<\/div>\n\t\t\t\t<\/div>\n\t\t<div class=\"elementor-element elementor-element-e977e3b e-flex e-con-boxed e-con e-parent\" data-id=\"e977e3b\" data-element_type=\"container\" data-e-type=\"container\">\n\t\t\t\t\t<div class=\"e-con-inner\">\n\t\t\t\t<div class=\"elementor-element elementor-element-2ab5157 elementor-widget elementor-widget-text-editor\" data-id=\"2ab5157\" data-element_type=\"widget\" data-e-type=\"widget\" data-widget_type=\"text-editor.default\">\n\t\t\t\t\t\t\t\t\t<p>Depuis plusieurs ann\u00e9es, Steinex Srl s'est sp\u00e9cialis\u00e9e dans la construction de\u00a0<strong>Lignes automatiques CNC<\/strong>\u00a0pour les\u00a0<strong>le traitement fractionn\u00e9 des mat\u00e9riaux \u00e0 surfaces sci\u00e9es et rugueuses.<\/strong><\/p><p>Il s'agit de\u00a0<strong>lignes modulaires<\/strong>afin qu'ils puissent \u00eatre \u00e9tendus et int\u00e9gr\u00e9s \u00e0 diff\u00e9rents moments. Ils sont construits avec les caract\u00e9ristiques suivantes<strong>\u00a0Industrie 4.0<\/strong>\u00a0et peut \u00eatre reli\u00e9 au logiciel de gestion de l'entreprise.<\/p><p>Nos lignes offrent efficacit\u00e9 et s\u00e9curit\u00e9, en soulageant les personnes d'un travail p\u00e9nible, ce qui permet d'augmenter la productivit\u00e9 et la qualit\u00e9. Elles peuvent \u00e9galement \u00eatre \u00e9quip\u00e9es de\u00a0<strong>syst\u00e8me de chargement automatique<\/strong>\u00a0des plaques \u00e0 traiter et\u00a0<strong>robot de palettisation<\/strong>.<br \/>Chaque action effectu\u00e9e par les lignes de la CNC est d\u00e9cid\u00e9e et contr\u00f4l\u00e9e par un syst\u00e8me de contr\u00f4le de la qualit\u00e9.\u00a0<strong>logiciel int\u00e9gr\u00e9<\/strong>avec lesquels les diff\u00e9rentes op\u00e9rations effectu\u00e9es sont m\u00e9moris\u00e9es, afin de s'adapter aux besoins de chaque client.<\/p>\t\t\t\t\t\t\t\t<\/div>\n\t\t\t\t\t<\/div>\n\t\t\t\t<\/div>\n\t\t\t\t<\/div>","protected":false},"excerpt":{"rendered":"<p>Nuove linee automatiche cnc Home Da diversi anni, Steinex Srl si \u00e8 specializzata nella costruzione di\u00a0Linee Automatiche CNC\u00a0per la\u00a0lavorazione a spacco di materiali con superficie segata e grezza. Trattasi di\u00a0linee modulari, quindi possono essere ampliate ed integrate in tempi diversi. Sono costruite con le caratteristiche\u00a0\u201cIndustria 4.0\u201d\u00a0e possono essere collegate al software gestionale aziendale. Le nostre [&hellip;]<\/p>","protected":false},"author":1,"featured_media":0,"parent":0,"menu_order":0,"comment_status":"closed","ping_status":"closed","template":"","meta":{"_seopress_robots_primary_cat":"","_seopress_titles_title":"Linee Automatiche CNC: produttivit\u00e0 e innovazione","_seopress_titles_desc":"Scopri le linee automatiche CNC modulari Steinex: efficienza, sicurezza e integrazione Industria 4.0 per produttivit\u00e0 e qualit\u00e0 elevate.","_seopress_robots_index":"","footnotes":""},"class_list":["post-14196","page","type-page","status-publish","hentry"],"_links":{"self":[{"href":"https:\/\/steinex.gtechgroup.support\/fr\/wp-json\/wp\/v2\/pages\/14196","targetHints":{"allow":["GET"]}}],"collection":[{"href":"https:\/\/steinex.gtechgroup.support\/fr\/wp-json\/wp\/v2\/pages"}],"about":[{"href":"https:\/\/steinex.gtechgroup.support\/fr\/wp-json\/wp\/v2\/types\/page"}],"author":[{"embeddable":true,"href":"https:\/\/steinex.gtechgroup.support\/fr\/wp-json\/wp\/v2\/users\/1"}],"replies":[{"embeddable":true,"href":"https:\/\/steinex.gtechgroup.support\/fr\/wp-json\/wp\/v2\/comments?post=14196"}],"version-history":[{"count":4,"href":"https:\/\/steinex.gtechgroup.support\/fr\/wp-json\/wp\/v2\/pages\/14196\/revisions"}],"predecessor-version":[{"id":14202,"href":"https:\/\/steinex.gtechgroup.support\/fr\/wp-json\/wp\/v2\/pages\/14196\/revisions\/14202"}],"wp:attachment":[{"href":"https:\/\/steinex.gtechgroup.support\/fr\/wp-json\/wp\/v2\/media?parent=14196"}],"curies":[{"name":"wp","href":"https:\/\/api.w.org\/{rel}","templated":true}]}}