{"id":142,"date":"2025-01-10T16:09:23","date_gmt":"2025-01-10T16:09:23","guid":{"rendered":"https:\/\/steinex.gtechgroup.support\/?page_id=142"},"modified":"2025-09-11T15:19:07","modified_gmt":"2025-09-11T15:19:07","slug":"certificazioni","status":"publish","type":"page","link":"https:\/\/steinex.gtechgroup.support\/fr\/certificazioni\/","title":{"rendered":"Certifications"},"content":{"rendered":"<div data-elementor-type=\"wp-page\" data-elementor-id=\"142\" class=\"elementor elementor-142\" data-elementor-post-type=\"page\">\n\t\t\t\t<div class=\"elementor-element elementor-element-f5dd832 e-flex e-con-boxed e-con e-parent\" data-id=\"f5dd832\" data-element_type=\"container\" data-e-type=\"container\" data-settings=\"{&quot;background_background&quot;:&quot;classic&quot;}\">\n\t\t\t\t\t<div class=\"e-con-inner\">\n\t\t<div class=\"elementor-element elementor-element-5dd9052 e-con-full e-flex e-con e-child\" data-id=\"5dd9052\" data-element_type=\"container\" data-e-type=\"container\" data-settings=\"{&quot;background_background&quot;:&quot;classic&quot;}\">\n\t\t\t\t<div class=\"elementor-element elementor-element-894e284 elementor-widget elementor-widget-heading\" data-id=\"894e284\" data-element_type=\"widget\" data-e-type=\"widget\" data-widget_type=\"heading.default\">\n\t\t\t\t\t<h2 class=\"elementor-heading-title elementor-size-default\">Certifications<\/h2>\t\t\t\t<\/div>\n\t\t\t\t<div class=\"elementor-element elementor-element-6422c36 elementor-widget elementor-widget-hfe-breadcrumbs-widget\" data-id=\"6422c36\" data-element_type=\"widget\" data-e-type=\"widget\" data-widget_type=\"hfe-breadcrumbs-widget.default\">\n\t\t\t\t<div class=\"elementor-widget-container\">\n\t\t\t\t\t<nav aria-label=\"Fil d&#039;Ariane\"><ul class=\"hfe-breadcrumbs hfe-breadcrumbs-show-home\"><li class=\"hfe-breadcrumbs-item hfe-breadcrumbs-first\"><span class=\"hfe-breadcrumbs-home-icon\"><\/span><a href=\"https:\/\/steinex.gtechgroup.support\/fr\"><span class=\"hfe-breadcrumbs-text\">Accueil<\/span><\/a><\/li><\/ul><\/nav>\t\t\t\t<\/div>\n\t\t\t\t<\/div>\n\t\t\t\t<\/div>\n\t\t\t\t\t<\/div>\n\t\t\t\t<\/div>\n\t\t<div class=\"elementor-element elementor-element-53c6dd4 e-flex e-con-boxed e-con e-parent\" data-id=\"53c6dd4\" data-element_type=\"container\" data-e-type=\"container\">\n\t\t\t\t\t<div class=\"e-con-inner\">\n\t\t\t\t<div class=\"elementor-element elementor-element-0ddfa2f elementor-widget elementor-widget-text-editor\" data-id=\"0ddfa2f\" data-element_type=\"widget\" data-e-type=\"widget\" data-widget_type=\"text-editor.default\">\n\t\t\t\t\t\t\t\t\t<p data-start=\"104\" data-end=\"477\">Steinex Srl s'enorgueillit d'une structure et d'une organisation qui ont toujours \u00e9t\u00e9 attentives aux probl\u00e8mes de sant\u00e9 et d'environnement de travail. Elle a \u00e9t\u00e9 la premi\u00e8re entreprise de la province de Trente \u00e0 obtenir la certification OHSAS 18001 en 2005 et, en 2006, elle a remport\u00e9 le premier prix de la s\u00e9curit\u00e9 au travail institu\u00e9 par le d\u00e9partement des politiques sociales de la province autonome de Trente.<\/p>\n<p data-start=\"479\" data-end=\"626\">Parmi les diff\u00e9rents brevets d\u00e9pos\u00e9s au fil des ans, on peut citer celui sur la <strong data-start=\"575\" data-end=\"623\">\"Syst\u00e8me de s\u00e9curit\u00e9 pour les presses hydrauliques\".<\/strong>.<\/p>\n<p data-start=\"628\" data-end=\"1012\">Steinex Srl s'est \u00e9galement vu attribuer la marque d\u00e9pos\u00e9e <strong data-start=\"680\" data-end=\"705\">Marque des machines \u00e0 marbre<\/strong>qui distingue les fabricants de machines strictement fabriqu\u00e9es en Italie pour l'industrie de l'automobile. <strong data-start=\"795\" data-end=\"820\">traitement du marbre<\/strong>. Les \u00e9l\u00e9ments pertinents <strong data-start=\"834\" data-end=\"864\">R\u00e8glement de concession<\/strong> garantit l'originalit\u00e9 et la provenance absolues des productions technologiques, conform\u00e9ment \u00e0 des exigences techniques, de production et r\u00e9glementaires pr\u00e9cises.<\/p>\t\t\t\t\t\t\t\t<\/div>\n\t\t\t\t<div class=\"elementor-element elementor-element-1bf80b1 elementor-widget elementor-widget-gallery\" data-id=\"1bf80b1\" data-element_type=\"widget\" data-e-type=\"widget\" data-settings=\"{&quot;gallery_layout&quot;:&quot;justified&quot;,&quot;ideal_row_height&quot;:{&quot;unit&quot;:&quot;px&quot;,&quot;size&quot;:193,&quot;sizes&quot;:[]},&quot;gap&quot;:{&quot;unit&quot;:&quot;px&quot;,&quot;size&quot;:60,&quot;sizes&quot;:[]},&quot;lazyload&quot;:&quot;yes&quot;,&quot;ideal_row_height_tablet&quot;:{&quot;unit&quot;:&quot;px&quot;,&quot;size&quot;:150,&quot;sizes&quot;:[]},&quot;ideal_row_height_mobile&quot;:{&quot;unit&quot;:&quot;px&quot;,&quot;size&quot;:150,&quot;sizes&quot;:[]},&quot;gap_tablet&quot;:{&quot;unit&quot;:&quot;px&quot;,&quot;size&quot;:10,&quot;sizes&quot;:[]},&quot;gap_mobile&quot;:{&quot;unit&quot;:&quot;px&quot;,&quot;size&quot;:10,&quot;sizes&quot;:[]},&quot;content_hover_animation&quot;:&quot;fade-in&quot;}\" data-widget_type=\"gallery.default\">\n\t\t\t\t\t\t\t<div class=\"elementor-gallery__container\">\n\t\t\t\t\t\t\t<div class=\"e-gallery-item elementor-gallery-item elementor-animated-content\">\n\t\t\t\t\t<div class=\"e-gallery-image elementor-gallery-item__image\" data-thumbnail=\"https:\/\/steinex.gtechgroup.support\/wp-content\/uploads\/2025\/01\/patented-400x284.jpg.webp\" data-width=\"400\" data-height=\"284\" aria-label=\"\" role=\"img\" ><\/div>\n\t\t\t\t\t\t\t\t\t\t\t\t\t\t<\/div>\n\t\t\t\t\t\t\t<div class=\"e-gallery-item elementor-gallery-item elementor-animated-content\">\n\t\t\t\t\t<div class=\"e-gallery-image elementor-gallery-item__image\" data-thumbnail=\"https:\/\/steinex.gtechgroup.support\/wp-content\/uploads\/2025\/01\/Member_of_CONFINDUSTRIA_MARMOMACCHINE.jpg.webp\" data-width=\"400\" data-height=\"177\" aria-label=\"\" role=\"img\" ><\/div>\n\t\t\t\t\t\t\t\t\t\t\t\t\t\t<\/div>\n\t\t\t\t\t\t\t<div class=\"e-gallery-item elementor-gallery-item elementor-animated-content\">\n\t\t\t\t\t<div class=\"e-gallery-image elementor-gallery-item__image\" data-thumbnail=\"https:\/\/steinex.gtechgroup.support\/wp-content\/uploads\/2025\/01\/Trentino-Export.jpg.webp\" data-width=\"400\" data-height=\"223\" aria-label=\"\" role=\"img\" ><\/div>\n\t\t\t\t\t\t\t\t\t\t\t\t\t\t<\/div>\n\t\t\t\t\t\t\t<div class=\"e-gallery-item elementor-gallery-item elementor-animated-content\">\n\t\t\t\t\t<div class=\"e-gallery-image elementor-gallery-item__image\" data-thumbnail=\"https:\/\/steinex.gtechgroup.support\/wp-content\/uploads\/2025\/01\/NATURAL-MEMEBER-1.jpg.webp\" data-width=\"155\" data-height=\"250\" aria-label=\"\" role=\"img\" ><\/div>\n\t\t\t\t\t\t\t\t\t\t\t\t\t\t<\/div>\n\t\t\t\t\t\t\t<div class=\"e-gallery-item elementor-gallery-item elementor-animated-content\">\n\t\t\t\t\t<div class=\"e-gallery-image elementor-gallery-item__image\" data-thumbnail=\"https:\/\/steinex.gtechgroup.support\/wp-content\/uploads\/2025\/01\/MARMO-MACCHINE2020.png\" data-width=\"225\" data-height=\"225\" aria-label=\"\" role=\"img\" ><\/div>\n\t\t\t\t\t\t\t\t\t\t\t\t\t\t<\/div>\n\t\t\t\t\t<\/div>\n\t\t\t\t\t<\/div>\n\t\t\t\t\t<\/div>\n\t\t\t\t<\/div>\n\t\t\t\t<\/div>","protected":false},"excerpt":{"rendered":"<p>Certificazioni Home Steinex Srl vanta una struttura e un\u2019organizzazione da sempre attente ai problemi della salute e dell\u2019ambiente di lavoro. \u00c8 stata la prima azienda della Provincia di Trento a ottenere la certificazione OHSAS 18001 nel 2005 e, nel 2006, ha vinto il 1\u00b0 premio per la sicurezza sul lavoro istituito dall\u2019Assessorato alle Politiche Sociali [&hellip;]<\/p>","protected":false},"author":1,"featured_media":0,"parent":0,"menu_order":0,"comment_status":"closed","ping_status":"closed","template":"","meta":{"_seopress_robots_primary_cat":"","_seopress_titles_title":"Steinex Srl: certificazioni e sicurezza sul lavoro","_seopress_titles_desc":"Scopri le certificazioni di Steinex Srl, eccellenza in sicurezza sul lavoro e tecnologie italiane per la lavorazione del marmo.","_seopress_robots_index":"","footnotes":""},"class_list":["post-142","page","type-page","status-publish","hentry"],"_links":{"self":[{"href":"https:\/\/steinex.gtechgroup.support\/fr\/wp-json\/wp\/v2\/pages\/142","targetHints":{"allow":["GET"]}}],"collection":[{"href":"https:\/\/steinex.gtechgroup.support\/fr\/wp-json\/wp\/v2\/pages"}],"about":[{"href":"https:\/\/steinex.gtechgroup.support\/fr\/wp-json\/wp\/v2\/types\/page"}],"author":[{"embeddable":true,"href":"https:\/\/steinex.gtechgroup.support\/fr\/wp-json\/wp\/v2\/users\/1"}],"replies":[{"embeddable":true,"href":"https:\/\/steinex.gtechgroup.support\/fr\/wp-json\/wp\/v2\/comments?post=142"}],"version-history":[{"count":13,"href":"https:\/\/steinex.gtechgroup.support\/fr\/wp-json\/wp\/v2\/pages\/142\/revisions"}],"predecessor-version":[{"id":14586,"href":"https:\/\/steinex.gtechgroup.support\/fr\/wp-json\/wp\/v2\/pages\/142\/revisions\/14586"}],"wp:attachment":[{"href":"https:\/\/steinex.gtechgroup.support\/fr\/wp-json\/wp\/v2\/media?parent=142"}],"curies":[{"name":"wp","href":"https:\/\/api.w.org\/{rel}","templated":true}]}}