{"id":14203,"date":"2025-02-07T16:43:55","date_gmt":"2025-02-07T16:43:55","guid":{"rendered":"https:\/\/steinex.gtechgroup.support\/?page_id=14203"},"modified":"2025-09-20T08:09:37","modified_gmt":"2025-09-20T08:09:37","slug":"movimentazione-sherpa","status":"publish","type":"page","link":"https:\/\/steinex.gtechgroup.support\/fr\/movimentazione-sherpa\/","title":{"rendered":"Manipulation des sherpas"},"content":{"rendered":"<div data-elementor-type=\"wp-page\" data-elementor-id=\"14203\" class=\"elementor elementor-14203\" data-elementor-post-type=\"page\">\n\t\t\t\t<div class=\"elementor-element elementor-element-b8fde77 e-flex e-con-boxed e-con e-parent\" data-id=\"b8fde77\" data-element_type=\"container\" data-e-type=\"container\" data-settings=\"{&quot;background_background&quot;:&quot;classic&quot;}\">\n\t\t\t\t\t<div class=\"e-con-inner\">\n\t\t<div class=\"elementor-element elementor-element-074b4e7 e-con-full e-flex e-con e-child\" data-id=\"074b4e7\" data-element_type=\"container\" data-e-type=\"container\" data-settings=\"{&quot;background_background&quot;:&quot;classic&quot;}\">\n\t\t\t\t<div class=\"elementor-element elementor-element-997d644 elementor-widget elementor-widget-heading\" data-id=\"997d644\" data-element_type=\"widget\" data-e-type=\"widget\" data-widget_type=\"heading.default\">\n\t\t\t\t\t<h2 class=\"elementor-heading-title elementor-size-default\">Manipulation des sherpas<\/h2>\t\t\t\t<\/div>\n\t\t\t\t<div class=\"elementor-element elementor-element-2c9abb6 elementor-widget elementor-widget-hfe-breadcrumbs-widget\" data-id=\"2c9abb6\" data-element_type=\"widget\" data-e-type=\"widget\" data-widget_type=\"hfe-breadcrumbs-widget.default\">\n\t\t\t\t<div class=\"elementor-widget-container\">\n\t\t\t\t\t<nav aria-label=\"Fil d&#039;Ariane\"><ul class=\"hfe-breadcrumbs hfe-breadcrumbs-show-home\"><li class=\"hfe-breadcrumbs-item hfe-breadcrumbs-first\"><span class=\"hfe-breadcrumbs-home-icon\"><\/span><a href=\"https:\/\/steinex.gtechgroup.support\/fr\"><span class=\"hfe-breadcrumbs-text\">Accueil<\/span><\/a><\/li><\/ul><\/nav>\t\t\t\t<\/div>\n\t\t\t\t<\/div>\n\t\t\t\t<\/div>\n\t\t\t\t\t<\/div>\n\t\t\t\t<\/div>\n\t\t<div class=\"elementor-element elementor-element-c6f28ae e-flex e-con-boxed e-con e-parent\" data-id=\"c6f28ae\" data-element_type=\"container\" data-e-type=\"container\">\n\t\t\t\t\t<div class=\"e-con-inner\">\n\t\t\t\t<div class=\"elementor-element elementor-element-e928291 elementor-widget elementor-widget-text-editor\" data-id=\"e928291\" data-element_type=\"widget\" data-e-type=\"widget\" data-widget_type=\"text-editor.default\">\n\t\t\t\t\t\t\t\t\tSherpa est une famille de produits de manutention qui peuvent \u00eatre vendus individuellement ou faire partie int\u00e9grante d'installations compactes et de lignes de production.\n\n\t\t\t\t\t\t\t\t<\/div>\n\t\t\t\t\t<\/div>\n\t\t\t\t<\/div>\n\t\t<div class=\"elementor-element elementor-element-1a425de e-flex e-con-boxed e-con e-parent\" data-id=\"1a425de\" data-element_type=\"container\" data-e-type=\"container\">\n\t\t\t\t\t<div class=\"e-con-inner\">\n\t\t<div class=\"elementor-element elementor-element-0f3047a e-con-full e-flex e-con e-child\" data-id=\"0f3047a\" data-element_type=\"container\" data-e-type=\"container\">\n\t\t\t\t<div class=\"elementor-element elementor-element-9b942a2 elementor-widget elementor-widget-heading\" data-id=\"9b942a2\" data-element_type=\"widget\" data-e-type=\"widget\" data-widget_type=\"heading.default\">\n\t\t\t\t\t<h2 class=\"elementor-heading-title elementor-size-default\">Convoyeurs \u00e0 volets roulants<\/h2>\t\t\t\t<\/div>\n\t\t\t\t<div class=\"elementor-element elementor-element-d9b3679 elementor-widget elementor-widget-text-editor\" data-id=\"d9b3679\" data-element_type=\"widget\" data-e-type=\"widget\" data-widget_type=\"text-editor.default\">\n\t\t\t\t\t\t\t\t\t<strong>S\u00c9RIE SHERPA T ET TT :<\/strong> sont des bandes transporteuses robustes \u00e0 tasseaux plats en acier qui conviennent au chargement de pi\u00e8ces tr\u00e8s lourdes. Ils peuvent \u00eatre fournis avec des parois lat\u00e9rales et donc adapt\u00e9s au chargement de pierres en vrac avec des excavateurs ou des pelles m\u00e9caniques, ou ils peuvent \u00eatre fournis uniquement \u00e0 plat pour le chargement de grandes pi\u00e8ces avec des fourches. Les Sherpa T5 1000 peuvent avoir une capacit\u00e9 allant jusqu'\u00e0 10 tonnes de pierres en vrac et sont \u00e9quip\u00e9es d'une commande de marche avant\/arri\u00e8re.\t\t\t\t\t\t\t\t<\/div>\n\t\t\t\t<\/div>\n\t\t<div class=\"elementor-element elementor-element-9e94e09 e-con-full e-flex e-con e-child\" data-id=\"9e94e09\" data-element_type=\"container\" data-e-type=\"container\">\n\t\t\t\t<div class=\"elementor-element elementor-element-f3ee4b6 elementor-widget elementor-widget-image\" data-id=\"f3ee4b6\" data-element_type=\"widget\" data-e-type=\"widget\" data-widget_type=\"image.default\">\n\t\t\t\t\t\t\t\t\t\t\t\t\t\t\t<img fetchpriority=\"high\" decoding=\"async\" width=\"900\" height=\"675\" src=\"https:\/\/steinex.gtechgroup.support\/wp-content\/uploads\/2025\/09\/1_MOVIMENTAIZONE-T_sherpa-T.jpeg\" class=\"attachment-full size-full wp-image-15162\" alt=\"Macchinari industriali per taglio e lavorazione pietre naturali\" srcset=\"https:\/\/steinex.gtechgroup.support\/wp-content\/uploads\/2025\/09\/1_MOVIMENTAIZONE-T_sherpa-T.jpeg 900w, https:\/\/steinex.gtechgroup.support\/wp-content\/uploads\/2025\/09\/1_MOVIMENTAIZONE-T_sherpa-T-300x225.jpeg 300w, https:\/\/steinex.gtechgroup.support\/wp-content\/uploads\/2025\/09\/1_MOVIMENTAIZONE-T_sherpa-T-768x576.jpeg 768w, https:\/\/steinex.gtechgroup.support\/wp-content\/uploads\/2025\/09\/1_MOVIMENTAIZONE-T_sherpa-T-16x12.jpeg 16w, https:\/\/steinex.gtechgroup.support\/wp-content\/uploads\/2025\/09\/1_MOVIMENTAIZONE-T_sherpa-T-600x450.jpeg 600w\" sizes=\"(max-width: 900px) 100vw, 900px\" \/>\t\t\t\t\t\t\t\t\t\t\t\t\t\t\t<\/div>\n\t\t\t\t<\/div>\n\t\t\t\t\t<\/div>\n\t\t\t\t<\/div>\n\t\t<div class=\"elementor-element elementor-element-2de37d6 e-flex e-con-boxed e-con e-parent\" data-id=\"2de37d6\" data-element_type=\"container\" data-e-type=\"container\">\n\t\t\t\t\t<div class=\"e-con-inner\">\n\t\t<div class=\"elementor-element elementor-element-dee9541 e-con-full e-flex e-con e-child\" data-id=\"dee9541\" data-element_type=\"container\" data-e-type=\"container\">\n\t\t\t\t<div class=\"elementor-element elementor-element-446736d elementor-widget elementor-widget-text-editor\" data-id=\"446736d\" data-element_type=\"widget\" data-e-type=\"widget\" data-widget_type=\"text-editor.default\">\n\t\t\t\t\t\t\t\t\t<div class=\"et_pb_column et_pb_column_2_3 et_pb_column_4  et_pb_css_mix_blend_mode_passthrough\"><div class=\"et_pb_module et_pb_text et_pb_text_5 et_pb_text_align_left et_pb_bg_layout_light et_had_animation\"><div class=\"et_pb_text_inner\"><p><strong>S\u00c9RIE SHERPA BTS BTD<\/strong>BTS 1000 : bandes transporteuses en acier \u00e0 dessus plat, tr\u00e8s r\u00e9sistantes, avec syst\u00e8me de basculement. Les bandes BTS 1000 sont \u00e9quip\u00e9es d'un volet \u00e0 rouleau unique et d'un syst\u00e8me de basculement avec commande avant\/arri\u00e8re et haut\/bas. Les bandes BTD 500+500 sont \u00e9quip\u00e9es de doubles lames plates avec mouvement individuel avant\/arri\u00e8re et syst\u00e8me de bascule haut\/bas.<\/p><\/div><\/div><\/div>\t\t\t\t\t\t\t\t<\/div>\n\t\t\t\t<\/div>\n\t\t<div class=\"elementor-element elementor-element-313a050 e-con-full e-flex e-con e-child\" data-id=\"313a050\" data-element_type=\"container\" data-e-type=\"container\">\n\t\t\t\t<div class=\"elementor-element elementor-element-0c068af elementor-widget elementor-widget-image\" data-id=\"0c068af\" data-element_type=\"widget\" data-e-type=\"widget\" data-widget_type=\"image.default\">\n\t\t\t\t\t\t\t\t\t\t\t\t\t\t\t<img decoding=\"async\" width=\"900\" height=\"675\" src=\"https:\/\/steinex.gtechgroup.support\/wp-content\/uploads\/2025\/09\/2_MOVIMENTAZIONE-BTD_SherpaBTD_3x1.jpg\" class=\"attachment-full size-full wp-image-15163\" alt=\"Trasportatore industriale a nastro modulare\" srcset=\"https:\/\/steinex.gtechgroup.support\/wp-content\/uploads\/2025\/09\/2_MOVIMENTAZIONE-BTD_SherpaBTD_3x1.jpg 900w, https:\/\/steinex.gtechgroup.support\/wp-content\/uploads\/2025\/09\/2_MOVIMENTAZIONE-BTD_SherpaBTD_3x1-300x225.jpg 300w, https:\/\/steinex.gtechgroup.support\/wp-content\/uploads\/2025\/09\/2_MOVIMENTAZIONE-BTD_SherpaBTD_3x1-768x576.jpg 768w, https:\/\/steinex.gtechgroup.support\/wp-content\/uploads\/2025\/09\/2_MOVIMENTAZIONE-BTD_SherpaBTD_3x1-16x12.jpg 16w, https:\/\/steinex.gtechgroup.support\/wp-content\/uploads\/2025\/09\/2_MOVIMENTAZIONE-BTD_SherpaBTD_3x1-600x450.jpg 600w\" sizes=\"(max-width: 900px) 100vw, 900px\" \/>\t\t\t\t\t\t\t\t\t\t\t\t\t\t\t<\/div>\n\t\t\t\t<\/div>\n\t\t\t\t\t<\/div>\n\t\t\t\t<\/div>\n\t\t<div class=\"elementor-element elementor-element-3bd3e10 e-flex e-con-boxed e-con e-parent\" data-id=\"3bd3e10\" data-element_type=\"container\" data-e-type=\"container\">\n\t\t\t\t\t<div class=\"e-con-inner\">\n\t\t<div class=\"elementor-element elementor-element-8e11700 e-con-full e-flex e-con e-child\" data-id=\"8e11700\" data-element_type=\"container\" data-e-type=\"container\">\n\t\t\t\t<div class=\"elementor-element elementor-element-9ebb9b8 elementor-widget elementor-widget-heading\" data-id=\"9ebb9b8\" data-element_type=\"widget\" data-e-type=\"widget\" data-widget_type=\"heading.default\">\n\t\t\t\t\t<h2 class=\"elementor-heading-title elementor-size-default\">Transporteurs sur chenilles<\/h2>\t\t\t\t<\/div>\n\t\t\t\t<div class=\"elementor-element elementor-element-1523f54 elementor-widget elementor-widget-text-editor\" data-id=\"1523f54\" data-element_type=\"widget\" data-e-type=\"widget\" data-widget_type=\"text-editor.default\">\n\t\t\t\t\t\t\t\t\t<div class=\"et_pb_column et_pb_column_2_3 et_pb_column_7  et_pb_css_mix_blend_mode_passthrough\"><div class=\"et_pb_module et_pb_text et_pb_text_7 et_pb_text_align_left et_pb_bg_layout_light et_had_animation\"><div class=\"et_pb_text_inner\"><p><strong>S\u00c9RIE SHERPA BC :<\/strong> bandes transporteuses \u00e0 usage intensif avec chenilles et syst\u00e8me de basculement adapt\u00e9es au chargement de blocs lourds jusqu'\u00e0 10 tonnes. Les bandes BCS 1000 sont \u00e9quip\u00e9es d'un patin \u00e0 chenille unique avec mouvement avant\/arri\u00e8re et syst\u00e8me de basculement vers le haut\/bas. Les bandes BCD 500+500 sont \u00e9quip\u00e9es de patins \u00e0 double voie avec mouvement avant\/arri\u00e8re et syst\u00e8me de basculement haut\/bas. Les courroies BCD 500+500 sont \u00e9quip\u00e9es de patins \u00e0 double piste avec mouvement avant\/arri\u00e8re et syst\u00e8me de basculement haut\/bas.<\/p><\/div><\/div><\/div>\t\t\t\t\t\t\t\t<\/div>\n\t\t\t\t<\/div>\n\t\t<div class=\"elementor-element elementor-element-d64d509 e-con-full e-flex e-con e-child\" data-id=\"d64d509\" data-element_type=\"container\" data-e-type=\"container\">\n\t\t\t\t<div class=\"elementor-element elementor-element-b8235ef elementor-widget elementor-widget-image\" data-id=\"b8235ef\" data-element_type=\"widget\" data-e-type=\"widget\" data-widget_type=\"image.default\">\n\t\t\t\t\t\t\t\t\t\t\t\t\t\t\t<img decoding=\"async\" width=\"640\" height=\"480\" src=\"https:\/\/steinex.gtechgroup.support\/wp-content\/uploads\/2025\/09\/3_Menhir-Sherpa-BCD-cingolato.jpg\" class=\"attachment-full size-full wp-image-15164\" alt=\"Pressa industriale con nastro trasportatore arancione\" srcset=\"https:\/\/steinex.gtechgroup.support\/wp-content\/uploads\/2025\/09\/3_Menhir-Sherpa-BCD-cingolato.jpg 640w, https:\/\/steinex.gtechgroup.support\/wp-content\/uploads\/2025\/09\/3_Menhir-Sherpa-BCD-cingolato-300x225.jpg 300w, https:\/\/steinex.gtechgroup.support\/wp-content\/uploads\/2025\/09\/3_Menhir-Sherpa-BCD-cingolato-16x12.jpg 16w, https:\/\/steinex.gtechgroup.support\/wp-content\/uploads\/2025\/09\/3_Menhir-Sherpa-BCD-cingolato-600x450.jpg 600w\" sizes=\"(max-width: 640px) 100vw, 640px\" \/>\t\t\t\t\t\t\t\t\t\t\t\t\t\t\t<\/div>\n\t\t\t\t<\/div>\n\t\t\t\t\t<\/div>\n\t\t\t\t<\/div>\n\t\t<div class=\"elementor-element elementor-element-6cfa5a3 e-flex e-con-boxed e-con e-parent\" data-id=\"6cfa5a3\" data-element_type=\"container\" data-e-type=\"container\">\n\t\t\t\t\t<div class=\"e-con-inner\">\n\t\t<div class=\"elementor-element elementor-element-7e93ccb e-con-full e-flex e-con e-child\" data-id=\"7e93ccb\" data-element_type=\"container\" data-e-type=\"container\">\n\t\t\t\t<div class=\"elementor-element elementor-element-aeb6fd2 elementor-widget elementor-widget-text-editor\" data-id=\"aeb6fd2\" data-element_type=\"widget\" data-e-type=\"widget\" data-widget_type=\"text-editor.default\">\n\t\t\t\t\t\t\t\t\t<div class=\"et_pb_column et_pb_column_2_3 et_pb_column_7 et_pb_css_mix_blend_mode_passthrough\"><div class=\"et_pb_module et_pb_text et_pb_text_7 et_pb_text_align_left et_pb_bg_layout_light et_had_animation\"><div class=\"et_pb_text_inner\"><div class=\"et_pb_column et_pb_column_2_3 et_pb_column_9 et_pb_css_mix_blend_mode_passthrough\"><div class=\"et_pb_module et_pb_text et_pb_text_8 et_pb_text_align_left et_pb_bg_layout_light et_had_animation\"><div class=\"et_pb_text_inner\"><p><strong>S\u00c9RIE SHERPA FD<\/strong>Les convoyeurs \u00e0 bande sont des convoyeurs \u00e0 bande avec alimentation automatique et pousseurs \u00e0 double rostrum. Adapt\u00e9s au d\u00e9placement de t\u00f4les sci\u00e9es jusqu'\u00e0 550 mm d'\u00e9paisseur, chaque rostre peut avancer ind\u00e9pendamment et sont \u00e9quip\u00e9s de moteurs brushless qui garantissent une efficacit\u00e9 totale et une pr\u00e9cision dans le temps. Ils sont utilis\u00e9s dans les lignes automatiques ou peuvent \u00eatre utilis\u00e9s pour automatiser les lignes traditionnelles des clients qui souhaitent am\u00e9liorer leurs performances de production.<\/p><\/div><\/div><\/div><\/div><\/div><\/div>\t\t\t\t\t\t\t\t<\/div>\n\t\t\t\t<\/div>\n\t\t<div class=\"elementor-element elementor-element-e9fc5a0 e-con-full e-flex e-con e-child\" data-id=\"e9fc5a0\" data-element_type=\"container\" data-e-type=\"container\">\n\t\t\t\t<div class=\"elementor-element elementor-element-cca19d1 elementor-widget elementor-widget-image\" data-id=\"cca19d1\" data-element_type=\"widget\" data-e-type=\"widget\" data-widget_type=\"image.default\">\n\t\t\t\t\t\t\t\t\t\t\t\t\t\t\t<img loading=\"lazy\" decoding=\"async\" width=\"900\" height=\"675\" src=\"https:\/\/steinex.gtechgroup.support\/wp-content\/uploads\/2025\/09\/4_MOVIMENTAZIONE-FD_Menhir-Sherpa-FD.jpeg\" class=\"attachment-full size-full wp-image-15165\" alt=\"Macchinario industriale per lavorazione materiali in fabbrica\" srcset=\"https:\/\/steinex.gtechgroup.support\/wp-content\/uploads\/2025\/09\/4_MOVIMENTAZIONE-FD_Menhir-Sherpa-FD.jpeg 900w, https:\/\/steinex.gtechgroup.support\/wp-content\/uploads\/2025\/09\/4_MOVIMENTAZIONE-FD_Menhir-Sherpa-FD-300x225.jpeg 300w, https:\/\/steinex.gtechgroup.support\/wp-content\/uploads\/2025\/09\/4_MOVIMENTAZIONE-FD_Menhir-Sherpa-FD-768x576.jpeg 768w, https:\/\/steinex.gtechgroup.support\/wp-content\/uploads\/2025\/09\/4_MOVIMENTAZIONE-FD_Menhir-Sherpa-FD-16x12.jpeg 16w, https:\/\/steinex.gtechgroup.support\/wp-content\/uploads\/2025\/09\/4_MOVIMENTAZIONE-FD_Menhir-Sherpa-FD-600x450.jpeg 600w\" sizes=\"(max-width: 900px) 100vw, 900px\" \/>\t\t\t\t\t\t\t\t\t\t\t\t\t\t\t<\/div>\n\t\t\t\t<\/div>\n\t\t\t\t\t<\/div>\n\t\t\t\t<\/div>\n\t\t<div class=\"elementor-element elementor-element-b6f510c e-flex e-con-boxed e-con e-parent\" data-id=\"b6f510c\" data-element_type=\"container\" data-e-type=\"container\">\n\t\t\t\t\t<div class=\"e-con-inner\">\n\t\t<div class=\"elementor-element elementor-element-091922e e-con-full e-flex e-con e-child\" data-id=\"091922e\" data-element_type=\"container\" data-e-type=\"container\">\n\t\t\t\t<div class=\"elementor-element elementor-element-ef9cb74 elementor-widget elementor-widget-heading\" data-id=\"ef9cb74\" data-element_type=\"widget\" data-e-type=\"widget\" data-widget_type=\"heading.default\">\n\t\t\t\t\t<h2 class=\"elementor-heading-title elementor-size-default\">Rouleaux robustes<\/h2>\t\t\t\t<\/div>\n\t\t\t\t<div class=\"elementor-element elementor-element-0a1a5b6 elementor-widget elementor-widget-text-editor\" data-id=\"0a1a5b6\" data-element_type=\"widget\" data-e-type=\"widget\" data-widget_type=\"text-editor.default\">\n\t\t\t\t\t\t\t\t\t<div class=\"et_pb_column et_pb_column_2_3 et_pb_column_7 et_pb_css_mix_blend_mode_passthrough\"><div class=\"et_pb_module et_pb_text et_pb_text_7 et_pb_text_align_left et_pb_bg_layout_light et_had_animation\"><div class=\"et_pb_text_inner\"><div class=\"et_pb_column et_pb_column_2_3 et_pb_column_9 et_pb_css_mix_blend_mode_passthrough\"><div class=\"et_pb_module et_pb_text et_pb_text_8 et_pb_text_align_left et_pb_bg_layout_light et_had_animation\"><div class=\"et_pb_text_inner\"><div class=\"et_pb_column et_pb_column_2_3 et_pb_column_12 et_pb_css_mix_blend_mode_passthrough\"><div class=\"et_pb_module et_pb_text et_pb_text_10 et_pb_text_align_left et_pb_bg_layout_light et_had_animation\"><div class=\"et_pb_text_inner\"><div class=\"et_pb_column et_pb_column_2_3 et_pb_column_12 et_pb_css_mix_blend_mode_passthrough\"><div class=\"et_pb_module et_pb_text et_pb_text_10 et_pb_text_align_left et_pb_bg_layout_light et_had_animation\"><div class=\"et_pb_text_inner\"><p><strong>SHERPA R-SERIES :\u00a0<\/strong>bandes transporteuses \u00e0 rouleaux avec alimentation automatique ou manuelle. Les bandes RF conviennent au chargement de pi\u00e8ces lourdes et sont dot\u00e9es d'un mouvement avant\/arri\u00e8re. Les bandes BRF, en plus du mouvement avant\/arri\u00e8re, sont \u00e9galement \u00e9quip\u00e9es d'un syst\u00e8me de basculement haut\/bas. Pour faciliter la sortie des fourches apr\u00e8s avoir plac\u00e9 le bloc, un syst\u00e8me hydraulique r\u00e9tractable est install\u00e9 sur la bande, ce qui permet \u00e0 l'op\u00e9rateur du moyen m\u00e9canique de placer le bloc et de sortir librement avec les fourches sans frottement.<\/p><\/div><\/div><\/div><\/div><\/div><\/div><\/div><\/div><\/div><\/div><\/div><\/div>\t\t\t\t\t\t\t\t<\/div>\n\t\t\t\t<\/div>\n\t\t<div class=\"elementor-element elementor-element-0a79941 e-con-full e-flex e-con e-child\" data-id=\"0a79941\" data-element_type=\"container\" data-e-type=\"container\">\n\t\t\t\t<div class=\"elementor-element elementor-element-f8b235f elementor-widget elementor-widget-image\" data-id=\"f8b235f\" data-element_type=\"widget\" data-e-type=\"widget\" data-widget_type=\"image.default\">\n\t\t\t\t\t\t\t\t\t\t\t\t\t\t\t<img loading=\"lazy\" decoding=\"async\" width=\"900\" height=\"675\" src=\"https:\/\/steinex.gtechgroup.support\/wp-content\/uploads\/2025\/09\/5_MOVIMENTAZIONE-sherpa-RF.jpg\" class=\"attachment-full size-full wp-image-15166\" alt=\"Rulliera industriale per movimentazione materiali\" srcset=\"https:\/\/steinex.gtechgroup.support\/wp-content\/uploads\/2025\/09\/5_MOVIMENTAZIONE-sherpa-RF.jpg 900w, https:\/\/steinex.gtechgroup.support\/wp-content\/uploads\/2025\/09\/5_MOVIMENTAZIONE-sherpa-RF-300x225.jpg 300w, https:\/\/steinex.gtechgroup.support\/wp-content\/uploads\/2025\/09\/5_MOVIMENTAZIONE-sherpa-RF-768x576.jpg 768w, https:\/\/steinex.gtechgroup.support\/wp-content\/uploads\/2025\/09\/5_MOVIMENTAZIONE-sherpa-RF-16x12.jpg 16w, https:\/\/steinex.gtechgroup.support\/wp-content\/uploads\/2025\/09\/5_MOVIMENTAZIONE-sherpa-RF-600x450.jpg 600w\" sizes=\"(max-width: 900px) 100vw, 900px\" \/>\t\t\t\t\t\t\t\t\t\t\t\t\t\t\t<\/div>\n\t\t\t\t<\/div>\n\t\t\t\t\t<\/div>\n\t\t\t\t<\/div>\n\t\t<div class=\"elementor-element elementor-element-cd88208 e-flex e-con-boxed e-con e-parent\" data-id=\"cd88208\" data-element_type=\"container\" data-e-type=\"container\">\n\t\t\t\t\t<div class=\"e-con-inner\">\n\t\t<div class=\"elementor-element elementor-element-f8895e9 e-con-full e-flex e-con e-child\" data-id=\"f8895e9\" data-element_type=\"container\" data-e-type=\"container\">\n\t\t\t\t<div class=\"elementor-element elementor-element-57fedcc elementor-widget elementor-widget-heading\" data-id=\"57fedcc\" data-element_type=\"widget\" data-e-type=\"widget\" data-widget_type=\"heading.default\">\n\t\t\t\t\t<h2 class=\"elementor-heading-title elementor-size-default\">Convoyeurs \u00e0 bande en caoutchouc<\/h2>\t\t\t\t<\/div>\n\t\t\t\t<div class=\"elementor-element elementor-element-fc3400a elementor-widget elementor-widget-text-editor\" data-id=\"fc3400a\" data-element_type=\"widget\" data-e-type=\"widget\" data-widget_type=\"text-editor.default\">\n\t\t\t\t\t\t\t\t\t<div class=\"et_pb_column et_pb_column_2_3 et_pb_column_15  et_pb_css_mix_blend_mode_passthrough\"><div class=\"et_pb_module et_pb_text et_pb_text_12 et_pb_text_align_left et_pb_bg_layout_light et_had_animation\"><div class=\"et_pb_text_inner\"><p><strong>S\u00c9RIE SHERPA NG :\u00a0<\/strong>Les bandes \u00e0 structure m\u00e9tallique et les bandes en caoutchouc de 500 ou 700 mm sont particuli\u00e8rement adapt\u00e9es au transport de mat\u00e9riaux r\u00e9siduels provenant du traitement des machines.<\/p><\/div><\/div><\/div>\t\t\t\t\t\t\t\t<\/div>\n\t\t\t\t<\/div>\n\t\t<div class=\"elementor-element elementor-element-c6b10ad e-con-full e-flex e-con e-child\" data-id=\"c6b10ad\" data-element_type=\"container\" data-e-type=\"container\">\n\t\t\t\t<div class=\"elementor-element elementor-element-e334e3b elementor-widget elementor-widget-image\" data-id=\"e334e3b\" data-element_type=\"widget\" data-e-type=\"widget\" data-widget_type=\"image.default\">\n\t\t\t\t\t\t\t\t\t\t\t\t\t\t\t<img loading=\"lazy\" decoding=\"async\" width=\"640\" height=\"480\" src=\"https:\/\/steinex.gtechgroup.support\/wp-content\/uploads\/2025\/09\/6_MOVIMENTAZIONE-_sherpa-NG.jpg\" class=\"attachment-full size-full wp-image-15167\" alt=\"Linea di macchine industriali per lavorazione materiali\" srcset=\"https:\/\/steinex.gtechgroup.support\/wp-content\/uploads\/2025\/09\/6_MOVIMENTAZIONE-_sherpa-NG.jpg 640w, https:\/\/steinex.gtechgroup.support\/wp-content\/uploads\/2025\/09\/6_MOVIMENTAZIONE-_sherpa-NG-300x225.jpg 300w, https:\/\/steinex.gtechgroup.support\/wp-content\/uploads\/2025\/09\/6_MOVIMENTAZIONE-_sherpa-NG-16x12.jpg 16w, https:\/\/steinex.gtechgroup.support\/wp-content\/uploads\/2025\/09\/6_MOVIMENTAZIONE-_sherpa-NG-600x450.jpg 600w\" sizes=\"(max-width: 640px) 100vw, 640px\" \/>\t\t\t\t\t\t\t\t\t\t\t\t\t\t\t<\/div>\n\t\t\t\t<\/div>\n\t\t\t\t\t<\/div>\n\t\t\t\t<\/div>\n\t\t<div class=\"elementor-element elementor-element-d7c096e e-flex e-con-boxed e-con e-parent\" data-id=\"d7c096e\" data-element_type=\"container\" data-e-type=\"container\">\n\t\t\t\t\t<div class=\"e-con-inner\">\n\t\t<div class=\"elementor-element elementor-element-ff8ae6b e-con-full e-flex e-con e-child\" data-id=\"ff8ae6b\" data-element_type=\"container\" data-e-type=\"container\">\n\t\t\t\t<div class=\"elementor-element elementor-element-40aebd7 elementor-widget elementor-widget-text-editor\" data-id=\"40aebd7\" data-element_type=\"widget\" data-e-type=\"widget\" data-widget_type=\"text-editor.default\">\n\t\t\t\t\t\t\t\t\t<div class=\"et_pb_column et_pb_column_2_3 et_pb_column_17  et_pb_css_mix_blend_mode_passthrough\"><div class=\"et_pb_module et_pb_text et_pb_text_13 et_pb_text_align_left et_pb_bg_layout_light et_had_animation\"><div class=\"et_pb_text_inner\"><p><strong>S\u00c9RIE SC-NG INSTALLATIONS SHERPA :\u00a0<\/strong>sont des installations adapt\u00e9es au tri et au calibrage des pav\u00e9s. Steinex, afin de r\u00e9duire la fatigue des ouvriers qui cassent et trient les pav\u00e9s, a d\u00e9velopp\u00e9 une s\u00e9rie d'installations compos\u00e9es d'une tr\u00e9mie de chargement lourde adapt\u00e9e au chargement des excavateurs et des pelles m\u00e9caniques ou des camions-bennes et d'une bande en caoutchouc r\u00e9sistante \u00e0 l'usure. Elles sont construites en trois versions avec des capacit\u00e9s de 16 m3, 30 m3 et 60 m3.<\/p><\/div><\/div><\/div>\t\t\t\t\t\t\t\t<\/div>\n\t\t\t\t<\/div>\n\t\t<div class=\"elementor-element elementor-element-cabd841 e-con-full e-flex e-con e-child\" data-id=\"cabd841\" data-element_type=\"container\" data-e-type=\"container\">\n\t\t\t\t<div class=\"elementor-element elementor-element-6c6407e elementor-widget elementor-widget-image\" data-id=\"6c6407e\" data-element_type=\"widget\" data-e-type=\"widget\" data-widget_type=\"image.default\">\n\t\t\t\t\t\t\t\t\t\t\t\t\t\t\t<img loading=\"lazy\" decoding=\"async\" width=\"900\" height=\"675\" src=\"https:\/\/steinex.gtechgroup.support\/wp-content\/uploads\/2025\/09\/7_-impianto-sc_ng_IMPIANTO-SELEZIONE-E-CERNITA-60-M3.jpg\" class=\"attachment-full size-full wp-image-15168\" alt=\"Impianto industriale per lavorazione e trasporto pietre\" srcset=\"https:\/\/steinex.gtechgroup.support\/wp-content\/uploads\/2025\/09\/7_-impianto-sc_ng_IMPIANTO-SELEZIONE-E-CERNITA-60-M3.jpg 900w, https:\/\/steinex.gtechgroup.support\/wp-content\/uploads\/2025\/09\/7_-impianto-sc_ng_IMPIANTO-SELEZIONE-E-CERNITA-60-M3-300x225.jpg 300w, https:\/\/steinex.gtechgroup.support\/wp-content\/uploads\/2025\/09\/7_-impianto-sc_ng_IMPIANTO-SELEZIONE-E-CERNITA-60-M3-768x576.jpg 768w, https:\/\/steinex.gtechgroup.support\/wp-content\/uploads\/2025\/09\/7_-impianto-sc_ng_IMPIANTO-SELEZIONE-E-CERNITA-60-M3-16x12.jpg 16w, https:\/\/steinex.gtechgroup.support\/wp-content\/uploads\/2025\/09\/7_-impianto-sc_ng_IMPIANTO-SELEZIONE-E-CERNITA-60-M3-600x450.jpg 600w\" sizes=\"(max-width: 900px) 100vw, 900px\" \/>\t\t\t\t\t\t\t\t\t\t\t\t\t\t\t<\/div>\n\t\t\t\t<\/div>\n\t\t\t\t\t<\/div>\n\t\t\t\t<\/div>\n\t\t\t\t<\/div>","protected":false},"excerpt":{"rendered":"<p>Movimentazione Sherpa Home Sherpa \u00e8 la famiglia di prodotti per la movimentazione che possono essere venduti singolarmente oppure essere parte integrante di impianti compatti e linee di produzione. Trasportatori a tapparelle SHERPA SERIE T E TT: sono nastri trasportatori pesanti a tapparelle piane in acciaio e sono adatti al carico di pezzi molto pesanti. Possono [&hellip;]<\/p>","protected":false},"author":1,"featured_media":0,"parent":0,"menu_order":0,"comment_status":"closed","ping_status":"closed","template":"","meta":{"_seopress_robots_primary_cat":"","_seopress_titles_title":"Nastri trasportatori Sherpa: efficienza per carichi pesanti","_seopress_titles_desc":"Scopri i trasportatori Sherpa per movimentazione pesante: soluzioni efficienti per linee di produzione e carico fino a 10 tonnellate.","_seopress_robots_index":"","footnotes":""},"class_list":["post-14203","page","type-page","status-publish","hentry"],"_links":{"self":[{"href":"https:\/\/steinex.gtechgroup.support\/fr\/wp-json\/wp\/v2\/pages\/14203","targetHints":{"allow":["GET"]}}],"collection":[{"href":"https:\/\/steinex.gtechgroup.support\/fr\/wp-json\/wp\/v2\/pages"}],"about":[{"href":"https:\/\/steinex.gtechgroup.support\/fr\/wp-json\/wp\/v2\/types\/page"}],"author":[{"embeddable":true,"href":"https:\/\/steinex.gtechgroup.support\/fr\/wp-json\/wp\/v2\/users\/1"}],"replies":[{"embeddable":true,"href":"https:\/\/steinex.gtechgroup.support\/fr\/wp-json\/wp\/v2\/comments?post=14203"}],"version-history":[{"count":7,"href":"https:\/\/steinex.gtechgroup.support\/fr\/wp-json\/wp\/v2\/pages\/14203\/revisions"}],"predecessor-version":[{"id":15171,"href":"https:\/\/steinex.gtechgroup.support\/fr\/wp-json\/wp\/v2\/pages\/14203\/revisions\/15171"}],"wp:attachment":[{"href":"https:\/\/steinex.gtechgroup.support\/fr\/wp-json\/wp\/v2\/media?parent=14203"}],"curies":[{"name":"wp","href":"https:\/\/api.w.org\/{rel}","templated":true}]}}