{"id":14210,"date":"2025-02-07T17:16:25","date_gmt":"2025-02-07T17:16:25","guid":{"rendered":"https:\/\/steinex.gtechgroup.support\/?page_id=14210"},"modified":"2025-09-17T13:02:29","modified_gmt":"2025-09-17T13:02:29","slug":"manipolazione","status":"publish","type":"page","link":"https:\/\/steinex.gtechgroup.support\/fr\/manipolazione\/","title":{"rendered":"Manipulation"},"content":{"rendered":"<div data-elementor-type=\"wp-page\" data-elementor-id=\"14210\" class=\"elementor elementor-14210\" data-elementor-post-type=\"page\">\n\t\t\t\t<div class=\"elementor-element elementor-element-1ca1ae4 e-flex e-con-boxed e-con e-parent\" data-id=\"1ca1ae4\" data-element_type=\"container\" data-e-type=\"container\" data-settings=\"{&quot;background_background&quot;:&quot;classic&quot;}\">\n\t\t\t\t\t<div class=\"e-con-inner\">\n\t\t<div class=\"elementor-element elementor-element-8d33243 e-con-full e-flex e-con e-child\" data-id=\"8d33243\" data-element_type=\"container\" data-e-type=\"container\" data-settings=\"{&quot;background_background&quot;:&quot;classic&quot;}\">\n\t\t\t\t<div class=\"elementor-element elementor-element-1b7bb51 elementor-widget elementor-widget-heading\" data-id=\"1b7bb51\" data-element_type=\"widget\" data-e-type=\"widget\" data-widget_type=\"heading.default\">\n\t\t\t\t\t<h2 class=\"elementor-heading-title elementor-size-default\">Manipulation<\/h2>\t\t\t\t<\/div>\n\t\t\t\t<div class=\"elementor-element elementor-element-600855e elementor-widget elementor-widget-hfe-breadcrumbs-widget\" data-id=\"600855e\" data-element_type=\"widget\" data-e-type=\"widget\" data-widget_type=\"hfe-breadcrumbs-widget.default\">\n\t\t\t\t<div class=\"elementor-widget-container\">\n\t\t\t\t\t<nav aria-label=\"Fil d&#039;Ariane\"><ul class=\"hfe-breadcrumbs hfe-breadcrumbs-show-home\"><li class=\"hfe-breadcrumbs-item hfe-breadcrumbs-first\"><span class=\"hfe-breadcrumbs-home-icon\"><\/span><a href=\"https:\/\/steinex.gtechgroup.support\/fr\"><span class=\"hfe-breadcrumbs-text\">Accueil<\/span><\/a><\/li><\/ul><\/nav>\t\t\t\t<\/div>\n\t\t\t\t<\/div>\n\t\t\t\t<\/div>\n\t\t\t\t\t<\/div>\n\t\t\t\t<\/div>\n\t\t<div class=\"elementor-element elementor-element-84fa761 e-flex e-con-boxed e-con e-parent\" data-id=\"84fa761\" data-element_type=\"container\" data-e-type=\"container\">\n\t\t\t\t\t<div class=\"e-con-inner\">\n\t\t\t\t<div class=\"elementor-element elementor-element-33634ca elementor-widget elementor-widget-text-editor\" data-id=\"33634ca\" data-element_type=\"widget\" data-e-type=\"widget\" data-widget_type=\"text-editor.default\">\n\t\t\t\t\t\t\t\t\t<p>Les manipulateurs fabriqu\u00e9s par Steinex sont des accessoires indispensables \u00e0 la manipulation monolithique de pi\u00e8ces lourdes, qu'elles soient informes ou de forme r\u00e9guli\u00e8re. Ils sont faciles \u00e0 utiliser et allient puissance et pr\u00e9cision, deux facteurs qui les rendent uniques. Ils sont indispensables pour assurer la s\u00e9curit\u00e9 des travailleurs ainsi que des performances de production \u00e9lev\u00e9es ; l'op\u00e9rateur peut pousser, tourner, positionner et d\u00e9placer des pi\u00e8ces sans aucun effort physique.<\/p>\n<p>Les manipulateurs MP600 et MP820 sont int\u00e9gr\u00e9s aux mod\u00e8les IGLOO 500, IGLOO 600 et IGLOO 640 et \u00e0 leurs syst\u00e8mes compacts IGLOO-SHERPA. Ils permettent de manipuler les pi\u00e8ces arrivant du convoyeur Sherpa et de les positionner \u00e0 l'endroit souhait\u00e9 sous la lame Igloo. Ils sont command\u00e9s par une console \u00e9quip\u00e9e de joysticks et peuvent soulever des pi\u00e8ces de plus de 600 kg.<\/p>\t\t\t\t\t\t\t\t<\/div>\n\t\t\t\t\t<\/div>\n\t\t\t\t<\/div>\n\t\t<div class=\"elementor-element elementor-element-196fb14 e-flex e-con-boxed e-con e-parent\" data-id=\"196fb14\" data-element_type=\"container\" data-e-type=\"container\">\n\t\t\t\t\t<div class=\"e-con-inner\">\n\t\t\t\t<div class=\"elementor-element elementor-element-1865208 elementor-widget elementor-widget-gallery\" data-id=\"1865208\" data-element_type=\"widget\" data-e-type=\"widget\" data-settings=\"{&quot;columns&quot;:3,&quot;gap&quot;:{&quot;unit&quot;:&quot;px&quot;,&quot;size&quot;:200,&quot;sizes&quot;:[]},&quot;aspect_ratio&quot;:&quot;1:1&quot;,&quot;lazyload&quot;:&quot;yes&quot;,&quot;gallery_layout&quot;:&quot;grid&quot;,&quot;columns_tablet&quot;:2,&quot;columns_mobile&quot;:1,&quot;gap_tablet&quot;:{&quot;unit&quot;:&quot;px&quot;,&quot;size&quot;:10,&quot;sizes&quot;:[]},&quot;gap_mobile&quot;:{&quot;unit&quot;:&quot;px&quot;,&quot;size&quot;:10,&quot;sizes&quot;:[]},&quot;link_to&quot;:&quot;file&quot;,&quot;content_hover_animation&quot;:&quot;fade-in&quot;}\" data-widget_type=\"gallery.default\">\n\t\t\t\t\t\t\t<div class=\"elementor-gallery__container\">\n\t\t\t\t\t\t\t<a class=\"e-gallery-item elementor-gallery-item elementor-animated-content\" href=\"https:\/\/steinex.gtechgroup.support\/wp-content\/uploads\/2025\/02\/Igloo-Sherpa-600-MP820-NG-5.png\" data-elementor-open-lightbox=\"yes\" data-elementor-lightbox-slideshow=\"1865208\" data-e-action-hash=\"#elementor-action%3Aaction%3Dlightbox%26settings%3DeyJpZCI6MTQyMjMsInVybCI6Imh0dHBzOlwvXC9zdGVpbmV4Lmd0ZWNoZ3JvdXAuc3VwcG9ydFwvd3AtY29udGVudFwvdXBsb2Fkc1wvMjAyNVwvMDJcL0lnbG9vLVNoZXJwYS02MDAtTVA4MjAtTkctNS5wbmciLCJzbGlkZXNob3ciOiIxODY1MjA4In0%3D\">\n\t\t\t\t\t<div class=\"e-gallery-image elementor-gallery-item__image\" data-thumbnail=\"https:\/\/steinex.gtechgroup.support\/wp-content\/uploads\/2025\/02\/Igloo-Sherpa-600-MP820-NG-5.png\" data-width=\"900\" data-height=\"800\" aria-label=\"\" role=\"img\" ><\/div>\n\t\t\t\t\t\t\t\t\t\t\t\t\t\t<\/a>\n\t\t\t\t\t\t\t<a class=\"e-gallery-item elementor-gallery-item elementor-animated-content\" href=\"https:\/\/steinex.gtechgroup.support\/wp-content\/uploads\/2025\/02\/IglooSherpa-480Manip600.png\" data-elementor-open-lightbox=\"yes\" data-elementor-lightbox-slideshow=\"1865208\" data-e-action-hash=\"#elementor-action%3Aaction%3Dlightbox%26settings%3DeyJpZCI6MTQyMjIsInVybCI6Imh0dHBzOlwvXC9zdGVpbmV4Lmd0ZWNoZ3JvdXAuc3VwcG9ydFwvd3AtY29udGVudFwvdXBsb2Fkc1wvMjAyNVwvMDJcL0lnbG9vU2hlcnBhLTQ4ME1hbmlwNjAwLnBuZyIsInNsaWRlc2hvdyI6IjE4NjUyMDgifQ%3D%3D\">\n\t\t\t\t\t<div class=\"e-gallery-image elementor-gallery-item__image\" data-thumbnail=\"https:\/\/steinex.gtechgroup.support\/wp-content\/uploads\/2025\/02\/IglooSherpa-480Manip600.png\" data-width=\"900\" data-height=\"800\" aria-label=\"\" role=\"img\" ><\/div>\n\t\t\t\t\t\t\t\t\t\t\t\t\t\t<\/a>\n\t\t\t\t\t\t\t<a class=\"e-gallery-item elementor-gallery-item elementor-animated-content\" href=\"https:\/\/steinex.gtechgroup.support\/wp-content\/uploads\/2025\/02\/Immagine-Igloo-500MP820.png\" data-elementor-open-lightbox=\"yes\" data-elementor-lightbox-slideshow=\"1865208\" data-e-action-hash=\"#elementor-action%3Aaction%3Dlightbox%26settings%3DeyJpZCI6MTQyMTUsInVybCI6Imh0dHBzOlwvXC9zdGVpbmV4Lmd0ZWNoZ3JvdXAuc3VwcG9ydFwvd3AtY29udGVudFwvdXBsb2Fkc1wvMjAyNVwvMDJcL0ltbWFnaW5lLUlnbG9vLTUwME1QODIwLnBuZyIsInNsaWRlc2hvdyI6IjE4NjUyMDgifQ%3D%3D\">\n\t\t\t\t\t<div class=\"e-gallery-image elementor-gallery-item__image\" data-thumbnail=\"https:\/\/steinex.gtechgroup.support\/wp-content\/uploads\/2025\/02\/Immagine-Igloo-500MP820.png\" data-width=\"422\" data-height=\"375\" aria-label=\"\" role=\"img\" ><\/div>\n\t\t\t\t\t\t\t\t\t\t\t\t\t\t<\/a>\n\t\t\t\t\t<\/div>\n\t\t\t\t\t<\/div>\n\t\t\t\t\t<\/div>\n\t\t\t\t<\/div>\n\t\t<div class=\"elementor-element elementor-element-243ea0e e-flex e-con-boxed e-con e-parent\" data-id=\"243ea0e\" data-element_type=\"container\" data-e-type=\"container\">\n\t\t\t\t\t<div class=\"e-con-inner\">\n\t\t\t\t<div class=\"elementor-element elementor-element-beac7b7 elementor-widget elementor-widget-text-editor\" data-id=\"beac7b7\" data-element_type=\"widget\" data-e-type=\"widget\" data-widget_type=\"text-editor.default\">\n\t\t\t\t\t\t\t\t\t<div class=\"et_pb_section et_pb_section_3 et_section_regular\"><div class=\"et_pb_row et_pb_row_3\"><div class=\"et_pb_column et_pb_column_4_4 et_pb_column_6 et_pb_css_mix_blend_mode_passthrough et-last-child\"><div class=\"et_pb_module et_pb_text et_pb_text_3 et_pb_text_align_left et_pb_bg_layout_light et_had_animation\"><div class=\"et_pb_text_inner\"><p>Les manipulateurs MP1000 et les manipulateurs proportionnels M-PRO sont int\u00e9gr\u00e9s dans les mod\u00e8les Menhir 1000 et leurs syst\u00e8mes Menhir-Sherpa. Ils permettent la manipulation de gros blocs arrivant des bandes Sherpa BT ou BC et leur positionnement \u00e0 l'endroit souhait\u00e9 sous la lame des presses Menhir. Leur puissance \u00e9lev\u00e9e permet de manipuler des pi\u00e8ces de plusieurs tonnes. Ils peuvent \u00eatre install\u00e9s individuellement ou par paire sur la structure du Menhir.\u00a0<\/p><\/div><\/div><\/div><\/div><\/div>\t\t\t\t\t\t\t\t<\/div>\n\t\t\t\t\t<\/div>\n\t\t\t\t<\/div>\n\t\t<div class=\"elementor-element elementor-element-663d8a8 e-flex e-con-boxed e-con e-parent\" data-id=\"663d8a8\" data-element_type=\"container\" data-e-type=\"container\">\n\t\t\t\t\t<div class=\"e-con-inner\">\n\t\t\t\t<div class=\"elementor-element elementor-element-153e534 elementor-widget elementor-widget-gallery\" data-id=\"153e534\" data-element_type=\"widget\" data-e-type=\"widget\" data-settings=\"{&quot;columns&quot;:3,&quot;gap&quot;:{&quot;unit&quot;:&quot;px&quot;,&quot;size&quot;:100,&quot;sizes&quot;:[]},&quot;lazyload&quot;:&quot;yes&quot;,&quot;gallery_layout&quot;:&quot;grid&quot;,&quot;columns_tablet&quot;:2,&quot;columns_mobile&quot;:1,&quot;gap_tablet&quot;:{&quot;unit&quot;:&quot;px&quot;,&quot;size&quot;:10,&quot;sizes&quot;:[]},&quot;gap_mobile&quot;:{&quot;unit&quot;:&quot;px&quot;,&quot;size&quot;:10,&quot;sizes&quot;:[]},&quot;link_to&quot;:&quot;file&quot;,&quot;aspect_ratio&quot;:&quot;3:2&quot;,&quot;content_hover_animation&quot;:&quot;fade-in&quot;}\" data-widget_type=\"gallery.default\">\n\t\t\t\t\t\t\t<div class=\"elementor-gallery__container\">\n\t\t\t\t\t\t\t<a class=\"e-gallery-item elementor-gallery-item elementor-animated-content\" href=\"https:\/\/steinex.gtechgroup.support\/wp-content\/uploads\/2025\/02\/manipolatore-proporzionale-_mpro_Menhir-Sherpa-1600x1000-1.png\" data-elementor-open-lightbox=\"yes\" data-elementor-lightbox-slideshow=\"153e534\" data-e-action-hash=\"#elementor-action%3Aaction%3Dlightbox%26settings%3DeyJpZCI6MTQyMTgsInVybCI6Imh0dHBzOlwvXC9zdGVpbmV4Lmd0ZWNoZ3JvdXAuc3VwcG9ydFwvd3AtY29udGVudFwvdXBsb2Fkc1wvMjAyNVwvMDJcL21hbmlwb2xhdG9yZS1wcm9wb3J6aW9uYWxlLV9tcHJvX01lbmhpci1TaGVycGEtMTYwMHgxMDAwLTEucG5nIiwic2xpZGVzaG93IjoiMTUzZTUzNCJ9\">\n\t\t\t\t\t<div class=\"e-gallery-image elementor-gallery-item__image\" data-thumbnail=\"https:\/\/steinex.gtechgroup.support\/wp-content\/uploads\/2025\/02\/manipolatore-proporzionale-_mpro_Menhir-Sherpa-1600x1000-1.png\" data-width=\"640\" data-height=\"480\" aria-label=\"\" role=\"img\" ><\/div>\n\t\t\t\t\t\t\t\t\t\t\t\t\t\t<\/a>\n\t\t\t\t\t\t\t<a class=\"e-gallery-item elementor-gallery-item elementor-animated-content\" href=\"https:\/\/steinex.gtechgroup.support\/wp-content\/uploads\/2025\/02\/LAYOUT-1000x600-BTDBTSMP1000.png\" data-elementor-open-lightbox=\"yes\" data-elementor-lightbox-slideshow=\"153e534\" data-e-action-hash=\"#elementor-action%3Aaction%3Dlightbox%26settings%3DeyJpZCI6MTQyMTYsInVybCI6Imh0dHBzOlwvXC9zdGVpbmV4Lmd0ZWNoZ3JvdXAuc3VwcG9ydFwvd3AtY29udGVudFwvdXBsb2Fkc1wvMjAyNVwvMDJcL0xBWU9VVC0xMDAweDYwMC1CVERCVFNNUDEwMDAucG5nIiwic2xpZGVzaG93IjoiMTUzZTUzNCJ9\">\n\t\t\t\t\t<div class=\"e-gallery-image elementor-gallery-item__image\" data-thumbnail=\"https:\/\/steinex.gtechgroup.support\/wp-content\/uploads\/2025\/02\/LAYOUT-1000x600-BTDBTSMP1000.png\" data-width=\"640\" data-height=\"480\" aria-label=\"\" role=\"img\" ><\/div>\n\t\t\t\t\t\t\t\t\t\t\t\t\t\t<\/a>\n\t\t\t\t\t\t\t<a class=\"e-gallery-item elementor-gallery-item elementor-animated-content\" href=\"https:\/\/steinex.gtechgroup.support\/wp-content\/uploads\/2025\/02\/Menhir-Sherpa-1000x600-MP1000.png\" data-elementor-open-lightbox=\"yes\" data-elementor-lightbox-slideshow=\"153e534\" data-e-action-hash=\"#elementor-action%3Aaction%3Dlightbox%26settings%3DeyJpZCI6MTQyMjAsInVybCI6Imh0dHBzOlwvXC9zdGVpbmV4Lmd0ZWNoZ3JvdXAuc3VwcG9ydFwvd3AtY29udGVudFwvdXBsb2Fkc1wvMjAyNVwvMDJcL01lbmhpci1TaGVycGEtMTAwMHg2MDAtTVAxMDAwLnBuZyIsInNsaWRlc2hvdyI6IjE1M2U1MzQifQ%3D%3D\">\n\t\t\t\t\t<div class=\"e-gallery-image elementor-gallery-item__image\" data-thumbnail=\"https:\/\/steinex.gtechgroup.support\/wp-content\/uploads\/2025\/02\/Menhir-Sherpa-1000x600-MP1000.png\" data-width=\"640\" data-height=\"480\" aria-label=\"\" role=\"img\" ><\/div>\n\t\t\t\t\t\t\t\t\t\t\t\t\t\t<\/a>\n\t\t\t\t\t\t\t<a class=\"e-gallery-item elementor-gallery-item elementor-animated-content\" href=\"https:\/\/steinex.gtechgroup.support\/wp-content\/uploads\/2025\/02\/MS-1000x600-BTDBTSMP1000.png\" data-elementor-open-lightbox=\"yes\" data-elementor-lightbox-slideshow=\"153e534\" data-e-action-hash=\"#elementor-action%3Aaction%3Dlightbox%26settings%3DeyJpZCI6MTQyMjEsInVybCI6Imh0dHBzOlwvXC9zdGVpbmV4Lmd0ZWNoZ3JvdXAuc3VwcG9ydFwvd3AtY29udGVudFwvdXBsb2Fkc1wvMjAyNVwvMDJcL01TLTEwMDB4NjAwLUJUREJUU01QMTAwMC5wbmciLCJzbGlkZXNob3ciOiIxNTNlNTM0In0%3D\">\n\t\t\t\t\t<div class=\"e-gallery-image elementor-gallery-item__image\" data-thumbnail=\"https:\/\/steinex.gtechgroup.support\/wp-content\/uploads\/2025\/02\/MS-1000x600-BTDBTSMP1000.png\" data-width=\"640\" data-height=\"480\" aria-label=\"\" role=\"img\" ><\/div>\n\t\t\t\t\t\t\t\t\t\t\t\t\t\t<\/a>\n\t\t\t\t\t\t\t<a class=\"e-gallery-item elementor-gallery-item elementor-animated-content\" href=\"https:\/\/steinex.gtechgroup.support\/wp-content\/uploads\/2025\/02\/manipolatore-proporzionale-Menhir-3RB.png\" data-elementor-open-lightbox=\"yes\" data-elementor-lightbox-slideshow=\"153e534\" data-e-action-hash=\"#elementor-action%3Aaction%3Dlightbox%26settings%3DeyJpZCI6MTQyMTksInVybCI6Imh0dHBzOlwvXC9zdGVpbmV4Lmd0ZWNoZ3JvdXAuc3VwcG9ydFwvd3AtY29udGVudFwvdXBsb2Fkc1wvMjAyNVwvMDJcL21hbmlwb2xhdG9yZS1wcm9wb3J6aW9uYWxlLU1lbmhpci0zUkIucG5nIiwic2xpZGVzaG93IjoiMTUzZTUzNCJ9\">\n\t\t\t\t\t<div class=\"e-gallery-image elementor-gallery-item__image\" data-thumbnail=\"https:\/\/steinex.gtechgroup.support\/wp-content\/uploads\/2025\/02\/manipolatore-proporzionale-Menhir-3RB.png\" data-width=\"640\" data-height=\"480\" aria-label=\"\" role=\"img\" ><\/div>\n\t\t\t\t\t\t\t\t\t\t\t\t\t\t<\/a>\n\t\t\t\t\t\t\t<a class=\"e-gallery-item elementor-gallery-item elementor-animated-content\" href=\"https:\/\/steinex.gtechgroup.support\/wp-content\/uploads\/2025\/02\/manipolatore-proporzionale.png\" data-elementor-open-lightbox=\"yes\" data-elementor-lightbox-slideshow=\"153e534\" data-e-action-hash=\"#elementor-action%3Aaction%3Dlightbox%26settings%3DeyJpZCI6MTQyMTcsInVybCI6Imh0dHBzOlwvXC9zdGVpbmV4Lmd0ZWNoZ3JvdXAuc3VwcG9ydFwvd3AtY29udGVudFwvdXBsb2Fkc1wvMjAyNVwvMDJcL21hbmlwb2xhdG9yZS1wcm9wb3J6aW9uYWxlLnBuZyIsInNsaWRlc2hvdyI6IjE1M2U1MzQifQ%3D%3D\">\n\t\t\t\t\t<div class=\"e-gallery-image elementor-gallery-item__image\" data-thumbnail=\"https:\/\/steinex.gtechgroup.support\/wp-content\/uploads\/2025\/02\/manipolatore-proporzionale.png\" data-width=\"640\" data-height=\"480\" aria-label=\"\" role=\"img\" ><\/div>\n\t\t\t\t\t\t\t\t\t\t\t\t\t\t<\/a>\n\t\t\t\t\t<\/div>\n\t\t\t\t\t<\/div>\n\t\t\t\t\t<\/div>\n\t\t\t\t<\/div>\n\t\t\t\t<\/div>","protected":false},"excerpt":{"rendered":"<p>Manipolazione Home I manipolatori prodotti da Steinex sono accessori di fondamentale importanza nella monipolazione di pezzi pesanti sia informi che di forma regolare. Sono facili da utilizzare e combinano potenza e precisione, due fattori che li rendono unici nel loro genere. Sono fondamentali per garantire la sicurezza dei lavoratori nonch\u00e8 per ottenere elevate performance produttive; [&hellip;]<\/p>","protected":false},"author":1,"featured_media":0,"parent":0,"menu_order":0,"comment_status":"closed","ping_status":"closed","template":"","meta":{"_seopress_robots_primary_cat":"","_seopress_titles_title":"Manipolatori Steinex: potenza e sicurezza garantite","_seopress_titles_desc":"Scopri i manipolatori Steinex: potenza, precisione e sicurezza per la manipolazione di pezzi pesanti in modo semplice ed efficace.","_seopress_robots_index":"","footnotes":""},"class_list":["post-14210","page","type-page","status-publish","hentry"],"_links":{"self":[{"href":"https:\/\/steinex.gtechgroup.support\/fr\/wp-json\/wp\/v2\/pages\/14210","targetHints":{"allow":["GET"]}}],"collection":[{"href":"https:\/\/steinex.gtechgroup.support\/fr\/wp-json\/wp\/v2\/pages"}],"about":[{"href":"https:\/\/steinex.gtechgroup.support\/fr\/wp-json\/wp\/v2\/types\/page"}],"author":[{"embeddable":true,"href":"https:\/\/steinex.gtechgroup.support\/fr\/wp-json\/wp\/v2\/users\/1"}],"replies":[{"embeddable":true,"href":"https:\/\/steinex.gtechgroup.support\/fr\/wp-json\/wp\/v2\/comments?post=14210"}],"version-history":[{"count":19,"href":"https:\/\/steinex.gtechgroup.support\/fr\/wp-json\/wp\/v2\/pages\/14210\/revisions"}],"predecessor-version":[{"id":14820,"href":"https:\/\/steinex.gtechgroup.support\/fr\/wp-json\/wp\/v2\/pages\/14210\/revisions\/14820"}],"wp:attachment":[{"href":"https:\/\/steinex.gtechgroup.support\/fr\/wp-json\/wp\/v2\/media?parent=14210"}],"curies":[{"name":"wp","href":"https:\/\/api.w.org\/{rel}","templated":true}]}}