{"id":14227,"date":"2025-02-10T14:19:39","date_gmt":"2025-02-10T14:19:39","guid":{"rendered":"https:\/\/steinex.gtechgroup.support\/?page_id=14227"},"modified":"2025-02-10T14:22:40","modified_gmt":"2025-02-10T14:22:40","slug":"spintori","status":"publish","type":"page","link":"https:\/\/steinex.gtechgroup.support\/fr\/spintori\/","title":{"rendered":"Pousseurs"},"content":{"rendered":"<div data-elementor-type=\"wp-page\" data-elementor-id=\"14227\" class=\"elementor elementor-14227\" data-elementor-post-type=\"page\">\n\t\t\t\t<div class=\"elementor-element elementor-element-49f1c11 e-flex e-con-boxed e-con e-parent\" data-id=\"49f1c11\" data-element_type=\"container\" data-e-type=\"container\" data-settings=\"{&quot;background_background&quot;:&quot;classic&quot;}\">\n\t\t\t\t\t<div class=\"e-con-inner\">\n\t\t<div class=\"elementor-element elementor-element-d1adf1f e-con-full e-flex e-con e-child\" data-id=\"d1adf1f\" data-element_type=\"container\" data-e-type=\"container\" data-settings=\"{&quot;background_background&quot;:&quot;classic&quot;}\">\n\t\t\t\t<div class=\"elementor-element elementor-element-d4065a9 elementor-widget elementor-widget-heading\" data-id=\"d4065a9\" data-element_type=\"widget\" data-e-type=\"widget\" data-widget_type=\"heading.default\">\n\t\t\t\t\t<h2 class=\"elementor-heading-title elementor-size-default\">Manipulation<\/h2>\t\t\t\t<\/div>\n\t\t\t\t<div class=\"elementor-element elementor-element-c8e9b59 elementor-widget elementor-widget-hfe-breadcrumbs-widget\" data-id=\"c8e9b59\" data-element_type=\"widget\" data-e-type=\"widget\" data-widget_type=\"hfe-breadcrumbs-widget.default\">\n\t\t\t\t<div class=\"elementor-widget-container\">\n\t\t\t\t\t<nav aria-label=\"Fil d&#039;Ariane\"><ul class=\"hfe-breadcrumbs hfe-breadcrumbs-show-home\"><li class=\"hfe-breadcrumbs-item hfe-breadcrumbs-first\"><span class=\"hfe-breadcrumbs-home-icon\"><\/span><a href=\"https:\/\/steinex.gtechgroup.support\/fr\"><span class=\"hfe-breadcrumbs-text\">Accueil<\/span><\/a><\/li><\/ul><\/nav>\t\t\t\t<\/div>\n\t\t\t\t<\/div>\n\t\t\t\t<\/div>\n\t\t\t\t\t<\/div>\n\t\t\t\t<\/div>\n\t\t<div class=\"elementor-element elementor-element-f142363 e-flex e-con-boxed e-con e-parent\" data-id=\"f142363\" data-element_type=\"container\" data-e-type=\"container\">\n\t\t\t\t\t<div class=\"e-con-inner\">\n\t\t\t\t<div class=\"elementor-element elementor-element-e087a81 elementor-widget elementor-widget-heading\" data-id=\"e087a81\" data-element_type=\"widget\" data-e-type=\"widget\" data-widget_type=\"heading.default\">\n\t\t\t\t\t<h2 class=\"elementor-heading-title elementor-size-default\">Pousseurs<\/h2>\t\t\t\t<\/div>\n\t\t\t\t<div class=\"elementor-element elementor-element-7fef53c elementor-widget elementor-widget-text-editor\" data-id=\"7fef53c\" data-element_type=\"widget\" data-e-type=\"widget\" data-widget_type=\"text-editor.default\">\n\t\t\t\t\t\t\t\t\t<p>Les poussoirs a\u00e9riens sont des \u00e9l\u00e9ments int\u00e9gr\u00e9s dans les syst\u00e8mes automatiques Windstar SP, Windstar CMT, Windstar STD et dans les lignes automatiques Menhir-Sherpa 2CM et Menhir-Sherpa 3 CM. Ils sont con\u00e7us en fonction de la taille de la machine qu'ils doivent alimenter et peuvent avoir soit une t\u00eate fixe pour alimenter des pi\u00e8ces de forme r\u00e9guli\u00e8re telles que des blocs de b\u00e9ton ou des dalles de pierre et des cales \u00e0 6 c\u00f4t\u00e9s sci\u00e9s, soit une t\u00eate adaptable pour alimenter des pi\u00e8ces de forme irr\u00e9guli\u00e8re. Ils sont tous \u00e9quip\u00e9s de moteurs sans balais qui garantissent l'efficacit\u00e9 et la pr\u00e9cision des mesures des pi\u00e8ces fendues.<\/p>\t\t\t\t\t\t\t\t<\/div>\n\t\t<div class=\"elementor-element elementor-element-6084a93 e-con-full e-flex e-con e-child\" data-id=\"6084a93\" data-element_type=\"container\" data-e-type=\"container\">\n\t\t\t\t<div class=\"elementor-element elementor-element-2a7cdbf elementor-widget elementor-widget-gallery\" data-id=\"2a7cdbf\" data-element_type=\"widget\" data-e-type=\"widget\" data-settings=\"{&quot;gap&quot;:{&quot;unit&quot;:&quot;px&quot;,&quot;size&quot;:19,&quot;sizes&quot;:[]},&quot;aspect_ratio&quot;:&quot;1:1&quot;,&quot;lazyload&quot;:&quot;yes&quot;,&quot;gallery_layout&quot;:&quot;grid&quot;,&quot;columns&quot;:4,&quot;columns_tablet&quot;:2,&quot;columns_mobile&quot;:1,&quot;gap_tablet&quot;:{&quot;unit&quot;:&quot;px&quot;,&quot;size&quot;:10,&quot;sizes&quot;:[]},&quot;gap_mobile&quot;:{&quot;unit&quot;:&quot;px&quot;,&quot;size&quot;:10,&quot;sizes&quot;:[]},&quot;link_to&quot;:&quot;file&quot;,&quot;content_hover_animation&quot;:&quot;fade-in&quot;}\" data-widget_type=\"gallery.default\">\n\t\t\t\t\t\t\t<div class=\"elementor-gallery__container\">\n\t\t\t\t\t\t\t<a class=\"e-gallery-item elementor-gallery-item elementor-animated-content\" href=\"https:\/\/steinex.gtechgroup.support\/wp-content\/uploads\/2025\/02\/spintore-aereo-linea-automatica-cubetti-1.png\" data-elementor-open-lightbox=\"yes\" data-elementor-lightbox-slideshow=\"2a7cdbf\" data-e-action-hash=\"#elementor-action%3Aaction%3Dlightbox%26settings%3DeyJpZCI6MTQyMzAsInVybCI6Imh0dHBzOlwvXC9zdGVpbmV4Lmd0ZWNoZ3JvdXAuc3VwcG9ydFwvd3AtY29udGVudFwvdXBsb2Fkc1wvMjAyNVwvMDJcL3NwaW50b3JlLWFlcmVvLWxpbmVhLWF1dG9tYXRpY2EtY3ViZXR0aS0xLnBuZyIsInNsaWRlc2hvdyI6IjJhN2NkYmYifQ%3D%3D\">\n\t\t\t\t\t<div class=\"e-gallery-image elementor-gallery-item__image\" data-thumbnail=\"https:\/\/steinex.gtechgroup.support\/wp-content\/uploads\/2025\/02\/spintore-aereo-linea-automatica-cubetti-1.png\" data-width=\"900\" data-height=\"675\" aria-label=\"\" role=\"img\" ><\/div>\n\t\t\t\t\t\t\t\t\t\t\t\t\t\t<\/a>\n\t\t\t\t\t\t\t<a class=\"e-gallery-item elementor-gallery-item elementor-animated-content\" href=\"https:\/\/steinex.gtechgroup.support\/wp-content\/uploads\/2025\/02\/spintore-aereo-per-Cemento.png\" data-elementor-open-lightbox=\"yes\" data-elementor-lightbox-slideshow=\"2a7cdbf\" data-e-action-hash=\"#elementor-action%3Aaction%3Dlightbox%26settings%3DeyJpZCI6MTQyMzEsInVybCI6Imh0dHBzOlwvXC9zdGVpbmV4Lmd0ZWNoZ3JvdXAuc3VwcG9ydFwvd3AtY29udGVudFwvdXBsb2Fkc1wvMjAyNVwvMDJcL3NwaW50b3JlLWFlcmVvLXBlci1DZW1lbnRvLnBuZyIsInNsaWRlc2hvdyI6IjJhN2NkYmYifQ%3D%3D\">\n\t\t\t\t\t<div class=\"e-gallery-image elementor-gallery-item__image\" data-thumbnail=\"https:\/\/steinex.gtechgroup.support\/wp-content\/uploads\/2025\/02\/spintore-aereo-per-Cemento.png\" data-width=\"900\" data-height=\"675\" aria-label=\"\" role=\"img\" ><\/div>\n\t\t\t\t\t\t\t\t\t\t\t\t\t\t<\/a>\n\t\t\t\t\t\t\t<a class=\"e-gallery-item elementor-gallery-item elementor-animated-content\" href=\"https:\/\/steinex.gtechgroup.support\/wp-content\/uploads\/2025\/02\/spintore-aereo-Windstar-STD.png\" data-elementor-open-lightbox=\"yes\" data-elementor-lightbox-slideshow=\"2a7cdbf\" data-e-action-hash=\"#elementor-action%3Aaction%3Dlightbox%26settings%3DeyJpZCI6MTQyMzIsInVybCI6Imh0dHBzOlwvXC9zdGVpbmV4Lmd0ZWNoZ3JvdXAuc3VwcG9ydFwvd3AtY29udGVudFwvdXBsb2Fkc1wvMjAyNVwvMDJcL3NwaW50b3JlLWFlcmVvLVdpbmRzdGFyLVNURC5wbmciLCJzbGlkZXNob3ciOiIyYTdjZGJmIn0%3D\">\n\t\t\t\t\t<div class=\"e-gallery-image elementor-gallery-item__image\" data-thumbnail=\"https:\/\/steinex.gtechgroup.support\/wp-content\/uploads\/2025\/02\/spintore-aereo-Windstar-STD.png\" data-width=\"900\" data-height=\"675\" aria-label=\"\" role=\"img\" ><\/div>\n\t\t\t\t\t\t\t\t\t\t\t\t\t\t<\/a>\n\t\t\t\t\t\t\t<a class=\"e-gallery-item elementor-gallery-item elementor-animated-content\" href=\"https:\/\/steinex.gtechgroup.support\/wp-content\/uploads\/2025\/02\/windstar-2800-spintore-aereo-1.png\" data-elementor-open-lightbox=\"yes\" data-elementor-lightbox-slideshow=\"2a7cdbf\" data-e-action-hash=\"#elementor-action%3Aaction%3Dlightbox%26settings%3DeyJpZCI6MTQyMzMsInVybCI6Imh0dHBzOlwvXC9zdGVpbmV4Lmd0ZWNoZ3JvdXAuc3VwcG9ydFwvd3AtY29udGVudFwvdXBsb2Fkc1wvMjAyNVwvMDJcL3dpbmRzdGFyLTI4MDAtc3BpbnRvcmUtYWVyZW8tMS5wbmciLCJzbGlkZXNob3ciOiIyYTdjZGJmIn0%3D\">\n\t\t\t\t\t<div class=\"e-gallery-image elementor-gallery-item__image\" data-thumbnail=\"https:\/\/steinex.gtechgroup.support\/wp-content\/uploads\/2025\/02\/windstar-2800-spintore-aereo-1.png\" data-width=\"900\" data-height=\"675\" aria-label=\"\" role=\"img\" ><\/div>\n\t\t\t\t\t\t\t\t\t\t\t\t\t\t<\/a>\n\t\t\t\t\t<\/div>\n\t\t\t\t\t<\/div>\n\t\t\t\t<div class=\"elementor-element elementor-element-4d9934a elementor-widget elementor-widget-heading\" data-id=\"4d9934a\" data-element_type=\"widget\" data-e-type=\"widget\" data-widget_type=\"heading.default\">\n\t\t\t\t\t<h2 class=\"elementor-heading-title elementor-size-default\">Interrupteurs de d\u00e9rivation<\/h2>\t\t\t\t<\/div>\n\t\t\t\t<div class=\"elementor-element elementor-element-d7d7a8e elementor-widget elementor-widget-text-editor\" data-id=\"d7d7a8e\" data-element_type=\"widget\" data-e-type=\"widget\" data-widget_type=\"text-editor.default\">\n\t\t\t\t\t\t\t\t\t<div class=\"et_pb_section et_pb_section_3 et_section_regular\"><div class=\"et_pb_row et_pb_row_3\"><div class=\"et_pb_column et_pb_column_4_4 et_pb_column_7  et_pb_css_mix_blend_mode_passthrough et-last-child\"><div class=\"et_pb_module et_pb_text et_pb_text_5 et_pb_text_align_left et_pb_bg_layout_light et_had_animation\"><div class=\"et_pb_text_inner\"><p>Les d\u00e9flecteurs\/\u00e9vacuateurs m\u00e9caniques sont con\u00e7us pour d\u00e9vier, d\u00e9placer ou \u00e9vacuer des pi\u00e8ces en les d\u00e9pla\u00e7ant dans une direction perpendiculaire \u00e0 leur avancement initial. Ils peuvent \u00eatre int\u00e9gr\u00e9s dans des syst\u00e8mes automatiques ou \u00eatre install\u00e9s ind\u00e9pendamment dans des lignes de fendage traditionnelles. Ils sont utilis\u00e9s pour la translation de pi\u00e8ces semi-finies, de produits finis ou de pi\u00e8ces de rebut non conformes qui doivent \u00eatre \u00e9limin\u00e9es.<\/p><\/div><\/div><\/div><\/div><\/div>\t\t\t\t\t\t\t\t<\/div>\n\t\t\t\t<div class=\"elementor-element elementor-element-4e201e5 elementor-widget elementor-widget-gallery\" data-id=\"4e201e5\" data-element_type=\"widget\" data-e-type=\"widget\" data-settings=\"{&quot;gap&quot;:{&quot;unit&quot;:&quot;px&quot;,&quot;size&quot;:19,&quot;sizes&quot;:[]},&quot;aspect_ratio&quot;:&quot;1:1&quot;,&quot;lazyload&quot;:&quot;yes&quot;,&quot;gallery_layout&quot;:&quot;grid&quot;,&quot;columns&quot;:4,&quot;columns_tablet&quot;:2,&quot;columns_mobile&quot;:1,&quot;gap_tablet&quot;:{&quot;unit&quot;:&quot;px&quot;,&quot;size&quot;:10,&quot;sizes&quot;:[]},&quot;gap_mobile&quot;:{&quot;unit&quot;:&quot;px&quot;,&quot;size&quot;:10,&quot;sizes&quot;:[]},&quot;link_to&quot;:&quot;file&quot;,&quot;content_hover_animation&quot;:&quot;fade-in&quot;}\" data-widget_type=\"gallery.default\">\n\t\t\t\t\t\t\t<div class=\"elementor-gallery__container\">\n\t\t\t\t\t\t\t<a class=\"e-gallery-item elementor-gallery-item elementor-animated-content\" href=\"https:\/\/steinex.gtechgroup.support\/wp-content\/uploads\/2025\/02\/deviatore-sherpa.png\" data-elementor-open-lightbox=\"yes\" data-elementor-lightbox-slideshow=\"4e201e5\" data-e-action-hash=\"#elementor-action%3Aaction%3Dlightbox%26settings%3DeyJpZCI6MTQyMzQsInVybCI6Imh0dHBzOlwvXC9zdGVpbmV4Lmd0ZWNoZ3JvdXAuc3VwcG9ydFwvd3AtY29udGVudFwvdXBsb2Fkc1wvMjAyNVwvMDJcL2RldmlhdG9yZS1zaGVycGEucG5nIiwic2xpZGVzaG93IjoiNGUyMDFlNSJ9\">\n\t\t\t\t\t<div class=\"e-gallery-image elementor-gallery-item__image\" data-thumbnail=\"https:\/\/steinex.gtechgroup.support\/wp-content\/uploads\/2025\/02\/deviatore-sherpa.png\" data-width=\"640\" data-height=\"480\" aria-label=\"\" role=\"img\" ><\/div>\n\t\t\t\t\t\t\t\t\t\t\t\t\t\t<\/a>\n\t\t\t\t\t\t\t<a class=\"e-gallery-item elementor-gallery-item elementor-animated-content\" href=\"https:\/\/steinex.gtechgroup.support\/wp-content\/uploads\/2025\/02\/deviatore-evacuatore.png\" data-elementor-open-lightbox=\"yes\" data-elementor-lightbox-slideshow=\"4e201e5\" data-e-action-hash=\"#elementor-action%3Aaction%3Dlightbox%26settings%3DeyJpZCI6MTQyMzUsInVybCI6Imh0dHBzOlwvXC9zdGVpbmV4Lmd0ZWNoZ3JvdXAuc3VwcG9ydFwvd3AtY29udGVudFwvdXBsb2Fkc1wvMjAyNVwvMDJcL2RldmlhdG9yZS1ldmFjdWF0b3JlLnBuZyIsInNsaWRlc2hvdyI6IjRlMjAxZTUifQ%3D%3D\">\n\t\t\t\t\t<div class=\"e-gallery-image elementor-gallery-item__image\" data-thumbnail=\"https:\/\/steinex.gtechgroup.support\/wp-content\/uploads\/2025\/02\/deviatore-evacuatore.png\" data-width=\"640\" data-height=\"480\" aria-label=\"\" role=\"img\" ><\/div>\n\t\t\t\t\t\t\t\t\t\t\t\t\t\t<\/a>\n\t\t\t\t\t\t\t<a class=\"e-gallery-item elementor-gallery-item elementor-animated-content\" href=\"https:\/\/steinex.gtechgroup.support\/wp-content\/uploads\/2025\/02\/deviatore-laterale.png\" data-elementor-open-lightbox=\"yes\" data-elementor-lightbox-slideshow=\"4e201e5\" data-e-action-hash=\"#elementor-action%3Aaction%3Dlightbox%26settings%3DeyJpZCI6MTQyMzYsInVybCI6Imh0dHBzOlwvXC9zdGVpbmV4Lmd0ZWNoZ3JvdXAuc3VwcG9ydFwvd3AtY29udGVudFwvdXBsb2Fkc1wvMjAyNVwvMDJcL2RldmlhdG9yZS1sYXRlcmFsZS5wbmciLCJzbGlkZXNob3ciOiI0ZTIwMWU1In0%3D\">\n\t\t\t\t\t<div class=\"e-gallery-image elementor-gallery-item__image\" data-thumbnail=\"https:\/\/steinex.gtechgroup.support\/wp-content\/uploads\/2025\/02\/deviatore-laterale.png\" data-width=\"640\" data-height=\"480\" aria-label=\"\" role=\"img\" ><\/div>\n\t\t\t\t\t\t\t\t\t\t\t\t\t\t<\/a>\n\t\t\t\t\t\t\t<a class=\"e-gallery-item elementor-gallery-item elementor-animated-content\" href=\"https:\/\/steinex.gtechgroup.support\/wp-content\/uploads\/2025\/02\/deviatore-traslatore.png\" data-elementor-open-lightbox=\"yes\" data-elementor-lightbox-slideshow=\"4e201e5\" data-e-action-hash=\"#elementor-action%3Aaction%3Dlightbox%26settings%3DeyJpZCI6MTQyMzcsInVybCI6Imh0dHBzOlwvXC9zdGVpbmV4Lmd0ZWNoZ3JvdXAuc3VwcG9ydFwvd3AtY29udGVudFwvdXBsb2Fkc1wvMjAyNVwvMDJcL2RldmlhdG9yZS10cmFzbGF0b3JlLnBuZyIsInNsaWRlc2hvdyI6IjRlMjAxZTUifQ%3D%3D\">\n\t\t\t\t\t<div class=\"e-gallery-image elementor-gallery-item__image\" data-thumbnail=\"https:\/\/steinex.gtechgroup.support\/wp-content\/uploads\/2025\/02\/deviatore-traslatore.png\" data-width=\"640\" data-height=\"480\" aria-label=\"\" role=\"img\" ><\/div>\n\t\t\t\t\t\t\t\t\t\t\t\t\t\t<\/a>\n\t\t\t\t\t<\/div>\n\t\t\t\t\t<\/div>\n\t\t\t\t<\/div>\n\t\t\t\t\t<\/div>\n\t\t\t\t<\/div>\n\t\t\t\t<\/div>","protected":false},"excerpt":{"rendered":"<p>Manipolazione Home Spintori Gli spintori aerei sono elementi integrati negli impianti automatici Windstar SP, Windstar CMT, Windstar STD e nelle linee automatiche Menhir-Sherpa 2CM e Menhir-Sherpa 3 CM. Sono progettati in funzione della dimensione della macchina che devono alimentare e possono avere testata fissa per l\u2019avanzamento di pezzi di forma regolare come ad esempio i [&hellip;]<\/p>","protected":false},"author":1,"featured_media":0,"parent":0,"menu_order":0,"comment_status":"closed","ping_status":"closed","template":"","meta":{"_seopress_robots_primary_cat":"","_seopress_titles_title":"Spintori e deviatori automatici per impianti industriali","_seopress_titles_desc":"Scopri spintori e deviatori efficienti con motori brushless per impianti automatici, ideali per precisione e gestione pezzi in produzione.","_seopress_robots_index":"","footnotes":""},"class_list":["post-14227","page","type-page","status-publish","hentry"],"_links":{"self":[{"href":"https:\/\/steinex.gtechgroup.support\/fr\/wp-json\/wp\/v2\/pages\/14227","targetHints":{"allow":["GET"]}}],"collection":[{"href":"https:\/\/steinex.gtechgroup.support\/fr\/wp-json\/wp\/v2\/pages"}],"about":[{"href":"https:\/\/steinex.gtechgroup.support\/fr\/wp-json\/wp\/v2\/types\/page"}],"author":[{"embeddable":true,"href":"https:\/\/steinex.gtechgroup.support\/fr\/wp-json\/wp\/v2\/users\/1"}],"replies":[{"embeddable":true,"href":"https:\/\/steinex.gtechgroup.support\/fr\/wp-json\/wp\/v2\/comments?post=14227"}],"version-history":[{"count":3,"href":"https:\/\/steinex.gtechgroup.support\/fr\/wp-json\/wp\/v2\/pages\/14227\/revisions"}],"predecessor-version":[{"id":14240,"href":"https:\/\/steinex.gtechgroup.support\/fr\/wp-json\/wp\/v2\/pages\/14227\/revisions\/14240"}],"wp:attachment":[{"href":"https:\/\/steinex.gtechgroup.support\/fr\/wp-json\/wp\/v2\/media?parent=14227"}],"curies":[{"name":"wp","href":"https:\/\/api.w.org\/{rel}","templated":true}]}}