{"id":155,"date":"2025-01-10T16:24:07","date_gmt":"2025-01-10T16:24:07","guid":{"rendered":"https:\/\/steinex.gtechgroup.support\/?page_id=155"},"modified":"2025-09-19T15:25:08","modified_gmt":"2025-09-19T15:25:08","slug":"sostenibilita-ambientale","status":"publish","type":"page","link":"https:\/\/steinex.gtechgroup.support\/fr\/sostenibilita-ambientale\/","title":{"rendered":"Durabilit\u00e9 environnementale"},"content":{"rendered":"<div data-elementor-type=\"wp-page\" data-elementor-id=\"155\" class=\"elementor elementor-155\" data-elementor-post-type=\"page\">\n\t\t\t\t<div class=\"elementor-element elementor-element-5832202 e-flex e-con-boxed e-con e-parent\" data-id=\"5832202\" data-element_type=\"container\" data-e-type=\"container\" data-settings=\"{&quot;background_background&quot;:&quot;classic&quot;}\">\n\t\t\t\t\t<div class=\"e-con-inner\">\n\t\t<div class=\"elementor-element elementor-element-870ec47 e-con-full e-flex e-con e-child\" data-id=\"870ec47\" data-element_type=\"container\" data-e-type=\"container\" data-settings=\"{&quot;background_background&quot;:&quot;classic&quot;}\">\n\t\t\t\t<div class=\"elementor-element elementor-element-e60de47 elementor-widget elementor-widget-heading\" data-id=\"e60de47\" data-element_type=\"widget\" data-e-type=\"widget\" data-widget_type=\"heading.default\">\n\t\t\t\t\t<h2 class=\"elementor-heading-title elementor-size-default\">Durabilit\u00e9 environnementale\n<\/h2>\t\t\t\t<\/div>\n\t\t\t\t<div class=\"elementor-element elementor-element-e276e70 elementor-widget elementor-widget-hfe-breadcrumbs-widget\" data-id=\"e276e70\" data-element_type=\"widget\" data-e-type=\"widget\" data-widget_type=\"hfe-breadcrumbs-widget.default\">\n\t\t\t\t<div class=\"elementor-widget-container\">\n\t\t\t\t\t<nav aria-label=\"Fil d&#039;Ariane\"><ul class=\"hfe-breadcrumbs hfe-breadcrumbs-show-home\"><li class=\"hfe-breadcrumbs-item hfe-breadcrumbs-first\"><span class=\"hfe-breadcrumbs-home-icon\"><\/span><a href=\"https:\/\/steinex.gtechgroup.support\/fr\"><span class=\"hfe-breadcrumbs-text\">Accueil<\/span><\/a><\/li><\/ul><\/nav>\t\t\t\t<\/div>\n\t\t\t\t<\/div>\n\t\t\t\t<\/div>\n\t\t\t\t\t<\/div>\n\t\t\t\t<\/div>\n\t\t<div class=\"elementor-element elementor-element-6219886 e-flex e-con-boxed e-con e-parent\" data-id=\"6219886\" data-element_type=\"container\" data-e-type=\"container\">\n\t\t\t\t\t<div class=\"e-con-inner\">\n\t\t\t\t<div class=\"elementor-element elementor-element-c1a04b4 elementor-widget elementor-widget-text-editor\" data-id=\"c1a04b4\" data-element_type=\"widget\" data-e-type=\"widget\" data-widget_type=\"text-editor.default\">\n\t\t\t\t\t\t\t\t\t<p>Steinex Srl consid\u00e8re la durabilit\u00e9 environnementale comme\u00a0<strong>objectif constant et indispensable<\/strong>. Conform\u00e9ment \u00e0 cette philosophie, les proc\u00e9dures internes visent \u00e0\u00a0<strong>minimiser et pr\u00e9venir les incidences sur l'environnement<\/strong>\u00a0et les risques li\u00e9s aux produits et aux services.<\/p><p>La technologie de fendage contr\u00f4l\u00e9 appliqu\u00e9e \u00e0 tous les mod\u00e8les de Steinex Srl est la suivante\u00a0<strong>\u00c9COLOGIQUE,<\/strong>\u00a0ne consomme pas d'eau, ne produit pas d'\u00e9missions et<strong>\u00a0permet de valoriser les d\u00e9chets<\/strong>\u00a0de carri\u00e8res ou d'autres traitements entra\u00eenant\u00a0<strong>avantages \u00e9conomiques et environnementaux<\/strong>.<\/p>\t\t\t\t\t\t\t\t<\/div>\n\t\t\t\t\t<\/div>\n\t\t\t\t<\/div>\n\t\t<div class=\"elementor-element elementor-element-2dafb05 e-flex e-con-boxed e-con e-parent\" data-id=\"2dafb05\" data-element_type=\"container\" data-e-type=\"container\">\n\t\t\t\t\t<div class=\"e-con-inner\">\n\t\t\t\t<div class=\"elementor-element elementor-element-8712aea ekit-equal-height-enable elementor-widget elementor-widget-elementskit-image-box\" data-id=\"8712aea\" data-element_type=\"widget\" data-e-type=\"widget\" data-widget_type=\"elementskit-image-box.default\">\n\t\t\t\t\t<div class=\"ekit-wid-con\" >\n            <div class=\"elementskit-info-image-box ekit-image-box text-left simple-card\" >\n\n                \n                <div class=\"elementskit-box-header image-box-img-left\">\n\n                    <img alt=\"\" fetchpriority=\"high\" decoding=\"async\" width=\"900\" height=\"675\" src=\"https:\/\/steinex.gtechgroup.support\/wp-content\/uploads\/2025\/01\/ritagli-blocchi-grezzi-spessore-fino-1100mm.jpg\" class=\"attachment-full size-full wp-image-162\" srcset=\"https:\/\/steinex.gtechgroup.support\/wp-content\/uploads\/2025\/01\/ritagli-blocchi-grezzi-spessore-fino-1100mm.jpg 900w, https:\/\/steinex.gtechgroup.support\/wp-content\/uploads\/2025\/01\/ritagli-blocchi-grezzi-spessore-fino-1100mm-300x225.jpg 300w, https:\/\/steinex.gtechgroup.support\/wp-content\/uploads\/2025\/01\/ritagli-blocchi-grezzi-spessore-fino-1100mm-768x576.jpg 768w, https:\/\/steinex.gtechgroup.support\/wp-content\/uploads\/2025\/01\/ritagli-blocchi-grezzi-spessore-fino-1100mm-600x450.jpg 600w\" sizes=\"(max-width: 900px) 100vw, 900px\" \/>\n                <\/div>\n                \n                <div class=\"elementskit-box-body ekit-image-box-body\">\n                    <div class=\"elementskit-box-content ekit-image-box-body-inner\">\n                                                <h3 class=\"elementskit-info-box-title\">\n\n                        R\u00e9cup\u00e9ration des d\u00e9chets de carri\u00e8re\n                        \n                    <\/h3>\n                                                        <\/div>\n\n                            <\/div>\n            <\/div>\n    <\/div>\t\t\t\t<\/div>\n\t\t\t\t<div class=\"elementor-element elementor-element-d5993ef ekit-equal-height-enable elementor-widget elementor-widget-elementskit-image-box\" data-id=\"d5993ef\" data-element_type=\"widget\" data-e-type=\"widget\" data-widget_type=\"elementskit-image-box.default\">\n\t\t\t\t\t<div class=\"ekit-wid-con\" >\n            <div class=\"elementskit-info-image-box ekit-image-box text-left simple-card\" >\n\n                \n                <div class=\"elementskit-box-header image-box-img-left\">\n\n                    <img alt=\"\" decoding=\"async\" width=\"900\" height=\"675\" src=\"https:\/\/steinex.gtechgroup.support\/wp-content\/uploads\/2025\/01\/blocchi-calcare-spessore-fino-1100mm.jpg\" class=\"attachment-full size-full wp-image-161\" srcset=\"https:\/\/steinex.gtechgroup.support\/wp-content\/uploads\/2025\/01\/blocchi-calcare-spessore-fino-1100mm.jpg 900w, https:\/\/steinex.gtechgroup.support\/wp-content\/uploads\/2025\/01\/blocchi-calcare-spessore-fino-1100mm-300x225.jpg 300w, https:\/\/steinex.gtechgroup.support\/wp-content\/uploads\/2025\/01\/blocchi-calcare-spessore-fino-1100mm-768x576.jpg 768w, https:\/\/steinex.gtechgroup.support\/wp-content\/uploads\/2025\/01\/blocchi-calcare-spessore-fino-1100mm-600x450.jpg 600w\" sizes=\"(max-width: 900px) 100vw, 900px\" \/>\n                <\/div>\n                \n                <div class=\"elementskit-box-body ekit-image-box-body\">\n                    <div class=\"elementskit-box-content ekit-image-box-body-inner\">\n                                                <h3 class=\"elementskit-info-box-title\">\n\n                        Utilisation de mat\u00e9riaux d'excavation\n                        \n                    <\/h3>\n                                                        <\/div>\n\n                            <\/div>\n            <\/div>\n    <\/div>\t\t\t\t<\/div>\n\t\t\t\t<div class=\"elementor-element elementor-element-345390c ekit-equal-height-enable elementor-widget elementor-widget-elementskit-image-box\" data-id=\"345390c\" data-element_type=\"widget\" data-e-type=\"widget\" data-widget_type=\"elementskit-image-box.default\">\n\t\t\t\t\t<div class=\"ekit-wid-con\" >\n            <div class=\"elementskit-info-image-box ekit-image-box text-left simple-card\" >\n\n                \n                <div class=\"elementskit-box-header image-box-img-left\">\n\n                    <img alt=\"\" decoding=\"async\" width=\"900\" height=\"675\" src=\"https:\/\/steinex.gtechgroup.support\/wp-content\/uploads\/2025\/01\/ritagli-granito-segati-spess-fino-300-mm-macch-manuali.jpeg\" class=\"attachment-full size-full wp-image-160\" srcset=\"https:\/\/steinex.gtechgroup.support\/wp-content\/uploads\/2025\/01\/ritagli-granito-segati-spess-fino-300-mm-macch-manuali.jpeg 900w, https:\/\/steinex.gtechgroup.support\/wp-content\/uploads\/2025\/01\/ritagli-granito-segati-spess-fino-300-mm-macch-manuali-300x225.jpeg 300w, https:\/\/steinex.gtechgroup.support\/wp-content\/uploads\/2025\/01\/ritagli-granito-segati-spess-fino-300-mm-macch-manuali-768x576.jpeg 768w, https:\/\/steinex.gtechgroup.support\/wp-content\/uploads\/2025\/01\/ritagli-granito-segati-spess-fino-300-mm-macch-manuali-600x450.jpeg 600w\" sizes=\"(max-width: 900px) 100vw, 900px\" \/>\n                <\/div>\n                \n                <div class=\"elementskit-box-body ekit-image-box-body\">\n                    <div class=\"elementskit-box-content ekit-image-box-body-inner\">\n                                                <h3 class=\"elementskit-info-box-title\">\n\n                        R\u00e9cup\u00e9ration des d\u00e9chets de scierie\n                        \n                    <\/h3>\n                                                        <\/div>\n\n                            <\/div>\n            <\/div>\n    <\/div>\t\t\t\t<\/div>\n\t\t\t\t\t<\/div>\n\t\t\t\t<\/div>\n\t\t\t\t<\/div>","protected":false},"excerpt":{"rendered":"<p>Sostenibilit\u00e0 ambientale Home Steinex Srl considera la sostenibilit\u00e0 ambientale un\u00a0obiettivo costante ed irrinunciabile. Coerentemente con questa filosofia le procedure interne sono volte a\u00a0minimizzare e prevenire gli impatti ambientali\u00a0ed i rischi associati ai prodotti ed ai servizi. La tecnologia di spacco controllato applicata in tutti i modelli Steinex Srl \u00e8\u00a0ECO-FRIENDLY,\u00a0non viene utilizzata acqua, produce zero emissioni [&hellip;]<\/p>","protected":false},"author":1,"featured_media":0,"parent":0,"menu_order":0,"comment_status":"closed","ping_status":"closed","template":"","meta":{"_seopress_robots_primary_cat":"","_seopress_titles_title":"Sostenibilit\u00e0 ambientale con tecnologia eco-friendly","_seopress_titles_desc":"Steinex Srl promuove sostenibilit\u00e0 ambientale con tecnologia eco-friendly, zero emissioni e recupero scarti per benefici economici e ambientali.","_seopress_robots_index":"","footnotes":""},"class_list":["post-155","page","type-page","status-publish","hentry"],"_links":{"self":[{"href":"https:\/\/steinex.gtechgroup.support\/fr\/wp-json\/wp\/v2\/pages\/155","targetHints":{"allow":["GET"]}}],"collection":[{"href":"https:\/\/steinex.gtechgroup.support\/fr\/wp-json\/wp\/v2\/pages"}],"about":[{"href":"https:\/\/steinex.gtechgroup.support\/fr\/wp-json\/wp\/v2\/types\/page"}],"author":[{"embeddable":true,"href":"https:\/\/steinex.gtechgroup.support\/fr\/wp-json\/wp\/v2\/users\/1"}],"replies":[{"embeddable":true,"href":"https:\/\/steinex.gtechgroup.support\/fr\/wp-json\/wp\/v2\/comments?post=155"}],"version-history":[{"count":10,"href":"https:\/\/steinex.gtechgroup.support\/fr\/wp-json\/wp\/v2\/pages\/155\/revisions"}],"predecessor-version":[{"id":15041,"href":"https:\/\/steinex.gtechgroup.support\/fr\/wp-json\/wp\/v2\/pages\/155\/revisions\/15041"}],"wp:attachment":[{"href":"https:\/\/steinex.gtechgroup.support\/fr\/wp-json\/wp\/v2\/media?parent=155"}],"curies":[{"name":"wp","href":"https:\/\/api.w.org\/{rel}","templated":true}]}}