{"id":180,"date":"2025-01-13T16:10:43","date_gmt":"2025-01-13T16:10:43","guid":{"rendered":"https:\/\/steinex.gtechgroup.support\/?page_id=180"},"modified":"2025-09-19T15:24:09","modified_gmt":"2025-09-19T15:24:09","slug":"post-vendita","status":"publish","type":"page","link":"https:\/\/steinex.gtechgroup.support\/fr\/post-vendita\/","title":{"rendered":"Vente par correspondance"},"content":{"rendered":"<div data-elementor-type=\"wp-page\" data-elementor-id=\"180\" class=\"elementor elementor-180\" data-elementor-post-type=\"page\">\n\t\t\t\t<div class=\"elementor-element elementor-element-bc1db3d e-flex e-con-boxed e-con e-parent\" data-id=\"bc1db3d\" data-element_type=\"container\" data-e-type=\"container\" data-settings=\"{&quot;background_background&quot;:&quot;classic&quot;}\">\n\t\t\t\t\t<div class=\"e-con-inner\">\n\t\t<div class=\"elementor-element elementor-element-65b9381 e-con-full e-flex e-con e-child\" data-id=\"65b9381\" data-element_type=\"container\" data-e-type=\"container\" data-settings=\"{&quot;background_background&quot;:&quot;classic&quot;}\">\n\t\t\t\t<div class=\"elementor-element elementor-element-ce72ae2 elementor-widget elementor-widget-heading\" data-id=\"ce72ae2\" data-element_type=\"widget\" data-e-type=\"widget\" data-widget_type=\"heading.default\">\n\t\t\t\t\t<h2 class=\"elementor-heading-title elementor-size-default\">Vente par correspondance<\/h2>\t\t\t\t<\/div>\n\t\t\t\t<div class=\"elementor-element elementor-element-6255179 elementor-widget elementor-widget-hfe-breadcrumbs-widget\" data-id=\"6255179\" data-element_type=\"widget\" data-e-type=\"widget\" data-widget_type=\"hfe-breadcrumbs-widget.default\">\n\t\t\t\t<div class=\"elementor-widget-container\">\n\t\t\t\t\t<nav aria-label=\"Fil d&#039;Ariane\"><ul class=\"hfe-breadcrumbs hfe-breadcrumbs-show-home\"><li class=\"hfe-breadcrumbs-item hfe-breadcrumbs-first\"><span class=\"hfe-breadcrumbs-home-icon\"><\/span><a href=\"https:\/\/steinex.gtechgroup.support\/fr\"><span class=\"hfe-breadcrumbs-text\">Accueil<\/span><\/a><\/li><\/ul><\/nav>\t\t\t\t<\/div>\n\t\t\t\t<\/div>\n\t\t\t\t<\/div>\n\t\t\t\t\t<\/div>\n\t\t\t\t<\/div>\n\t\t<div class=\"elementor-element elementor-element-f1141b9 e-flex e-con-boxed e-con e-parent\" data-id=\"f1141b9\" data-element_type=\"container\" data-e-type=\"container\">\n\t\t\t\t\t<div class=\"e-con-inner\">\n\t\t\t\t<div class=\"elementor-element elementor-element-414149d elementor-widget elementor-widget-text-editor\" data-id=\"414149d\" data-element_type=\"widget\" data-e-type=\"widget\" data-widget_type=\"text-editor.default\">\n\t\t\t\t\t\t\t\t\t<p>D\u00e8s le premier contact et au cours du d\u00e9veloppement de la relation commerciale, Steinex est toujours aux c\u00f4t\u00e9s du client, \u00e0 l'\u00e9coute de ses besoins et cr\u00e9e des solutions sur mesure pour r\u00e9pondre \u00e0 ses exigences sp\u00e9cifiques. Steinex est pr\u00eate \u00e0 satisfaire toutes les exigences du client au cours des diff\u00e9rentes phases de la relation : de la s\u00e9lection et de l'\u00e9tude du produit \u00e0 l'assistance pendant la r\u00e9alisation du projet et l'installation de la machine, en passant par la formation des op\u00e9rateurs, le transfert de savoir-faire et l'assistance technique apr\u00e8s-vente.<\/p>\n<p>Dans les diff\u00e9rentes phases de la relation avec le client, Steinex emploie toujours du personnel hautement comp\u00e9tent dans le domaine sp\u00e9cifique et d'une disponibilit\u00e9 maximale, en maintenant un dialogue constant avec le client avant et apr\u00e8s la vente, une pr\u00e9sence globale avec un service local pour atteindre chaque client dans sa propre langue.<\/p>\n<p>\u00catre client de Steinex signifie avoir choisi la qualit\u00e9, l'efficacit\u00e9 et l'excellence, non seulement pour les machines et les syst\u00e8mes, mais aussi pour les services qui les accompagnent.<br>Nous fournissons \u00e0 chacun de nos clients des conseils comp\u00e9tents avant la vente, un service efficace d'installation et de mise en service des machines et, si n\u00e9cessaire, une formation approfondie des op\u00e9rateurs.<\/p>\n<p>Steinex soutient \u00e9galement ses clients gr\u00e2ce \u00e0 son service apr\u00e8s-vente, avec son \u00e9quipe de techniciens d'installation et de service dans les locaux du client pour la r\u00e9solution des probl\u00e8mes en ligne et \u00e0 distance.<\/p>\n<p>Steinex produit la plupart de ses pi\u00e8ces d\u00e9tach\u00e9es en interne. Cela garantit que notre entrep\u00f4t de pi\u00e8ces d\u00e9tach\u00e9es est toujours bien approvisionn\u00e9 pour r\u00e9pondre aux demandes du monde entier dans les meilleurs d\u00e9lais.<\/p>\t\t\t\t\t\t\t\t<\/div>\n\t\t\t\t\t<\/div>\n\t\t\t\t<\/div>\n\t\t<div class=\"elementor-element elementor-element-c98c63e e-con-full e-flex e-con e-child\" data-id=\"c98c63e\" data-element_type=\"container\" data-e-type=\"container\">\n\t\t\t\t<div class=\"elementor-element elementor-element-f3ebc82 elementor-widget__width-initial elementor-widget elementor-widget-image\" data-id=\"f3ebc82\" data-element_type=\"widget\" data-e-type=\"widget\" data-widget_type=\"image.default\">\n\t\t\t\t\t\t\t\t\t\t\t\t\t\t\t<img fetchpriority=\"high\" decoding=\"async\" width=\"1536\" height=\"2048\" src=\"https:\/\/steinex.gtechgroup.support\/wp-content\/uploads\/2025\/09\/RETE-DI-VENDITA-E-POST-VENDITA-SOTTO-TESTO-1.jpg\" class=\"attachment-full size-full wp-image-15025\" alt=\"Macchinario industriale verde fissato con cinghie arancioni\" srcset=\"https:\/\/steinex.gtechgroup.support\/wp-content\/uploads\/2025\/09\/RETE-DI-VENDITA-E-POST-VENDITA-SOTTO-TESTO-1.jpg 1536w, https:\/\/steinex.gtechgroup.support\/wp-content\/uploads\/2025\/09\/RETE-DI-VENDITA-E-POST-VENDITA-SOTTO-TESTO-1-225x300.jpg 225w, https:\/\/steinex.gtechgroup.support\/wp-content\/uploads\/2025\/09\/RETE-DI-VENDITA-E-POST-VENDITA-SOTTO-TESTO-1-768x1024.jpg 768w, https:\/\/steinex.gtechgroup.support\/wp-content\/uploads\/2025\/09\/RETE-DI-VENDITA-E-POST-VENDITA-SOTTO-TESTO-1-1152x1536.jpg 1152w, https:\/\/steinex.gtechgroup.support\/wp-content\/uploads\/2025\/09\/RETE-DI-VENDITA-E-POST-VENDITA-SOTTO-TESTO-1-9x12.jpg 9w, https:\/\/steinex.gtechgroup.support\/wp-content\/uploads\/2025\/09\/RETE-DI-VENDITA-E-POST-VENDITA-SOTTO-TESTO-1-600x800.jpg 600w\" sizes=\"(max-width: 1536px) 100vw, 1536px\" \/>\t\t\t\t\t\t\t\t\t\t\t\t\t\t\t<\/div>\n\t\t\t\t<div class=\"elementor-element elementor-element-6828e6a elementor-widget__width-initial elementor-widget elementor-widget-image\" data-id=\"6828e6a\" data-element_type=\"widget\" data-e-type=\"widget\" data-widget_type=\"image.default\">\n\t\t\t\t\t\t\t\t\t\t\t\t\t\t\t<img decoding=\"async\" width=\"1536\" height=\"2048\" src=\"https:\/\/steinex.gtechgroup.support\/wp-content\/uploads\/2025\/09\/RETE-DI-VENDITA-E-POST-VENDITA-SOTTO-TESTO-2-1.jpg\" class=\"attachment-full size-full wp-image-15022\" alt=\"Pacchi imballati con nastro arancione SteineX\" srcset=\"https:\/\/steinex.gtechgroup.support\/wp-content\/uploads\/2025\/09\/RETE-DI-VENDITA-E-POST-VENDITA-SOTTO-TESTO-2-1.jpg 1536w, https:\/\/steinex.gtechgroup.support\/wp-content\/uploads\/2025\/09\/RETE-DI-VENDITA-E-POST-VENDITA-SOTTO-TESTO-2-1-225x300.jpg 225w, https:\/\/steinex.gtechgroup.support\/wp-content\/uploads\/2025\/09\/RETE-DI-VENDITA-E-POST-VENDITA-SOTTO-TESTO-2-1-768x1024.jpg 768w, https:\/\/steinex.gtechgroup.support\/wp-content\/uploads\/2025\/09\/RETE-DI-VENDITA-E-POST-VENDITA-SOTTO-TESTO-2-1-1152x1536.jpg 1152w, https:\/\/steinex.gtechgroup.support\/wp-content\/uploads\/2025\/09\/RETE-DI-VENDITA-E-POST-VENDITA-SOTTO-TESTO-2-1-9x12.jpg 9w, https:\/\/steinex.gtechgroup.support\/wp-content\/uploads\/2025\/09\/RETE-DI-VENDITA-E-POST-VENDITA-SOTTO-TESTO-2-1-600x800.jpg 600w\" sizes=\"(max-width: 1536px) 100vw, 1536px\" \/>\t\t\t\t\t\t\t\t\t\t\t\t\t\t\t<\/div>\n\t\t\t\t<\/div>\n\t\t\t\t<\/div>","protected":false},"excerpt":{"rendered":"<p>Post vendita Home Fin dal primo contatto e durante lo sviluppo della relazione commerciale, Steinex \u00e8 sempre a fianco dei Clienti, ascoltando le loro esigenze e creando soluzioni su misura per rispondere ad esigenze specifiche. Steinex \u00e8 pronta a soddisfare ogni esigenza del Cliente nelle varie fasi del rapporto: dalla selezione e studio del prodotto, [&hellip;]<\/p>","protected":false},"author":1,"featured_media":0,"parent":0,"menu_order":0,"comment_status":"closed","ping_status":"closed","template":"","meta":{"_seopress_robots_primary_cat":"","_seopress_titles_title":"Servizio post-vendita Steinex: supporto completo clienti","_seopress_titles_desc":"Soluzioni su misura, installazione, training e servizio post-vendita Steinex: qualit\u00e0 ed efficienza sempre al fianco dei clienti.","_seopress_robots_index":"","footnotes":""},"class_list":["post-180","page","type-page","status-publish","hentry"],"_links":{"self":[{"href":"https:\/\/steinex.gtechgroup.support\/fr\/wp-json\/wp\/v2\/pages\/180","targetHints":{"allow":["GET"]}}],"collection":[{"href":"https:\/\/steinex.gtechgroup.support\/fr\/wp-json\/wp\/v2\/pages"}],"about":[{"href":"https:\/\/steinex.gtechgroup.support\/fr\/wp-json\/wp\/v2\/types\/page"}],"author":[{"embeddable":true,"href":"https:\/\/steinex.gtechgroup.support\/fr\/wp-json\/wp\/v2\/users\/1"}],"replies":[{"embeddable":true,"href":"https:\/\/steinex.gtechgroup.support\/fr\/wp-json\/wp\/v2\/comments?post=180"}],"version-history":[{"count":9,"href":"https:\/\/steinex.gtechgroup.support\/fr\/wp-json\/wp\/v2\/pages\/180\/revisions"}],"predecessor-version":[{"id":15037,"href":"https:\/\/steinex.gtechgroup.support\/fr\/wp-json\/wp\/v2\/pages\/180\/revisions\/15037"}],"wp:attachment":[{"href":"https:\/\/steinex.gtechgroup.support\/fr\/wp-json\/wp\/v2\/media?parent=180"}],"curies":[{"name":"wp","href":"https:\/\/api.w.org\/{rel}","templated":true}]}}