{"id":200,"date":"2025-01-13T17:12:28","date_gmt":"2025-01-13T17:12:28","guid":{"rendered":"https:\/\/steinex.gtechgroup.support\/?page_id=200"},"modified":"2025-01-13T17:18:02","modified_gmt":"2025-01-13T17:18:02","slug":"la-tua-pietra","status":"publish","type":"page","link":"https:\/\/steinex.gtechgroup.support\/fr\/la-tua-pietra\/","title":{"rendered":"Votre pierre"},"content":{"rendered":"<div data-elementor-type=\"wp-page\" data-elementor-id=\"200\" class=\"elementor elementor-200\" data-elementor-post-type=\"page\">\n\t\t\t\t<div class=\"elementor-element elementor-element-f22202e e-flex e-con-boxed e-con e-parent\" data-id=\"f22202e\" data-element_type=\"container\" data-e-type=\"container\" data-settings=\"{&quot;background_background&quot;:&quot;classic&quot;}\">\n\t\t\t\t\t<div class=\"e-con-inner\">\n\t\t<div class=\"elementor-element elementor-element-6412419 e-con-full e-flex e-con e-child\" data-id=\"6412419\" data-element_type=\"container\" data-e-type=\"container\" data-settings=\"{&quot;background_background&quot;:&quot;classic&quot;}\">\n\t\t\t\t<div class=\"elementor-element elementor-element-a4b4706 elementor-widget elementor-widget-heading\" data-id=\"a4b4706\" data-element_type=\"widget\" data-e-type=\"widget\" data-widget_type=\"heading.default\">\n\t\t\t\t\t<h2 class=\"elementor-heading-title elementor-size-default\">Quelles sont les pierres \u00e0 fendre ? Suivez le guide Steinex.\n<\/h2>\t\t\t\t<\/div>\n\t\t\t\t<div class=\"elementor-element elementor-element-b36976e elementor-widget elementor-widget-hfe-breadcrumbs-widget\" data-id=\"b36976e\" data-element_type=\"widget\" data-e-type=\"widget\" data-widget_type=\"hfe-breadcrumbs-widget.default\">\n\t\t\t\t<div class=\"elementor-widget-container\">\n\t\t\t\t\t<nav aria-label=\"Fil d&#039;Ariane\"><ul class=\"hfe-breadcrumbs hfe-breadcrumbs-show-home\"><li class=\"hfe-breadcrumbs-item hfe-breadcrumbs-first\"><span class=\"hfe-breadcrumbs-home-icon\"><\/span><a href=\"https:\/\/steinex.gtechgroup.support\/fr\"><span class=\"hfe-breadcrumbs-text\">Accueil<\/span><\/a><\/li><\/ul><\/nav>\t\t\t\t<\/div>\n\t\t\t\t<\/div>\n\t\t\t\t<\/div>\n\t\t\t\t\t<\/div>\n\t\t\t\t<\/div>\n\t\t<div class=\"elementor-element elementor-element-8dc7679 e-flex e-con-boxed e-con e-parent\" data-id=\"8dc7679\" data-element_type=\"container\" data-e-type=\"container\">\n\t\t\t\t\t<div class=\"e-con-inner\">\n\t\t<div class=\"elementor-element elementor-element-4d733c6 e-con-full e-flex e-con e-child\" data-id=\"4d733c6\" data-element_type=\"container\" data-e-type=\"container\">\n\t\t\t\t<div class=\"elementor-element elementor-element-f3c8128 elementor-widget elementor-widget-text-editor\" data-id=\"f3c8128\" data-element_type=\"widget\" data-e-type=\"widget\" data-widget_type=\"text-editor.default\">\n\t\t\t\t\t\t\t\t\t<p>Steinex Srl consid\u00e8re la durabilit\u00e9 environnementale comme\u00a0<strong>objectif constant et indispensable<\/strong>. Conform\u00e9ment \u00e0 cette philosophie, les proc\u00e9dures internes visent \u00e0\u00a0<strong>minimiser et pr\u00e9venir les incidences sur l'environnement<\/strong>\u00a0et les risques li\u00e9s aux produits et aux services.<\/p><p>La technologie de fendage contr\u00f4l\u00e9 appliqu\u00e9e \u00e0 tous les mod\u00e8les de Steinex Srl est la suivante\u00a0<strong>\u00c9COLOGIQUE,<\/strong>\u00a0ne consomme pas d'eau, ne produit pas d'\u00e9missions et<strong>\u00a0permet de valoriser les d\u00e9chets<\/strong>\u00a0de carri\u00e8res ou d'autres traitements entra\u00eenant\u00a0<strong>avantages \u00e9conomiques et environnementaux<\/strong>.<\/p>\t\t\t\t\t\t\t\t<\/div>\n\t\t\t\t<\/div>\n\t\t<div class=\"elementor-element elementor-element-0b02df9 e-con-full e-flex e-con e-child\" data-id=\"0b02df9\" data-element_type=\"container\" data-e-type=\"container\">\n\t\t\t\t<div class=\"elementor-element elementor-element-4da4533 elementor-widget elementor-widget-text-editor\" data-id=\"4da4533\" data-element_type=\"widget\" data-e-type=\"widget\" data-widget_type=\"text-editor.default\">\n\t\t\t\t\t\t\t\t\t<p><strong>DES PIERRES MONOLITHIQUES :<\/strong><\/p><p>Basalte, diorite, and\u00e9site, trachite, gabbro, labradorite, porphyrite, sy\u00e9nite, gr\u00e8s, calcaire, dolomie, serizzo, marbre, travertin, lave, riolite, br\u00e8ches, filladi, autres pierres monolithiques<\/p>\t\t\t\t\t\t\t\t<\/div>\n\t\t\t\t<div class=\"elementor-element elementor-element-c3564a3 elementor-widget elementor-widget-text-editor\" data-id=\"c3564a3\" data-element_type=\"widget\" data-e-type=\"widget\" data-widget_type=\"text-editor.default\">\n\t\t\t\t\t\t\t\t\t<p><strong>DES PIERRES STRATIFI\u00c9ES :<\/strong><\/p><p>Ardoise, gr\u00e8s stratifi\u00e9, basalte, schiste, b\u00e9ol, gneiss, quartzite, porphyre stratifi\u00e9, serpentine, schiste.<\/p>\t\t\t\t\t\t\t\t<\/div>\n\t\t\t\t<\/div>\n\t\t\t\t\t<\/div>\n\t\t\t\t<\/div>\n\t\t\t\t<\/div>","protected":false},"excerpt":{"rendered":"<p>Quali pietre devi spaccare? Segui la guida Steinex. Home Steinex Srl considera la sostenibilit\u00e0 ambientale un\u00a0obiettivo costante ed irrinunciabile. Coerentemente con questa filosofia le procedure interne sono volte a\u00a0minimizzare e prevenire gli impatti ambientali\u00a0ed i rischi associati ai prodotti ed ai servizi. La tecnologia di spacco controllato applicata in tutti i modelli Steinex Srl \u00e8\u00a0ECO-FRIENDLY,\u00a0non [&hellip;]<\/p>","protected":false},"author":1,"featured_media":0,"parent":0,"menu_order":0,"comment_status":"closed","ping_status":"closed","template":"","meta":{"_seopress_robots_primary_cat":"","_seopress_titles_title":"Guida Steinex: come spaccare pietre in modo eco-friendly","_seopress_titles_desc":"Guida Steinex: spacco controllato ed eco-friendly delle pietre naturali, senza acqua n\u00e9 emissioni e con recupero dei materiali.","_seopress_robots_index":"","footnotes":""},"class_list":["post-200","page","type-page","status-publish","hentry"],"_links":{"self":[{"href":"https:\/\/steinex.gtechgroup.support\/fr\/wp-json\/wp\/v2\/pages\/200","targetHints":{"allow":["GET"]}}],"collection":[{"href":"https:\/\/steinex.gtechgroup.support\/fr\/wp-json\/wp\/v2\/pages"}],"about":[{"href":"https:\/\/steinex.gtechgroup.support\/fr\/wp-json\/wp\/v2\/types\/page"}],"author":[{"embeddable":true,"href":"https:\/\/steinex.gtechgroup.support\/fr\/wp-json\/wp\/v2\/users\/1"}],"replies":[{"embeddable":true,"href":"https:\/\/steinex.gtechgroup.support\/fr\/wp-json\/wp\/v2\/comments?post=200"}],"version-history":[{"count":8,"href":"https:\/\/steinex.gtechgroup.support\/fr\/wp-json\/wp\/v2\/pages\/200\/revisions"}],"predecessor-version":[{"id":210,"href":"https:\/\/steinex.gtechgroup.support\/fr\/wp-json\/wp\/v2\/pages\/200\/revisions\/210"}],"wp:attachment":[{"href":"https:\/\/steinex.gtechgroup.support\/fr\/wp-json\/wp\/v2\/media?parent=200"}],"curies":[{"name":"wp","href":"https:\/\/api.w.org\/{rel}","templated":true}]}}