{"id":220,"date":"2025-01-17T14:59:27","date_gmt":"2025-01-17T14:59:27","guid":{"rendered":"https:\/\/steinex.gtechgroup.support\/?page_id=220"},"modified":"2025-02-05T15:59:36","modified_gmt":"2025-02-05T15:59:36","slug":"spacco-segate-su-due-piani","status":"publish","type":"page","link":"https:\/\/steinex.gtechgroup.support\/fr\/spacco-segate-su-due-piani\/","title":{"rendered":"Sciage en deux parties sur deux \u00e9tages"},"content":{"rendered":"<div data-elementor-type=\"wp-page\" data-elementor-id=\"220\" class=\"elementor elementor-220\" data-elementor-post-type=\"page\">\n\t\t\t\t<div class=\"elementor-element elementor-element-8370ba7 e-flex e-con-boxed e-con e-parent\" data-id=\"8370ba7\" data-element_type=\"container\" data-e-type=\"container\" data-settings=\"{&quot;background_background&quot;:&quot;classic&quot;}\">\n\t\t\t\t\t<div class=\"e-con-inner\">\n\t\t<div class=\"elementor-element elementor-element-653ec0d e-con-full e-flex e-con e-child\" data-id=\"653ec0d\" data-element_type=\"container\" data-e-type=\"container\" data-settings=\"{&quot;background_background&quot;:&quot;classic&quot;}\">\n\t\t\t\t<div class=\"elementor-element elementor-element-9d5dbaf elementor-widget elementor-widget-heading\" data-id=\"9d5dbaf\" data-element_type=\"widget\" data-e-type=\"widget\" data-widget_type=\"heading.default\">\n\t\t\t\t\t<h2 class=\"elementor-heading-title elementor-size-default\">Monolithique sci\u00e9 \u00e0 deux \u00e9tages<\/h2>\t\t\t\t<\/div>\n\t\t\t\t<div class=\"elementor-element elementor-element-1e7af3c elementor-widget elementor-widget-hfe-breadcrumbs-widget\" data-id=\"1e7af3c\" data-element_type=\"widget\" data-e-type=\"widget\" data-widget_type=\"hfe-breadcrumbs-widget.default\">\n\t\t\t\t<div class=\"elementor-widget-container\">\n\t\t\t\t\t<nav aria-label=\"Fil d&#039;Ariane\"><ul class=\"hfe-breadcrumbs hfe-breadcrumbs-show-home\"><li class=\"hfe-breadcrumbs-item hfe-breadcrumbs-first\"><span class=\"hfe-breadcrumbs-home-icon\"><\/span><a href=\"https:\/\/steinex.gtechgroup.support\/fr\"><span class=\"hfe-breadcrumbs-text\">Accueil<\/span><\/a><\/li><\/ul><\/nav>\t\t\t\t<\/div>\n\t\t\t\t<\/div>\n\t\t\t\t<\/div>\n\t\t\t\t\t<\/div>\n\t\t\t\t<\/div>\n\t\t<div class=\"elementor-element elementor-element-99aa43c e-flex e-con-boxed e-con e-parent\" data-id=\"99aa43c\" data-element_type=\"container\" data-e-type=\"container\">\n\t\t\t\t\t<div class=\"e-con-inner\">\n\t\t\t\t<div class=\"elementor-element elementor-element-78a9630 elementor-widget elementor-widget-heading\" data-id=\"78a9630\" data-element_type=\"widget\" data-e-type=\"widget\" data-widget_type=\"heading.default\">\n\t\t\t\t\t<h2 class=\"elementor-heading-title elementor-size-default\">MACHINE \u00c0 FENDRE LES PIERRES MONOLITHIQUES SCI\u00c9ES EN DEUX PLANS<\/h2>\t\t\t\t<\/div>\n\t\t\t\t<div class=\"elementor-element elementor-element-362d7ba elementor-widget elementor-widget-text-editor\" data-id=\"362d7ba\" data-element_type=\"widget\" data-e-type=\"widget\" data-widget_type=\"text-editor.default\">\n\t\t\t\t\t\t\t\t\t<p>Les blocs monolithiques sci\u00e9s sur deux plans sont transform\u00e9s en dalles de l'\u00e9paisseur souhait\u00e9e, dont la surface peut \u00eatre trait\u00e9e thermiquement ou m\u00e9caniquement pour obtenir la finition superficielle la plus appropri\u00e9e. Steinex Srl produit une gamme compl\u00e8te de\u00a0<strong>machines<\/strong>\u00a0et\u00a0<strong>installations semi-automatiques<\/strong>\u00a0o\u00a0<strong>enti\u00e8rement automatique<\/strong>\u00a0pour fendre des pierres monolithiques sci\u00e9es sur deux plans afin de r\u00e9pondre aux exigences les plus \u00e9lev\u00e9es.<\/p><p>Dans cette cat\u00e9gorie se trouvent les\u00a0<strong>Mod\u00e8les Broadway et Menhir<\/strong>\u00a0et autres\u00a0<strong>installations pour le fendage de dalles sci\u00e9es<\/strong>\u00a0d'une \u00e9paisseur allant jusqu'\u00e0 600 mm et d'une largeur allant jusqu'\u00e0 1600 mm et pour les fentes de nervures r\u00e9guli\u00e8res en pierre naturelle de\u00a0<b>formation<\/b><b>\u00a0des conditions g\u00e9ologiques difficiles.<\/b><\/p><p><strong>GT MACHINE \u00c0 FENDRE POUR LA PRODUCTION DE CUBES DIFFICILES \u00c0 FENDRE.<\/strong><\/p><p>La pierre naturelle pr\u00e9sente parfois une formation g\u00e9ologique qui rend tr\u00e8s difficile un fendage r\u00e9gulier. C'est pourquoi Steinex Srl a cr\u00e9\u00e9 la ligne GT qui permet d'obtenir des fentes r\u00e9guli\u00e8res et de qualit\u00e9 avec des mat\u00e9riaux qui ne le permettent pas normalement. La technologie GT est install\u00e9e sur 2 mod\u00e8les Igloo, 1 mod\u00e8le Broadway et 1 mod\u00e8le Menhir. Enfin, vous trouverez l'installation automatique Broadway 800 GT pour la production de cubes avec des mat\u00e9riaux difficiles \u00e0 fendre.<\/p>\t\t\t\t\t\t\t\t<\/div>\n\t\t\t\t\t<\/div>\n\t\t\t\t<\/div>\n\t\t<div class=\"elementor-element elementor-element-ec9f4af e-flex e-con-boxed e-con e-parent\" data-id=\"ec9f4af\" data-element_type=\"container\" data-e-type=\"container\">\n\t\t\t\t\t<div class=\"e-con-inner\">\n\t\t<div class=\"elementor-element elementor-element-3bb6eaf e-con-full e-flex e-con e-child\" data-id=\"3bb6eaf\" data-element_type=\"container\" data-e-type=\"container\">\n\t\t\t\t<div class=\"elementor-element elementor-element-2d15fca elementor-widget elementor-widget-heading\" data-id=\"2d15fca\" data-element_type=\"widget\" data-e-type=\"widget\" data-widget_type=\"heading.default\">\n\t\t\t\t\t<h2 class=\"elementor-heading-title elementor-size-default\"> SCIAGE DE PIERRES COUP\u00c9ES<\/h2>\t\t\t\t<\/div>\n\t\t\t\t<div class=\"elementor-element elementor-element-e6b2fc3 elementor-widget elementor-widget-image\" data-id=\"e6b2fc3\" data-element_type=\"widget\" data-e-type=\"widget\" data-widget_type=\"image.default\">\n\t\t\t\t\t\t\t\t\t\t\t\t\t\t\t<img alt=\"\" fetchpriority=\"high\" decoding=\"async\" width=\"400\" height=\"284\" src=\"https:\/\/steinex.gtechgroup.support\/wp-content\/uploads\/2025\/01\/1_ritagli-granito-segati-1-400x284.jpeg.webp\" class=\"attachment-full size-full wp-image-242\" srcset=\"https:\/\/steinex.gtechgroup.support\/wp-content\/uploads\/2025\/01\/1_ritagli-granito-segati-1-400x284.jpeg.webp 400w, https:\/\/steinex.gtechgroup.support\/wp-content\/uploads\/2025\/01\/1_ritagli-granito-segati-1-400x284.jpeg-300x213.webp 300w\" sizes=\"(max-width: 400px) 100vw, 400px\" \/>\t\t\t\t\t\t\t\t\t\t\t\t\t\t\t<\/div>\n\t\t\t\t<div class=\"elementor-element elementor-element-de8e9ed elementor-widget elementor-widget-heading\" data-id=\"de8e9ed\" data-element_type=\"widget\" data-e-type=\"widget\" data-widget_type=\"heading.default\">\n\t\t\t\t\t<h2 class=\"elementor-heading-title elementor-size-default\">IGLOO 320X320<\/h2>\t\t\t\t<\/div>\n\t\t\t\t<\/div>\n\t\t<div class=\"elementor-element elementor-element-05fcfcf e-con-full e-flex e-con e-child\" data-id=\"05fcfcf\" data-element_type=\"container\" data-e-type=\"container\">\n\t\t\t\t<div class=\"elementor-element elementor-element-5de35ab elementor-widget elementor-widget-heading\" data-id=\"5de35ab\" data-element_type=\"widget\" data-e-type=\"widget\" data-widget_type=\"heading.default\">\n\t\t\t\t\t<h2 class=\"elementor-heading-title elementor-size-default\">DALLES SCI\u00c9ES\/FLAMM\u00c9ES JUSQU'\u00c0 1300 MM DE LARGE, \u00c9PAISSEUR JUSQU'\u00c0 300 MM (SYST\u00c8MES ET MACHINES SEMI-AUTOMATIQUES)\n\n<\/h2>\t\t\t\t<\/div>\n\t\t\t\t<div class=\"elementor-element elementor-element-36e1aed elementor-widget elementor-widget-image\" data-id=\"36e1aed\" data-element_type=\"widget\" data-e-type=\"widget\" data-widget_type=\"image.default\">\n\t\t\t\t\t\t\t\t\t\t\t\t\t\t\t<img alt=\"\" decoding=\"async\" width=\"400\" height=\"284\" src=\"https:\/\/steinex.gtechgroup.support\/wp-content\/uploads\/2025\/01\/LASTRE-SEGAlardoni-granito-4-lati-segati-spess-max-550-mm-largh-fino-a-3000-mm-400x284.jpeg.webp\" class=\"attachment-full size-full wp-image-249\" srcset=\"https:\/\/steinex.gtechgroup.support\/wp-content\/uploads\/2025\/01\/LASTRE-SEGAlardoni-granito-4-lati-segati-spess-max-550-mm-largh-fino-a-3000-mm-400x284.jpeg.webp 400w, https:\/\/steinex.gtechgroup.support\/wp-content\/uploads\/2025\/01\/LASTRE-SEGAlardoni-granito-4-lati-segati-spess-max-550-mm-largh-fino-a-3000-mm-400x284.jpeg-300x213.webp 300w\" sizes=\"(max-width: 400px) 100vw, 400px\" \/>\t\t\t\t\t\t\t\t\t\t\t\t\t\t\t<\/div>\n\t\t\t\t<div class=\"elementor-element elementor-element-c028b75 elementor-widget elementor-widget-heading\" data-id=\"c028b75\" data-element_type=\"widget\" data-e-type=\"widget\" data-widget_type=\"heading.default\">\n\t\t\t\t\t<h2 class=\"elementor-heading-title elementor-size-default\">BROADWAY SHERPA 600X320<br>BROADWAY SHERPA 600X320 NUT<br>BROADWAY SHERPA 1280X400<\/h2>\t\t\t\t<\/div>\n\t\t\t\t<\/div>\n\t\t<div class=\"elementor-element elementor-element-06c0aba e-con-full e-flex e-con e-child\" data-id=\"06c0aba\" data-element_type=\"container\" data-e-type=\"container\">\n\t\t\t\t<div class=\"elementor-element elementor-element-0bc4e23 elementor-widget elementor-widget-heading\" data-id=\"0bc4e23\" data-element_type=\"widget\" data-e-type=\"widget\" data-widget_type=\"heading.default\">\n\t\t\t\t\t<h2 class=\"elementor-heading-title elementor-size-default\">DALLES SCI\u00c9ES\/FLAMM\u00c9ES JUSQU'\u00c0 1600 MM DE LARGE, \u00c9PAISSEUR JUSQU'\u00c0 600 MM (SYST\u00c8MES ET MACHINES AUTOMATIQUES)\n\n<\/h2>\t\t\t\t<\/div>\n\t\t\t\t<div class=\"elementor-element elementor-element-4e91208 elementor-widget elementor-widget-image\" data-id=\"4e91208\" data-element_type=\"widget\" data-e-type=\"widget\" data-widget_type=\"image.default\">\n\t\t\t\t\t\t\t\t\t\t\t\t\t\t\t<img alt=\"\" decoding=\"async\" width=\"400\" height=\"284\" src=\"https:\/\/steinex.gtechgroup.support\/wp-content\/uploads\/2025\/01\/lastre-segate-400x284.jpeg.webp\" class=\"attachment-full size-full wp-image-250\" srcset=\"https:\/\/steinex.gtechgroup.support\/wp-content\/uploads\/2025\/01\/lastre-segate-400x284.jpeg.webp 400w, https:\/\/steinex.gtechgroup.support\/wp-content\/uploads\/2025\/01\/lastre-segate-400x284.jpeg-300x213.webp 300w\" sizes=\"(max-width: 400px) 100vw, 400px\" \/>\t\t\t\t\t\t\t\t\t\t\t\t\t\t\t<\/div>\n\t\t\t\t<div class=\"elementor-element elementor-element-9419b9a elementor-widget elementor-widget-heading\" data-id=\"9419b9a\" data-element_type=\"widget\" data-e-type=\"widget\" data-widget_type=\"heading.default\">\n\t\t\t\t\t<h2 class=\"elementor-heading-title elementor-size-default\">BROADWAY SHERPA 200X200<br>BROADWAY SHERPA 1300X320<br>BROADWAY SHERPA 1300X600<br>BROADWAY SHERPA 1600X320<\/h2>\t\t\t\t<\/div>\n\t\t\t\t<\/div>\n\t\t\t\t\t<\/div>\n\t\t\t\t<\/div>\n\t\t<div class=\"elementor-element elementor-element-9b0515a e-flex e-con-boxed e-con e-parent\" data-id=\"9b0515a\" data-element_type=\"container\" data-e-type=\"container\">\n\t\t\t\t\t<div class=\"e-con-inner\">\n\t\t<div class=\"elementor-element elementor-element-67e1613 e-con-full e-flex e-con e-child\" data-id=\"67e1613\" data-element_type=\"container\" data-e-type=\"container\">\n\t\t\t\t<div class=\"elementor-element elementor-element-6d367b2 elementor-widget elementor-widget-heading\" data-id=\"6d367b2\" data-element_type=\"widget\" data-e-type=\"widget\" data-widget_type=\"heading.default\">\n\t\t\t\t\t<h2 class=\"elementor-heading-title elementor-size-default\">DALLES SCI\u00c9ES\/FLAMM\u00c9ES JUSQU'\u00c0 1300 MM DE LARGE, \u00c9PAISSEUR JUSQU'\u00c0 300 MM (MACHINES MANUELLES)<\/h2>\t\t\t\t<\/div>\n\t\t\t\t<div class=\"elementor-element elementor-element-53a832b elementor-widget elementor-widget-image\" data-id=\"53a832b\" data-element_type=\"widget\" data-e-type=\"widget\" data-widget_type=\"image.default\">\n\t\t\t\t\t\t\t\t\t\t\t\t\t\t\t<img alt=\"\" loading=\"lazy\" decoding=\"async\" width=\"330\" height=\"248\" src=\"https:\/\/steinex.gtechgroup.support\/wp-content\/uploads\/2025\/01\/lastre-segate_fiammate_fino-a-1300.jpg.webp\" class=\"attachment-full size-full wp-image-251\" srcset=\"https:\/\/steinex.gtechgroup.support\/wp-content\/uploads\/2025\/01\/lastre-segate_fiammate_fino-a-1300.jpg.webp 330w, https:\/\/steinex.gtechgroup.support\/wp-content\/uploads\/2025\/01\/lastre-segate_fiammate_fino-a-1300.jpg-300x225.webp 300w\" sizes=\"(max-width: 330px) 100vw, 330px\" \/>\t\t\t\t\t\t\t\t\t\t\t\t\t\t\t<\/div>\n\t\t\t\t<div class=\"elementor-element elementor-element-23febe3 elementor-widget elementor-widget-heading\" data-id=\"23febe3\" data-element_type=\"widget\" data-e-type=\"widget\" data-widget_type=\"heading.default\">\n\t\t\t\t\t<h2 class=\"elementor-heading-title elementor-size-default\">BROADWAY 600X320<br>BROADWAY 800X280<br>BROADWAY 800X280<br>BROADWAY 1280X250<\/h2>\t\t\t\t<\/div>\n\t\t\t\t<\/div>\n\t\t<div class=\"elementor-element elementor-element-2024cca e-con-full e-flex e-con e-child\" data-id=\"2024cca\" data-element_type=\"container\" data-e-type=\"container\">\n\t\t\t\t<div class=\"elementor-element elementor-element-e97925d elementor-widget elementor-widget-heading\" data-id=\"e97925d\" data-element_type=\"widget\" data-e-type=\"widget\" data-widget_type=\"heading.default\">\n\t\t\t\t\t<h2 class=\"elementor-heading-title elementor-size-default\">DALLES SCI\u00c9ES\/FLAMM\u00c9ES PIERRES DURES \u00c0 FENDRE (MACHINES ET INSTALLATIONS AVEC SCULPTURE \u00c0 DISQUE)\n<\/h2>\t\t\t\t<\/div>\n\t\t\t\t<div class=\"elementor-element elementor-element-135effb elementor-widget elementor-widget-image\" data-id=\"135effb\" data-element_type=\"widget\" data-e-type=\"widget\" data-widget_type=\"image.default\">\n\t\t\t\t\t\t\t\t\t\t\t\t\t\t\t<img alt=\"\" loading=\"lazy\" decoding=\"async\" width=\"400\" height=\"284\" src=\"https:\/\/steinex.gtechgroup.support\/wp-content\/uploads\/2025\/01\/MATERIALE-DIFFICILE-SPACCO-2-400x284.jpeg.webp\" class=\"attachment-full size-full wp-image-252\" srcset=\"https:\/\/steinex.gtechgroup.support\/wp-content\/uploads\/2025\/01\/MATERIALE-DIFFICILE-SPACCO-2-400x284.jpeg.webp 400w, https:\/\/steinex.gtechgroup.support\/wp-content\/uploads\/2025\/01\/MATERIALE-DIFFICILE-SPACCO-2-400x284.jpeg-300x213.webp 300w\" sizes=\"(max-width: 400px) 100vw, 400px\" \/>\t\t\t\t\t\t\t\t\t\t\t\t\t\t\t<\/div>\n\t\t\t\t<div class=\"elementor-element elementor-element-0d7bc1e elementor-widget elementor-widget-heading\" data-id=\"0d7bc1e\" data-element_type=\"widget\" data-e-type=\"widget\" data-widget_type=\"heading.default\">\n\t\t\t\t\t<h2 class=\"elementor-heading-title elementor-size-default\">IGLOO 480X450 GT<br>IGLOO 600X550 GT<br>BROADWAY 800X250 GT<br>MENHIR 1300X600 GT<br>AUT BROADWAY 800<\/h2>\t\t\t\t<\/div>\n\t\t\t\t<\/div>\n\t\t<div class=\"elementor-element elementor-element-ac9d4f6 e-con-full e-flex e-con e-child\" data-id=\"ac9d4f6\" data-element_type=\"container\" data-e-type=\"container\">\n\t\t\t\t<\/div>\n\t\t\t\t\t<\/div>\n\t\t\t\t<\/div>\n\t\t\t\t<\/div>","protected":false},"excerpt":{"rendered":"<p>Monolitiche segate su due piani Home MACCHINARI PER LO SPACCO DI PIETRE MONOLITICHE SEGATE SU DUE PIANI I blocchi monolitici segati su due piani sono trasformati in lastre di spessore desiderato la cui superficie potr\u00e0 essere trattata termicamente o meccanicamente per ottenere la finitura superficiale pi\u00f9 idonea. Steinex Srl produce una gamma completa di\u00a0macchine\u00a0ed\u00a0impianti semiautomatici\u00a0o\u00a0completamente [&hellip;]<\/p>","protected":false},"author":1,"featured_media":0,"parent":0,"menu_order":0,"comment_status":"closed","ping_status":"closed","template":"","meta":{"_seopress_robots_primary_cat":"","_seopress_titles_title":"Macchine per lo spacco di pietre monolitiche segate","_seopress_titles_desc":"Scopri le macchine Steinex per lo spacco di pietre monolitiche segate su due piani: precisione, qualit\u00e0 e soluzioni per materiali di difficile lavorazione.","_seopress_robots_index":"","footnotes":""},"class_list":["post-220","page","type-page","status-publish","hentry"],"_links":{"self":[{"href":"https:\/\/steinex.gtechgroup.support\/fr\/wp-json\/wp\/v2\/pages\/220","targetHints":{"allow":["GET"]}}],"collection":[{"href":"https:\/\/steinex.gtechgroup.support\/fr\/wp-json\/wp\/v2\/pages"}],"about":[{"href":"https:\/\/steinex.gtechgroup.support\/fr\/wp-json\/wp\/v2\/types\/page"}],"author":[{"embeddable":true,"href":"https:\/\/steinex.gtechgroup.support\/fr\/wp-json\/wp\/v2\/users\/1"}],"replies":[{"embeddable":true,"href":"https:\/\/steinex.gtechgroup.support\/fr\/wp-json\/wp\/v2\/comments?post=220"}],"version-history":[{"count":24,"href":"https:\/\/steinex.gtechgroup.support\/fr\/wp-json\/wp\/v2\/pages\/220\/revisions"}],"predecessor-version":[{"id":14142,"href":"https:\/\/steinex.gtechgroup.support\/fr\/wp-json\/wp\/v2\/pages\/220\/revisions\/14142"}],"wp:attachment":[{"href":"https:\/\/steinex.gtechgroup.support\/fr\/wp-json\/wp\/v2\/media?parent=220"}],"curies":[{"name":"wp","href":"https:\/\/api.w.org\/{rel}","templated":true}]}}