{"id":259,"date":"2025-01-20T14:10:24","date_gmt":"2025-01-20T14:10:24","guid":{"rendered":"https:\/\/steinex.gtechgroup.support\/?page_id=259"},"modified":"2025-09-12T13:48:15","modified_gmt":"2025-09-12T13:48:15","slug":"monolitiche-segate-su-4-6-lati","status":"publish","type":"page","link":"https:\/\/steinex.gtechgroup.support\/fr\/monolitiche-segate-su-4-6-lati\/","title":{"rendered":"Sciage monolithique sur 4-6 c\u00f4t\u00e9s"},"content":{"rendered":"<div data-elementor-type=\"wp-page\" data-elementor-id=\"259\" class=\"elementor elementor-259\" data-elementor-post-type=\"page\">\n\t\t\t\t<div class=\"elementor-element elementor-element-5b4abac e-flex e-con-boxed e-con e-parent\" data-id=\"5b4abac\" data-element_type=\"container\" data-e-type=\"container\" data-settings=\"{&quot;background_background&quot;:&quot;classic&quot;}\">\n\t\t\t\t\t<div class=\"e-con-inner\">\n\t\t<div class=\"elementor-element elementor-element-9288a7c e-con-full e-flex e-con e-child\" data-id=\"9288a7c\" data-element_type=\"container\" data-e-type=\"container\" data-settings=\"{&quot;background_background&quot;:&quot;classic&quot;}\">\n\t\t\t\t<div class=\"elementor-element elementor-element-9451e8b elementor-widget elementor-widget-heading\" data-id=\"9451e8b\" data-element_type=\"widget\" data-e-type=\"widget\" data-widget_type=\"heading.default\">\n\t\t\t\t\t<h2 class=\"elementor-heading-title elementor-size-default\">Fendage de pierres monolithiques<\/h2>\t\t\t\t<\/div>\n\t\t\t\t<div class=\"elementor-element elementor-element-fa06e1f elementor-widget elementor-widget-hfe-breadcrumbs-widget\" data-id=\"fa06e1f\" data-element_type=\"widget\" data-e-type=\"widget\" data-widget_type=\"hfe-breadcrumbs-widget.default\">\n\t\t\t\t<div class=\"elementor-widget-container\">\n\t\t\t\t\t<nav aria-label=\"Fil d&#039;Ariane\"><ul class=\"hfe-breadcrumbs hfe-breadcrumbs-show-home\"><li class=\"hfe-breadcrumbs-item hfe-breadcrumbs-first\"><span class=\"hfe-breadcrumbs-home-icon\"><\/span><a href=\"https:\/\/steinex.gtechgroup.support\/fr\"><span class=\"hfe-breadcrumbs-text\">Accueil<\/span><\/a><\/li><\/ul><\/nav>\t\t\t\t<\/div>\n\t\t\t\t<\/div>\n\t\t\t\t<\/div>\n\t\t\t\t\t<\/div>\n\t\t\t\t<\/div>\n\t\t<div class=\"elementor-element elementor-element-7eebdae e-flex e-con-boxed e-con e-parent\" data-id=\"7eebdae\" data-element_type=\"container\" data-e-type=\"container\">\n\t\t\t\t\t<div class=\"e-con-inner\">\n\t\t\t\t<div class=\"elementor-element elementor-element-a72dd85 elementor-widget elementor-widget-heading\" data-id=\"a72dd85\" data-element_type=\"widget\" data-e-type=\"widget\" data-widget_type=\"heading.default\">\n\t\t\t\t\t<h2 class=\"elementor-heading-title elementor-size-default\">MACHINES \u00c0 FENDRE LES PIERRES MONOLITHIQUES SCI\u00c9ES SUR 4-6 C\u00d4T\u00c9S<\/h2>\t\t\t\t<\/div>\n\t\t\t\t<div class=\"elementor-element elementor-element-8ab672a elementor-widget elementor-widget-text-editor\" data-id=\"8ab672a\" data-element_type=\"widget\" data-e-type=\"widget\" data-widget_type=\"text-editor.default\">\n\t\t\t\t\t\t\t\t\t<p>I&nbsp;<strong>les blocs monolithiques peuvent \u00eatre sci\u00e9s sur 4 ou 6 c\u00f4t\u00e9s<\/strong>&nbsp;en fonction du produit final \u00e0 obtenir.<br>Souvent, le client souhaite une pr\u00e9cision dans les mesures et, en m\u00eame temps, une qualit\u00e9 de fendage \u00e9lev\u00e9e. Steinex Srl, avec ses 49 ans d'exp\u00e9rience, a r\u00e9alis\u00e9&nbsp;<strong>une s\u00e9rie de mod\u00e8les Wind star \u00e0 4 pales<\/strong>&nbsp;op\u00e9rant comme :<\/p>\n<ul>\n<li><strong>Stripteaseur&nbsp;<\/strong>pour les mat\u00e9riaux qui pr\u00e9sentent une certaine schistosit\u00e9 dans une direction, comme le Serizzo ;<\/li>\n<li><strong>Presse automatique de pr\u00e9cision<\/strong>&nbsp;pour d'autres types de pierres.<\/li>\n<\/ul>\n<p>Les mod\u00e8les Windstar SP peuvent d\u00e9couper ou fendre des pi\u00e8ces d'une \u00e9paisseur maximale de 550 mm et d'une largeur maximale de 3000 mm en mode&nbsp;<strong>semi-automatique ou automatique.<\/strong><\/p>\n<p>La s\u00e9rie Windstar comprend les mod\u00e8les automatiques \u00e0 haute productivit\u00e9 de type STD qui peuvent \u00eatre vendus individuellement ou \u00eatre assembl\u00e9s dans des lignes automatiques plus complexes.<\/p>\n<p><strong>R\u00c9CUP\u00c9RATION DES R\u00c9SIDUS DE TRANSFORMATION DES DALLES (4\/6 FACES SCI\u00c9ES)<\/strong><\/p>\n<p>Pour les r\u00e9sidus de&nbsp;<strong>transformation de dalles encadr\u00e9es \u00e0 4 ou 6 c\u00f4t\u00e9s sci\u00e9s<\/strong>Steinex Srl avec ses propres&nbsp;<strong>machines de gaufrage<\/strong>&nbsp;permet la valorisation compl\u00e8te de ces d\u00e9chets pour les transformer en&nbsp;<strong>SPACCATELLI ET BUGNATELLI<\/strong>&nbsp;pour le rev\u00eatement avec une valeur ajout\u00e9e appr\u00e9ciable.<\/p>\n<p><strong>FINITIONS SP\u00c9CIALES DES NERVURES \u00c0 45\u00b0.<\/strong><\/p>\n<p>Enfin, Steinex Srl produit deux mod\u00e8les pour les finitions sp\u00e9ciales de l'appareil.&nbsp;<strong>C\u00f4tes \u00e0 45<\/strong>&nbsp;particuli\u00e8rement adapt\u00e9 \u00e0 la finition&nbsp;<strong>c\u00f4tes de la Lose ou Piode<\/strong>dalles de pierre utilis\u00e9es&nbsp;<strong>comme tuiles ou comme dalles de pavage et de rev\u00eatement.<\/strong><\/p>\t\t\t\t\t\t\t\t<\/div>\n\t\t\t\t\t<\/div>\n\t\t\t\t<\/div>\n\t\t<div class=\"elementor-element elementor-element-351d375 e-flex e-con-boxed e-con e-parent\" data-id=\"351d375\" data-element_type=\"container\" data-e-type=\"container\">\n\t\t\t\t\t<div class=\"e-con-inner\">\n\t\t<div class=\"elementor-element elementor-element-79e971e e-con-full e-flex e-con e-child\" data-id=\"79e971e\" data-element_type=\"container\" data-e-type=\"container\">\n\t\t\t\t<div class=\"elementor-element elementor-element-1ca02ca elementor-widget elementor-widget-heading\" data-id=\"1ca02ca\" data-element_type=\"widget\" data-e-type=\"widget\" data-widget_type=\"heading.default\">\n\t\t\t\t\t<h2 class=\"elementor-heading-title elementor-size-default\">DALLES SCI\u00c9ES 4-6 C\u00d4T\u00c9S LARGEUR FIXE &gt; 300 MM, \u00c9PAISSEUR JUSQU'\u00c0 550 MM (SYST\u00c8MES DE D\u00c9COFFRAGE AUTOMATIQUE)<\/h2>\t\t\t\t<\/div>\n\t\t\t\t<div class=\"elementor-element elementor-element-6d21301 elementor-widget elementor-widget-image\" data-id=\"6d21301\" data-element_type=\"widget\" data-e-type=\"widget\" data-widget_type=\"image.default\">\n\t\t\t\t\t\t\t\t\t\t\t\t\t\t\t<img alt=\"\" fetchpriority=\"high\" decoding=\"async\" width=\"900\" height=\"675\" src=\"https:\/\/steinex.gtechgroup.support\/wp-content\/uploads\/2025\/01\/2_lardoni-granito-4-lati-segati.webp\" class=\"attachment-full size-full wp-image-265\" srcset=\"https:\/\/steinex.gtechgroup.support\/wp-content\/uploads\/2025\/01\/2_lardoni-granito-4-lati-segati.webp 900w, https:\/\/steinex.gtechgroup.support\/wp-content\/uploads\/2025\/01\/2_lardoni-granito-4-lati-segati-300x225.webp 300w, https:\/\/steinex.gtechgroup.support\/wp-content\/uploads\/2025\/01\/2_lardoni-granito-4-lati-segati-768x576.webp 768w, https:\/\/steinex.gtechgroup.support\/wp-content\/uploads\/2025\/01\/2_lardoni-granito-4-lati-segati-600x450.webp 600w\" sizes=\"(max-width: 900px) 100vw, 900px\" \/>\t\t\t\t\t\t\t\t\t\t\t\t\t\t\t<\/div>\n\t\t\t\t<div class=\"elementor-element elementor-element-d67989e elementor-widget elementor-widget-heading\" data-id=\"d67989e\" data-element_type=\"widget\" data-e-type=\"widget\" data-widget_type=\"heading.default\">\n\t\t\t\t\t<h2 class=\"elementor-heading-title elementor-size-default\">WINDSTAR SP 600X320 AUT<br>WINDSTAR SP 800X400 AUT<br>WINDSTAR SP 1280X450 AUT<br>WINDSTAR SP 1600X450 AUT<br>WINDSTAR SP 2800X550 AUT<\/h2>\t\t\t\t<\/div>\n\t\t\t\t<\/div>\n\t\t<div class=\"elementor-element elementor-element-e8a4cd6 e-con-full e-flex e-con e-child\" data-id=\"e8a4cd6\" data-element_type=\"container\" data-e-type=\"container\">\n\t\t\t\t<div class=\"elementor-element elementor-element-1116d05 elementor-widget elementor-widget-heading\" data-id=\"1116d05\" data-element_type=\"widget\" data-e-type=\"widget\" data-widget_type=\"heading.default\">\n\t\t\t\t\t<h2 class=\"elementor-heading-title elementor-size-default\">T\u00d4LES SCI\u00c9ES 4-6 FACES LARGEUR FIXE &gt; 300 MM, \u00c9PAISSEUR JUSQU'\u00c0 550 MM (SYST\u00c8MES AUTOMATIQUES)<\/h2>\t\t\t\t<\/div>\n\t\t\t\t<div class=\"elementor-element elementor-element-0a5ca7e elementor-widget elementor-widget-image\" data-id=\"0a5ca7e\" data-element_type=\"widget\" data-e-type=\"widget\" data-widget_type=\"image.default\">\n\t\t\t\t\t\t\t\t\t\t\t\t\t\t\t<img alt=\"\" decoding=\"async\" width=\"900\" height=\"675\" src=\"https:\/\/steinex.gtechgroup.support\/wp-content\/uploads\/2025\/01\/1_Monolitiche-4-lati-segati-1.webp\" class=\"attachment-full size-full wp-image-266\" srcset=\"https:\/\/steinex.gtechgroup.support\/wp-content\/uploads\/2025\/01\/1_Monolitiche-4-lati-segati-1.webp 900w, https:\/\/steinex.gtechgroup.support\/wp-content\/uploads\/2025\/01\/1_Monolitiche-4-lati-segati-1-300x225.webp 300w, https:\/\/steinex.gtechgroup.support\/wp-content\/uploads\/2025\/01\/1_Monolitiche-4-lati-segati-1-768x576.webp 768w, https:\/\/steinex.gtechgroup.support\/wp-content\/uploads\/2025\/01\/1_Monolitiche-4-lati-segati-1-600x450.webp 600w\" sizes=\"(max-width: 900px) 100vw, 900px\" \/>\t\t\t\t\t\t\t\t\t\t\t\t\t\t\t<\/div>\n\t\t\t\t<div class=\"elementor-element elementor-element-518a249 elementor-widget elementor-widget-heading\" data-id=\"518a249\" data-element_type=\"widget\" data-e-type=\"widget\" data-widget_type=\"heading.default\">\n\t\t\t\t\t<h2 class=\"elementor-heading-title elementor-size-default\">WINDSTAR STD 600X320 SIS<br>WINDSTAR 600X300 NUTON<br>WINDSTAR STD 1280X550 NGB<br>WINDSTAR 1300X320 CM<\/h2>\t\t\t\t<\/div>\n\t\t\t\t<\/div>\n\t\t<div class=\"elementor-element elementor-element-b98ad1c e-con-full e-flex e-con e-child\" data-id=\"b98ad1c\" data-element_type=\"container\" data-e-type=\"container\">\n\t\t\t\t<div class=\"elementor-element elementor-element-4957254 elementor-widget elementor-widget-heading\" data-id=\"4957254\" data-element_type=\"widget\" data-e-type=\"widget\" data-widget_type=\"heading.default\">\n\t\t\t\t\t<h2 class=\"elementor-heading-title elementor-size-default\">LA VALORISATION DES R\u00c9SIDUS DE TRAITEMENT DES PLAQUES<\/h2>\t\t\t\t<\/div>\n\t\t\t\t<div class=\"elementor-element elementor-element-33078d8 elementor-widget elementor-widget-image\" data-id=\"33078d8\" data-element_type=\"widget\" data-e-type=\"widget\" data-widget_type=\"image.default\">\n\t\t\t\t\t\t\t\t\t\t\t\t\t\t\t<img alt=\"\" decoding=\"async\" width=\"900\" height=\"675\" src=\"https:\/\/steinex.gtechgroup.support\/wp-content\/uploads\/2025\/01\/1_Monolitiche-4-lati-segati-2.webp\" class=\"attachment-full size-full wp-image-267\" srcset=\"https:\/\/steinex.gtechgroup.support\/wp-content\/uploads\/2025\/01\/1_Monolitiche-4-lati-segati-2.webp 900w, https:\/\/steinex.gtechgroup.support\/wp-content\/uploads\/2025\/01\/1_Monolitiche-4-lati-segati-2-300x225.webp 300w, https:\/\/steinex.gtechgroup.support\/wp-content\/uploads\/2025\/01\/1_Monolitiche-4-lati-segati-2-768x576.webp 768w, https:\/\/steinex.gtechgroup.support\/wp-content\/uploads\/2025\/01\/1_Monolitiche-4-lati-segati-2-600x450.webp 600w\" sizes=\"(max-width: 900px) 100vw, 900px\" \/>\t\t\t\t\t\t\t\t\t\t\t\t\t\t\t<\/div>\n\t\t\t\t<div class=\"elementor-element elementor-element-c0aa797 elementor-widget elementor-widget-heading\" data-id=\"c0aa797\" data-element_type=\"widget\" data-e-type=\"widget\" data-widget_type=\"heading.default\">\n\t\t\t\t\t<h2 class=\"elementor-heading-title elementor-size-default\">GAUFREUSE MANUELLE<br>GAUFREUSE AUTOMATIQUE<br>IGLOO 200V SEMIAUTomatique<br>MOD\u00c8LES WINDSTAR EN OPTION<\/h2>\t\t\t\t<\/div>\n\t\t\t\t<\/div>\n\t\t<div class=\"elementor-element elementor-element-37d3780 e-con-full e-flex e-con e-child\" data-id=\"37d3780\" data-element_type=\"container\" data-e-type=\"container\">\n\t\t\t\t<div class=\"elementor-element elementor-element-1abb560 elementor-widget elementor-widget-heading\" data-id=\"1abb560\" data-element_type=\"widget\" data-e-type=\"widget\" data-widget_type=\"heading.default\">\n\t\t\t\t\t<h2 class=\"elementor-heading-title elementor-size-default\">FINITIONS SP\u00c9CIALES DES NERVURES \u00c0 45\u00b0.<\/h2>\t\t\t\t<\/div>\n\t\t\t\t<div class=\"elementor-element elementor-element-bd2f4d2 elementor-widget elementor-widget-image\" data-id=\"bd2f4d2\" data-element_type=\"widget\" data-e-type=\"widget\" data-widget_type=\"image.default\">\n\t\t\t\t\t\t\t\t\t\t\t\t\t\t\t<img alt=\"\" loading=\"lazy\" decoding=\"async\" width=\"355\" height=\"266\" src=\"https:\/\/steinex.gtechgroup.support\/wp-content\/uploads\/2025\/01\/coste-45-gradi.webp\" class=\"attachment-full size-full wp-image-268\" srcset=\"https:\/\/steinex.gtechgroup.support\/wp-content\/uploads\/2025\/01\/coste-45-gradi.webp 355w, https:\/\/steinex.gtechgroup.support\/wp-content\/uploads\/2025\/01\/coste-45-gradi-300x225.webp 300w\" sizes=\"(max-width: 355px) 100vw, 355px\" \/>\t\t\t\t\t\t\t\t\t\t\t\t\t\t\t<\/div>\n\t\t\t\t<div class=\"elementor-element elementor-element-a7f9240 elementor-widget elementor-widget-heading\" data-id=\"a7f9240\" data-element_type=\"widget\" data-e-type=\"widget\" data-widget_type=\"heading.default\">\n\t\t\t\t\t<h2 class=\"elementor-heading-title elementor-size-default\">400X350 DECOSTER 45\u00b0<br>1280X400 DECOSTER 45\u00b0<\/h2>\t\t\t\t<\/div>\n\t\t\t\t<\/div>\n\t\t\t\t\t<\/div>\n\t\t\t\t<\/div>\n\t\t\t\t<\/div>","protected":false},"excerpt":{"rendered":"<p>Spacco di pietre monolitiche Home MACCHINARI PER LO SPACCO DI PIETRE MONOLITICHE SEGATE SU 4-6 LATI I&nbsp;blocchi monolitici possono essere segati su 4 o 6 lati&nbsp;a seconda del prodotto finito che si vuole ottenere.Spesso il cliente vuole ottenere precisione nelle misure ed allo stesso tempo un\u2019elevata qualit\u00e0 di spacco. Steinex Srl forte di ben 49 [&hellip;]<\/p>","protected":false},"author":1,"featured_media":0,"parent":0,"menu_order":0,"comment_status":"closed","ping_status":"closed","template":"","meta":{"_seopress_robots_primary_cat":"","_seopress_titles_title":"Macchinari per lo spacco di pietre monolitiche","_seopress_titles_desc":"Scopri le soluzioni Steinex per lo spacco di pietre monolitiche con precisione e qualit\u00e0: macchinari innovativi e recupero scarti.","_seopress_robots_index":"","footnotes":""},"class_list":["post-259","page","type-page","status-publish","hentry"],"_links":{"self":[{"href":"https:\/\/steinex.gtechgroup.support\/fr\/wp-json\/wp\/v2\/pages\/259","targetHints":{"allow":["GET"]}}],"collection":[{"href":"https:\/\/steinex.gtechgroup.support\/fr\/wp-json\/wp\/v2\/pages"}],"about":[{"href":"https:\/\/steinex.gtechgroup.support\/fr\/wp-json\/wp\/v2\/types\/page"}],"author":[{"embeddable":true,"href":"https:\/\/steinex.gtechgroup.support\/fr\/wp-json\/wp\/v2\/users\/1"}],"replies":[{"embeddable":true,"href":"https:\/\/steinex.gtechgroup.support\/fr\/wp-json\/wp\/v2\/comments?post=259"}],"version-history":[{"count":37,"href":"https:\/\/steinex.gtechgroup.support\/fr\/wp-json\/wp\/v2\/pages\/259\/revisions"}],"predecessor-version":[{"id":14699,"href":"https:\/\/steinex.gtechgroup.support\/fr\/wp-json\/wp\/v2\/pages\/259\/revisions\/14699"}],"wp:attachment":[{"href":"https:\/\/steinex.gtechgroup.support\/fr\/wp-json\/wp\/v2\/media?parent=259"}],"curies":[{"name":"wp","href":"https:\/\/api.w.org\/{rel}","templated":true}]}}