{"id":413,"date":"2025-01-22T11:20:58","date_gmt":"2025-01-22T11:20:58","guid":{"rendered":"https:\/\/steinex.gtechgroup.support\/?page_id=413"},"modified":"2025-09-18T07:51:19","modified_gmt":"2025-09-18T07:51:19","slug":"sassi-da-muro","status":"publish","type":"page","link":"https:\/\/steinex.gtechgroup.support\/fr\/sassi-da-muro\/","title":{"rendered":"Pierres murales"},"content":{"rendered":"<div data-elementor-type=\"wp-page\" data-elementor-id=\"413\" class=\"elementor elementor-413\" data-elementor-post-type=\"page\">\n\t\t\t\t<div class=\"elementor-element elementor-element-6d8df40 e-flex e-con-boxed e-con e-parent\" data-id=\"6d8df40\" data-element_type=\"container\" data-e-type=\"container\" data-settings=\"{&quot;background_background&quot;:&quot;classic&quot;}\">\n\t\t\t\t\t<div class=\"e-con-inner\">\n\t\t<div class=\"elementor-element elementor-element-8b7cc1c e-con-full e-flex e-con e-child\" data-id=\"8b7cc1c\" data-element_type=\"container\" data-e-type=\"container\" data-settings=\"{&quot;background_background&quot;:&quot;classic&quot;}\">\n\t\t\t\t<div class=\"elementor-element elementor-element-7478772 elementor-widget elementor-widget-heading\" data-id=\"7478772\" data-element_type=\"widget\" data-e-type=\"widget\" data-widget_type=\"heading.default\">\n\t\t\t\t\t<h2 class=\"elementor-heading-title elementor-size-default\">Pierres murales<\/h2>\t\t\t\t<\/div>\n\t\t\t\t<div class=\"elementor-element elementor-element-8a9fa8e elementor-widget elementor-widget-hfe-breadcrumbs-widget\" data-id=\"8a9fa8e\" data-element_type=\"widget\" data-e-type=\"widget\" data-widget_type=\"hfe-breadcrumbs-widget.default\">\n\t\t\t\t<div class=\"elementor-widget-container\">\n\t\t\t\t\t<nav aria-label=\"Fil d&#039;Ariane\"><ul class=\"hfe-breadcrumbs hfe-breadcrumbs-show-home\"><li class=\"hfe-breadcrumbs-item hfe-breadcrumbs-first\"><span class=\"hfe-breadcrumbs-home-icon\"><\/span><a href=\"https:\/\/steinex.gtechgroup.support\/fr\"><span class=\"hfe-breadcrumbs-text\">Accueil<\/span><\/a><\/li><\/ul><\/nav>\t\t\t\t<\/div>\n\t\t\t\t<\/div>\n\t\t\t\t<\/div>\n\t\t\t\t\t<\/div>\n\t\t\t\t<\/div>\n\t\t<div class=\"elementor-element elementor-element-dbadbd1 e-flex e-con-boxed e-con e-parent\" data-id=\"dbadbd1\" data-element_type=\"container\" data-e-type=\"container\">\n\t\t\t\t\t<div class=\"e-con-inner\">\n\t\t<div class=\"elementor-element elementor-element-43f56e9 e-con-full e-flex e-con e-child\" data-id=\"43f56e9\" data-element_type=\"container\" data-e-type=\"container\">\n\t\t\t\t<div class=\"elementor-element elementor-element-05d5033 elementor-widget elementor-widget-text-editor\" data-id=\"05d5033\" data-element_type=\"widget\" data-e-type=\"widget\" data-widget_type=\"text-editor.default\">\n\t\t\t\t\t\t\t\t\t<p><strong>Les pierres sont largement utilis\u00e9es dans la construction depuis des milliers d'ann\u00e9es en raison de leurs capacit\u00e9s de r\u00e9sistance.<\/strong><\/p><p>I<strong>\u00a0murs<\/strong>\u00a0Les pierres locales, notamment le calcaire, le granit, le gr\u00e8s et le quartzite, ont \u00e9t\u00e9 utilis\u00e9es \u00e0 la fois pour faire des\u00a0<strong>des travaux de construction, de la construction de b\u00e2timents somptueux<\/strong>\u00a0et impressionnante \u00e0 la r\u00e9alisation de\u00a0<strong>murs de sout\u00e8nement<\/strong>\u00a0de l'ing\u00e9nierie civile \u00e0 la division de la propri\u00e9t\u00e9 fonci\u00e8re.\u00a0<\/p><p>La qualit\u00e9 et le type de pierre de taille varient consid\u00e9rablement, en termes de\u00a0<strong>la durabilit\u00e9<\/strong>\u00a0de produit, de\u00a0<strong>r\u00e9sistance \u00e0 la p\u00e9n\u00e9tration de l'eau<\/strong>\u00a0et de\u00a0<strong>capacit\u00e9 \u00e0 \u00eatre transform\u00e9 en formes r\u00e9guli\u00e8res<\/strong>\u00a0avant la construction.<\/p><p>Dans la construction moderne, les pierres murales peuvent \u00eatre produites \u00e0 l'aide de la technologie de l'acier.\u00a0<strong>fendage m\u00e9canique de la pierre brute<\/strong>\u00a0e\u00a0<strong>informer<\/strong>\u00a0ou de\u00a0<strong>blocs de pierre sci\u00e9s<\/strong>\u00a0afin d'obtenir des \u00e9l\u00e9ments personnalis\u00e9s.<\/p>\t\t\t\t\t\t\t\t<\/div>\n\t\t\t\t<\/div>\n\t\t<div class=\"elementor-element elementor-element-70e9366 e-con-full e-flex e-con e-child\" data-id=\"70e9366\" data-element_type=\"container\" data-e-type=\"container\">\n\t\t\t\t<div class=\"elementor-element elementor-element-47eef86 elementor-widget__width-initial elementor-widget elementor-widget-heading\" data-id=\"47eef86\" data-element_type=\"widget\" data-e-type=\"widget\" data-widget_type=\"heading.default\">\n\t\t\t\t\t<h2 class=\"elementor-heading-title elementor-size-default\">Ces applications sont r\u00e9alis\u00e9es gr\u00e2ce \u00e0 ces machines :<\/h2>\t\t\t\t<\/div>\n\t\t\t\t<div class=\"elementor-element elementor-element-88f7e37 elementor-align-justify elementor-widget elementor-widget-button\" data-id=\"88f7e37\" data-element_type=\"widget\" data-e-type=\"widget\" data-widget_type=\"button.default\">\n\t\t\t\t\t\t\t\t\t\t<a class=\"elementor-button elementor-button-link elementor-size-sm\" href=\"\/fr\/prodotti-da-macchina-igloo\/\">\n\t\t\t\t\t\t<span class=\"elementor-button-content-wrapper\">\n\t\t\t\t\t\t\t\t\t<span class=\"elementor-button-text\">IGLOO<\/span>\n\t\t\t\t\t<\/span>\n\t\t\t\t\t<\/a>\n\t\t\t\t\t\t\t\t<\/div>\n\t\t\t\t<div class=\"elementor-element elementor-element-902bacb elementor-align-justify elementor-widget elementor-widget-button\" data-id=\"902bacb\" data-element_type=\"widget\" data-e-type=\"widget\" data-widget_type=\"button.default\">\n\t\t\t\t\t\t\t\t\t\t<a class=\"elementor-button elementor-button-link elementor-size-sm\" href=\"\/fr\/prodotti-da-macchina-wind-star\/\">\n\t\t\t\t\t\t<span class=\"elementor-button-content-wrapper\">\n\t\t\t\t\t\t\t\t\t<span class=\"elementor-button-text\">WIND STAR<\/span>\n\t\t\t\t\t<\/span>\n\t\t\t\t\t<\/a>\n\t\t\t\t\t\t\t\t<\/div>\n\t\t\t\t<div class=\"elementor-element elementor-element-1483f21 elementor-align-justify elementor-widget elementor-widget-button\" data-id=\"1483f21\" data-element_type=\"widget\" data-e-type=\"widget\" data-widget_type=\"button.default\">\n\t\t\t\t\t\t\t\t\t\t<a class=\"elementor-button elementor-button-link elementor-size-sm\" href=\"\/fr\/prodotti-da-impianti-automatici\/\">\n\t\t\t\t\t\t<span class=\"elementor-button-content-wrapper\">\n\t\t\t\t\t\t\t\t\t<span class=\"elementor-button-text\">INSTALLATIONS ET LIGNES<\/span>\n\t\t\t\t\t<\/span>\n\t\t\t\t\t<\/a>\n\t\t\t\t\t\t\t\t<\/div>\n\t\t\t\t<\/div>\n\t\t\t\t\t<\/div>\n\t\t\t\t<\/div>\n\t\t<div class=\"elementor-element elementor-element-5685b75 e-flex e-con-boxed e-con e-parent\" data-id=\"5685b75\" data-element_type=\"container\" data-e-type=\"container\">\n\t\t\t\t\t<div class=\"e-con-inner\">\n\t\t\t\t<div class=\"elementor-element elementor-element-8eb059e elementor-widget elementor-widget-gallery\" data-id=\"8eb059e\" data-element_type=\"widget\" data-e-type=\"widget\" data-settings=\"{&quot;columns&quot;:3,&quot;gap&quot;:{&quot;unit&quot;:&quot;px&quot;,&quot;size&quot;:30,&quot;sizes&quot;:[]},&quot;aspect_ratio&quot;:&quot;4:3&quot;,&quot;lazyload&quot;:&quot;yes&quot;,&quot;gallery_layout&quot;:&quot;grid&quot;,&quot;columns_tablet&quot;:2,&quot;columns_mobile&quot;:1,&quot;gap_tablet&quot;:{&quot;unit&quot;:&quot;px&quot;,&quot;size&quot;:10,&quot;sizes&quot;:[]},&quot;gap_mobile&quot;:{&quot;unit&quot;:&quot;px&quot;,&quot;size&quot;:10,&quot;sizes&quot;:[]},&quot;link_to&quot;:&quot;file&quot;,&quot;overlay_background&quot;:&quot;yes&quot;,&quot;content_hover_animation&quot;:&quot;fade-in&quot;}\" data-widget_type=\"gallery.default\">\n\t\t\t\t\t\t\t<div class=\"elementor-gallery__container\">\n\t\t\t\t\t\t\t<a class=\"e-gallery-item elementor-gallery-item elementor-animated-content\" href=\"https:\/\/steinex.gtechgroup.support\/wp-content\/uploads\/2025\/01\/sassi-da-muro-tranciati-2.webp\" data-elementor-open-lightbox=\"yes\" data-elementor-lightbox-slideshow=\"8eb059e\" data-e-action-hash=\"#elementor-action%3Aaction%3Dlightbox%26settings%3DeyJpZCI6NDIxLCJ1cmwiOiJodHRwczpcL1wvc3RlaW5leC5ndGVjaGdyb3VwLnN1cHBvcnRcL3dwLWNvbnRlbnRcL3VwbG9hZHNcLzIwMjVcLzAxXC9zYXNzaS1kYS1tdXJvLXRyYW5jaWF0aS0yLndlYnAiLCJzbGlkZXNob3ciOiI4ZWIwNTllIn0%3D\">\n\t\t\t\t\t<div class=\"e-gallery-image elementor-gallery-item__image\" data-thumbnail=\"https:\/\/steinex.gtechgroup.support\/wp-content\/uploads\/2025\/01\/sassi-da-muro-tranciati-2.webp\" data-width=\"600\" data-height=\"450\" aria-label=\"\" role=\"img\" ><\/div>\n\t\t\t\t\t\t\t\t\t\t\t<div class=\"elementor-gallery-item__overlay\"><\/div>\n\t\t\t\t\t\t\t\t\t\t\t\t\t\t<\/a>\n\t\t\t\t\t\t\t<a class=\"e-gallery-item elementor-gallery-item elementor-animated-content\" href=\"https:\/\/steinex.gtechgroup.support\/wp-content\/uploads\/2025\/01\/muro-cubetti-Pompei.webp\" data-elementor-open-lightbox=\"yes\" data-elementor-lightbox-slideshow=\"8eb059e\" data-e-action-hash=\"#elementor-action%3Aaction%3Dlightbox%26settings%3DeyJpZCI6NDIyLCJ1cmwiOiJodHRwczpcL1wvc3RlaW5leC5ndGVjaGdyb3VwLnN1cHBvcnRcL3dwLWNvbnRlbnRcL3VwbG9hZHNcLzIwMjVcLzAxXC9tdXJvLWN1YmV0dGktUG9tcGVpLndlYnAiLCJzbGlkZXNob3ciOiI4ZWIwNTllIn0%3D\">\n\t\t\t\t\t<div class=\"e-gallery-image elementor-gallery-item__image\" data-thumbnail=\"https:\/\/steinex.gtechgroup.support\/wp-content\/uploads\/2025\/01\/muro-cubetti-Pompei.webp\" data-width=\"640\" data-height=\"640\" aria-label=\"\" role=\"img\" ><\/div>\n\t\t\t\t\t\t\t\t\t\t\t<div class=\"elementor-gallery-item__overlay\"><\/div>\n\t\t\t\t\t\t\t\t\t\t\t\t\t\t<\/a>\n\t\t\t\t\t\t\t<a class=\"e-gallery-item elementor-gallery-item elementor-animated-content\" href=\"https:\/\/steinex.gtechgroup.support\/wp-content\/uploads\/2025\/01\/muro-porfido-e-granito-tranciato.png\" data-elementor-open-lightbox=\"yes\" data-elementor-lightbox-slideshow=\"8eb059e\" data-e-action-hash=\"#elementor-action%3Aaction%3Dlightbox%26settings%3DeyJpZCI6NDIzLCJ1cmwiOiJodHRwczpcL1wvc3RlaW5leC5ndGVjaGdyb3VwLnN1cHBvcnRcL3dwLWNvbnRlbnRcL3VwbG9hZHNcLzIwMjVcLzAxXC9tdXJvLXBvcmZpZG8tZS1ncmFuaXRvLXRyYW5jaWF0by5wbmciLCJzbGlkZXNob3ciOiI4ZWIwNTllIn0%3D\">\n\t\t\t\t\t<div class=\"e-gallery-image elementor-gallery-item__image\" data-thumbnail=\"https:\/\/steinex.gtechgroup.support\/wp-content\/uploads\/2025\/01\/muro-porfido-e-granito-tranciato.png\" data-width=\"2048\" data-height=\"1536\" aria-label=\"\" role=\"img\" ><\/div>\n\t\t\t\t\t\t\t\t\t\t\t<div class=\"elementor-gallery-item__overlay\"><\/div>\n\t\t\t\t\t\t\t\t\t\t\t\t\t\t<\/a>\n\t\t\t\t\t\t\t<a class=\"e-gallery-item elementor-gallery-item elementor-animated-content\" href=\"https:\/\/steinex.gtechgroup.support\/wp-content\/uploads\/2025\/01\/palizzate-granito-a-spacco-1.webp\" data-elementor-open-lightbox=\"yes\" data-elementor-lightbox-slideshow=\"8eb059e\" data-e-action-hash=\"#elementor-action%3Aaction%3Dlightbox%26settings%3DeyJpZCI6NDI0LCJ1cmwiOiJodHRwczpcL1wvc3RlaW5leC5ndGVjaGdyb3VwLnN1cHBvcnRcL3dwLWNvbnRlbnRcL3VwbG9hZHNcLzIwMjVcLzAxXC9wYWxpenphdGUtZ3Jhbml0by1hLXNwYWNjby0xLndlYnAiLCJzbGlkZXNob3ciOiI4ZWIwNTllIn0%3D\">\n\t\t\t\t\t<div class=\"e-gallery-image elementor-gallery-item__image\" data-thumbnail=\"https:\/\/steinex.gtechgroup.support\/wp-content\/uploads\/2025\/01\/palizzate-granito-a-spacco-1.webp\" data-width=\"800\" data-height=\"532\" aria-label=\"\" role=\"img\" ><\/div>\n\t\t\t\t\t\t\t\t\t\t\t<div class=\"elementor-gallery-item__overlay\"><\/div>\n\t\t\t\t\t\t\t\t\t\t\t\t\t\t<\/a>\n\t\t\t\t\t\t\t<a class=\"e-gallery-item elementor-gallery-item elementor-animated-content\" href=\"https:\/\/steinex.gtechgroup.support\/wp-content\/uploads\/2025\/01\/Sassi-da-muro.webp\" data-elementor-open-lightbox=\"yes\" data-elementor-lightbox-slideshow=\"8eb059e\" data-e-action-hash=\"#elementor-action%3Aaction%3Dlightbox%26settings%3DeyJpZCI6NDI1LCJ1cmwiOiJodHRwczpcL1wvc3RlaW5leC5ndGVjaGdyb3VwLnN1cHBvcnRcL3dwLWNvbnRlbnRcL3VwbG9hZHNcLzIwMjVcLzAxXC9TYXNzaS1kYS1tdXJvLndlYnAiLCJzbGlkZXNob3ciOiI4ZWIwNTllIn0%3D\">\n\t\t\t\t\t<div class=\"e-gallery-image elementor-gallery-item__image\" data-thumbnail=\"https:\/\/steinex.gtechgroup.support\/wp-content\/uploads\/2025\/01\/Sassi-da-muro.webp\" data-width=\"700\" data-height=\"510\" aria-label=\"\" role=\"img\" ><\/div>\n\t\t\t\t\t\t\t\t\t\t\t<div class=\"elementor-gallery-item__overlay\"><\/div>\n\t\t\t\t\t\t\t\t\t\t\t\t\t\t<\/a>\n\t\t\t\t\t\t\t<a class=\"e-gallery-item elementor-gallery-item elementor-animated-content\" href=\"https:\/\/steinex.gtechgroup.support\/wp-content\/uploads\/2025\/01\/Sassi-da-muro-1.webp\" data-elementor-open-lightbox=\"yes\" data-elementor-lightbox-slideshow=\"8eb059e\" data-e-action-hash=\"#elementor-action%3Aaction%3Dlightbox%26settings%3DeyJpZCI6NDI2LCJ1cmwiOiJodHRwczpcL1wvc3RlaW5leC5ndGVjaGdyb3VwLnN1cHBvcnRcL3dwLWNvbnRlbnRcL3VwbG9hZHNcLzIwMjVcLzAxXC9TYXNzaS1kYS1tdXJvLTEud2VicCIsInNsaWRlc2hvdyI6IjhlYjA1OWUifQ%3D%3D\">\n\t\t\t\t\t<div class=\"e-gallery-image elementor-gallery-item__image\" data-thumbnail=\"https:\/\/steinex.gtechgroup.support\/wp-content\/uploads\/2025\/01\/Sassi-da-muro-1.webp\" data-width=\"700\" data-height=\"510\" aria-label=\"\" role=\"img\" ><\/div>\n\t\t\t\t\t\t\t\t\t\t\t<div class=\"elementor-gallery-item__overlay\"><\/div>\n\t\t\t\t\t\t\t\t\t\t\t\t\t\t<\/a>\n\t\t\t\t\t\t\t<a class=\"e-gallery-item elementor-gallery-item elementor-animated-content\" href=\"https:\/\/steinex.gtechgroup.support\/wp-content\/uploads\/2025\/01\/Sassi-da-muro-Steinex.webp\" data-elementor-open-lightbox=\"yes\" data-elementor-lightbox-slideshow=\"8eb059e\" data-e-action-hash=\"#elementor-action%3Aaction%3Dlightbox%26settings%3DeyJpZCI6NDI3LCJ1cmwiOiJodHRwczpcL1wvc3RlaW5leC5ndGVjaGdyb3VwLnN1cHBvcnRcL3dwLWNvbnRlbnRcL3VwbG9hZHNcLzIwMjVcLzAxXC9TYXNzaS1kYS1tdXJvLVN0ZWluZXgud2VicCIsInNsaWRlc2hvdyI6IjhlYjA1OWUifQ%3D%3D\">\n\t\t\t\t\t<div class=\"e-gallery-image elementor-gallery-item__image\" data-thumbnail=\"https:\/\/steinex.gtechgroup.support\/wp-content\/uploads\/2025\/01\/Sassi-da-muro-Steinex.webp\" data-width=\"700\" data-height=\"510\" aria-label=\"\" role=\"img\" ><\/div>\n\t\t\t\t\t\t\t\t\t\t\t<div class=\"elementor-gallery-item__overlay\"><\/div>\n\t\t\t\t\t\t\t\t\t\t\t\t\t\t<\/a>\n\t\t\t\t\t\t\t<a class=\"e-gallery-item elementor-gallery-item elementor-animated-content\" href=\"https:\/\/steinex.gtechgroup.support\/wp-content\/uploads\/2025\/01\/Sassi-da-muro-Steinex-2.webp\" data-elementor-open-lightbox=\"yes\" data-elementor-lightbox-slideshow=\"8eb059e\" data-e-action-hash=\"#elementor-action%3Aaction%3Dlightbox%26settings%3DeyJpZCI6NDI4LCJ1cmwiOiJodHRwczpcL1wvc3RlaW5leC5ndGVjaGdyb3VwLnN1cHBvcnRcL3dwLWNvbnRlbnRcL3VwbG9hZHNcLzIwMjVcLzAxXC9TYXNzaS1kYS1tdXJvLVN0ZWluZXgtMi53ZWJwIiwic2xpZGVzaG93IjoiOGViMDU5ZSJ9\">\n\t\t\t\t\t<div class=\"e-gallery-image elementor-gallery-item__image\" data-thumbnail=\"https:\/\/steinex.gtechgroup.support\/wp-content\/uploads\/2025\/01\/Sassi-da-muro-Steinex-2.webp\" data-width=\"700\" data-height=\"510\" aria-label=\"\" role=\"img\" ><\/div>\n\t\t\t\t\t\t\t\t\t\t\t<div class=\"elementor-gallery-item__overlay\"><\/div>\n\t\t\t\t\t\t\t\t\t\t\t\t\t\t<\/a>\n\t\t\t\t\t\t\t<a class=\"e-gallery-item elementor-gallery-item elementor-animated-content\" href=\"https:\/\/steinex.gtechgroup.support\/wp-content\/uploads\/2025\/01\/sassi-da-muro-irregolari-tranciati-2.webp\" data-elementor-open-lightbox=\"yes\" data-elementor-lightbox-slideshow=\"8eb059e\" data-e-action-hash=\"#elementor-action%3Aaction%3Dlightbox%26settings%3DeyJpZCI6NDI5LCJ1cmwiOiJodHRwczpcL1wvc3RlaW5leC5ndGVjaGdyb3VwLnN1cHBvcnRcL3dwLWNvbnRlbnRcL3VwbG9hZHNcLzIwMjVcLzAxXC9zYXNzaS1kYS1tdXJvLWlycmVnb2xhcmktdHJhbmNpYXRpLTIud2VicCIsInNsaWRlc2hvdyI6IjhlYjA1OWUifQ%3D%3D\">\n\t\t\t\t\t<div class=\"e-gallery-image elementor-gallery-item__image\" data-thumbnail=\"https:\/\/steinex.gtechgroup.support\/wp-content\/uploads\/2025\/01\/sassi-da-muro-irregolari-tranciati-2.webp\" data-width=\"1600\" data-height=\"1200\" aria-label=\"\" role=\"img\" ><\/div>\n\t\t\t\t\t\t\t\t\t\t\t<div class=\"elementor-gallery-item__overlay\"><\/div>\n\t\t\t\t\t\t\t\t\t\t\t\t\t\t<\/a>\n\t\t\t\t\t<\/div>\n\t\t\t\t\t<\/div>\n\t\t\t\t\t<\/div>\n\t\t\t\t<\/div>\n\t\t\t\t<\/div>","protected":false},"excerpt":{"rendered":"<p>Sassi da muro Home Le pietre per le loro capacit\u00e0 di resistenza sono state ampiamente utilizzate nelle costruzioni da migliaia di anni. I\u00a0muri\u00a0venivano fatti con l\u2019impiego di pietre locali, tra cui calcare, granito, arenaria e quarzite sia per realizzare ogni tipo di\u00a0opera edile, dalla costruzione di edifici suntuosi\u00a0ed imponenti alla realizzazione di\u00a0muri di sostegno\u00a0nell\u2019ingegneria civile [&hellip;]<\/p>","protected":false},"author":1,"featured_media":0,"parent":0,"menu_order":0,"comment_status":"closed","ping_status":"closed","template":"","meta":{"_seopress_robots_primary_cat":"","_seopress_titles_title":"Sassi da muro: resistenza e stile per ogni costruzione","_seopress_titles_desc":"Scopri i migliori sassi da muro per costruzioni durevoli e di qualit\u00e0, ideali per murature, sostegni e progetti di edilizia moderna.","_seopress_robots_index":"","footnotes":""},"class_list":["post-413","page","type-page","status-publish","hentry"],"_links":{"self":[{"href":"https:\/\/steinex.gtechgroup.support\/fr\/wp-json\/wp\/v2\/pages\/413","targetHints":{"allow":["GET"]}}],"collection":[{"href":"https:\/\/steinex.gtechgroup.support\/fr\/wp-json\/wp\/v2\/pages"}],"about":[{"href":"https:\/\/steinex.gtechgroup.support\/fr\/wp-json\/wp\/v2\/types\/page"}],"author":[{"embeddable":true,"href":"https:\/\/steinex.gtechgroup.support\/fr\/wp-json\/wp\/v2\/users\/1"}],"replies":[{"embeddable":true,"href":"https:\/\/steinex.gtechgroup.support\/fr\/wp-json\/wp\/v2\/comments?post=413"}],"version-history":[{"count":15,"href":"https:\/\/steinex.gtechgroup.support\/fr\/wp-json\/wp\/v2\/pages\/413\/revisions"}],"predecessor-version":[{"id":14869,"href":"https:\/\/steinex.gtechgroup.support\/fr\/wp-json\/wp\/v2\/pages\/413\/revisions\/14869"}],"wp:attachment":[{"href":"https:\/\/steinex.gtechgroup.support\/fr\/wp-json\/wp\/v2\/media?parent=413"}],"curies":[{"name":"wp","href":"https:\/\/api.w.org\/{rel}","templated":true}]}}