{"id":106,"date":"2025-01-10T15:00:59","date_gmt":"2025-01-10T15:00:59","guid":{"rendered":"https:\/\/steinex.gtechgroup.support\/?page_id=106"},"modified":"2025-09-12T13:32:30","modified_gmt":"2025-09-12T13:32:30","slug":"ricerca-e-sviluppo","status":"publish","type":"page","link":"https:\/\/steinex.gtechgroup.support\/pt\/ricerca-e-sviluppo\/","title":{"rendered":"Investiga\u00e7\u00e3o e desenvolvimento"},"content":{"rendered":"<div data-elementor-type=\"wp-page\" data-elementor-id=\"106\" class=\"elementor elementor-106\" data-elementor-post-type=\"page\">\n\t\t\t\t<div class=\"elementor-element elementor-element-4c00e6c e-flex e-con-boxed e-con e-parent\" data-id=\"4c00e6c\" data-element_type=\"container\" data-e-type=\"container\" data-settings=\"{&quot;background_background&quot;:&quot;classic&quot;}\">\n\t\t\t\t\t<div class=\"e-con-inner\">\n\t\t<div class=\"elementor-element elementor-element-49a2e01 e-con-full e-flex e-con e-child\" data-id=\"49a2e01\" data-element_type=\"container\" data-e-type=\"container\" data-settings=\"{&quot;background_background&quot;:&quot;classic&quot;}\">\n\t\t\t\t<div class=\"elementor-element elementor-element-10ea1c2 elementor-widget elementor-widget-heading\" data-id=\"10ea1c2\" data-element_type=\"widget\" data-e-type=\"widget\" data-widget_type=\"heading.default\">\n\t\t\t\t\t<h2 class=\"elementor-heading-title elementor-size-default\">Investiga\u00e7\u00e3o e desenvolvimento<\/h2>\t\t\t\t<\/div>\n\t\t\t\t<div class=\"elementor-element elementor-element-5cff240 elementor-widget elementor-widget-hfe-breadcrumbs-widget\" data-id=\"5cff240\" data-element_type=\"widget\" data-e-type=\"widget\" data-widget_type=\"hfe-breadcrumbs-widget.default\">\n\t\t\t\t<div class=\"elementor-widget-container\">\n\t\t\t\t\t<nav aria-label=\"P\u00e3o ralado\"><ul class=\"hfe-breadcrumbs hfe-breadcrumbs-show-home\"><li class=\"hfe-breadcrumbs-item hfe-breadcrumbs-first\"><span class=\"hfe-breadcrumbs-home-icon\"><\/span><a href=\"https:\/\/steinex.gtechgroup.support\/pt\"><span class=\"hfe-breadcrumbs-text\">In\u00edcio<\/span><\/a><\/li><\/ul><\/nav>\t\t\t\t<\/div>\n\t\t\t\t<\/div>\n\t\t\t\t<\/div>\n\t\t\t\t\t<\/div>\n\t\t\t\t<\/div>\n\t\t<div class=\"elementor-element elementor-element-4367e12 e-flex e-con-boxed e-con e-parent\" data-id=\"4367e12\" data-element_type=\"container\" data-e-type=\"container\">\n\t\t\t\t\t<div class=\"e-con-inner\">\n\t\t\t\t<div class=\"elementor-element elementor-element-e3fa479 elementor-widget elementor-widget-heading\" data-id=\"e3fa479\" data-element_type=\"widget\" data-e-type=\"widget\" data-widget_type=\"heading.default\">\n\t\t\t\t\t<h2 class=\"elementor-heading-title elementor-size-default\">A QUALIDADE EM PRIMEIRO LUGAR\n<\/h2>\t\t\t\t<\/div>\n\t\t\t\t<div class=\"elementor-element elementor-element-32345bc elementor-widget elementor-widget-text-editor\" data-id=\"32345bc\" data-element_type=\"widget\" data-e-type=\"widget\" data-widget_type=\"text-editor.default\">\n\t\t\t\t\t\t\t\t\t<p data-start=\"83\" data-end=\"396\"><strong data-start=\"83\" data-end=\"98\">Steinex Srl<\/strong> sempre foi <strong data-start=\"111\" data-end=\"139\">com tend\u00eancia para a inova\u00e7\u00e3o<\/strong> com o objetivo de oferecer aos clientes <strong data-start=\"183\" data-end=\"212\">solu\u00e7\u00f5es de vanguarda<\/strong>.<br data-start=\"213\" data-end=\"216\" \/>La <strong data-start=\"219\" data-end=\"251\">atividade de investiga\u00e7\u00e3o cont\u00ednua<\/strong> permitiu a ado\u00e7\u00e3o de <strong data-start=\"278\" data-end=\"301\">tecnologias avan\u00e7adas<\/strong> e a aquisi\u00e7\u00e3o de <strong data-start=\"322\" data-end=\"343\">compet\u00eancias \u00fanicas<\/strong>que s\u00e3o disponibilizados aos clientes.<\/p><p data-start=\"398\" data-end=\"543\">L'<strong data-start=\"400\" data-end=\"425\">\u00e1rea de conce\u00e7\u00e3o<\/strong> est\u00e1 constantemente empenhado em <strong data-start=\"458\" data-end=\"492\">desenvolvimento de modelos existentes<\/strong> bem como no<strong data-start=\"508\" data-end=\"540\">conceber novas solu\u00e7\u00f5es<\/strong>.<\/p><p data-start=\"545\" data-end=\"709\"><strong data-start=\"545\" data-end=\"560\">Steinex Srl<\/strong> est\u00e1 atento a <strong data-start=\"576\" data-end=\"611\">requisitos espec\u00edficos do cliente<\/strong>oferecendo a sua experi\u00eancia a <strong data-start=\"648\" data-end=\"706\">testar todos os tipos de materiais naturais e artificiais<\/strong>.<\/p>\t\t\t\t\t\t\t\t<\/div>\n\t\t\t\t\t<\/div>\n\t\t\t\t<\/div>\n\t\t<div class=\"elementor-element elementor-element-7c80fb0 e-flex e-con-boxed e-con e-parent\" data-id=\"7c80fb0\" data-element_type=\"container\" data-e-type=\"container\">\n\t\t\t\t\t<div class=\"e-con-inner\">\n\t\t\t\t<div class=\"elementor-element elementor-element-3757c82 ekit-equal-height-enable elementor-widget elementor-widget-elementskit-image-box\" data-id=\"3757c82\" data-element_type=\"widget\" data-e-type=\"widget\" data-widget_type=\"elementskit-image-box.default\">\n\t\t\t\t\t<div class=\"ekit-wid-con\" >\n            <div class=\"elementskit-info-image-box ekit-image-box text-left simple-card\" >\n\n                \n                <div class=\"elementskit-box-header image-box-img-left\">\n\n                    <img alt=\"\" fetchpriority=\"high\" decoding=\"async\" width=\"900\" height=\"675\" src=\"https:\/\/steinex.gtechgroup.support\/wp-content\/uploads\/2025\/01\/ufficio-tecnico-1.jpeg\" class=\"attachment-full size-full wp-image-121\" srcset=\"https:\/\/steinex.gtechgroup.support\/wp-content\/uploads\/2025\/01\/ufficio-tecnico-1.jpeg 900w, https:\/\/steinex.gtechgroup.support\/wp-content\/uploads\/2025\/01\/ufficio-tecnico-1-300x225.jpeg 300w, https:\/\/steinex.gtechgroup.support\/wp-content\/uploads\/2025\/01\/ufficio-tecnico-1-768x576.jpeg 768w, https:\/\/steinex.gtechgroup.support\/wp-content\/uploads\/2025\/01\/ufficio-tecnico-1-600x450.jpeg 600w\" sizes=\"(max-width: 900px) 100vw, 900px\" \/>\n                <\/div>\n                \n                <div class=\"elementskit-box-body ekit-image-box-body\">\n                    <div class=\"elementskit-box-content ekit-image-box-body-inner\">\n                                                <h3 class=\"elementskit-info-box-title\">\n\n                        Conce\u00e7\u00e3o\n                        \n                    <\/h3>\n                                                        <\/div>\n\n                            <\/div>\n            <\/div>\n    <\/div>\t\t\t\t<\/div>\n\t\t\t\t<div class=\"elementor-element elementor-element-def78b3 ekit-equal-height-enable elementor-widget elementor-widget-elementskit-image-box\" data-id=\"def78b3\" data-element_type=\"widget\" data-e-type=\"widget\" data-widget_type=\"elementskit-image-box.default\">\n\t\t\t\t\t<div class=\"ekit-wid-con\" >\n            <div class=\"elementskit-info-image-box ekit-image-box text-left simple-card\" >\n\n                \n                <div class=\"elementskit-box-header image-box-img-left\">\n\n                    <img alt=\"\" decoding=\"async\" width=\"900\" height=\"675\" src=\"https:\/\/steinex.gtechgroup.support\/wp-content\/uploads\/2025\/01\/CARPENTERIA.jpeg\" class=\"attachment-full size-full wp-image-120\" srcset=\"https:\/\/steinex.gtechgroup.support\/wp-content\/uploads\/2025\/01\/CARPENTERIA.jpeg 900w, https:\/\/steinex.gtechgroup.support\/wp-content\/uploads\/2025\/01\/CARPENTERIA-300x225.jpeg 300w, https:\/\/steinex.gtechgroup.support\/wp-content\/uploads\/2025\/01\/CARPENTERIA-768x576.jpeg 768w, https:\/\/steinex.gtechgroup.support\/wp-content\/uploads\/2025\/01\/CARPENTERIA-600x450.jpeg 600w\" sizes=\"(max-width: 900px) 100vw, 900px\" \/>\n                <\/div>\n                \n                <div class=\"elementskit-box-body ekit-image-box-body\">\n                    <div class=\"elementskit-box-content ekit-image-box-body-inner\">\n                                                <h3 class=\"elementskit-info-box-title\">\n\n                        Carpintaria\n                        \n                    <\/h3>\n                                                        <\/div>\n\n                            <\/div>\n            <\/div>\n    <\/div>\t\t\t\t<\/div>\n\t\t\t\t<div class=\"elementor-element elementor-element-c5bf899 ekit-equal-height-enable elementor-widget elementor-widget-elementskit-image-box\" data-id=\"c5bf899\" data-element_type=\"widget\" data-e-type=\"widget\" data-widget_type=\"elementskit-image-box.default\">\n\t\t\t\t\t<div class=\"ekit-wid-con\" >\n            <div class=\"elementskit-info-image-box ekit-image-box text-left simple-card\" >\n\n                \n                <div class=\"elementskit-box-header image-box-img-left\">\n\n                    <img alt=\"\" decoding=\"async\" width=\"900\" height=\"675\" src=\"https:\/\/steinex.gtechgroup.support\/wp-content\/uploads\/2025\/01\/centri-lavoro-cnc.jpeg\" class=\"attachment-full size-full wp-image-119\" srcset=\"https:\/\/steinex.gtechgroup.support\/wp-content\/uploads\/2025\/01\/centri-lavoro-cnc.jpeg 900w, https:\/\/steinex.gtechgroup.support\/wp-content\/uploads\/2025\/01\/centri-lavoro-cnc-300x225.jpeg 300w, https:\/\/steinex.gtechgroup.support\/wp-content\/uploads\/2025\/01\/centri-lavoro-cnc-768x576.jpeg 768w, https:\/\/steinex.gtechgroup.support\/wp-content\/uploads\/2025\/01\/centri-lavoro-cnc-600x450.jpeg 600w\" sizes=\"(max-width: 900px) 100vw, 900px\" \/>\n                <\/div>\n                \n                <div class=\"elementskit-box-body ekit-image-box-body\">\n                    <div class=\"elementskit-box-content ekit-image-box-body-inner\">\n                                                <h3 class=\"elementskit-info-box-title\">\n\n                        Centros de maquina\u00e7\u00e3o CNC\n                        \n                    <\/h3>\n                                                        <\/div>\n\n                            <\/div>\n            <\/div>\n    <\/div>\t\t\t\t<\/div>\n\t\t\t\t<div class=\"elementor-element elementor-element-aeb4d61 ekit-equal-height-enable elementor-widget elementor-widget-elementskit-image-box\" data-id=\"aeb4d61\" data-element_type=\"widget\" data-e-type=\"widget\" data-widget_type=\"elementskit-image-box.default\">\n\t\t\t\t\t<div class=\"ekit-wid-con\" >\n            <div class=\"elementskit-info-image-box ekit-image-box text-left simple-card\" >\n\n                \n                <div class=\"elementskit-box-header image-box-img-left\">\n\n                    <img alt=\"\" loading=\"lazy\" decoding=\"async\" width=\"900\" height=\"675\" src=\"https:\/\/steinex.gtechgroup.support\/wp-content\/uploads\/2025\/01\/montaggio-linea-automatica.jpg\" class=\"attachment-full size-full wp-image-118\" srcset=\"https:\/\/steinex.gtechgroup.support\/wp-content\/uploads\/2025\/01\/montaggio-linea-automatica.jpg 900w, https:\/\/steinex.gtechgroup.support\/wp-content\/uploads\/2025\/01\/montaggio-linea-automatica-300x225.jpg 300w, https:\/\/steinex.gtechgroup.support\/wp-content\/uploads\/2025\/01\/montaggio-linea-automatica-768x576.jpg 768w, https:\/\/steinex.gtechgroup.support\/wp-content\/uploads\/2025\/01\/montaggio-linea-automatica-600x450.jpg 600w\" sizes=\"(max-width: 900px) 100vw, 900px\" \/>\n                <\/div>\n                \n                <div class=\"elementskit-box-body ekit-image-box-body\">\n                    <div class=\"elementskit-box-content ekit-image-box-body-inner\">\n                                                <h3 class=\"elementskit-info-box-title\">\n\n                        Robustez\n                        \n                    <\/h3>\n                                                        <\/div>\n\n                            <\/div>\n            <\/div>\n    <\/div>\t\t\t\t<\/div>\n\t\t\t\t\t<\/div>\n\t\t\t\t<\/div>\n\t\t\t\t<\/div>","protected":false},"excerpt":{"rendered":"<p>Ricerca e sviluppo Home QUALIT\u00c0 PRIMA DI TUTTO Steinex Srl \u00e8 da sempre propensa all\u2019innovazione con l\u2019obbiettivo di offrire alla clientela soluzioni all\u2019avanguardia.La continua attivit\u00e0 di ricerca ha permesso l\u2019adozione di tecnologie avanzate e l\u2019acquisizione di competenze uniche, che vengono messe a disposizione della clientela. L\u2019area di progettazione \u00e8 costantemente impegnata nello sviluppo dei modelli [&hellip;]<\/p>","protected":false},"author":1,"featured_media":0,"parent":0,"menu_order":0,"comment_status":"closed","ping_status":"closed","template":"","meta":{"_seopress_robots_primary_cat":"","_seopress_titles_title":"Innovazione e Qualit\u00e0 nella Progettazione CNC","_seopress_titles_desc":"Scopri l\u2019eccellenza Steinex Srl: ricerca, sviluppo e soluzioni innovative su misura con tecnologie avanzate e lavorazioni CNC.","_seopress_robots_index":"","footnotes":""},"class_list":["post-106","page","type-page","status-publish","hentry"],"_links":{"self":[{"href":"https:\/\/steinex.gtechgroup.support\/pt\/wp-json\/wp\/v2\/pages\/106","targetHints":{"allow":["GET"]}}],"collection":[{"href":"https:\/\/steinex.gtechgroup.support\/pt\/wp-json\/wp\/v2\/pages"}],"about":[{"href":"https:\/\/steinex.gtechgroup.support\/pt\/wp-json\/wp\/v2\/types\/page"}],"author":[{"embeddable":true,"href":"https:\/\/steinex.gtechgroup.support\/pt\/wp-json\/wp\/v2\/users\/1"}],"replies":[{"embeddable":true,"href":"https:\/\/steinex.gtechgroup.support\/pt\/wp-json\/wp\/v2\/comments?post=106"}],"version-history":[{"count":15,"href":"https:\/\/steinex.gtechgroup.support\/pt\/wp-json\/wp\/v2\/pages\/106\/revisions"}],"predecessor-version":[{"id":14684,"href":"https:\/\/steinex.gtechgroup.support\/pt\/wp-json\/wp\/v2\/pages\/106\/revisions\/14684"}],"wp:attachment":[{"href":"https:\/\/steinex.gtechgroup.support\/pt\/wp-json\/wp\/v2\/media?parent=106"}],"curies":[{"name":"wp","href":"https:\/\/api.w.org\/{rel}","templated":true}]}}