{"id":14099,"date":"2025-02-04T17:12:16","date_gmt":"2025-02-04T17:12:16","guid":{"rendered":"https:\/\/steinex.gtechgroup.support\/?page_id=14099"},"modified":"2025-09-19T15:36:03","modified_gmt":"2025-09-19T15:36:03","slug":"macchine-per-finiture-speciali","status":"publish","type":"page","link":"https:\/\/steinex.gtechgroup.support\/pt\/macchine-per-finiture-speciali\/","title":{"rendered":"M\u00e1quinas especiais de acabamento"},"content":{"rendered":"<div data-elementor-type=\"wp-page\" data-elementor-id=\"14099\" class=\"elementor elementor-14099\" data-elementor-post-type=\"page\">\n\t\t\t\t<div class=\"elementor-element elementor-element-40a2dc0 e-flex e-con-boxed e-con e-parent\" data-id=\"40a2dc0\" data-element_type=\"container\" data-e-type=\"container\" data-settings=\"{&quot;background_background&quot;:&quot;classic&quot;}\">\n\t\t\t\t\t<div class=\"e-con-inner\">\n\t\t<div class=\"elementor-element elementor-element-dea4441 e-con-full e-flex e-con e-child\" data-id=\"dea4441\" data-element_type=\"container\" data-e-type=\"container\" data-settings=\"{&quot;background_background&quot;:&quot;classic&quot;}\">\n\t\t\t\t<div class=\"elementor-element elementor-element-273fb57 elementor-widget elementor-widget-heading\" data-id=\"273fb57\" data-element_type=\"widget\" data-e-type=\"widget\" data-widget_type=\"heading.default\">\n\t\t\t\t\t<h2 class=\"elementor-heading-title elementor-size-default\">M\u00e1quinas especiais de acabamento<\/h2>\t\t\t\t<\/div>\n\t\t\t\t<div class=\"elementor-element elementor-element-c45b627 elementor-widget elementor-widget-hfe-breadcrumbs-widget\" data-id=\"c45b627\" data-element_type=\"widget\" data-e-type=\"widget\" data-widget_type=\"hfe-breadcrumbs-widget.default\">\n\t\t\t\t<div class=\"elementor-widget-container\">\n\t\t\t\t\t<nav aria-label=\"P\u00e3o ralado\"><ul class=\"hfe-breadcrumbs hfe-breadcrumbs-show-home\"><li class=\"hfe-breadcrumbs-item hfe-breadcrumbs-first\"><span class=\"hfe-breadcrumbs-home-icon\"><\/span><a href=\"https:\/\/steinex.gtechgroup.support\/pt\"><span class=\"hfe-breadcrumbs-text\">In\u00edcio<\/span><\/a><\/li><\/ul><\/nav>\t\t\t\t<\/div>\n\t\t\t\t<\/div>\n\t\t\t\t<\/div>\n\t\t\t\t\t<\/div>\n\t\t\t\t<\/div>\n\t\t<div class=\"elementor-element elementor-element-3f3577d e-flex e-con-boxed e-con e-parent\" data-id=\"3f3577d\" data-element_type=\"container\" data-e-type=\"container\">\n\t\t\t\t\t<div class=\"e-con-inner\">\n\t\t<div class=\"elementor-element elementor-element-24bddc1 e-con-full e-flex e-con e-child\" data-id=\"24bddc1\" data-element_type=\"container\" data-e-type=\"container\">\n\t\t\t\t<div class=\"elementor-element elementor-element-5269534 elementor-widget elementor-widget-heading\" data-id=\"5269534\" data-element_type=\"widget\" data-e-type=\"widget\" data-widget_type=\"heading.default\">\n\t\t\t\t\t<h2 class=\"elementor-heading-title elementor-size-default\">M\u00c1QUINAS DE GRAVA\u00c7\u00c3O E DE RASPAGEM<\/h2>\t\t\t\t<\/div>\n\t\t\t\t<div class=\"elementor-element elementor-element-a6939d7 elementor-widget elementor-widget-text-editor\" data-id=\"a6939d7\" data-element_type=\"widget\" data-e-type=\"widget\" data-widget_type=\"text-editor.default\">\n\t\t\t\t\t\t\t\t\t<p><strong>De chapas serradas<\/strong>&nbsp;obt\u00e9m-se uma quantidade significativa de res\u00edduos que, na maioria dos casos, s\u00e3o depositados em aterro. A Steinex produz&nbsp;<strong>tr\u00eas modelos de m\u00e1quinas de grava\u00e7\u00e3o em relevo<\/strong>&nbsp;que permitem&nbsp;<strong>utilizar estes recortes\/res\u00edduos<\/strong>&nbsp;com os consequentes benef\u00edcios econ\u00f3micos e ambientais. I&nbsp;<strong>ripas e fendas<\/strong>&nbsp;obtidos com estes modelos t\u00eam um acabamento rugoso muito agrad\u00e1vel do ponto de vista est\u00e9tico.<\/p>\n<p>La&nbsp;<strong>Homem<\/strong>&nbsp;em&nbsp;<strong>funcionamento totalmente manual<\/strong>&nbsp;ideal para clientes sem requisitos especiais de produ\u00e7\u00e3o, a&nbsp;<strong>M\u00e1quina de esfaquear S-A<\/strong>&nbsp;em vez de&nbsp;<strong>conduzir<\/strong>&nbsp;<strong>autom\u00e1tico<\/strong>&nbsp;adequado para clientes mais exigentes. Ambos os modelos permitem que pe\u00e7as at\u00e9 180 mm de largura sejam gravadas ou recortadas. Para completar a gama, a Steinex desenvolveu a&nbsp;<strong>M\u00e1quina de esfaqueamento autom\u00e1tica<\/strong>A Steinex \u00e9 um modelo de m\u00e1quina de grava\u00e7\u00e3o\/texturiza\u00e7\u00e3o para o processamento de pe\u00e7as de 60 a 300 mm de largura e at\u00e9 100 mm de espessura.  A tecnologia adoptada pela Steinex neste modelo garante uma<strong>elevada qualidade do produto<\/strong>&nbsp;bem como o das m\u00e3os h\u00e1beis de excelentes pedreiros.<\/p>\t\t\t\t\t\t\t\t<\/div>\n\t\t\t\t<div class=\"elementor-element elementor-element-b8a4af3 elementor-widget elementor-widget-text-editor\" data-id=\"b8a4af3\" data-element_type=\"widget\" data-e-type=\"widget\" data-widget_type=\"text-editor.default\">\n\t\t\t\t\t\t\t\t\t<table><tbody><tr><td><strong>Homem<\/strong><\/td><td>60-180 mm<\/td><td>silhares e ripas rusticados<\/td><\/tr><tr><td><strong>M\u00e1quina de esfaquear S-A<\/strong><br \/>m\u00e1quina de descascar semi-autom\u00e1tica<\/td><td>60-180 mm<\/td><td>silhares e ripas rusticados<\/td><\/tr><tr><td><strong>M\u00e1quina de esfaqueamento autom\u00e1tica<\/strong><br \/>m\u00e1quina de descascar autom\u00e1tica<\/td><td>60-300 mm<\/td><td>lajes, silhares, ripas, r\u00fasticas ou decapeadas<\/td><\/tr><\/tbody><\/table>\t\t\t\t\t\t\t\t<\/div>\n\t\t\t\t<\/div>\n\t\t<div class=\"elementor-element elementor-element-6e4b05d e-con-full e-flex e-con e-child\" data-id=\"6e4b05d\" data-element_type=\"container\" data-e-type=\"container\">\n\t\t\t\t<div class=\"elementor-element elementor-element-271917d elementor-widget-mobile__width-initial elementor-widget elementor-widget-image\" data-id=\"271917d\" data-element_type=\"widget\" data-e-type=\"widget\" data-widget_type=\"image.default\">\n\t\t\t\t\t\t\t\t\t\t\t\t\t\t\t<img alt=\"\" fetchpriority=\"high\" decoding=\"async\" width=\"400\" height=\"284\" src=\"https:\/\/steinex.gtechgroup.support\/wp-content\/uploads\/2025\/02\/Bugnatrice-S-A-lato-400x284.jpg.webp\" class=\"attachment-full size-full wp-image-14107\" srcset=\"https:\/\/steinex.gtechgroup.support\/wp-content\/uploads\/2025\/02\/Bugnatrice-S-A-lato-400x284.jpg.webp 400w, https:\/\/steinex.gtechgroup.support\/wp-content\/uploads\/2025\/02\/Bugnatrice-S-A-lato-400x284.jpg-300x213.webp 300w, https:\/\/steinex.gtechgroup.support\/wp-content\/uploads\/2025\/02\/Bugnatrice-S-A-lato-400x284.jpg-18x12.webp 18w\" sizes=\"(max-width: 400px) 100vw, 400px\" \/>\t\t\t\t\t\t\t\t\t\t\t\t\t\t\t<\/div>\n\t\t\t\t<div class=\"elementor-element elementor-element-162e817 elementor-widget-mobile__width-initial elementor-widget elementor-widget-image\" data-id=\"162e817\" data-element_type=\"widget\" data-e-type=\"widget\" data-widget_type=\"image.default\">\n\t\t\t\t\t\t\t\t\t\t\t\t\t\t\t<img alt=\"\" decoding=\"async\" width=\"400\" height=\"284\" src=\"https:\/\/steinex.gtechgroup.support\/wp-content\/uploads\/2025\/02\/BUGNATRICE_steinex-400x284.jpg.webp\" class=\"attachment-full size-full wp-image-14108\" srcset=\"https:\/\/steinex.gtechgroup.support\/wp-content\/uploads\/2025\/02\/BUGNATRICE_steinex-400x284.jpg.webp 400w, https:\/\/steinex.gtechgroup.support\/wp-content\/uploads\/2025\/02\/BUGNATRICE_steinex-400x284.jpg-300x213.webp 300w, https:\/\/steinex.gtechgroup.support\/wp-content\/uploads\/2025\/02\/BUGNATRICE_steinex-400x284.jpg-18x12.webp 18w\" sizes=\"(max-width: 400px) 100vw, 400px\" \/>\t\t\t\t\t\t\t\t\t\t\t\t\t\t\t<\/div>\n\t\t\t\t<div class=\"elementor-element elementor-element-f28f431 elementor-widget elementor-widget-image\" data-id=\"f28f431\" data-element_type=\"widget\" data-e-type=\"widget\" data-widget_type=\"image.default\">\n\t\t\t\t\t\t\t\t\t\t\t\t\t\t\t<img alt=\"\" decoding=\"async\" width=\"400\" height=\"284\" src=\"https:\/\/steinex.gtechgroup.support\/wp-content\/uploads\/2025\/02\/rivestimento-spaccatello-400x284.jpg.webp\" class=\"attachment-full size-full wp-image-14109\" srcset=\"https:\/\/steinex.gtechgroup.support\/wp-content\/uploads\/2025\/02\/rivestimento-spaccatello-400x284.jpg.webp 400w, https:\/\/steinex.gtechgroup.support\/wp-content\/uploads\/2025\/02\/rivestimento-spaccatello-400x284.jpg-300x213.webp 300w, https:\/\/steinex.gtechgroup.support\/wp-content\/uploads\/2025\/02\/rivestimento-spaccatello-400x284.jpg-18x12.webp 18w\" sizes=\"(max-width: 400px) 100vw, 400px\" \/>\t\t\t\t\t\t\t\t\t\t\t\t\t\t\t<\/div>\n\t\t\t\t<\/div>\n\t\t\t\t\t<\/div>\n\t\t\t\t<\/div>\n\t\t<div class=\"elementor-element elementor-element-fb3e0b1 e-flex e-con-boxed e-con e-parent\" data-id=\"fb3e0b1\" data-element_type=\"container\" data-e-type=\"container\">\n\t\t\t\t\t<div class=\"e-con-inner\">\n\t\t<div class=\"elementor-element elementor-element-a669a63 e-con-full e-flex e-con e-child\" data-id=\"a669a63\" data-element_type=\"container\" data-e-type=\"container\">\n\t\t\t\t<div class=\"elementor-element elementor-element-58e7a80 elementor-widget elementor-widget-heading\" data-id=\"58e7a80\" data-element_type=\"widget\" data-e-type=\"widget\" data-widget_type=\"heading.default\">\n\t\t\t\t\t<h2 class=\"elementor-heading-title elementor-size-default\">IGLOO 200V - M\u00c1QUINA SEMI-AUTOM\u00c1TICA<\/h2>\t\t\t\t<\/div>\n\t\t\t\t<div class=\"elementor-element elementor-element-d72e7a5 elementor-widget elementor-widget-text-editor\" data-id=\"d72e7a5\" data-element_type=\"widget\" data-e-type=\"widget\" data-widget_type=\"text-editor.default\">\n\t\t\t\t\t\t\t\t\t<div class=\"et_pb_column et_pb_column_2_3 et_pb_column_3  et_pb_css_mix_blend_mode_passthrough\"><div class=\"et_pb_module et_pb_text et_pb_text_4 et_pb_text_align_left et_pb_bg_layout_light et_had_animation\"><div class=\"et_pb_text_inner\"><p>O modelo\u00a0<strong>O Igloo 200V \u00e9 uma m\u00e1quina semi-autom\u00e1tica<\/strong>\u00a0que, gra\u00e7as \u00e0 alimenta\u00e7\u00e3o atrav\u00e9s de duas rampas diferentes, permite tanto a\u00a0<strong>produ\u00e7\u00e3o de ripas<\/strong>\u00a0ou de<strong>\u00a0splaccatelli<\/strong>\u00a0do que a de\u00a0<strong>cubos.<\/strong> A alimenta\u00e7\u00e3o atrav\u00e9s da rampa 1 permite a divis\u00e3o semi-autom\u00e1tica de pe\u00e7as muito compridas at\u00e9 200 mm de largura e at\u00e9 100 mm de espessura para a produ\u00e7\u00e3o de ripas e de pe\u00e7as com dois lados compridos divididos, bem como de cubos. A alimenta\u00e7\u00e3o atrav\u00e9s da rampa 2 permite a divis\u00e3o em duas partes de pe\u00e7as serradas de 6 lados at\u00e9 100 mm de comprimento e at\u00e9 40 mm de altura. Isto resulta em ripas ou pequenas tiras finas de tamanho fixo com 5 lados serrados e o lado vis\u00edvel dividido, que podem ser coladas no lugar.<\/p><\/div><\/div><\/div>\t\t\t\t\t\t\t\t<\/div>\n\t\t\t\t<\/div>\n\t\t<div class=\"elementor-element elementor-element-7cc67c5 e-con-full e-flex e-con e-child\" data-id=\"7cc67c5\" data-element_type=\"container\" data-e-type=\"container\">\n\t\t\t\t<div class=\"elementor-element elementor-element-fd05f60 elementor-widget elementor-widget-image\" data-id=\"fd05f60\" data-element_type=\"widget\" data-e-type=\"widget\" data-widget_type=\"image.default\">\n\t\t\t\t\t\t\t\t\t\t\t\t\t\t\t<img alt=\"\" loading=\"lazy\" decoding=\"async\" width=\"400\" height=\"284\" src=\"https:\/\/steinex.gtechgroup.support\/wp-content\/uploads\/2025\/02\/Igloo-200V-400x284.jpg.webp\" class=\"attachment-full size-full wp-image-14110\" srcset=\"https:\/\/steinex.gtechgroup.support\/wp-content\/uploads\/2025\/02\/Igloo-200V-400x284.jpg.webp 400w, https:\/\/steinex.gtechgroup.support\/wp-content\/uploads\/2025\/02\/Igloo-200V-400x284.jpg-300x213.webp 300w, https:\/\/steinex.gtechgroup.support\/wp-content\/uploads\/2025\/02\/Igloo-200V-400x284.jpg-18x12.webp 18w\" sizes=\"(max-width: 400px) 100vw, 400px\" \/>\t\t\t\t\t\t\t\t\t\t\t\t\t\t\t<\/div>\n\t\t\t\t<\/div>\n\t\t\t\t\t<\/div>\n\t\t\t\t<\/div>\n\t\t<div class=\"elementor-element elementor-element-79fd352 e-flex e-con-boxed e-con e-parent\" data-id=\"79fd352\" data-element_type=\"container\" data-e-type=\"container\">\n\t\t\t\t\t<div class=\"e-con-inner\">\n\t\t<div class=\"elementor-element elementor-element-96abec6 e-con-full e-flex e-con e-child\" data-id=\"96abec6\" data-element_type=\"container\" data-e-type=\"container\">\n\t\t\t\t<div class=\"elementor-element elementor-element-18c20fe elementor-widget elementor-widget-heading\" data-id=\"18c20fe\" data-element_type=\"widget\" data-e-type=\"widget\" data-widget_type=\"heading.default\">\n\t\t\t\t\t<h2 class=\"elementor-heading-title elementor-size-default\">IGLOO 400 E BROADWAY 1280 DECOSTER<\/h2>\t\t\t\t<\/div>\n\t\t\t\t<div class=\"elementor-element elementor-element-3cdb4d6 elementor-widget elementor-widget-text-editor\" data-id=\"3cdb4d6\" data-element_type=\"widget\" data-e-type=\"widget\" data-widget_type=\"text-editor.default\">\n\t\t\t\t\t\t\t\t\t<p>Para o\u00a0<strong>acabamento especial<\/strong>\u00a0de\u00a0<strong>nervuras at\u00e9 45\u00b0<\/strong>\u00a0A Steinex produz o\u00a0<strong>modelos Igloo 400 e Broadway 1280 Decoster.<\/strong>\u00a0Tradicionalmente, o Lose ou Piode s\u00e3o\u00a0<strong>placas de pedra utilizadas como telhas<\/strong>\u00a0ou como\u00a0<strong>lajes de revestimento<\/strong>\u00a0e t\u00eam a particularidade de ter as nervuras desfasadas de 30 a 45\u00b0.  Este tipo de acabamento \u00e9 efectuado como uma escolha est\u00e9tica e, sobretudo, t\u00e9cnica para a\u00a0<strong>escoamento de \u00e1guas pluviais<\/strong>\u00a0no caso de coberturas ou como acabamento de cantos no caso de\u00a0<strong>revestimentos de parede.<\/strong><\/p><p><span style=\"background-color: var( --e-global-color-secondary ); font-family: var( --e-global-typography-text-font-family ), Sans-serif; font-weight: var( --e-global-typography-text-font-weight );\">O modelo Igloo 400 permite a divis\u00e3o fora de esquadro de 30 a 45\u00b0 em lajes at\u00e9 400 mm de largura, enquanto o modelo Broadway 1280 permite a divis\u00e3o fora de esquadro em lajes at\u00e9 1300 mm de largura. A espessura em ambos os casos ser\u00e1 a partir de 20 mm.<\/span><\/p>\t\t\t\t\t\t\t\t<\/div>\n\t\t\t\t<\/div>\n\t\t<div class=\"elementor-element elementor-element-f67113a e-con-full e-flex e-con e-child\" data-id=\"f67113a\" data-element_type=\"container\" data-e-type=\"container\">\n\t\t\t\t<div class=\"elementor-element elementor-element-7804996 elementor-widget-mobile__width-initial elementor-widget elementor-widget-image\" data-id=\"7804996\" data-element_type=\"widget\" data-e-type=\"widget\" data-widget_type=\"image.default\">\n\t\t\t\t\t\t\t\t\t\t\t\t\t\t\t<img alt=\"\" loading=\"lazy\" decoding=\"async\" width=\"400\" height=\"284\" src=\"https:\/\/steinex.gtechgroup.support\/wp-content\/uploads\/2025\/02\/BUGNATRICE-400x284.jpg.webp\" class=\"attachment-full size-full wp-image-14112\" srcset=\"https:\/\/steinex.gtechgroup.support\/wp-content\/uploads\/2025\/02\/BUGNATRICE-400x284.jpg.webp 400w, https:\/\/steinex.gtechgroup.support\/wp-content\/uploads\/2025\/02\/BUGNATRICE-400x284.jpg-300x213.webp 300w, https:\/\/steinex.gtechgroup.support\/wp-content\/uploads\/2025\/02\/BUGNATRICE-400x284.jpg-18x12.webp 18w\" sizes=\"(max-width: 400px) 100vw, 400px\" \/>\t\t\t\t\t\t\t\t\t\t\t\t\t\t\t<\/div>\n\t\t\t\t<div class=\"elementor-element elementor-element-7ff9bb6 elementor-widget-mobile__width-initial elementor-widget elementor-widget-image\" data-id=\"7ff9bb6\" data-element_type=\"widget\" data-e-type=\"widget\" data-widget_type=\"image.default\">\n\t\t\t\t\t\t\t\t\t\t\t\t\t\t\t<img alt=\"\" loading=\"lazy\" decoding=\"async\" width=\"400\" height=\"284\" src=\"https:\/\/steinex.gtechgroup.support\/wp-content\/uploads\/2025\/02\/coste-steinex-1-400x284.jpg.webp\" class=\"attachment-full size-full wp-image-14111\" srcset=\"https:\/\/steinex.gtechgroup.support\/wp-content\/uploads\/2025\/02\/coste-steinex-1-400x284.jpg.webp 400w, https:\/\/steinex.gtechgroup.support\/wp-content\/uploads\/2025\/02\/coste-steinex-1-400x284.jpg-300x213.webp 300w, https:\/\/steinex.gtechgroup.support\/wp-content\/uploads\/2025\/02\/coste-steinex-1-400x284.jpg-18x12.webp 18w\" sizes=\"(max-width: 400px) 100vw, 400px\" \/>\t\t\t\t\t\t\t\t\t\t\t\t\t\t\t<\/div>\n\t\t\t\t<\/div>\n\t\t\t\t\t<\/div>\n\t\t\t\t<\/div>\n\t\t\t\t<\/div>","protected":false},"excerpt":{"rendered":"<p>Home MACCHINE BUGNATRICI E SCAPEZZATRICI Dalla segagione delle lastre segate&nbsp;si ottiene un importante quantitativo di ritagli che nella maggior parte dei casi vengono collocati in discarica. Steinex produce&nbsp;tre modelli di macchine bugnatrici&nbsp;che consentono di&nbsp;utilizzare questi&nbsp; ritagli\/rifiuti&nbsp;con conseguente beneficio economico ed ambientale. I&nbsp;listelli e gli spaccatelli&nbsp;che si ottengono con questi modelli hanno una finitura grezza molto [&hellip;]<\/p>","protected":false},"author":1,"featured_media":0,"parent":0,"menu_order":0,"comment_status":"closed","ping_status":"closed","template":"","meta":{"_seopress_robots_primary_cat":"","_seopress_titles_title":"Macchine bugnatrici e scapezzatrici Steinex innovative","_seopress_titles_desc":"Scopri le macchine bugnatrici e scapezzatrici Steinex: soluzioni innovative per lavorare la pietra riducendo sprechi con benefici economici ed ecologici.","_seopress_robots_index":"","footnotes":""},"class_list":["post-14099","page","type-page","status-publish","hentry"],"_links":{"self":[{"href":"https:\/\/steinex.gtechgroup.support\/pt\/wp-json\/wp\/v2\/pages\/14099","targetHints":{"allow":["GET"]}}],"collection":[{"href":"https:\/\/steinex.gtechgroup.support\/pt\/wp-json\/wp\/v2\/pages"}],"about":[{"href":"https:\/\/steinex.gtechgroup.support\/pt\/wp-json\/wp\/v2\/types\/page"}],"author":[{"embeddable":true,"href":"https:\/\/steinex.gtechgroup.support\/pt\/wp-json\/wp\/v2\/users\/1"}],"replies":[{"embeddable":true,"href":"https:\/\/steinex.gtechgroup.support\/pt\/wp-json\/wp\/v2\/comments?post=14099"}],"version-history":[{"count":13,"href":"https:\/\/steinex.gtechgroup.support\/pt\/wp-json\/wp\/v2\/pages\/14099\/revisions"}],"predecessor-version":[{"id":15050,"href":"https:\/\/steinex.gtechgroup.support\/pt\/wp-json\/wp\/v2\/pages\/14099\/revisions\/15050"}],"wp:attachment":[{"href":"https:\/\/steinex.gtechgroup.support\/pt\/wp-json\/wp\/v2\/media?parent=14099"}],"curies":[{"name":"wp","href":"https:\/\/api.w.org\/{rel}","templated":true}]}}