{"id":14164,"date":"2025-02-07T11:01:19","date_gmt":"2025-02-07T11:01:19","guid":{"rendered":"https:\/\/steinex.gtechgroup.support\/?page_id=14164"},"modified":"2025-09-19T15:52:34","modified_gmt":"2025-09-19T15:52:34","slug":"impianti-e-linee-serie-gt","status":"publish","type":"page","link":"https:\/\/steinex.gtechgroup.support\/pt\/impianti-e-linee-serie-gt\/","title":{"rendered":"Instala\u00e7\u00f5es e linhas da s\u00e9rie GT"},"content":{"rendered":"<div data-elementor-type=\"wp-page\" data-elementor-id=\"14164\" class=\"elementor elementor-14164\" data-elementor-post-type=\"page\">\n\t\t\t\t<div class=\"elementor-element elementor-element-e6602ef e-flex e-con-boxed e-con e-parent\" data-id=\"e6602ef\" data-element_type=\"container\" data-e-type=\"container\" data-settings=\"{&quot;background_background&quot;:&quot;classic&quot;}\">\n\t\t\t\t\t<div class=\"e-con-inner\">\n\t\t<div class=\"elementor-element elementor-element-926a7b3 e-con-full e-flex e-con e-child\" data-id=\"926a7b3\" data-element_type=\"container\" data-e-type=\"container\" data-settings=\"{&quot;background_background&quot;:&quot;classic&quot;}\">\n\t\t\t\t<div class=\"elementor-element elementor-element-fbaf571 elementor-widget elementor-widget-heading\" data-id=\"fbaf571\" data-element_type=\"widget\" data-e-type=\"widget\" data-widget_type=\"heading.default\">\n\t\t\t\t\t<h2 class=\"elementor-heading-title elementor-size-default\">Instala\u00e7\u00f5es e linhas da s\u00e9rie GT<\/h2>\t\t\t\t<\/div>\n\t\t\t\t<div class=\"elementor-element elementor-element-df9a416 elementor-widget elementor-widget-hfe-breadcrumbs-widget\" data-id=\"df9a416\" data-element_type=\"widget\" data-e-type=\"widget\" data-widget_type=\"hfe-breadcrumbs-widget.default\">\n\t\t\t\t<div class=\"elementor-widget-container\">\n\t\t\t\t\t<nav aria-label=\"P\u00e3o ralado\"><ul class=\"hfe-breadcrumbs hfe-breadcrumbs-show-home\"><li class=\"hfe-breadcrumbs-item hfe-breadcrumbs-first\"><span class=\"hfe-breadcrumbs-home-icon\"><\/span><a href=\"https:\/\/steinex.gtechgroup.support\/pt\"><span class=\"hfe-breadcrumbs-text\">In\u00edcio<\/span><\/a><\/li><\/ul><\/nav>\t\t\t\t<\/div>\n\t\t\t\t<\/div>\n\t\t\t\t<\/div>\n\t\t\t\t\t<\/div>\n\t\t\t\t<\/div>\n\t\t<div class=\"elementor-element elementor-element-3446649 e-flex e-con-boxed e-con e-parent\" data-id=\"3446649\" data-element_type=\"container\" data-e-type=\"container\">\n\t\t\t\t\t<div class=\"e-con-inner\">\n\t\t<div class=\"elementor-element elementor-element-b5b6ed3 e-con-full e-flex e-con e-child\" data-id=\"b5b6ed3\" data-element_type=\"container\" data-e-type=\"container\">\n\t\t\t\t<div class=\"elementor-element elementor-element-dce284f elementor-widget elementor-widget-text-editor\" data-id=\"dce284f\" data-element_type=\"widget\" data-e-type=\"widget\" data-widget_type=\"text-editor.default\">\n\t\t\t\t\t\t\t\t\t<div class=\"et_pb_column et_pb_column_1_2 et_pb_column_1 et_pb_css_mix_blend_mode_passthrough\"><div class=\"et_pb_module et_pb_text et_pb_text_2 et_pb_text_align_left et_pb_bg_layout_light et_had_animation\" data-animation-style=\"fade\" data-animation-repeat=\"\" data-animation-duration=\"1000ms\" data-animation-delay=\"0ms\" data-animation-intensity=\"50%\" data-animation-starting-opacity=\"0%\" data-animation-speed-curve=\"ease-in-out\"><div class=\"et_pb_text_inner\"><p>A pedra natural tem, por vezes, uma forma\u00e7\u00e3o geol\u00f3gica que torna extremamente dif\u00edcil uma fendilha\u00e7\u00e3o regular. \u00c9 por isso que a Steinex criou a linha GT com a qual \u00e9 poss\u00edvel obter fendas regulares e de qualidade em materiais que normalmente n\u00e3o o permitem. A tecnologia GT est\u00e1 instalada em 2 modelos Igloo, 1 modelo Broadway e 1 modelo Menhir. Para completar a gama, a instala\u00e7\u00e3o autom\u00e1tica Broadway 800 GT permite a produ\u00e7\u00e3o de cubos com materiais dif\u00edceis de dividir.<\/p><\/div><\/div><\/div>\t\t\t\t\t\t\t\t<\/div>\n\t\t\t\t<\/div>\n\t\t<div class=\"elementor-element elementor-element-b0d06af e-con-full e-flex e-con e-child\" data-id=\"b0d06af\" data-element_type=\"container\" data-e-type=\"container\">\n\t\t\t\t<div class=\"elementor-element elementor-element-909a42d elementor-widget elementor-widget-image\" data-id=\"909a42d\" data-element_type=\"widget\" data-e-type=\"widget\" data-widget_type=\"image.default\">\n\t\t\t\t\t\t\t\t\t\t\t\t\t\t\t\t<a href=\"https:\/\/steinex.gtechgroup.support\/wp-content\/uploads\/2025\/02\/Igloo-Sherpa-600-GT-MP001_steinex-2.jpg\" data-elementor-open-lightbox=\"yes\" data-e-action-hash=\"#elementor-action%3Aaction%3Dlightbox%26settings%3DeyJpZCI6MTQxNjksInVybCI6Imh0dHBzOlwvXC9zdGVpbmV4Lmd0ZWNoZ3JvdXAuc3VwcG9ydFwvd3AtY29udGVudFwvdXBsb2Fkc1wvMjAyNVwvMDJcL0lnbG9vLVNoZXJwYS02MDAtR1QtTVAwMDFfc3RlaW5leC0yLmpwZyJ9\">\n\t\t\t\t\t\t\t<img alt=\"\" fetchpriority=\"high\" decoding=\"async\" width=\"1366\" height=\"964\" src=\"https:\/\/steinex.gtechgroup.support\/wp-content\/uploads\/2025\/02\/Igloo-Sherpa-600-GT-MP001_steinex-2.jpg\" class=\"attachment-full size-full wp-image-14169\" srcset=\"https:\/\/steinex.gtechgroup.support\/wp-content\/uploads\/2025\/02\/Igloo-Sherpa-600-GT-MP001_steinex-2.jpg 1366w, https:\/\/steinex.gtechgroup.support\/wp-content\/uploads\/2025\/02\/Igloo-Sherpa-600-GT-MP001_steinex-2-300x212.jpg 300w, https:\/\/steinex.gtechgroup.support\/wp-content\/uploads\/2025\/02\/Igloo-Sherpa-600-GT-MP001_steinex-2-1024x723.jpg 1024w, https:\/\/steinex.gtechgroup.support\/wp-content\/uploads\/2025\/02\/Igloo-Sherpa-600-GT-MP001_steinex-2-768x542.jpg 768w, https:\/\/steinex.gtechgroup.support\/wp-content\/uploads\/2025\/02\/Igloo-Sherpa-600-GT-MP001_steinex-2-18x12.jpg 18w, https:\/\/steinex.gtechgroup.support\/wp-content\/uploads\/2025\/02\/Igloo-Sherpa-600-GT-MP001_steinex-2-600x423.jpg 600w\" sizes=\"(max-width: 1366px) 100vw, 1366px\" \/>\t\t\t\t\t\t\t\t<\/a>\n\t\t\t\t\t\t\t\t\t\t\t\t\t\t\t<\/div>\n\t\t\t\t<div class=\"elementor-element elementor-element-8075e9d elementor-widget__width-initial elementor-widget elementor-widget-image\" data-id=\"8075e9d\" data-element_type=\"widget\" data-e-type=\"widget\" data-widget_type=\"image.default\">\n\t\t\t\t\t\t\t\t\t\t\t\t\t\t\t\t<a href=\"https:\/\/steinex.gtechgroup.support\/wp-content\/uploads\/2025\/02\/line-for-curbs-and-cobbles-400x284.jpg-1.webp\" data-elementor-open-lightbox=\"yes\" data-e-action-hash=\"#elementor-action%3Aaction%3Dlightbox%26settings%3DeyJpZCI6MTQxNzAsInVybCI6Imh0dHBzOlwvXC9zdGVpbmV4Lmd0ZWNoZ3JvdXAuc3VwcG9ydFwvd3AtY29udGVudFwvdXBsb2Fkc1wvMjAyNVwvMDJcL2xpbmUtZm9yLWN1cmJzLWFuZC1jb2JibGVzLTQwMHgyODQuanBnLTEud2VicCJ9\">\n\t\t\t\t\t\t\t<img alt=\"\" decoding=\"async\" width=\"400\" height=\"284\" src=\"https:\/\/steinex.gtechgroup.support\/wp-content\/uploads\/2025\/02\/line-for-curbs-and-cobbles-400x284.jpg-1.webp\" class=\"attachment-full size-full wp-image-14170\" srcset=\"https:\/\/steinex.gtechgroup.support\/wp-content\/uploads\/2025\/02\/line-for-curbs-and-cobbles-400x284.jpg-1.webp 400w, https:\/\/steinex.gtechgroup.support\/wp-content\/uploads\/2025\/02\/line-for-curbs-and-cobbles-400x284.jpg-1-300x213.webp 300w, https:\/\/steinex.gtechgroup.support\/wp-content\/uploads\/2025\/02\/line-for-curbs-and-cobbles-400x284.jpg-1-18x12.webp 18w\" sizes=\"(max-width: 400px) 100vw, 400px\" \/>\t\t\t\t\t\t\t\t<\/a>\n\t\t\t\t\t\t\t\t\t\t\t\t\t\t\t<\/div>\n\t\t\t\t<\/div>\n\t\t\t\t\t<\/div>\n\t\t\t\t<\/div>\n\t\t\t\t<\/div>","protected":false},"excerpt":{"rendered":"<p>Home Le pietre naturali a volte presentano una formazione geologica che rende estremamente difficile lo spacco regolare delle coste. Per questo motivo Steinex ha creato la linea GT con la quale si possono ottenere spacchi regolari e di qualit\u00e0 con materiali che normalmente non lo consentono. La tecnologia GT viene installata su 2 modelli Igloo, [&hellip;]<\/p>","protected":false},"author":1,"featured_media":0,"parent":0,"menu_order":0,"comment_status":"closed","ping_status":"closed","template":"","meta":{"_seopress_robots_primary_cat":"","_seopress_titles_title":"Tecnologia GT Steinex per pietre di difficile spacco","_seopress_titles_desc":"Scopri la linea Steinex GT per ottenere spacco regolare e di qualit\u00e0 anche con pietre naturali difficili da lavorare.","_seopress_robots_index":"","footnotes":""},"class_list":["post-14164","page","type-page","status-publish","hentry"],"_links":{"self":[{"href":"https:\/\/steinex.gtechgroup.support\/pt\/wp-json\/wp\/v2\/pages\/14164","targetHints":{"allow":["GET"]}}],"collection":[{"href":"https:\/\/steinex.gtechgroup.support\/pt\/wp-json\/wp\/v2\/pages"}],"about":[{"href":"https:\/\/steinex.gtechgroup.support\/pt\/wp-json\/wp\/v2\/types\/page"}],"author":[{"embeddable":true,"href":"https:\/\/steinex.gtechgroup.support\/pt\/wp-json\/wp\/v2\/users\/1"}],"replies":[{"embeddable":true,"href":"https:\/\/steinex.gtechgroup.support\/pt\/wp-json\/wp\/v2\/comments?post=14164"}],"version-history":[{"count":13,"href":"https:\/\/steinex.gtechgroup.support\/pt\/wp-json\/wp\/v2\/pages\/14164\/revisions"}],"predecessor-version":[{"id":15084,"href":"https:\/\/steinex.gtechgroup.support\/pt\/wp-json\/wp\/v2\/pages\/14164\/revisions\/15084"}],"wp:attachment":[{"href":"https:\/\/steinex.gtechgroup.support\/pt\/wp-json\/wp\/v2\/media?parent=14164"}],"curies":[{"name":"wp","href":"https:\/\/api.w.org\/{rel}","templated":true}]}}