{"id":14203,"date":"2025-02-07T16:43:55","date_gmt":"2025-02-07T16:43:55","guid":{"rendered":"https:\/\/steinex.gtechgroup.support\/?page_id=14203"},"modified":"2025-09-20T08:09:37","modified_gmt":"2025-09-20T08:09:37","slug":"movimentazione-sherpa","status":"publish","type":"page","link":"https:\/\/steinex.gtechgroup.support\/pt\/movimentazione-sherpa\/","title":{"rendered":"Manuseamento de sherpas"},"content":{"rendered":"<div data-elementor-type=\"wp-page\" data-elementor-id=\"14203\" class=\"elementor elementor-14203\" data-elementor-post-type=\"page\">\n\t\t\t\t<div class=\"elementor-element elementor-element-b8fde77 e-flex e-con-boxed e-con e-parent\" data-id=\"b8fde77\" data-element_type=\"container\" data-e-type=\"container\" data-settings=\"{&quot;background_background&quot;:&quot;classic&quot;}\">\n\t\t\t\t\t<div class=\"e-con-inner\">\n\t\t<div class=\"elementor-element elementor-element-074b4e7 e-con-full e-flex e-con e-child\" data-id=\"074b4e7\" data-element_type=\"container\" data-e-type=\"container\" data-settings=\"{&quot;background_background&quot;:&quot;classic&quot;}\">\n\t\t\t\t<div class=\"elementor-element elementor-element-997d644 elementor-widget elementor-widget-heading\" data-id=\"997d644\" data-element_type=\"widget\" data-e-type=\"widget\" data-widget_type=\"heading.default\">\n\t\t\t\t\t<h2 class=\"elementor-heading-title elementor-size-default\">Manuseamento de sherpas<\/h2>\t\t\t\t<\/div>\n\t\t\t\t<div class=\"elementor-element elementor-element-2c9abb6 elementor-widget elementor-widget-hfe-breadcrumbs-widget\" data-id=\"2c9abb6\" data-element_type=\"widget\" data-e-type=\"widget\" data-widget_type=\"hfe-breadcrumbs-widget.default\">\n\t\t\t\t<div class=\"elementor-widget-container\">\n\t\t\t\t\t<nav aria-label=\"P\u00e3o ralado\"><ul class=\"hfe-breadcrumbs hfe-breadcrumbs-show-home\"><li class=\"hfe-breadcrumbs-item hfe-breadcrumbs-first\"><span class=\"hfe-breadcrumbs-home-icon\"><\/span><a href=\"https:\/\/steinex.gtechgroup.support\/pt\"><span class=\"hfe-breadcrumbs-text\">In\u00edcio<\/span><\/a><\/li><\/ul><\/nav>\t\t\t\t<\/div>\n\t\t\t\t<\/div>\n\t\t\t\t<\/div>\n\t\t\t\t\t<\/div>\n\t\t\t\t<\/div>\n\t\t<div class=\"elementor-element elementor-element-c6f28ae e-flex e-con-boxed e-con e-parent\" data-id=\"c6f28ae\" data-element_type=\"container\" data-e-type=\"container\">\n\t\t\t\t\t<div class=\"e-con-inner\">\n\t\t\t\t<div class=\"elementor-element elementor-element-e928291 elementor-widget elementor-widget-text-editor\" data-id=\"e928291\" data-element_type=\"widget\" data-e-type=\"widget\" data-widget_type=\"text-editor.default\">\n\t\t\t\t\t\t\t\t\tSherpa \u00e9 uma fam\u00edlia de produtos de manuseamento que podem ser vendidos individualmente ou ser parte integrante de instala\u00e7\u00f5es compactas e linhas de produ\u00e7\u00e3o.\n\n\t\t\t\t\t\t\t\t<\/div>\n\t\t\t\t\t<\/div>\n\t\t\t\t<\/div>\n\t\t<div class=\"elementor-element elementor-element-1a425de e-flex e-con-boxed e-con e-parent\" data-id=\"1a425de\" data-element_type=\"container\" data-e-type=\"container\">\n\t\t\t\t\t<div class=\"e-con-inner\">\n\t\t<div class=\"elementor-element elementor-element-0f3047a e-con-full e-flex e-con e-child\" data-id=\"0f3047a\" data-element_type=\"container\" data-e-type=\"container\">\n\t\t\t\t<div class=\"elementor-element elementor-element-9b942a2 elementor-widget elementor-widget-heading\" data-id=\"9b942a2\" data-element_type=\"widget\" data-e-type=\"widget\" data-widget_type=\"heading.default\">\n\t\t\t\t\t<h2 class=\"elementor-heading-title elementor-size-default\">Transportadores com persianas de rolos<\/h2>\t\t\t\t<\/div>\n\t\t\t\t<div class=\"elementor-element elementor-element-d9b3679 elementor-widget elementor-widget-text-editor\" data-id=\"d9b3679\" data-element_type=\"widget\" data-e-type=\"widget\" data-widget_type=\"text-editor.default\">\n\t\t\t\t\t\t\t\t\t<strong>S\u00c9RIES SHERPA T E TT:<\/strong> s\u00e3o correias transportadoras para trabalhos pesados com l\u00e2minas de a\u00e7o planas e s\u00e3o adequadas para carregar pe\u00e7as de trabalho muito pesadas. Podem ser fornecidas com paredes laterais, sendo assim adequadas para o carregamento de pedras a granel com escavadoras ou p\u00e1s mec\u00e2nicas, ou podem ser fornecidas apenas planas para o carregamento de pe\u00e7as de trabalho de grandes dimens\u00f5es com garfos. Os Sherpa T5 1000 podem ter uma capacidade at\u00e9 10 toneladas de pedras soltas e est\u00e3o equipados com controlo de avan\u00e7o\/retrocesso.\t\t\t\t\t\t\t\t<\/div>\n\t\t\t\t<\/div>\n\t\t<div class=\"elementor-element elementor-element-9e94e09 e-con-full e-flex e-con e-child\" data-id=\"9e94e09\" data-element_type=\"container\" data-e-type=\"container\">\n\t\t\t\t<div class=\"elementor-element elementor-element-f3ee4b6 elementor-widget elementor-widget-image\" data-id=\"f3ee4b6\" data-element_type=\"widget\" data-e-type=\"widget\" data-widget_type=\"image.default\">\n\t\t\t\t\t\t\t\t\t\t\t\t\t\t\t<img fetchpriority=\"high\" decoding=\"async\" width=\"900\" height=\"675\" src=\"https:\/\/steinex.gtechgroup.support\/wp-content\/uploads\/2025\/09\/1_MOVIMENTAIZONE-T_sherpa-T.jpeg\" class=\"attachment-full size-full wp-image-15162\" alt=\"Macchinari industriali per taglio e lavorazione pietre naturali\" srcset=\"https:\/\/steinex.gtechgroup.support\/wp-content\/uploads\/2025\/09\/1_MOVIMENTAIZONE-T_sherpa-T.jpeg 900w, https:\/\/steinex.gtechgroup.support\/wp-content\/uploads\/2025\/09\/1_MOVIMENTAIZONE-T_sherpa-T-300x225.jpeg 300w, https:\/\/steinex.gtechgroup.support\/wp-content\/uploads\/2025\/09\/1_MOVIMENTAIZONE-T_sherpa-T-768x576.jpeg 768w, https:\/\/steinex.gtechgroup.support\/wp-content\/uploads\/2025\/09\/1_MOVIMENTAIZONE-T_sherpa-T-16x12.jpeg 16w, https:\/\/steinex.gtechgroup.support\/wp-content\/uploads\/2025\/09\/1_MOVIMENTAIZONE-T_sherpa-T-600x450.jpeg 600w\" sizes=\"(max-width: 900px) 100vw, 900px\" \/>\t\t\t\t\t\t\t\t\t\t\t\t\t\t\t<\/div>\n\t\t\t\t<\/div>\n\t\t\t\t\t<\/div>\n\t\t\t\t<\/div>\n\t\t<div class=\"elementor-element elementor-element-2de37d6 e-flex e-con-boxed e-con e-parent\" data-id=\"2de37d6\" data-element_type=\"container\" data-e-type=\"container\">\n\t\t\t\t\t<div class=\"e-con-inner\">\n\t\t<div class=\"elementor-element elementor-element-dee9541 e-con-full e-flex e-con e-child\" data-id=\"dee9541\" data-element_type=\"container\" data-e-type=\"container\">\n\t\t\t\t<div class=\"elementor-element elementor-element-446736d elementor-widget elementor-widget-text-editor\" data-id=\"446736d\" data-element_type=\"widget\" data-e-type=\"widget\" data-widget_type=\"text-editor.default\">\n\t\t\t\t\t\t\t\t\t<div class=\"et_pb_column et_pb_column_2_3 et_pb_column_4  et_pb_css_mix_blend_mode_passthrough\"><div class=\"et_pb_module et_pb_text et_pb_text_5 et_pb_text_align_left et_pb_bg_layout_light et_had_animation\"><div class=\"et_pb_text_inner\"><p><strong>S\u00c9RIE SHERPA BTS BTD<\/strong>BTS 1000: correias transportadoras de a\u00e7o de topo plano para trabalhos pesados com um sistema de inclina\u00e7\u00e3o suspenso. As correias BTS 1000 est\u00e3o equipadas com um \u00fanico obturador de rolos e um sistema de inclina\u00e7\u00e3o com controlo para a frente\/para tr\u00e1s e para cima\/baixo. As correias transportadoras BTD 500+500 est\u00e3o equipadas com l\u00e2minas planas duplas com movimento individual para a frente\/para tr\u00e1s e sistema de balancim para cima\/baixo.<\/p><\/div><\/div><\/div>\t\t\t\t\t\t\t\t<\/div>\n\t\t\t\t<\/div>\n\t\t<div class=\"elementor-element elementor-element-313a050 e-con-full e-flex e-con e-child\" data-id=\"313a050\" data-element_type=\"container\" data-e-type=\"container\">\n\t\t\t\t<div class=\"elementor-element elementor-element-0c068af elementor-widget elementor-widget-image\" data-id=\"0c068af\" data-element_type=\"widget\" data-e-type=\"widget\" data-widget_type=\"image.default\">\n\t\t\t\t\t\t\t\t\t\t\t\t\t\t\t<img decoding=\"async\" width=\"900\" height=\"675\" src=\"https:\/\/steinex.gtechgroup.support\/wp-content\/uploads\/2025\/09\/2_MOVIMENTAZIONE-BTD_SherpaBTD_3x1.jpg\" class=\"attachment-full size-full wp-image-15163\" alt=\"Trasportatore industriale a nastro modulare\" srcset=\"https:\/\/steinex.gtechgroup.support\/wp-content\/uploads\/2025\/09\/2_MOVIMENTAZIONE-BTD_SherpaBTD_3x1.jpg 900w, https:\/\/steinex.gtechgroup.support\/wp-content\/uploads\/2025\/09\/2_MOVIMENTAZIONE-BTD_SherpaBTD_3x1-300x225.jpg 300w, https:\/\/steinex.gtechgroup.support\/wp-content\/uploads\/2025\/09\/2_MOVIMENTAZIONE-BTD_SherpaBTD_3x1-768x576.jpg 768w, https:\/\/steinex.gtechgroup.support\/wp-content\/uploads\/2025\/09\/2_MOVIMENTAZIONE-BTD_SherpaBTD_3x1-16x12.jpg 16w, https:\/\/steinex.gtechgroup.support\/wp-content\/uploads\/2025\/09\/2_MOVIMENTAZIONE-BTD_SherpaBTD_3x1-600x450.jpg 600w\" sizes=\"(max-width: 900px) 100vw, 900px\" \/>\t\t\t\t\t\t\t\t\t\t\t\t\t\t\t<\/div>\n\t\t\t\t<\/div>\n\t\t\t\t\t<\/div>\n\t\t\t\t<\/div>\n\t\t<div class=\"elementor-element elementor-element-3bd3e10 e-flex e-con-boxed e-con e-parent\" data-id=\"3bd3e10\" data-element_type=\"container\" data-e-type=\"container\">\n\t\t\t\t\t<div class=\"e-con-inner\">\n\t\t<div class=\"elementor-element elementor-element-8e11700 e-con-full e-flex e-con e-child\" data-id=\"8e11700\" data-element_type=\"container\" data-e-type=\"container\">\n\t\t\t\t<div class=\"elementor-element elementor-element-9ebb9b8 elementor-widget elementor-widget-heading\" data-id=\"9ebb9b8\" data-element_type=\"widget\" data-e-type=\"widget\" data-widget_type=\"heading.default\">\n\t\t\t\t\t<h2 class=\"elementor-heading-title elementor-size-default\">Transportadores com lagartas<\/h2>\t\t\t\t<\/div>\n\t\t\t\t<div class=\"elementor-element elementor-element-1523f54 elementor-widget elementor-widget-text-editor\" data-id=\"1523f54\" data-element_type=\"widget\" data-e-type=\"widget\" data-widget_type=\"text-editor.default\">\n\t\t\t\t\t\t\t\t\t<div class=\"et_pb_column et_pb_column_2_3 et_pb_column_7  et_pb_css_mix_blend_mode_passthrough\"><div class=\"et_pb_module et_pb_text et_pb_text_7 et_pb_text_align_left et_pb_bg_layout_light et_had_animation\"><div class=\"et_pb_text_inner\"><p><strong>S\u00c9RIE SHERPA BC:<\/strong> Correias transportadoras para trabalhos pesados com lagartas e sistema de inclina\u00e7\u00e3o adequado para carregar blocos pesados at\u00e9 10 toneladas. As correias BCS 1000 est\u00e3o equipadas com uma sapata de lagartas simples com sistema de avan\u00e7o\/retrocesso e inclina\u00e7\u00e3o para cima\/para baixo. As correias BCD 500+500 est\u00e3o equipadas com sapatas de lagartas duplas com movimento para a frente\/para tr\u00e1s e sistema de inclina\u00e7\u00e3o para cima\/para baixo. As correias BCD 500+500 est\u00e3o equipadas com sapatas de lagartas duplas com movimento para a frente\/para tr\u00e1s e sistema de inclina\u00e7\u00e3o para cima\/para baixo.<\/p><\/div><\/div><\/div>\t\t\t\t\t\t\t\t<\/div>\n\t\t\t\t<\/div>\n\t\t<div class=\"elementor-element elementor-element-d64d509 e-con-full e-flex e-con e-child\" data-id=\"d64d509\" data-element_type=\"container\" data-e-type=\"container\">\n\t\t\t\t<div class=\"elementor-element elementor-element-b8235ef elementor-widget elementor-widget-image\" data-id=\"b8235ef\" data-element_type=\"widget\" data-e-type=\"widget\" data-widget_type=\"image.default\">\n\t\t\t\t\t\t\t\t\t\t\t\t\t\t\t<img decoding=\"async\" width=\"640\" height=\"480\" src=\"https:\/\/steinex.gtechgroup.support\/wp-content\/uploads\/2025\/09\/3_Menhir-Sherpa-BCD-cingolato.jpg\" class=\"attachment-full size-full wp-image-15164\" alt=\"Pressa industriale con nastro trasportatore arancione\" srcset=\"https:\/\/steinex.gtechgroup.support\/wp-content\/uploads\/2025\/09\/3_Menhir-Sherpa-BCD-cingolato.jpg 640w, https:\/\/steinex.gtechgroup.support\/wp-content\/uploads\/2025\/09\/3_Menhir-Sherpa-BCD-cingolato-300x225.jpg 300w, https:\/\/steinex.gtechgroup.support\/wp-content\/uploads\/2025\/09\/3_Menhir-Sherpa-BCD-cingolato-16x12.jpg 16w, https:\/\/steinex.gtechgroup.support\/wp-content\/uploads\/2025\/09\/3_Menhir-Sherpa-BCD-cingolato-600x450.jpg 600w\" sizes=\"(max-width: 640px) 100vw, 640px\" \/>\t\t\t\t\t\t\t\t\t\t\t\t\t\t\t<\/div>\n\t\t\t\t<\/div>\n\t\t\t\t\t<\/div>\n\t\t\t\t<\/div>\n\t\t<div class=\"elementor-element elementor-element-6cfa5a3 e-flex e-con-boxed e-con e-parent\" data-id=\"6cfa5a3\" data-element_type=\"container\" data-e-type=\"container\">\n\t\t\t\t\t<div class=\"e-con-inner\">\n\t\t<div class=\"elementor-element elementor-element-7e93ccb e-con-full e-flex e-con e-child\" data-id=\"7e93ccb\" data-element_type=\"container\" data-e-type=\"container\">\n\t\t\t\t<div class=\"elementor-element elementor-element-aeb6fd2 elementor-widget elementor-widget-text-editor\" data-id=\"aeb6fd2\" data-element_type=\"widget\" data-e-type=\"widget\" data-widget_type=\"text-editor.default\">\n\t\t\t\t\t\t\t\t\t<div class=\"et_pb_column et_pb_column_2_3 et_pb_column_7 et_pb_css_mix_blend_mode_passthrough\"><div class=\"et_pb_module et_pb_text et_pb_text_7 et_pb_text_align_left et_pb_bg_layout_light et_had_animation\"><div class=\"et_pb_text_inner\"><div class=\"et_pb_column et_pb_column_2_3 et_pb_column_9 et_pb_css_mix_blend_mode_passthrough\"><div class=\"et_pb_module et_pb_text et_pb_text_8 et_pb_text_align_left et_pb_bg_layout_light et_had_animation\"><div class=\"et_pb_text_inner\"><p><strong>S\u00c9RIE SHERPA FD<\/strong>Esteiras transportadoras com alimenta\u00e7\u00e3o autom\u00e1tica e empurradores de duplo rostro. Adequados para a movimenta\u00e7\u00e3o de chapas serradas at\u00e9 550 mm de espessura, cada rostro pode avan\u00e7ar de forma aut\u00f3noma e est\u00e3o equipados com motores sem escovas que garantem uma efic\u00e1cia e uma precis\u00e3o totais ao longo do tempo. S\u00e3o utilizados em linhas autom\u00e1ticas ou podem ser utilizados para automatizar linhas tradicionais de clientes que pretendam melhorar o desempenho da produ\u00e7\u00e3o.<\/p><\/div><\/div><\/div><\/div><\/div><\/div>\t\t\t\t\t\t\t\t<\/div>\n\t\t\t\t<\/div>\n\t\t<div class=\"elementor-element elementor-element-e9fc5a0 e-con-full e-flex e-con e-child\" data-id=\"e9fc5a0\" data-element_type=\"container\" data-e-type=\"container\">\n\t\t\t\t<div class=\"elementor-element elementor-element-cca19d1 elementor-widget elementor-widget-image\" data-id=\"cca19d1\" data-element_type=\"widget\" data-e-type=\"widget\" data-widget_type=\"image.default\">\n\t\t\t\t\t\t\t\t\t\t\t\t\t\t\t<img loading=\"lazy\" decoding=\"async\" width=\"900\" height=\"675\" src=\"https:\/\/steinex.gtechgroup.support\/wp-content\/uploads\/2025\/09\/4_MOVIMENTAZIONE-FD_Menhir-Sherpa-FD.jpeg\" class=\"attachment-full size-full wp-image-15165\" alt=\"Macchinario industriale per lavorazione materiali in fabbrica\" srcset=\"https:\/\/steinex.gtechgroup.support\/wp-content\/uploads\/2025\/09\/4_MOVIMENTAZIONE-FD_Menhir-Sherpa-FD.jpeg 900w, https:\/\/steinex.gtechgroup.support\/wp-content\/uploads\/2025\/09\/4_MOVIMENTAZIONE-FD_Menhir-Sherpa-FD-300x225.jpeg 300w, https:\/\/steinex.gtechgroup.support\/wp-content\/uploads\/2025\/09\/4_MOVIMENTAZIONE-FD_Menhir-Sherpa-FD-768x576.jpeg 768w, https:\/\/steinex.gtechgroup.support\/wp-content\/uploads\/2025\/09\/4_MOVIMENTAZIONE-FD_Menhir-Sherpa-FD-16x12.jpeg 16w, https:\/\/steinex.gtechgroup.support\/wp-content\/uploads\/2025\/09\/4_MOVIMENTAZIONE-FD_Menhir-Sherpa-FD-600x450.jpeg 600w\" sizes=\"(max-width: 900px) 100vw, 900px\" \/>\t\t\t\t\t\t\t\t\t\t\t\t\t\t\t<\/div>\n\t\t\t\t<\/div>\n\t\t\t\t\t<\/div>\n\t\t\t\t<\/div>\n\t\t<div class=\"elementor-element elementor-element-b6f510c e-flex e-con-boxed e-con e-parent\" data-id=\"b6f510c\" data-element_type=\"container\" data-e-type=\"container\">\n\t\t\t\t\t<div class=\"e-con-inner\">\n\t\t<div class=\"elementor-element elementor-element-091922e e-con-full e-flex e-con e-child\" data-id=\"091922e\" data-element_type=\"container\" data-e-type=\"container\">\n\t\t\t\t<div class=\"elementor-element elementor-element-ef9cb74 elementor-widget elementor-widget-heading\" data-id=\"ef9cb74\" data-element_type=\"widget\" data-e-type=\"widget\" data-widget_type=\"heading.default\">\n\t\t\t\t\t<h2 class=\"elementor-heading-title elementor-size-default\">Rolos de alta resist\u00eancia<\/h2>\t\t\t\t<\/div>\n\t\t\t\t<div class=\"elementor-element elementor-element-0a1a5b6 elementor-widget elementor-widget-text-editor\" data-id=\"0a1a5b6\" data-element_type=\"widget\" data-e-type=\"widget\" data-widget_type=\"text-editor.default\">\n\t\t\t\t\t\t\t\t\t<div class=\"et_pb_column et_pb_column_2_3 et_pb_column_7 et_pb_css_mix_blend_mode_passthrough\"><div class=\"et_pb_module et_pb_text et_pb_text_7 et_pb_text_align_left et_pb_bg_layout_light et_had_animation\"><div class=\"et_pb_text_inner\"><div class=\"et_pb_column et_pb_column_2_3 et_pb_column_9 et_pb_css_mix_blend_mode_passthrough\"><div class=\"et_pb_module et_pb_text et_pb_text_8 et_pb_text_align_left et_pb_bg_layout_light et_had_animation\"><div class=\"et_pb_text_inner\"><div class=\"et_pb_column et_pb_column_2_3 et_pb_column_12 et_pb_css_mix_blend_mode_passthrough\"><div class=\"et_pb_module et_pb_text et_pb_text_10 et_pb_text_align_left et_pb_bg_layout_light et_had_animation\"><div class=\"et_pb_text_inner\"><div class=\"et_pb_column et_pb_column_2_3 et_pb_column_12 et_pb_css_mix_blend_mode_passthrough\"><div class=\"et_pb_module et_pb_text et_pb_text_10 et_pb_text_align_left et_pb_bg_layout_light et_had_animation\"><div class=\"et_pb_text_inner\"><p><strong>SHERPA R-SERIES:\u00a0<\/strong>Correias transportadoras de rolos com alimenta\u00e7\u00e3o autom\u00e1tica ou manual. As correias RF s\u00e3o adequadas para o carregamento de pe\u00e7as pesadas e t\u00eam um movimento para a frente\/para tr\u00e1s. As correias BRF, para al\u00e9m do movimento para a frente\/para tr\u00e1s, est\u00e3o tamb\u00e9m equipadas com um sistema de inclina\u00e7\u00e3o para cima\/para baixo. As correias RG s\u00e3o adequadas para o carregamento de blocos pesados com meios mec\u00e2nicos equipados com garfos. Para facilitar a sa\u00edda dos garfos ap\u00f3s o repouso do bloco, \u00e9 instalado um sistema hidr\u00e1ulico retr\u00e1til na correia, que permite ao operador do meio mec\u00e2nico repousar o bloco e sair livremente com os garfos sem fric\u00e7\u00e3o.<\/p><\/div><\/div><\/div><\/div><\/div><\/div><\/div><\/div><\/div><\/div><\/div><\/div>\t\t\t\t\t\t\t\t<\/div>\n\t\t\t\t<\/div>\n\t\t<div class=\"elementor-element elementor-element-0a79941 e-con-full e-flex e-con e-child\" data-id=\"0a79941\" data-element_type=\"container\" data-e-type=\"container\">\n\t\t\t\t<div class=\"elementor-element elementor-element-f8b235f elementor-widget elementor-widget-image\" data-id=\"f8b235f\" data-element_type=\"widget\" data-e-type=\"widget\" data-widget_type=\"image.default\">\n\t\t\t\t\t\t\t\t\t\t\t\t\t\t\t<img loading=\"lazy\" decoding=\"async\" width=\"900\" height=\"675\" src=\"https:\/\/steinex.gtechgroup.support\/wp-content\/uploads\/2025\/09\/5_MOVIMENTAZIONE-sherpa-RF.jpg\" class=\"attachment-full size-full wp-image-15166\" alt=\"Rulliera industriale per movimentazione materiali\" srcset=\"https:\/\/steinex.gtechgroup.support\/wp-content\/uploads\/2025\/09\/5_MOVIMENTAZIONE-sherpa-RF.jpg 900w, https:\/\/steinex.gtechgroup.support\/wp-content\/uploads\/2025\/09\/5_MOVIMENTAZIONE-sherpa-RF-300x225.jpg 300w, https:\/\/steinex.gtechgroup.support\/wp-content\/uploads\/2025\/09\/5_MOVIMENTAZIONE-sherpa-RF-768x576.jpg 768w, https:\/\/steinex.gtechgroup.support\/wp-content\/uploads\/2025\/09\/5_MOVIMENTAZIONE-sherpa-RF-16x12.jpg 16w, https:\/\/steinex.gtechgroup.support\/wp-content\/uploads\/2025\/09\/5_MOVIMENTAZIONE-sherpa-RF-600x450.jpg 600w\" sizes=\"(max-width: 900px) 100vw, 900px\" \/>\t\t\t\t\t\t\t\t\t\t\t\t\t\t\t<\/div>\n\t\t\t\t<\/div>\n\t\t\t\t\t<\/div>\n\t\t\t\t<\/div>\n\t\t<div class=\"elementor-element elementor-element-cd88208 e-flex e-con-boxed e-con e-parent\" data-id=\"cd88208\" data-element_type=\"container\" data-e-type=\"container\">\n\t\t\t\t\t<div class=\"e-con-inner\">\n\t\t<div class=\"elementor-element elementor-element-f8895e9 e-con-full e-flex e-con e-child\" data-id=\"f8895e9\" data-element_type=\"container\" data-e-type=\"container\">\n\t\t\t\t<div class=\"elementor-element elementor-element-57fedcc elementor-widget elementor-widget-heading\" data-id=\"57fedcc\" data-element_type=\"widget\" data-e-type=\"widget\" data-widget_type=\"heading.default\">\n\t\t\t\t\t<h2 class=\"elementor-heading-title elementor-size-default\">Transportadores de correia de borracha<\/h2>\t\t\t\t<\/div>\n\t\t\t\t<div class=\"elementor-element elementor-element-fc3400a elementor-widget elementor-widget-text-editor\" data-id=\"fc3400a\" data-element_type=\"widget\" data-e-type=\"widget\" data-widget_type=\"text-editor.default\">\n\t\t\t\t\t\t\t\t\t<div class=\"et_pb_column et_pb_column_2_3 et_pb_column_15  et_pb_css_mix_blend_mode_passthrough\"><div class=\"et_pb_module et_pb_text et_pb_text_12 et_pb_text_align_left et_pb_bg_layout_light et_had_animation\"><div class=\"et_pb_text_inner\"><p><strong>S\u00c9RIE SHERPA NG:\u00a0<\/strong>Correias com estrutura met\u00e1lica e correias de borracha de 500 ou 700 mm particularmente adequadas para o transporte de material residual do processamento da m\u00e1quina.<\/p><\/div><\/div><\/div>\t\t\t\t\t\t\t\t<\/div>\n\t\t\t\t<\/div>\n\t\t<div class=\"elementor-element elementor-element-c6b10ad e-con-full e-flex e-con e-child\" data-id=\"c6b10ad\" data-element_type=\"container\" data-e-type=\"container\">\n\t\t\t\t<div class=\"elementor-element elementor-element-e334e3b elementor-widget elementor-widget-image\" data-id=\"e334e3b\" data-element_type=\"widget\" data-e-type=\"widget\" data-widget_type=\"image.default\">\n\t\t\t\t\t\t\t\t\t\t\t\t\t\t\t<img loading=\"lazy\" decoding=\"async\" width=\"640\" height=\"480\" src=\"https:\/\/steinex.gtechgroup.support\/wp-content\/uploads\/2025\/09\/6_MOVIMENTAZIONE-_sherpa-NG.jpg\" class=\"attachment-full size-full wp-image-15167\" alt=\"Linea di macchine industriali per lavorazione materiali\" srcset=\"https:\/\/steinex.gtechgroup.support\/wp-content\/uploads\/2025\/09\/6_MOVIMENTAZIONE-_sherpa-NG.jpg 640w, https:\/\/steinex.gtechgroup.support\/wp-content\/uploads\/2025\/09\/6_MOVIMENTAZIONE-_sherpa-NG-300x225.jpg 300w, https:\/\/steinex.gtechgroup.support\/wp-content\/uploads\/2025\/09\/6_MOVIMENTAZIONE-_sherpa-NG-16x12.jpg 16w, https:\/\/steinex.gtechgroup.support\/wp-content\/uploads\/2025\/09\/6_MOVIMENTAZIONE-_sherpa-NG-600x450.jpg 600w\" sizes=\"(max-width: 640px) 100vw, 640px\" \/>\t\t\t\t\t\t\t\t\t\t\t\t\t\t\t<\/div>\n\t\t\t\t<\/div>\n\t\t\t\t\t<\/div>\n\t\t\t\t<\/div>\n\t\t<div class=\"elementor-element elementor-element-d7c096e e-flex e-con-boxed e-con e-parent\" data-id=\"d7c096e\" data-element_type=\"container\" data-e-type=\"container\">\n\t\t\t\t\t<div class=\"e-con-inner\">\n\t\t<div class=\"elementor-element elementor-element-ff8ae6b e-con-full e-flex e-con e-child\" data-id=\"ff8ae6b\" data-element_type=\"container\" data-e-type=\"container\">\n\t\t\t\t<div class=\"elementor-element elementor-element-40aebd7 elementor-widget elementor-widget-text-editor\" data-id=\"40aebd7\" data-element_type=\"widget\" data-e-type=\"widget\" data-widget_type=\"text-editor.default\">\n\t\t\t\t\t\t\t\t\t<div class=\"et_pb_column et_pb_column_2_3 et_pb_column_17  et_pb_css_mix_blend_mode_passthrough\"><div class=\"et_pb_module et_pb_text et_pb_text_13 et_pb_text_align_left et_pb_bg_layout_light et_had_animation\"><div class=\"et_pb_text_inner\"><p><strong>INSTALA\u00c7\u00d5ES SHERPA DA S\u00c9RIE SC-NG:\u00a0<\/strong>s\u00e3o equipamentos adequados para a sele\u00e7\u00e3o e classifica\u00e7\u00e3o de pedras de cal\u00e7ada. A Steinex, para reduzir a fadiga dos trabalhadores que quebram e classificam as pedras pavimentadas, desenvolveu uma s\u00e9rie de instala\u00e7\u00f5es compostas por uma tremonha de carga pesada adequada para carregar escavadoras e p\u00e1s mec\u00e2nicas ou cami\u00f5es basculantes e um tapete de borracha resistente ao desgaste. S\u00e3o constru\u00eddas em tr\u00eas vers\u00f5es com capacidades de 16 m3, 30 m3 e 60 m3.<\/p><\/div><\/div><\/div>\t\t\t\t\t\t\t\t<\/div>\n\t\t\t\t<\/div>\n\t\t<div class=\"elementor-element elementor-element-cabd841 e-con-full e-flex e-con e-child\" data-id=\"cabd841\" data-element_type=\"container\" data-e-type=\"container\">\n\t\t\t\t<div class=\"elementor-element elementor-element-6c6407e elementor-widget elementor-widget-image\" data-id=\"6c6407e\" data-element_type=\"widget\" data-e-type=\"widget\" data-widget_type=\"image.default\">\n\t\t\t\t\t\t\t\t\t\t\t\t\t\t\t<img loading=\"lazy\" decoding=\"async\" width=\"900\" height=\"675\" src=\"https:\/\/steinex.gtechgroup.support\/wp-content\/uploads\/2025\/09\/7_-impianto-sc_ng_IMPIANTO-SELEZIONE-E-CERNITA-60-M3.jpg\" class=\"attachment-full size-full wp-image-15168\" alt=\"Impianto industriale per lavorazione e trasporto pietre\" srcset=\"https:\/\/steinex.gtechgroup.support\/wp-content\/uploads\/2025\/09\/7_-impianto-sc_ng_IMPIANTO-SELEZIONE-E-CERNITA-60-M3.jpg 900w, https:\/\/steinex.gtechgroup.support\/wp-content\/uploads\/2025\/09\/7_-impianto-sc_ng_IMPIANTO-SELEZIONE-E-CERNITA-60-M3-300x225.jpg 300w, https:\/\/steinex.gtechgroup.support\/wp-content\/uploads\/2025\/09\/7_-impianto-sc_ng_IMPIANTO-SELEZIONE-E-CERNITA-60-M3-768x576.jpg 768w, https:\/\/steinex.gtechgroup.support\/wp-content\/uploads\/2025\/09\/7_-impianto-sc_ng_IMPIANTO-SELEZIONE-E-CERNITA-60-M3-16x12.jpg 16w, https:\/\/steinex.gtechgroup.support\/wp-content\/uploads\/2025\/09\/7_-impianto-sc_ng_IMPIANTO-SELEZIONE-E-CERNITA-60-M3-600x450.jpg 600w\" sizes=\"(max-width: 900px) 100vw, 900px\" \/>\t\t\t\t\t\t\t\t\t\t\t\t\t\t\t<\/div>\n\t\t\t\t<\/div>\n\t\t\t\t\t<\/div>\n\t\t\t\t<\/div>\n\t\t\t\t<\/div>","protected":false},"excerpt":{"rendered":"<p>Movimentazione Sherpa Home Sherpa \u00e8 la famiglia di prodotti per la movimentazione che possono essere venduti singolarmente oppure essere parte integrante di impianti compatti e linee di produzione. Trasportatori a tapparelle SHERPA SERIE T E TT: sono nastri trasportatori pesanti a tapparelle piane in acciaio e sono adatti al carico di pezzi molto pesanti. Possono [&hellip;]<\/p>","protected":false},"author":1,"featured_media":0,"parent":0,"menu_order":0,"comment_status":"closed","ping_status":"closed","template":"","meta":{"_seopress_robots_primary_cat":"","_seopress_titles_title":"Nastri trasportatori Sherpa: efficienza per carichi pesanti","_seopress_titles_desc":"Scopri i trasportatori Sherpa per movimentazione pesante: soluzioni efficienti per linee di produzione e carico fino a 10 tonnellate.","_seopress_robots_index":"","footnotes":""},"class_list":["post-14203","page","type-page","status-publish","hentry"],"_links":{"self":[{"href":"https:\/\/steinex.gtechgroup.support\/pt\/wp-json\/wp\/v2\/pages\/14203","targetHints":{"allow":["GET"]}}],"collection":[{"href":"https:\/\/steinex.gtechgroup.support\/pt\/wp-json\/wp\/v2\/pages"}],"about":[{"href":"https:\/\/steinex.gtechgroup.support\/pt\/wp-json\/wp\/v2\/types\/page"}],"author":[{"embeddable":true,"href":"https:\/\/steinex.gtechgroup.support\/pt\/wp-json\/wp\/v2\/users\/1"}],"replies":[{"embeddable":true,"href":"https:\/\/steinex.gtechgroup.support\/pt\/wp-json\/wp\/v2\/comments?post=14203"}],"version-history":[{"count":7,"href":"https:\/\/steinex.gtechgroup.support\/pt\/wp-json\/wp\/v2\/pages\/14203\/revisions"}],"predecessor-version":[{"id":15171,"href":"https:\/\/steinex.gtechgroup.support\/pt\/wp-json\/wp\/v2\/pages\/14203\/revisions\/15171"}],"wp:attachment":[{"href":"https:\/\/steinex.gtechgroup.support\/pt\/wp-json\/wp\/v2\/media?parent=14203"}],"curies":[{"name":"wp","href":"https:\/\/api.w.org\/{rel}","templated":true}]}}