{"id":166,"date":"2025-01-13T15:50:13","date_gmt":"2025-01-13T15:50:13","guid":{"rendered":"https:\/\/steinex.gtechgroup.support\/?page_id=166"},"modified":"2025-09-19T15:23:20","modified_gmt":"2025-09-19T15:23:20","slug":"rete-di-vendita","status":"publish","type":"page","link":"https:\/\/steinex.gtechgroup.support\/pt\/rete-di-vendita\/","title":{"rendered":"Rede de vendas"},"content":{"rendered":"<div data-elementor-type=\"wp-page\" data-elementor-id=\"166\" class=\"elementor elementor-166\" data-elementor-post-type=\"page\">\n\t\t\t\t<div class=\"elementor-element elementor-element-c2fab2d e-flex e-con-boxed e-con e-parent\" data-id=\"c2fab2d\" data-element_type=\"container\" data-e-type=\"container\" data-settings=\"{&quot;background_background&quot;:&quot;classic&quot;}\">\n\t\t\t\t\t<div class=\"e-con-inner\">\n\t\t<div class=\"elementor-element elementor-element-eb3f143 e-con-full e-flex e-con e-child\" data-id=\"eb3f143\" data-element_type=\"container\" data-e-type=\"container\" data-settings=\"{&quot;background_background&quot;:&quot;classic&quot;}\">\n\t\t\t\t<div class=\"elementor-element elementor-element-3d17902 elementor-widget elementor-widget-heading\" data-id=\"3d17902\" data-element_type=\"widget\" data-e-type=\"widget\" data-widget_type=\"heading.default\">\n\t\t\t\t\t<h2 class=\"elementor-heading-title elementor-size-default\">Rede de vendas\n<\/h2>\t\t\t\t<\/div>\n\t\t\t\t<div class=\"elementor-element elementor-element-3a45bdd elementor-widget elementor-widget-hfe-breadcrumbs-widget\" data-id=\"3a45bdd\" data-element_type=\"widget\" data-e-type=\"widget\" data-widget_type=\"hfe-breadcrumbs-widget.default\">\n\t\t\t\t<div class=\"elementor-widget-container\">\n\t\t\t\t\t<nav aria-label=\"P\u00e3o ralado\"><ul class=\"hfe-breadcrumbs hfe-breadcrumbs-show-home\"><li class=\"hfe-breadcrumbs-item hfe-breadcrumbs-first\"><span class=\"hfe-breadcrumbs-home-icon\"><\/span><a href=\"https:\/\/steinex.gtechgroup.support\/pt\"><span class=\"hfe-breadcrumbs-text\">In\u00edcio<\/span><\/a><\/li><\/ul><\/nav>\t\t\t\t<\/div>\n\t\t\t\t<\/div>\n\t\t\t\t<\/div>\n\t\t\t\t\t<\/div>\n\t\t\t\t<\/div>\n\t\t<div class=\"elementor-element elementor-element-34f1734 e-flex e-con-boxed e-con e-parent\" data-id=\"34f1734\" data-element_type=\"container\" data-e-type=\"container\">\n\t\t\t\t\t<div class=\"e-con-inner\">\n\t\t<div class=\"elementor-element elementor-element-d065714 e-flex e-con-boxed e-con e-child\" data-id=\"d065714\" data-element_type=\"container\" data-e-type=\"container\">\n\t\t\t\t\t<div class=\"e-con-inner\">\n\t\t\t\t<div class=\"elementor-element elementor-element-05e7d03 elementor-widget elementor-widget-text-editor\" data-id=\"05e7d03\" data-element_type=\"widget\" data-e-type=\"widget\" data-widget_type=\"text-editor.default\">\n\t\t\t\t\t\t\t\t\t<p>A Steinex Srl \u00e9 internacional com\u00a0<strong>m\u00e1quinas e sistemas vendidos em mais de 100 pa\u00edses nos cinco continentes<\/strong>.<\/p><p>Utiliza o\u00a0<strong>colabora\u00e7\u00e3o de uma rede de agentes e distribuidores<\/strong>\u00a0com\u00a0<strong>mais de 5000 instala\u00e7\u00f5es e m\u00e1quinas<\/strong>\u00a0instalados nos \u00faltimos 20 anos.<\/p>\t\t\t\t\t\t\t\t<\/div>\n\t\t<div class=\"elementor-element elementor-element-b408464 e-con-full e-flex e-con e-child\" data-id=\"b408464\" data-element_type=\"container\" data-e-type=\"container\">\n\t\t\t\t<div class=\"elementor-element elementor-element-c79ea31 elementor-widget__width-initial elementor-widget elementor-widget-image\" data-id=\"c79ea31\" data-element_type=\"widget\" data-e-type=\"widget\" data-widget_type=\"image.default\">\n\t\t\t\t\t\t\t\t\t\t\t\t\t\t\t<img fetchpriority=\"high\" decoding=\"async\" width=\"1536\" height=\"2048\" src=\"https:\/\/steinex.gtechgroup.support\/wp-content\/uploads\/2025\/09\/RETE-DI-VENDITA-E-POST-VENDITA-SOTTO-TESTO-1.jpg\" class=\"attachment-full size-full wp-image-15025\" alt=\"Macchinario industriale verde fissato con cinghie arancioni\" srcset=\"https:\/\/steinex.gtechgroup.support\/wp-content\/uploads\/2025\/09\/RETE-DI-VENDITA-E-POST-VENDITA-SOTTO-TESTO-1.jpg 1536w, https:\/\/steinex.gtechgroup.support\/wp-content\/uploads\/2025\/09\/RETE-DI-VENDITA-E-POST-VENDITA-SOTTO-TESTO-1-225x300.jpg 225w, https:\/\/steinex.gtechgroup.support\/wp-content\/uploads\/2025\/09\/RETE-DI-VENDITA-E-POST-VENDITA-SOTTO-TESTO-1-768x1024.jpg 768w, https:\/\/steinex.gtechgroup.support\/wp-content\/uploads\/2025\/09\/RETE-DI-VENDITA-E-POST-VENDITA-SOTTO-TESTO-1-1152x1536.jpg 1152w, https:\/\/steinex.gtechgroup.support\/wp-content\/uploads\/2025\/09\/RETE-DI-VENDITA-E-POST-VENDITA-SOTTO-TESTO-1-9x12.jpg 9w, https:\/\/steinex.gtechgroup.support\/wp-content\/uploads\/2025\/09\/RETE-DI-VENDITA-E-POST-VENDITA-SOTTO-TESTO-1-600x800.jpg 600w\" sizes=\"(max-width: 1536px) 100vw, 1536px\" \/>\t\t\t\t\t\t\t\t\t\t\t\t\t\t\t<\/div>\n\t\t\t\t<div class=\"elementor-element elementor-element-ac81b67 elementor-widget__width-initial elementor-widget elementor-widget-image\" data-id=\"ac81b67\" data-element_type=\"widget\" data-e-type=\"widget\" data-widget_type=\"image.default\">\n\t\t\t\t\t\t\t\t\t\t\t\t\t\t\t<img decoding=\"async\" width=\"1536\" height=\"2048\" src=\"https:\/\/steinex.gtechgroup.support\/wp-content\/uploads\/2025\/09\/RETE-DI-VENDITA-E-POST-VENDITA-SOTTO-TESTO-2-1.jpg\" class=\"attachment-full size-full wp-image-15022\" alt=\"Pacchi imballati con nastro arancione SteineX\" srcset=\"https:\/\/steinex.gtechgroup.support\/wp-content\/uploads\/2025\/09\/RETE-DI-VENDITA-E-POST-VENDITA-SOTTO-TESTO-2-1.jpg 1536w, https:\/\/steinex.gtechgroup.support\/wp-content\/uploads\/2025\/09\/RETE-DI-VENDITA-E-POST-VENDITA-SOTTO-TESTO-2-1-225x300.jpg 225w, https:\/\/steinex.gtechgroup.support\/wp-content\/uploads\/2025\/09\/RETE-DI-VENDITA-E-POST-VENDITA-SOTTO-TESTO-2-1-768x1024.jpg 768w, https:\/\/steinex.gtechgroup.support\/wp-content\/uploads\/2025\/09\/RETE-DI-VENDITA-E-POST-VENDITA-SOTTO-TESTO-2-1-1152x1536.jpg 1152w, https:\/\/steinex.gtechgroup.support\/wp-content\/uploads\/2025\/09\/RETE-DI-VENDITA-E-POST-VENDITA-SOTTO-TESTO-2-1-9x12.jpg 9w, https:\/\/steinex.gtechgroup.support\/wp-content\/uploads\/2025\/09\/RETE-DI-VENDITA-E-POST-VENDITA-SOTTO-TESTO-2-1-600x800.jpg 600w\" sizes=\"(max-width: 1536px) 100vw, 1536px\" \/>\t\t\t\t\t\t\t\t\t\t\t\t\t\t\t<\/div>\n\t\t\t\t<\/div>\n\t\t\t\t\t<\/div>\n\t\t\t\t<\/div>\n\t\t\t\t\t<\/div>\n\t\t\t\t<\/div>\n\t\t\t\t<\/div>","protected":false},"excerpt":{"rendered":"<p>Rete di vendita Home Steinex Srl \u00e8 internazionalit\u00e0 con\u00a0macchine ed impianti venduti in oltre 100 paesi nei cinque continenti. Si avvale della\u00a0collaborazione di una rete di agenti e distributori\u00a0con\u00a0oltre 5000 impianti e macchine\u00a0installati negli ultimi 20 anni.<\/p>","protected":false},"author":1,"featured_media":0,"parent":0,"menu_order":0,"comment_status":"closed","ping_status":"closed","template":"","meta":{"_seopress_robots_primary_cat":"","_seopress_titles_title":"Rete di vendita internazionale Steinex Srl","_seopress_titles_desc":"Steinex Srl: rete internazionale con oltre 5000 impianti e macchine installati in pi\u00f9 di 100 paesi nei cinque continenti.","_seopress_robots_index":"","footnotes":""},"class_list":["post-166","page","type-page","status-publish","hentry"],"_links":{"self":[{"href":"https:\/\/steinex.gtechgroup.support\/pt\/wp-json\/wp\/v2\/pages\/166","targetHints":{"allow":["GET"]}}],"collection":[{"href":"https:\/\/steinex.gtechgroup.support\/pt\/wp-json\/wp\/v2\/pages"}],"about":[{"href":"https:\/\/steinex.gtechgroup.support\/pt\/wp-json\/wp\/v2\/types\/page"}],"author":[{"embeddable":true,"href":"https:\/\/steinex.gtechgroup.support\/pt\/wp-json\/wp\/v2\/users\/1"}],"replies":[{"embeddable":true,"href":"https:\/\/steinex.gtechgroup.support\/pt\/wp-json\/wp\/v2\/comments?post=166"}],"version-history":[{"count":16,"href":"https:\/\/steinex.gtechgroup.support\/pt\/wp-json\/wp\/v2\/pages\/166\/revisions"}],"predecessor-version":[{"id":15034,"href":"https:\/\/steinex.gtechgroup.support\/pt\/wp-json\/wp\/v2\/pages\/166\/revisions\/15034"}],"wp:attachment":[{"href":"https:\/\/steinex.gtechgroup.support\/pt\/wp-json\/wp\/v2\/media?parent=166"}],"curies":[{"name":"wp","href":"https:\/\/api.w.org\/{rel}","templated":true}]}}