{"id":180,"date":"2025-01-13T16:10:43","date_gmt":"2025-01-13T16:10:43","guid":{"rendered":"https:\/\/steinex.gtechgroup.support\/?page_id=180"},"modified":"2025-09-19T15:24:09","modified_gmt":"2025-09-19T15:24:09","slug":"post-vendita","status":"publish","type":"page","link":"https:\/\/steinex.gtechgroup.support\/pt\/post-vendita\/","title":{"rendered":"Venda a retalho"},"content":{"rendered":"<div data-elementor-type=\"wp-page\" data-elementor-id=\"180\" class=\"elementor elementor-180\" data-elementor-post-type=\"page\">\n\t\t\t\t<div class=\"elementor-element elementor-element-bc1db3d e-flex e-con-boxed e-con e-parent\" data-id=\"bc1db3d\" data-element_type=\"container\" data-e-type=\"container\" data-settings=\"{&quot;background_background&quot;:&quot;classic&quot;}\">\n\t\t\t\t\t<div class=\"e-con-inner\">\n\t\t<div class=\"elementor-element elementor-element-65b9381 e-con-full e-flex e-con e-child\" data-id=\"65b9381\" data-element_type=\"container\" data-e-type=\"container\" data-settings=\"{&quot;background_background&quot;:&quot;classic&quot;}\">\n\t\t\t\t<div class=\"elementor-element elementor-element-ce72ae2 elementor-widget elementor-widget-heading\" data-id=\"ce72ae2\" data-element_type=\"widget\" data-e-type=\"widget\" data-widget_type=\"heading.default\">\n\t\t\t\t\t<h2 class=\"elementor-heading-title elementor-size-default\">Venda a retalho<\/h2>\t\t\t\t<\/div>\n\t\t\t\t<div class=\"elementor-element elementor-element-6255179 elementor-widget elementor-widget-hfe-breadcrumbs-widget\" data-id=\"6255179\" data-element_type=\"widget\" data-e-type=\"widget\" data-widget_type=\"hfe-breadcrumbs-widget.default\">\n\t\t\t\t<div class=\"elementor-widget-container\">\n\t\t\t\t\t<nav aria-label=\"P\u00e3o ralado\"><ul class=\"hfe-breadcrumbs hfe-breadcrumbs-show-home\"><li class=\"hfe-breadcrumbs-item hfe-breadcrumbs-first\"><span class=\"hfe-breadcrumbs-home-icon\"><\/span><a href=\"https:\/\/steinex.gtechgroup.support\/pt\"><span class=\"hfe-breadcrumbs-text\">In\u00edcio<\/span><\/a><\/li><\/ul><\/nav>\t\t\t\t<\/div>\n\t\t\t\t<\/div>\n\t\t\t\t<\/div>\n\t\t\t\t\t<\/div>\n\t\t\t\t<\/div>\n\t\t<div class=\"elementor-element elementor-element-f1141b9 e-flex e-con-boxed e-con e-parent\" data-id=\"f1141b9\" data-element_type=\"container\" data-e-type=\"container\">\n\t\t\t\t\t<div class=\"e-con-inner\">\n\t\t\t\t<div class=\"elementor-element elementor-element-414149d elementor-widget elementor-widget-text-editor\" data-id=\"414149d\" data-element_type=\"widget\" data-e-type=\"widget\" data-widget_type=\"text-editor.default\">\n\t\t\t\t\t\t\t\t\t<p>Desde o primeiro contacto e durante o desenvolvimento da rela\u00e7\u00e3o comercial, a Steinex est\u00e1 sempre ao lado do cliente, ouvindo as suas necessidades e criando solu\u00e7\u00f5es \u00e0 medida para responder a exig\u00eancias espec\u00edficas. A Steinex est\u00e1 pronta a satisfazer todas as necessidades do cliente ao longo das v\u00e1rias fases da rela\u00e7\u00e3o: desde a sele\u00e7\u00e3o e estudo do produto, ao apoio durante a implementa\u00e7\u00e3o do projeto e instala\u00e7\u00e3o da m\u00e1quina, \u00e0 forma\u00e7\u00e3o dos operadores, \u00e0 transfer\u00eancia de know-how e ao apoio t\u00e9cnico p\u00f3s-venda.<\/p>\n<p>Nas v\u00e1rias fases da rela\u00e7\u00e3o com o cliente, a Steinex emprega sempre pessoal com elevada compet\u00eancia no dom\u00ednio espec\u00edfico e m\u00e1xima disponibilidade, mantendo um di\u00e1logo constante pr\u00e9 e p\u00f3s-venda com o cliente, uma presen\u00e7a global com servi\u00e7o local para chegar a cada cliente falando a sua pr\u00f3pria l\u00edngua.<\/p>\n<p>Ser cliente da Steinex significa ter escolhido qualidade, efici\u00eancia e excel\u00eancia n\u00e3o s\u00f3 em m\u00e1quinas e sistemas, mas tamb\u00e9m em servi\u00e7os de acompanhamento.<br>Proporcionamos a cada um dos nossos clientes um aconselhamento pr\u00e9-venda competente, um servi\u00e7o eficiente de instala\u00e7\u00e3o e coloca\u00e7\u00e3o em funcionamento das m\u00e1quinas e, se necess\u00e1rio, uma forma\u00e7\u00e3o aprofundada dos operadores.<\/p>\n<p>A Steinex tamb\u00e9m apoia os seus clientes atrav\u00e9s do seu servi\u00e7o p\u00f3s-venda com a sua equipa de t\u00e9cnicos de instala\u00e7\u00e3o e de assist\u00eancia nas instala\u00e7\u00f5es do cliente para a resolu\u00e7\u00e3o de problemas em linha e \u00e0 dist\u00e2ncia.<\/p>\n<p>A Steinex produz a maior parte das suas pe\u00e7as sobressalentes internamente. Isto assegura que o nosso armaz\u00e9m de pe\u00e7as sobresselentes est\u00e1 sempre bem abastecido para responder atempadamente \u00e0s solicita\u00e7\u00f5es de todo o mundo.<\/p>\t\t\t\t\t\t\t\t<\/div>\n\t\t\t\t\t<\/div>\n\t\t\t\t<\/div>\n\t\t<div class=\"elementor-element elementor-element-c98c63e e-con-full e-flex e-con e-child\" data-id=\"c98c63e\" data-element_type=\"container\" data-e-type=\"container\">\n\t\t\t\t<div class=\"elementor-element elementor-element-f3ebc82 elementor-widget__width-initial elementor-widget elementor-widget-image\" data-id=\"f3ebc82\" data-element_type=\"widget\" data-e-type=\"widget\" data-widget_type=\"image.default\">\n\t\t\t\t\t\t\t\t\t\t\t\t\t\t\t<img fetchpriority=\"high\" decoding=\"async\" width=\"1536\" height=\"2048\" src=\"https:\/\/steinex.gtechgroup.support\/wp-content\/uploads\/2025\/09\/RETE-DI-VENDITA-E-POST-VENDITA-SOTTO-TESTO-1.jpg\" class=\"attachment-full size-full wp-image-15025\" alt=\"Macchinario industriale verde fissato con cinghie arancioni\" srcset=\"https:\/\/steinex.gtechgroup.support\/wp-content\/uploads\/2025\/09\/RETE-DI-VENDITA-E-POST-VENDITA-SOTTO-TESTO-1.jpg 1536w, https:\/\/steinex.gtechgroup.support\/wp-content\/uploads\/2025\/09\/RETE-DI-VENDITA-E-POST-VENDITA-SOTTO-TESTO-1-225x300.jpg 225w, https:\/\/steinex.gtechgroup.support\/wp-content\/uploads\/2025\/09\/RETE-DI-VENDITA-E-POST-VENDITA-SOTTO-TESTO-1-768x1024.jpg 768w, https:\/\/steinex.gtechgroup.support\/wp-content\/uploads\/2025\/09\/RETE-DI-VENDITA-E-POST-VENDITA-SOTTO-TESTO-1-1152x1536.jpg 1152w, https:\/\/steinex.gtechgroup.support\/wp-content\/uploads\/2025\/09\/RETE-DI-VENDITA-E-POST-VENDITA-SOTTO-TESTO-1-9x12.jpg 9w, https:\/\/steinex.gtechgroup.support\/wp-content\/uploads\/2025\/09\/RETE-DI-VENDITA-E-POST-VENDITA-SOTTO-TESTO-1-600x800.jpg 600w\" sizes=\"(max-width: 1536px) 100vw, 1536px\" \/>\t\t\t\t\t\t\t\t\t\t\t\t\t\t\t<\/div>\n\t\t\t\t<div class=\"elementor-element elementor-element-6828e6a elementor-widget__width-initial elementor-widget elementor-widget-image\" data-id=\"6828e6a\" data-element_type=\"widget\" data-e-type=\"widget\" data-widget_type=\"image.default\">\n\t\t\t\t\t\t\t\t\t\t\t\t\t\t\t<img decoding=\"async\" width=\"1536\" height=\"2048\" src=\"https:\/\/steinex.gtechgroup.support\/wp-content\/uploads\/2025\/09\/RETE-DI-VENDITA-E-POST-VENDITA-SOTTO-TESTO-2-1.jpg\" class=\"attachment-full size-full wp-image-15022\" alt=\"Pacchi imballati con nastro arancione SteineX\" srcset=\"https:\/\/steinex.gtechgroup.support\/wp-content\/uploads\/2025\/09\/RETE-DI-VENDITA-E-POST-VENDITA-SOTTO-TESTO-2-1.jpg 1536w, https:\/\/steinex.gtechgroup.support\/wp-content\/uploads\/2025\/09\/RETE-DI-VENDITA-E-POST-VENDITA-SOTTO-TESTO-2-1-225x300.jpg 225w, https:\/\/steinex.gtechgroup.support\/wp-content\/uploads\/2025\/09\/RETE-DI-VENDITA-E-POST-VENDITA-SOTTO-TESTO-2-1-768x1024.jpg 768w, https:\/\/steinex.gtechgroup.support\/wp-content\/uploads\/2025\/09\/RETE-DI-VENDITA-E-POST-VENDITA-SOTTO-TESTO-2-1-1152x1536.jpg 1152w, https:\/\/steinex.gtechgroup.support\/wp-content\/uploads\/2025\/09\/RETE-DI-VENDITA-E-POST-VENDITA-SOTTO-TESTO-2-1-9x12.jpg 9w, https:\/\/steinex.gtechgroup.support\/wp-content\/uploads\/2025\/09\/RETE-DI-VENDITA-E-POST-VENDITA-SOTTO-TESTO-2-1-600x800.jpg 600w\" sizes=\"(max-width: 1536px) 100vw, 1536px\" \/>\t\t\t\t\t\t\t\t\t\t\t\t\t\t\t<\/div>\n\t\t\t\t<\/div>\n\t\t\t\t<\/div>","protected":false},"excerpt":{"rendered":"<p>Post vendita Home Fin dal primo contatto e durante lo sviluppo della relazione commerciale, Steinex \u00e8 sempre a fianco dei Clienti, ascoltando le loro esigenze e creando soluzioni su misura per rispondere ad esigenze specifiche. Steinex \u00e8 pronta a soddisfare ogni esigenza del Cliente nelle varie fasi del rapporto: dalla selezione e studio del prodotto, [&hellip;]<\/p>","protected":false},"author":1,"featured_media":0,"parent":0,"menu_order":0,"comment_status":"closed","ping_status":"closed","template":"","meta":{"_seopress_robots_primary_cat":"","_seopress_titles_title":"Servizio post-vendita Steinex: supporto completo clienti","_seopress_titles_desc":"Soluzioni su misura, installazione, training e servizio post-vendita Steinex: qualit\u00e0 ed efficienza sempre al fianco dei clienti.","_seopress_robots_index":"","footnotes":""},"class_list":["post-180","page","type-page","status-publish","hentry"],"_links":{"self":[{"href":"https:\/\/steinex.gtechgroup.support\/pt\/wp-json\/wp\/v2\/pages\/180","targetHints":{"allow":["GET"]}}],"collection":[{"href":"https:\/\/steinex.gtechgroup.support\/pt\/wp-json\/wp\/v2\/pages"}],"about":[{"href":"https:\/\/steinex.gtechgroup.support\/pt\/wp-json\/wp\/v2\/types\/page"}],"author":[{"embeddable":true,"href":"https:\/\/steinex.gtechgroup.support\/pt\/wp-json\/wp\/v2\/users\/1"}],"replies":[{"embeddable":true,"href":"https:\/\/steinex.gtechgroup.support\/pt\/wp-json\/wp\/v2\/comments?post=180"}],"version-history":[{"count":9,"href":"https:\/\/steinex.gtechgroup.support\/pt\/wp-json\/wp\/v2\/pages\/180\/revisions"}],"predecessor-version":[{"id":15037,"href":"https:\/\/steinex.gtechgroup.support\/pt\/wp-json\/wp\/v2\/pages\/180\/revisions\/15037"}],"wp:attachment":[{"href":"https:\/\/steinex.gtechgroup.support\/pt\/wp-json\/wp\/v2\/media?parent=180"}],"curies":[{"name":"wp","href":"https:\/\/api.w.org\/{rel}","templated":true}]}}