{"id":200,"date":"2025-01-13T17:12:28","date_gmt":"2025-01-13T17:12:28","guid":{"rendered":"https:\/\/steinex.gtechgroup.support\/?page_id=200"},"modified":"2025-01-13T17:18:02","modified_gmt":"2025-01-13T17:18:02","slug":"la-tua-pietra","status":"publish","type":"page","link":"https:\/\/steinex.gtechgroup.support\/pt\/la-tua-pietra\/","title":{"rendered":"A sua pedra"},"content":{"rendered":"<div data-elementor-type=\"wp-page\" data-elementor-id=\"200\" class=\"elementor elementor-200\" data-elementor-post-type=\"page\">\n\t\t\t\t<div class=\"elementor-element elementor-element-f22202e e-flex e-con-boxed e-con e-parent\" data-id=\"f22202e\" data-element_type=\"container\" data-e-type=\"container\" data-settings=\"{&quot;background_background&quot;:&quot;classic&quot;}\">\n\t\t\t\t\t<div class=\"e-con-inner\">\n\t\t<div class=\"elementor-element elementor-element-6412419 e-con-full e-flex e-con e-child\" data-id=\"6412419\" data-element_type=\"container\" data-e-type=\"container\" data-settings=\"{&quot;background_background&quot;:&quot;classic&quot;}\">\n\t\t\t\t<div class=\"elementor-element elementor-element-a4b4706 elementor-widget elementor-widget-heading\" data-id=\"a4b4706\" data-element_type=\"widget\" data-e-type=\"widget\" data-widget_type=\"heading.default\">\n\t\t\t\t\t<h2 class=\"elementor-heading-title elementor-size-default\">Que pedras deve dividir? Siga o guia Steinex.\n<\/h2>\t\t\t\t<\/div>\n\t\t\t\t<div class=\"elementor-element elementor-element-b36976e elementor-widget elementor-widget-hfe-breadcrumbs-widget\" data-id=\"b36976e\" data-element_type=\"widget\" data-e-type=\"widget\" data-widget_type=\"hfe-breadcrumbs-widget.default\">\n\t\t\t\t<div class=\"elementor-widget-container\">\n\t\t\t\t\t<nav aria-label=\"P\u00e3o ralado\"><ul class=\"hfe-breadcrumbs hfe-breadcrumbs-show-home\"><li class=\"hfe-breadcrumbs-item hfe-breadcrumbs-first\"><span class=\"hfe-breadcrumbs-home-icon\"><\/span><a href=\"https:\/\/steinex.gtechgroup.support\/pt\"><span class=\"hfe-breadcrumbs-text\">In\u00edcio<\/span><\/a><\/li><\/ul><\/nav>\t\t\t\t<\/div>\n\t\t\t\t<\/div>\n\t\t\t\t<\/div>\n\t\t\t\t\t<\/div>\n\t\t\t\t<\/div>\n\t\t<div class=\"elementor-element elementor-element-8dc7679 e-flex e-con-boxed e-con e-parent\" data-id=\"8dc7679\" data-element_type=\"container\" data-e-type=\"container\">\n\t\t\t\t\t<div class=\"e-con-inner\">\n\t\t<div class=\"elementor-element elementor-element-4d733c6 e-con-full e-flex e-con e-child\" data-id=\"4d733c6\" data-element_type=\"container\" data-e-type=\"container\">\n\t\t\t\t<div class=\"elementor-element elementor-element-f3c8128 elementor-widget elementor-widget-text-editor\" data-id=\"f3c8128\" data-element_type=\"widget\" data-e-type=\"widget\" data-widget_type=\"text-editor.default\">\n\t\t\t\t\t\t\t\t\t<p>A Steinex Srl considera a sustentabilidade ambiental uma\u00a0<strong>objetivo constante e indispens\u00e1vel<\/strong>. De acordo com esta filosofia, os procedimentos internos t\u00eam por objetivo\u00a0<strong>minimizar e prevenir os impactos ambientais<\/strong>\u00a0e riscos associados aos produtos e servi\u00e7os.<\/p><p>A tecnologia de separa\u00e7\u00e3o controlada aplicada em todos os modelos da Steinex Srl \u00e9\u00a0<strong>ECO-AMIG\u00c1VEL,<\/strong>\u00a0n\u00e3o utiliza \u00e1gua, n\u00e3o produz emiss\u00f5es e<strong>\u00a0permite a recupera\u00e7\u00e3o de materiais residuais<\/strong>\u00a0de pedreiras ou outras transforma\u00e7\u00f5es que resultem em\u00a0<strong>benef\u00edcios econ\u00f3micos e ambientais<\/strong>.<\/p>\t\t\t\t\t\t\t\t<\/div>\n\t\t\t\t<\/div>\n\t\t<div class=\"elementor-element elementor-element-0b02df9 e-con-full e-flex e-con e-child\" data-id=\"0b02df9\" data-element_type=\"container\" data-e-type=\"container\">\n\t\t\t\t<div class=\"elementor-element elementor-element-4da4533 elementor-widget elementor-widget-text-editor\" data-id=\"4da4533\" data-element_type=\"widget\" data-e-type=\"widget\" data-widget_type=\"text-editor.default\">\n\t\t\t\t\t\t\t\t\t<p><strong>PEDRAS MONOL\u00cdTICAS:<\/strong><\/p><p>Basalto, Diorito, Andesito, Traquito, Gabro, Labradorito, Porfirito, Sienito, Arenito, Calc\u00e1rio, Dolomito, Serizzo, M\u00e1rmore, Travertino, Lava, Riolito, Brechas, Filladi, Outras Pedras Monol\u00edticas<\/p>\t\t\t\t\t\t\t\t<\/div>\n\t\t\t\t<div class=\"elementor-element elementor-element-c3564a3 elementor-widget elementor-widget-text-editor\" data-id=\"c3564a3\" data-element_type=\"widget\" data-e-type=\"widget\" data-widget_type=\"text-editor.default\">\n\t\t\t\t\t\t\t\t\t<p><strong>PEDRAS ESTRATIFICADAS:<\/strong><\/p><p>Ard\u00f3sia, Arenito em camadas, Basalto xisto, Beola, Gnaisse, Quartzito, P\u00f3rfiro em camadas, Serpentina, Xisto<\/p>\t\t\t\t\t\t\t\t<\/div>\n\t\t\t\t<\/div>\n\t\t\t\t\t<\/div>\n\t\t\t\t<\/div>\n\t\t\t\t<\/div>","protected":false},"excerpt":{"rendered":"<p>Quali pietre devi spaccare? Segui la guida Steinex. Home Steinex Srl considera la sostenibilit\u00e0 ambientale un\u00a0obiettivo costante ed irrinunciabile. Coerentemente con questa filosofia le procedure interne sono volte a\u00a0minimizzare e prevenire gli impatti ambientali\u00a0ed i rischi associati ai prodotti ed ai servizi. La tecnologia di spacco controllato applicata in tutti i modelli Steinex Srl \u00e8\u00a0ECO-FRIENDLY,\u00a0non [&hellip;]<\/p>","protected":false},"author":1,"featured_media":0,"parent":0,"menu_order":0,"comment_status":"closed","ping_status":"closed","template":"","meta":{"_seopress_robots_primary_cat":"","_seopress_titles_title":"Guida Steinex: come spaccare pietre in modo eco-friendly","_seopress_titles_desc":"Guida Steinex: spacco controllato ed eco-friendly delle pietre naturali, senza acqua n\u00e9 emissioni e con recupero dei materiali.","_seopress_robots_index":"","footnotes":""},"class_list":["post-200","page","type-page","status-publish","hentry"],"_links":{"self":[{"href":"https:\/\/steinex.gtechgroup.support\/pt\/wp-json\/wp\/v2\/pages\/200","targetHints":{"allow":["GET"]}}],"collection":[{"href":"https:\/\/steinex.gtechgroup.support\/pt\/wp-json\/wp\/v2\/pages"}],"about":[{"href":"https:\/\/steinex.gtechgroup.support\/pt\/wp-json\/wp\/v2\/types\/page"}],"author":[{"embeddable":true,"href":"https:\/\/steinex.gtechgroup.support\/pt\/wp-json\/wp\/v2\/users\/1"}],"replies":[{"embeddable":true,"href":"https:\/\/steinex.gtechgroup.support\/pt\/wp-json\/wp\/v2\/comments?post=200"}],"version-history":[{"count":8,"href":"https:\/\/steinex.gtechgroup.support\/pt\/wp-json\/wp\/v2\/pages\/200\/revisions"}],"predecessor-version":[{"id":210,"href":"https:\/\/steinex.gtechgroup.support\/pt\/wp-json\/wp\/v2\/pages\/200\/revisions\/210"}],"wp:attachment":[{"href":"https:\/\/steinex.gtechgroup.support\/pt\/wp-json\/wp\/v2\/media?parent=200"}],"curies":[{"name":"wp","href":"https:\/\/api.w.org\/{rel}","templated":true}]}}