{"id":220,"date":"2025-01-17T14:59:27","date_gmt":"2025-01-17T14:59:27","guid":{"rendered":"https:\/\/steinex.gtechgroup.support\/?page_id=220"},"modified":"2025-02-05T15:59:36","modified_gmt":"2025-02-05T15:59:36","slug":"spacco-segate-su-due-piani","status":"publish","type":"page","link":"https:\/\/steinex.gtechgroup.support\/pt\/spacco-segate-su-due-piani\/","title":{"rendered":"Serra\u00e7\u00e3o dividida em dois andares"},"content":{"rendered":"<div data-elementor-type=\"wp-page\" data-elementor-id=\"220\" class=\"elementor elementor-220\" data-elementor-post-type=\"page\">\n\t\t\t\t<div class=\"elementor-element elementor-element-8370ba7 e-flex e-con-boxed e-con e-parent\" data-id=\"8370ba7\" data-element_type=\"container\" data-e-type=\"container\" data-settings=\"{&quot;background_background&quot;:&quot;classic&quot;}\">\n\t\t\t\t\t<div class=\"e-con-inner\">\n\t\t<div class=\"elementor-element elementor-element-653ec0d e-con-full e-flex e-con e-child\" data-id=\"653ec0d\" data-element_type=\"container\" data-e-type=\"container\" data-settings=\"{&quot;background_background&quot;:&quot;classic&quot;}\">\n\t\t\t\t<div class=\"elementor-element elementor-element-9d5dbaf elementor-widget elementor-widget-heading\" data-id=\"9d5dbaf\" data-element_type=\"widget\" data-e-type=\"widget\" data-widget_type=\"heading.default\">\n\t\t\t\t\t<h2 class=\"elementor-heading-title elementor-size-default\">Monol\u00edtico serrado de dois andares<\/h2>\t\t\t\t<\/div>\n\t\t\t\t<div class=\"elementor-element elementor-element-1e7af3c elementor-widget elementor-widget-hfe-breadcrumbs-widget\" data-id=\"1e7af3c\" data-element_type=\"widget\" data-e-type=\"widget\" data-widget_type=\"hfe-breadcrumbs-widget.default\">\n\t\t\t\t<div class=\"elementor-widget-container\">\n\t\t\t\t\t<nav aria-label=\"P\u00e3o ralado\"><ul class=\"hfe-breadcrumbs hfe-breadcrumbs-show-home\"><li class=\"hfe-breadcrumbs-item hfe-breadcrumbs-first\"><span class=\"hfe-breadcrumbs-home-icon\"><\/span><a href=\"https:\/\/steinex.gtechgroup.support\/pt\"><span class=\"hfe-breadcrumbs-text\">In\u00edcio<\/span><\/a><\/li><\/ul><\/nav>\t\t\t\t<\/div>\n\t\t\t\t<\/div>\n\t\t\t\t<\/div>\n\t\t\t\t\t<\/div>\n\t\t\t\t<\/div>\n\t\t<div class=\"elementor-element elementor-element-99aa43c e-flex e-con-boxed e-con e-parent\" data-id=\"99aa43c\" data-element_type=\"container\" data-e-type=\"container\">\n\t\t\t\t\t<div class=\"e-con-inner\">\n\t\t\t\t<div class=\"elementor-element elementor-element-78a9630 elementor-widget elementor-widget-heading\" data-id=\"78a9630\" data-element_type=\"widget\" data-e-type=\"widget\" data-widget_type=\"heading.default\">\n\t\t\t\t\t<h2 class=\"elementor-heading-title elementor-size-default\">M\u00c1QUINA PARA DIVIDIR PEDRA MONOL\u00cdTICA SERRADA EM DOIS PLANOS<\/h2>\t\t\t\t<\/div>\n\t\t\t\t<div class=\"elementor-element elementor-element-362d7ba elementor-widget elementor-widget-text-editor\" data-id=\"362d7ba\" data-element_type=\"widget\" data-e-type=\"widget\" data-widget_type=\"text-editor.default\">\n\t\t\t\t\t\t\t\t\t<p>Os blocos monol\u00edticos serrados em dois planos s\u00e3o transformados em placas com a espessura desejada, cuja superf\u00edcie pode ser tratada t\u00e9rmica ou mecanicamente para obter o acabamento superficial mais adequado. A Steinex Srl produz uma gama completa de\u00a0<strong>m\u00e1quinas<\/strong>\u00a0e\u00a0<strong>instala\u00e7\u00f5es semi-autom\u00e1ticas<\/strong>\u00a0o\u00a0<strong>totalmente autom\u00e1tico<\/strong>\u00a0para a fratura de pedras monol\u00edticas serradas em dois planos para responder \u00e0s necessidades mais exigentes.<\/p><p>Nesta categoria encontram-se os\u00a0<strong>Modelos Broadway e Menhir<\/strong>\u00a0e afins\u00a0<strong>instala\u00e7\u00f5es para a separa\u00e7\u00e3o de chapas serradas<\/strong>\u00a0com espessuras at\u00e9 600 mm e larguras at\u00e9 1600 mm e para fendas de nervuras regulares em pedra natural de\u00a0<b>forma\u00e7\u00e3o<\/b><b>\u00a0condi\u00e7\u00f5es geol\u00f3gicas dif\u00edceis.<\/b><\/p><p><strong>GT M\u00c1QUINA DE CORTE PARA A PRODU\u00c7\u00c3O DE CUBOS DIF\u00cdCEIS DE CORTAR.<\/strong><\/p><p>A pedra natural tem, por vezes, uma forma\u00e7\u00e3o geol\u00f3gica que torna extremamente dif\u00edcil uma fendilha\u00e7\u00e3o regular. \u00c9 por isso que a Steinex Srl criou a linha GT com a qual \u00e9 poss\u00edvel obter fendas regulares e de qualidade em materiais que normalmente n\u00e3o o permitem. A tecnologia GT est\u00e1 instalada em 2 modelos Igloo, 1 modelo Broadway e 1 modelo Menhir. Por fim, encontra-se a instala\u00e7\u00e3o autom\u00e1tica Broadway 800 GT para a produ\u00e7\u00e3o de cubos com materiais dif\u00edceis de dividir.<\/p>\t\t\t\t\t\t\t\t<\/div>\n\t\t\t\t\t<\/div>\n\t\t\t\t<\/div>\n\t\t<div class=\"elementor-element elementor-element-ec9f4af e-flex e-con-boxed e-con e-parent\" data-id=\"ec9f4af\" data-element_type=\"container\" data-e-type=\"container\">\n\t\t\t\t\t<div class=\"e-con-inner\">\n\t\t<div class=\"elementor-element elementor-element-3bb6eaf e-con-full e-flex e-con e-child\" data-id=\"3bb6eaf\" data-element_type=\"container\" data-e-type=\"container\">\n\t\t\t\t<div class=\"elementor-element elementor-element-2d15fca elementor-widget elementor-widget-heading\" data-id=\"2d15fca\" data-element_type=\"widget\" data-e-type=\"widget\" data-widget_type=\"heading.default\">\n\t\t\t\t\t<h2 class=\"elementor-heading-title elementor-size-default\"> CORTES DE SERRAGEM DE PEDRA<\/h2>\t\t\t\t<\/div>\n\t\t\t\t<div class=\"elementor-element elementor-element-e6b2fc3 elementor-widget elementor-widget-image\" data-id=\"e6b2fc3\" data-element_type=\"widget\" data-e-type=\"widget\" data-widget_type=\"image.default\">\n\t\t\t\t\t\t\t\t\t\t\t\t\t\t\t<img alt=\"\" fetchpriority=\"high\" decoding=\"async\" width=\"400\" height=\"284\" src=\"https:\/\/steinex.gtechgroup.support\/wp-content\/uploads\/2025\/01\/1_ritagli-granito-segati-1-400x284.jpeg.webp\" class=\"attachment-full size-full wp-image-242\" srcset=\"https:\/\/steinex.gtechgroup.support\/wp-content\/uploads\/2025\/01\/1_ritagli-granito-segati-1-400x284.jpeg.webp 400w, https:\/\/steinex.gtechgroup.support\/wp-content\/uploads\/2025\/01\/1_ritagli-granito-segati-1-400x284.jpeg-300x213.webp 300w\" sizes=\"(max-width: 400px) 100vw, 400px\" \/>\t\t\t\t\t\t\t\t\t\t\t\t\t\t\t<\/div>\n\t\t\t\t<div class=\"elementor-element elementor-element-de8e9ed elementor-widget elementor-widget-heading\" data-id=\"de8e9ed\" data-element_type=\"widget\" data-e-type=\"widget\" data-widget_type=\"heading.default\">\n\t\t\t\t\t<h2 class=\"elementor-heading-title elementor-size-default\">IGLOO 320X320<\/h2>\t\t\t\t<\/div>\n\t\t\t\t<\/div>\n\t\t<div class=\"elementor-element elementor-element-05fcfcf e-con-full e-flex e-con e-child\" data-id=\"05fcfcf\" data-element_type=\"container\" data-e-type=\"container\">\n\t\t\t\t<div class=\"elementor-element elementor-element-5de35ab elementor-widget elementor-widget-heading\" data-id=\"5de35ab\" data-element_type=\"widget\" data-e-type=\"widget\" data-widget_type=\"heading.default\">\n\t\t\t\t\t<h2 class=\"elementor-heading-title elementor-size-default\">LAJES SERRADAS\/ESPELHADAS AT\u00c9 1300 MM DE LARGURA, ESPESSURA AT\u00c9 300 MM (SISTEMAS E M\u00c1QUINAS SEMI-AUTOM\u00c1TICAS)\n\n<\/h2>\t\t\t\t<\/div>\n\t\t\t\t<div class=\"elementor-element elementor-element-36e1aed elementor-widget elementor-widget-image\" data-id=\"36e1aed\" data-element_type=\"widget\" data-e-type=\"widget\" data-widget_type=\"image.default\">\n\t\t\t\t\t\t\t\t\t\t\t\t\t\t\t<img alt=\"\" decoding=\"async\" width=\"400\" height=\"284\" src=\"https:\/\/steinex.gtechgroup.support\/wp-content\/uploads\/2025\/01\/LASTRE-SEGAlardoni-granito-4-lati-segati-spess-max-550-mm-largh-fino-a-3000-mm-400x284.jpeg.webp\" class=\"attachment-full size-full wp-image-249\" srcset=\"https:\/\/steinex.gtechgroup.support\/wp-content\/uploads\/2025\/01\/LASTRE-SEGAlardoni-granito-4-lati-segati-spess-max-550-mm-largh-fino-a-3000-mm-400x284.jpeg.webp 400w, https:\/\/steinex.gtechgroup.support\/wp-content\/uploads\/2025\/01\/LASTRE-SEGAlardoni-granito-4-lati-segati-spess-max-550-mm-largh-fino-a-3000-mm-400x284.jpeg-300x213.webp 300w\" sizes=\"(max-width: 400px) 100vw, 400px\" \/>\t\t\t\t\t\t\t\t\t\t\t\t\t\t\t<\/div>\n\t\t\t\t<div class=\"elementor-element elementor-element-c028b75 elementor-widget elementor-widget-heading\" data-id=\"c028b75\" data-element_type=\"widget\" data-e-type=\"widget\" data-widget_type=\"heading.default\">\n\t\t\t\t\t<h2 class=\"elementor-heading-title elementor-size-default\">BROADWAY SHERPA 600X320<br>BROADWAY SHERPA 600X320 NUT<br>BROADWAY SHERPA 1280X400<\/h2>\t\t\t\t<\/div>\n\t\t\t\t<\/div>\n\t\t<div class=\"elementor-element elementor-element-06c0aba e-con-full e-flex e-con e-child\" data-id=\"06c0aba\" data-element_type=\"container\" data-e-type=\"container\">\n\t\t\t\t<div class=\"elementor-element elementor-element-0bc4e23 elementor-widget elementor-widget-heading\" data-id=\"0bc4e23\" data-element_type=\"widget\" data-e-type=\"widget\" data-widget_type=\"heading.default\">\n\t\t\t\t\t<h2 class=\"elementor-heading-title elementor-size-default\">LAJES SERRADAS\/ESPELHADAS AT\u00c9 1600 MM DE LARGURA, ESPESSURA AT\u00c9 600 MM (SISTEMAS E M\u00c1QUINAS AUTOM\u00c1TICAS)\n\n<\/h2>\t\t\t\t<\/div>\n\t\t\t\t<div class=\"elementor-element elementor-element-4e91208 elementor-widget elementor-widget-image\" data-id=\"4e91208\" data-element_type=\"widget\" data-e-type=\"widget\" data-widget_type=\"image.default\">\n\t\t\t\t\t\t\t\t\t\t\t\t\t\t\t<img alt=\"\" decoding=\"async\" width=\"400\" height=\"284\" src=\"https:\/\/steinex.gtechgroup.support\/wp-content\/uploads\/2025\/01\/lastre-segate-400x284.jpeg.webp\" class=\"attachment-full size-full wp-image-250\" srcset=\"https:\/\/steinex.gtechgroup.support\/wp-content\/uploads\/2025\/01\/lastre-segate-400x284.jpeg.webp 400w, https:\/\/steinex.gtechgroup.support\/wp-content\/uploads\/2025\/01\/lastre-segate-400x284.jpeg-300x213.webp 300w\" sizes=\"(max-width: 400px) 100vw, 400px\" \/>\t\t\t\t\t\t\t\t\t\t\t\t\t\t\t<\/div>\n\t\t\t\t<div class=\"elementor-element elementor-element-9419b9a elementor-widget elementor-widget-heading\" data-id=\"9419b9a\" data-element_type=\"widget\" data-e-type=\"widget\" data-widget_type=\"heading.default\">\n\t\t\t\t\t<h2 class=\"elementor-heading-title elementor-size-default\">BROADWAY SHERPA 200X200<br>BROADWAY SHERPA 1300X320<br>BROADWAY SHERPA 1300X600<br>BROADWAY SHERPA 1600X320<\/h2>\t\t\t\t<\/div>\n\t\t\t\t<\/div>\n\t\t\t\t\t<\/div>\n\t\t\t\t<\/div>\n\t\t<div class=\"elementor-element elementor-element-9b0515a e-flex e-con-boxed e-con e-parent\" data-id=\"9b0515a\" data-element_type=\"container\" data-e-type=\"container\">\n\t\t\t\t\t<div class=\"e-con-inner\">\n\t\t<div class=\"elementor-element elementor-element-67e1613 e-con-full e-flex e-con e-child\" data-id=\"67e1613\" data-element_type=\"container\" data-e-type=\"container\">\n\t\t\t\t<div class=\"elementor-element elementor-element-6d367b2 elementor-widget elementor-widget-heading\" data-id=\"6d367b2\" data-element_type=\"widget\" data-e-type=\"widget\" data-widget_type=\"heading.default\">\n\t\t\t\t\t<h2 class=\"elementor-heading-title elementor-size-default\">LAJES SERRADAS\/ESPUMADAS AT\u00c9 1300 MM DE LARGURA, ESPESSURA AT\u00c9 300 MM (M\u00c1QUINAS MANUAIS)<\/h2>\t\t\t\t<\/div>\n\t\t\t\t<div class=\"elementor-element elementor-element-53a832b elementor-widget elementor-widget-image\" data-id=\"53a832b\" data-element_type=\"widget\" data-e-type=\"widget\" data-widget_type=\"image.default\">\n\t\t\t\t\t\t\t\t\t\t\t\t\t\t\t<img alt=\"\" loading=\"lazy\" decoding=\"async\" width=\"330\" height=\"248\" src=\"https:\/\/steinex.gtechgroup.support\/wp-content\/uploads\/2025\/01\/lastre-segate_fiammate_fino-a-1300.jpg.webp\" class=\"attachment-full size-full wp-image-251\" srcset=\"https:\/\/steinex.gtechgroup.support\/wp-content\/uploads\/2025\/01\/lastre-segate_fiammate_fino-a-1300.jpg.webp 330w, https:\/\/steinex.gtechgroup.support\/wp-content\/uploads\/2025\/01\/lastre-segate_fiammate_fino-a-1300.jpg-300x225.webp 300w\" sizes=\"(max-width: 330px) 100vw, 330px\" \/>\t\t\t\t\t\t\t\t\t\t\t\t\t\t\t<\/div>\n\t\t\t\t<div class=\"elementor-element elementor-element-23febe3 elementor-widget elementor-widget-heading\" data-id=\"23febe3\" data-element_type=\"widget\" data-e-type=\"widget\" data-widget_type=\"heading.default\">\n\t\t\t\t\t<h2 class=\"elementor-heading-title elementor-size-default\">BROADWAY 600X320<br>BROADWAY 800X280<br>BROADWAY 800X280<br>BROADWAY 1280X250<\/h2>\t\t\t\t<\/div>\n\t\t\t\t<\/div>\n\t\t<div class=\"elementor-element elementor-element-2024cca e-con-full e-flex e-con e-child\" data-id=\"2024cca\" data-element_type=\"container\" data-e-type=\"container\">\n\t\t\t\t<div class=\"elementor-element elementor-element-e97925d elementor-widget elementor-widget-heading\" data-id=\"e97925d\" data-element_type=\"widget\" data-e-type=\"widget\" data-widget_type=\"heading.default\">\n\t\t\t\t\t<h2 class=\"elementor-heading-title elementor-size-default\">CHAPAS SERRADAS\/FLAMEJADAS PEDRA DE DIF\u00cdCIL CORTE (M\u00c1QUINAS E INSTALA\u00c7\u00d5ES COM TALHA DE DISCO)\n<\/h2>\t\t\t\t<\/div>\n\t\t\t\t<div class=\"elementor-element elementor-element-135effb elementor-widget elementor-widget-image\" data-id=\"135effb\" data-element_type=\"widget\" data-e-type=\"widget\" data-widget_type=\"image.default\">\n\t\t\t\t\t\t\t\t\t\t\t\t\t\t\t<img alt=\"\" loading=\"lazy\" decoding=\"async\" width=\"400\" height=\"284\" src=\"https:\/\/steinex.gtechgroup.support\/wp-content\/uploads\/2025\/01\/MATERIALE-DIFFICILE-SPACCO-2-400x284.jpeg.webp\" class=\"attachment-full size-full wp-image-252\" srcset=\"https:\/\/steinex.gtechgroup.support\/wp-content\/uploads\/2025\/01\/MATERIALE-DIFFICILE-SPACCO-2-400x284.jpeg.webp 400w, https:\/\/steinex.gtechgroup.support\/wp-content\/uploads\/2025\/01\/MATERIALE-DIFFICILE-SPACCO-2-400x284.jpeg-300x213.webp 300w\" sizes=\"(max-width: 400px) 100vw, 400px\" \/>\t\t\t\t\t\t\t\t\t\t\t\t\t\t\t<\/div>\n\t\t\t\t<div class=\"elementor-element elementor-element-0d7bc1e elementor-widget elementor-widget-heading\" data-id=\"0d7bc1e\" data-element_type=\"widget\" data-e-type=\"widget\" data-widget_type=\"heading.default\">\n\t\t\t\t\t<h2 class=\"elementor-heading-title elementor-size-default\">IGLOO 480X450 GT<br>IGLOO 600X550 GT<br>BROADWAY 800X250 GT<br>MENHIR 1300X600 GT<br>AUT BROADWAY 800<\/h2>\t\t\t\t<\/div>\n\t\t\t\t<\/div>\n\t\t<div class=\"elementor-element elementor-element-ac9d4f6 e-con-full e-flex e-con e-child\" data-id=\"ac9d4f6\" data-element_type=\"container\" data-e-type=\"container\">\n\t\t\t\t<\/div>\n\t\t\t\t\t<\/div>\n\t\t\t\t<\/div>\n\t\t\t\t<\/div>","protected":false},"excerpt":{"rendered":"<p>Monolitiche segate su due piani Home MACCHINARI PER LO SPACCO DI PIETRE MONOLITICHE SEGATE SU DUE PIANI I blocchi monolitici segati su due piani sono trasformati in lastre di spessore desiderato la cui superficie potr\u00e0 essere trattata termicamente o meccanicamente per ottenere la finitura superficiale pi\u00f9 idonea. Steinex Srl produce una gamma completa di\u00a0macchine\u00a0ed\u00a0impianti semiautomatici\u00a0o\u00a0completamente [&hellip;]<\/p>","protected":false},"author":1,"featured_media":0,"parent":0,"menu_order":0,"comment_status":"closed","ping_status":"closed","template":"","meta":{"_seopress_robots_primary_cat":"","_seopress_titles_title":"Macchine per lo spacco di pietre monolitiche segate","_seopress_titles_desc":"Scopri le macchine Steinex per lo spacco di pietre monolitiche segate su due piani: precisione, qualit\u00e0 e soluzioni per materiali di difficile lavorazione.","_seopress_robots_index":"","footnotes":""},"class_list":["post-220","page","type-page","status-publish","hentry"],"_links":{"self":[{"href":"https:\/\/steinex.gtechgroup.support\/pt\/wp-json\/wp\/v2\/pages\/220","targetHints":{"allow":["GET"]}}],"collection":[{"href":"https:\/\/steinex.gtechgroup.support\/pt\/wp-json\/wp\/v2\/pages"}],"about":[{"href":"https:\/\/steinex.gtechgroup.support\/pt\/wp-json\/wp\/v2\/types\/page"}],"author":[{"embeddable":true,"href":"https:\/\/steinex.gtechgroup.support\/pt\/wp-json\/wp\/v2\/users\/1"}],"replies":[{"embeddable":true,"href":"https:\/\/steinex.gtechgroup.support\/pt\/wp-json\/wp\/v2\/comments?post=220"}],"version-history":[{"count":24,"href":"https:\/\/steinex.gtechgroup.support\/pt\/wp-json\/wp\/v2\/pages\/220\/revisions"}],"predecessor-version":[{"id":14142,"href":"https:\/\/steinex.gtechgroup.support\/pt\/wp-json\/wp\/v2\/pages\/220\/revisions\/14142"}],"wp:attachment":[{"href":"https:\/\/steinex.gtechgroup.support\/pt\/wp-json\/wp\/v2\/media?parent=220"}],"curies":[{"name":"wp","href":"https:\/\/api.w.org\/{rel}","templated":true}]}}