{"id":259,"date":"2025-01-20T14:10:24","date_gmt":"2025-01-20T14:10:24","guid":{"rendered":"https:\/\/steinex.gtechgroup.support\/?page_id=259"},"modified":"2025-09-12T13:48:15","modified_gmt":"2025-09-12T13:48:15","slug":"monolitiche-segate-su-4-6-lati","status":"publish","type":"page","link":"https:\/\/steinex.gtechgroup.support\/pt\/monolitiche-segate-su-4-6-lati\/","title":{"rendered":"Monol\u00edtico serrado em 4-6 lados"},"content":{"rendered":"<div data-elementor-type=\"wp-page\" data-elementor-id=\"259\" class=\"elementor elementor-259\" data-elementor-post-type=\"page\">\n\t\t\t\t<div class=\"elementor-element elementor-element-5b4abac e-flex e-con-boxed e-con e-parent\" data-id=\"5b4abac\" data-element_type=\"container\" data-e-type=\"container\" data-settings=\"{&quot;background_background&quot;:&quot;classic&quot;}\">\n\t\t\t\t\t<div class=\"e-con-inner\">\n\t\t<div class=\"elementor-element elementor-element-9288a7c e-con-full e-flex e-con e-child\" data-id=\"9288a7c\" data-element_type=\"container\" data-e-type=\"container\" data-settings=\"{&quot;background_background&quot;:&quot;classic&quot;}\">\n\t\t\t\t<div class=\"elementor-element elementor-element-9451e8b elementor-widget elementor-widget-heading\" data-id=\"9451e8b\" data-element_type=\"widget\" data-e-type=\"widget\" data-widget_type=\"heading.default\">\n\t\t\t\t\t<h2 class=\"elementor-heading-title elementor-size-default\">Fracionamento de pedras monol\u00edticas<\/h2>\t\t\t\t<\/div>\n\t\t\t\t<div class=\"elementor-element elementor-element-fa06e1f elementor-widget elementor-widget-hfe-breadcrumbs-widget\" data-id=\"fa06e1f\" data-element_type=\"widget\" data-e-type=\"widget\" data-widget_type=\"hfe-breadcrumbs-widget.default\">\n\t\t\t\t<div class=\"elementor-widget-container\">\n\t\t\t\t\t<nav aria-label=\"P\u00e3o ralado\"><ul class=\"hfe-breadcrumbs hfe-breadcrumbs-show-home\"><li class=\"hfe-breadcrumbs-item hfe-breadcrumbs-first\"><span class=\"hfe-breadcrumbs-home-icon\"><\/span><a href=\"https:\/\/steinex.gtechgroup.support\/pt\"><span class=\"hfe-breadcrumbs-text\">In\u00edcio<\/span><\/a><\/li><\/ul><\/nav>\t\t\t\t<\/div>\n\t\t\t\t<\/div>\n\t\t\t\t<\/div>\n\t\t\t\t\t<\/div>\n\t\t\t\t<\/div>\n\t\t<div class=\"elementor-element elementor-element-7eebdae e-flex e-con-boxed e-con e-parent\" data-id=\"7eebdae\" data-element_type=\"container\" data-e-type=\"container\">\n\t\t\t\t\t<div class=\"e-con-inner\">\n\t\t\t\t<div class=\"elementor-element elementor-element-a72dd85 elementor-widget elementor-widget-heading\" data-id=\"a72dd85\" data-element_type=\"widget\" data-e-type=\"widget\" data-widget_type=\"heading.default\">\n\t\t\t\t\t<h2 class=\"elementor-heading-title elementor-size-default\">M\u00c1QUINA PARA DIVIDIR PEDRA MONOL\u00cdTICA SERRADA EM 4-6 LADOS<\/h2>\t\t\t\t<\/div>\n\t\t\t\t<div class=\"elementor-element elementor-element-8ab672a elementor-widget elementor-widget-text-editor\" data-id=\"8ab672a\" data-element_type=\"widget\" data-e-type=\"widget\" data-widget_type=\"text-editor.default\">\n\t\t\t\t\t\t\t\t\t<p>I&nbsp;<strong>os blocos monol\u00edticos podem ser serrados em 4 ou 6 lados<\/strong>&nbsp;em fun\u00e7\u00e3o do produto final a obter.<br>Muitas vezes, o cliente pretende precis\u00e3o nas medi\u00e7\u00f5es e, ao mesmo tempo, uma elevada qualidade de separa\u00e7\u00e3o. A Steinex Srl, com 49 anos de experi\u00eancia, realizou&nbsp;<strong>uma s\u00e9rie de modelos Wind star de 4 l\u00e2minas<\/strong>&nbsp;operando como:<\/p>\n<ul>\n<li><strong>Stripper&nbsp;<\/strong>para materiais que t\u00eam uma certa xistosidade numa dire\u00e7\u00e3o, como o Serizzo;<\/li>\n<li><strong>Prensa autom\u00e1tica de precis\u00e3o<\/strong>&nbsp;para outros tipos de pedra.<\/li>\n<\/ul>\n<p>Os modelos Windstar SP podem descascar ou dividir pe\u00e7as de trabalho at\u00e9 550 mm de espessura e at\u00e9 3000 mm de largura em modo&nbsp;<strong>semi-autom\u00e1tica ou autom\u00e1tica.<\/strong><\/p>\n<p>A s\u00e9rie Windstar inclui os modelos autom\u00e1ticos de alto rendimento do tipo STD, que podem ser vendidos individualmente ou montados em linhas autom\u00e1ticas mais complexas.<\/p>\n<p><strong>VALORIZA\u00c7\u00c3O DOS RES\u00cdDUOS DA TRANSFORMA\u00c7\u00c3O DE CHAPAS (4\/6 LADOS SERRADOS)<\/strong><\/p>\n<p>Para res\u00edduos de&nbsp;<strong>transforma\u00e7\u00e3o de lajes com 4 ou 6 lados serrados<\/strong>Steinex Srl com a sua pr\u00f3pria&nbsp;<strong>m\u00e1quinas de grava\u00e7\u00e3o<\/strong>&nbsp;permite a recupera\u00e7\u00e3o total destes res\u00edduos para serem transformados em&nbsp;<strong>SPACCATELLI E BUGNATELLI<\/strong>&nbsp;para revestimento com valor acrescentado apreci\u00e1vel.<\/p>\n<p><strong>ACABAMENTOS ESPECIAIS COM NERVURAS DE 45\u00b0<\/strong><\/p>\n<p>Por fim, a Steinex Srl produz dois modelos para acabamentos especiais do&nbsp;<strong>Costelas de 45\u00b0<\/strong>&nbsp;particularmente adequado para o acabamento do&nbsp;<strong>costas do Lose ou Piode<\/strong>, lajes de pedra usadas&nbsp;<strong>como telhas ou como lajes de pavimenta\u00e7\u00e3o e de revestimento.<\/strong><\/p>\t\t\t\t\t\t\t\t<\/div>\n\t\t\t\t\t<\/div>\n\t\t\t\t<\/div>\n\t\t<div class=\"elementor-element elementor-element-351d375 e-flex e-con-boxed e-con e-parent\" data-id=\"351d375\" data-element_type=\"container\" data-e-type=\"container\">\n\t\t\t\t\t<div class=\"e-con-inner\">\n\t\t<div class=\"elementor-element elementor-element-79e971e e-con-full e-flex e-con e-child\" data-id=\"79e971e\" data-element_type=\"container\" data-e-type=\"container\">\n\t\t\t\t<div class=\"elementor-element elementor-element-1ca02ca elementor-widget elementor-widget-heading\" data-id=\"1ca02ca\" data-element_type=\"widget\" data-e-type=\"widget\" data-widget_type=\"heading.default\">\n\t\t\t\t\t<h2 class=\"elementor-heading-title elementor-size-default\">LAJES SERRADAS 4-6 LADOS LARGURA FIXA&gt; 300 MM, ESPESSURA AT\u00c9 550 MM (SISTEMAS DE DECAPAGEM AUTOM\u00c1TICA)<\/h2>\t\t\t\t<\/div>\n\t\t\t\t<div class=\"elementor-element elementor-element-6d21301 elementor-widget elementor-widget-image\" data-id=\"6d21301\" data-element_type=\"widget\" data-e-type=\"widget\" data-widget_type=\"image.default\">\n\t\t\t\t\t\t\t\t\t\t\t\t\t\t\t<img alt=\"\" fetchpriority=\"high\" decoding=\"async\" width=\"900\" height=\"675\" src=\"https:\/\/steinex.gtechgroup.support\/wp-content\/uploads\/2025\/01\/2_lardoni-granito-4-lati-segati.webp\" class=\"attachment-full size-full wp-image-265\" srcset=\"https:\/\/steinex.gtechgroup.support\/wp-content\/uploads\/2025\/01\/2_lardoni-granito-4-lati-segati.webp 900w, https:\/\/steinex.gtechgroup.support\/wp-content\/uploads\/2025\/01\/2_lardoni-granito-4-lati-segati-300x225.webp 300w, https:\/\/steinex.gtechgroup.support\/wp-content\/uploads\/2025\/01\/2_lardoni-granito-4-lati-segati-768x576.webp 768w, https:\/\/steinex.gtechgroup.support\/wp-content\/uploads\/2025\/01\/2_lardoni-granito-4-lati-segati-600x450.webp 600w\" sizes=\"(max-width: 900px) 100vw, 900px\" \/>\t\t\t\t\t\t\t\t\t\t\t\t\t\t\t<\/div>\n\t\t\t\t<div class=\"elementor-element elementor-element-d67989e elementor-widget elementor-widget-heading\" data-id=\"d67989e\" data-element_type=\"widget\" data-e-type=\"widget\" data-widget_type=\"heading.default\">\n\t\t\t\t\t<h2 class=\"elementor-heading-title elementor-size-default\">WINDSTAR SP 600X320 AUT<br>WINDSTAR SP 800X400 AUT<br>WINDSTAR SP 1280X450 AUT<br>WINDSTAR SP 1600X450 AUT<br>WINDSTAR SP 2800X550 AUT<\/h2>\t\t\t\t<\/div>\n\t\t\t\t<\/div>\n\t\t<div class=\"elementor-element elementor-element-e8a4cd6 e-con-full e-flex e-con e-child\" data-id=\"e8a4cd6\" data-element_type=\"container\" data-e-type=\"container\">\n\t\t\t\t<div class=\"elementor-element elementor-element-1116d05 elementor-widget elementor-widget-heading\" data-id=\"1116d05\" data-element_type=\"widget\" data-e-type=\"widget\" data-widget_type=\"heading.default\">\n\t\t\t\t\t<h2 class=\"elementor-heading-title elementor-size-default\">CHAPAS SERRADAS 4-6 LADOS LARGURA FIXA &gt; 300 MM, ESPESSURA AT\u00c9 550 MM (SISTEMAS AUTOM\u00c1TICOS)<\/h2>\t\t\t\t<\/div>\n\t\t\t\t<div class=\"elementor-element elementor-element-0a5ca7e elementor-widget elementor-widget-image\" data-id=\"0a5ca7e\" data-element_type=\"widget\" data-e-type=\"widget\" data-widget_type=\"image.default\">\n\t\t\t\t\t\t\t\t\t\t\t\t\t\t\t<img alt=\"\" decoding=\"async\" width=\"900\" height=\"675\" src=\"https:\/\/steinex.gtechgroup.support\/wp-content\/uploads\/2025\/01\/1_Monolitiche-4-lati-segati-1.webp\" class=\"attachment-full size-full wp-image-266\" srcset=\"https:\/\/steinex.gtechgroup.support\/wp-content\/uploads\/2025\/01\/1_Monolitiche-4-lati-segati-1.webp 900w, https:\/\/steinex.gtechgroup.support\/wp-content\/uploads\/2025\/01\/1_Monolitiche-4-lati-segati-1-300x225.webp 300w, https:\/\/steinex.gtechgroup.support\/wp-content\/uploads\/2025\/01\/1_Monolitiche-4-lati-segati-1-768x576.webp 768w, https:\/\/steinex.gtechgroup.support\/wp-content\/uploads\/2025\/01\/1_Monolitiche-4-lati-segati-1-600x450.webp 600w\" sizes=\"(max-width: 900px) 100vw, 900px\" \/>\t\t\t\t\t\t\t\t\t\t\t\t\t\t\t<\/div>\n\t\t\t\t<div class=\"elementor-element elementor-element-518a249 elementor-widget elementor-widget-heading\" data-id=\"518a249\" data-element_type=\"widget\" data-e-type=\"widget\" data-widget_type=\"heading.default\">\n\t\t\t\t\t<h2 class=\"elementor-heading-title elementor-size-default\">WINDSTAR STD 600X320 SIS<br>WINDSTAR 600X300 NUTON<br>WINDSTAR STD 1280X550 NGB<br>WINDSTAR 1300X320 CM<\/h2>\t\t\t\t<\/div>\n\t\t\t\t<\/div>\n\t\t<div class=\"elementor-element elementor-element-b98ad1c e-con-full e-flex e-con e-child\" data-id=\"b98ad1c\" data-element_type=\"container\" data-e-type=\"container\">\n\t\t\t\t<div class=\"elementor-element elementor-element-4957254 elementor-widget elementor-widget-heading\" data-id=\"4957254\" data-element_type=\"widget\" data-e-type=\"widget\" data-widget_type=\"heading.default\">\n\t\t\t\t\t<h2 class=\"elementor-heading-title elementor-size-default\">VALORIZA\u00c7\u00c3O DE RES\u00cdDUOS DO PROCESSAMENTO DE CHAPAS<\/h2>\t\t\t\t<\/div>\n\t\t\t\t<div class=\"elementor-element elementor-element-33078d8 elementor-widget elementor-widget-image\" data-id=\"33078d8\" data-element_type=\"widget\" data-e-type=\"widget\" data-widget_type=\"image.default\">\n\t\t\t\t\t\t\t\t\t\t\t\t\t\t\t<img alt=\"\" decoding=\"async\" width=\"900\" height=\"675\" src=\"https:\/\/steinex.gtechgroup.support\/wp-content\/uploads\/2025\/01\/1_Monolitiche-4-lati-segati-2.webp\" class=\"attachment-full size-full wp-image-267\" srcset=\"https:\/\/steinex.gtechgroup.support\/wp-content\/uploads\/2025\/01\/1_Monolitiche-4-lati-segati-2.webp 900w, https:\/\/steinex.gtechgroup.support\/wp-content\/uploads\/2025\/01\/1_Monolitiche-4-lati-segati-2-300x225.webp 300w, https:\/\/steinex.gtechgroup.support\/wp-content\/uploads\/2025\/01\/1_Monolitiche-4-lati-segati-2-768x576.webp 768w, https:\/\/steinex.gtechgroup.support\/wp-content\/uploads\/2025\/01\/1_Monolitiche-4-lati-segati-2-600x450.webp 600w\" sizes=\"(max-width: 900px) 100vw, 900px\" \/>\t\t\t\t\t\t\t\t\t\t\t\t\t\t\t<\/div>\n\t\t\t\t<div class=\"elementor-element elementor-element-c0aa797 elementor-widget elementor-widget-heading\" data-id=\"c0aa797\" data-element_type=\"widget\" data-e-type=\"widget\" data-widget_type=\"heading.default\">\n\t\t\t\t\t<h2 class=\"elementor-heading-title elementor-size-default\">GOFRADOR MANUAL<br>GOFRADOR AUTOM\u00c1TICO<br>IGLOO 200V SEMIAUTom\u00e1tica<br>MODELOS WINDSTAR OPCIONAIS<\/h2>\t\t\t\t<\/div>\n\t\t\t\t<\/div>\n\t\t<div class=\"elementor-element elementor-element-37d3780 e-con-full e-flex e-con e-child\" data-id=\"37d3780\" data-element_type=\"container\" data-e-type=\"container\">\n\t\t\t\t<div class=\"elementor-element elementor-element-1abb560 elementor-widget elementor-widget-heading\" data-id=\"1abb560\" data-element_type=\"widget\" data-e-type=\"widget\" data-widget_type=\"heading.default\">\n\t\t\t\t\t<h2 class=\"elementor-heading-title elementor-size-default\">ACABAMENTOS ESPECIAIS COM NERVURAS DE 45\u00b0<\/h2>\t\t\t\t<\/div>\n\t\t\t\t<div class=\"elementor-element elementor-element-bd2f4d2 elementor-widget elementor-widget-image\" data-id=\"bd2f4d2\" data-element_type=\"widget\" data-e-type=\"widget\" data-widget_type=\"image.default\">\n\t\t\t\t\t\t\t\t\t\t\t\t\t\t\t<img alt=\"\" loading=\"lazy\" decoding=\"async\" width=\"355\" height=\"266\" src=\"https:\/\/steinex.gtechgroup.support\/wp-content\/uploads\/2025\/01\/coste-45-gradi.webp\" class=\"attachment-full size-full wp-image-268\" srcset=\"https:\/\/steinex.gtechgroup.support\/wp-content\/uploads\/2025\/01\/coste-45-gradi.webp 355w, https:\/\/steinex.gtechgroup.support\/wp-content\/uploads\/2025\/01\/coste-45-gradi-300x225.webp 300w\" sizes=\"(max-width: 355px) 100vw, 355px\" \/>\t\t\t\t\t\t\t\t\t\t\t\t\t\t\t<\/div>\n\t\t\t\t<div class=\"elementor-element elementor-element-a7f9240 elementor-widget elementor-widget-heading\" data-id=\"a7f9240\" data-element_type=\"widget\" data-e-type=\"widget\" data-widget_type=\"heading.default\">\n\t\t\t\t\t<h2 class=\"elementor-heading-title elementor-size-default\">400X350 DEC\u00c2MERO 45\u00b0<br>1280X400 DECOSTER 45\u00b0<\/h2>\t\t\t\t<\/div>\n\t\t\t\t<\/div>\n\t\t\t\t\t<\/div>\n\t\t\t\t<\/div>\n\t\t\t\t<\/div>","protected":false},"excerpt":{"rendered":"<p>Spacco di pietre monolitiche Home MACCHINARI PER LO SPACCO DI PIETRE MONOLITICHE SEGATE SU 4-6 LATI I&nbsp;blocchi monolitici possono essere segati su 4 o 6 lati&nbsp;a seconda del prodotto finito che si vuole ottenere.Spesso il cliente vuole ottenere precisione nelle misure ed allo stesso tempo un\u2019elevata qualit\u00e0 di spacco. Steinex Srl forte di ben 49 [&hellip;]<\/p>","protected":false},"author":1,"featured_media":0,"parent":0,"menu_order":0,"comment_status":"closed","ping_status":"closed","template":"","meta":{"_seopress_robots_primary_cat":"","_seopress_titles_title":"Macchinari per lo spacco di pietre monolitiche","_seopress_titles_desc":"Scopri le soluzioni Steinex per lo spacco di pietre monolitiche con precisione e qualit\u00e0: macchinari innovativi e recupero scarti.","_seopress_robots_index":"","footnotes":""},"class_list":["post-259","page","type-page","status-publish","hentry"],"_links":{"self":[{"href":"https:\/\/steinex.gtechgroup.support\/pt\/wp-json\/wp\/v2\/pages\/259","targetHints":{"allow":["GET"]}}],"collection":[{"href":"https:\/\/steinex.gtechgroup.support\/pt\/wp-json\/wp\/v2\/pages"}],"about":[{"href":"https:\/\/steinex.gtechgroup.support\/pt\/wp-json\/wp\/v2\/types\/page"}],"author":[{"embeddable":true,"href":"https:\/\/steinex.gtechgroup.support\/pt\/wp-json\/wp\/v2\/users\/1"}],"replies":[{"embeddable":true,"href":"https:\/\/steinex.gtechgroup.support\/pt\/wp-json\/wp\/v2\/comments?post=259"}],"version-history":[{"count":37,"href":"https:\/\/steinex.gtechgroup.support\/pt\/wp-json\/wp\/v2\/pages\/259\/revisions"}],"predecessor-version":[{"id":14699,"href":"https:\/\/steinex.gtechgroup.support\/pt\/wp-json\/wp\/v2\/pages\/259\/revisions\/14699"}],"wp:attachment":[{"href":"https:\/\/steinex.gtechgroup.support\/pt\/wp-json\/wp\/v2\/media?parent=259"}],"curies":[{"name":"wp","href":"https:\/\/api.w.org\/{rel}","templated":true}]}}